{"id":5250,"date":"2020-11-26T14:22:03","date_gmt":"2020-11-26T12:22:03","guid":{"rendered":"https:\/\/www.bageta.lt\/ueber-uns\/karjera\/"},"modified":"2023-12-06T12:36:09","modified_gmt":"2023-12-06T10:36:09","slug":"karriere","status":"publish","type":"page","link":"https:\/\/www.bageta.lt\/de\/ueber-uns\/karriere\/","title":{"rendered":"Karriere"},"content":{"rendered":"<div>&nbsp;<\/div>\n<h1>Trete unserem Team bei!<\/h1>\n<div>\n<p>Die UAB \u201eBageta\u201c befindet sich im Bezirk \u0160iauliai, in der Stadt Me\u0161kui\u010di\u0173.<\/p>\n<p>Der Beitrag jedes einzelnen Mitarbeiters ist sehr wichtig. Wir legen Wert auf individuelle F\u00e4higkeiten und Berufserfahrung.<\/p>\n<p>Wir glauben, dass wir nur gemeinsam und vereint vorankommen k\u00f6nnen.<\/p>\n<p>Unser Unternehmen verf\u00fcgt \u00fcber mehrere Abteilungen, die verschiedene T\u00e4tigkeiten ausf\u00fchren.<\/p>\n<p>Menschen werden f\u00fcr ihre F\u00e4higkeiten, ihre professionelle Einstellung und ihr Engagement bei der Arbeit, die sie leisten, gesch\u00e4tzt.<\/p>\n<p>Hinter ihr stehen mehrere Dutzend Mitarbeiter, die hier seit vielen Jahren ihr Berufsleben fortf\u00fchren.<\/p>\n<p>Wir sind offen f\u00fcr Diskussionen und freuen uns immer \u00fcber neue Mitarbeiter, die sich dem Team anschlie\u00dfen.<\/p>\n<p>Offene Positionen:<\/p>\n<ul>\n<li>Produktionsmitarbeiter in der Holzverarbeitungsabteilung.<\/li>\n<li>Ger\u00e4tebediener in der Holzverarbeitungsabteilung.<\/li>\n<li>Werkzeugmaschinenbediener in der Holzverarbeitungsabteilung.<br \/>Nehmen Sie Kontakt mit uns auf, besuchen Sie uns und lassen Sie uns Ihre M\u00f6glichkeiten besprechen.<\/li>\n<li>Wir versuchen stets, in den f\u00fcr das Unternehmen wichtigen Bereichen das h\u00f6chste Ergebnis zu erzielen;<\/li>\n<li>Wir f\u00f6rdern Initiative und entschlossenes Handeln zum Wohle des Unternehmens und unserer Kunden;<\/li>\n<li>Wir lernen aus Erfolgen und Misserfolgen;<\/li>\n<li>Wir sind bereit, mehr zuzuh\u00f6ren und weniger zu reden: Wir lassen unsere Taten f\u00fcr uns sprechen;<\/li>\n<li>In unserem Unternehmen legen wir gr\u00f6\u00dften Wert auf alles, was mit unseren Kunden zu tun hat;<\/li>\n<li>Wir widmen uns bedingungslos unserer Arbeit und sind offen f\u00fcr Neues;<\/li>\n<li>Bei unserer Arbeitst\u00e4tigkeit sind wir st\u00e4ndig auf der Suche nach neuen, fortschrittlicheren Arbeitsmitteln und -methoden;<\/li>\n<li>Wenn wir mit Problemen konfrontiert werden und Ereignisse eine unerwartete Wendung nehmen, verteidigen wir uns nicht und geben uns nicht gegenseitig die Schuld, sondern \u00fcbernehmen nur die Verantwortung.<\/li>\n<\/ul>\n<\/div>\n<ul>\n<li>\n<p><a href=\"mailto:personalas@bageta.lt\"><\/p>\n<p>personalas@bageta.lt<\/p>\n<p><\/a><\/p>\n<\/li>\n<li>\n<p><a href=\"tel:+37060461334\"><\/p>\n<p>+370 (604) 61334<\/p>\n<p><\/a><\/p>\n<\/li>\n<\/ul>\n<p><!--more--><br \/>\n<!-- {\"type\":\"layout\",\"children\":[{\"type\":\"section\",\"props\":{\"style\":\"default\",\"width\":\"default\",\"vertical_align\":\"middle\",\"title_position\":\"top-left\",\"title_rotation\":\"left\",\"title_breakpoint\":\"xl\",\"image_position\":\"center-center\",\"video\":\"wp-content\\\/uploads\\\/bageta-team.mp4\",\"class\":\"tm-header-video-section\",\"overlap\":false,\"padding_remove_top\":false,\"media_overlay_gradient\":\"linear-gradient(rgba(30, 24, 20, 0.8) 25%, rgba(0, 0, 0, 0) 100%);\",\"text_color\":\"light\"},\"children\":[{\"type\":\"row\",\"props\":{\"match\":false,\"class\":\"\"},\"children\":[{\"type\":\"column\",\"props\":{\"image_position\":\"center-center\",\"media_overlay_gradient\":\"\",\"vertical_align\":\"middle\",\"width_medium\":\"\",\"position_sticky_breakpoint\":\"m\"},\"children\":[{\"type\":\"headline\",\"props\":{\"title_element\":\"div\",\"content\":\"&nbsp;\",\"class\":\"\",\"title_style\":\"h1\",\"margin_remove_top\":false,\"margin_remove_bottom\":false,\"title_color\":\"secondary\",\"text_align\":\"left\",\"text_align_breakpoint\":\"m\",\"text_align_fallback\":\"center\"}}]}]}],\"name\":\"Antra\\u0161t\\u0117 su video\"},{\"type\":\"section\",\"props\":{\"style\":\"primary\",\"width\":\"default\",\"vertical_align\":\"middle\",\"title_position\":\"top-left\",\"title_rotation\":\"left\",\"title_breakpoint\":\"xl\",\"image_position\":\"center-center\",\"class\":\"tm-breadcrumbs-section\",\"padding\":\"small\",\"preserve_color\":true},\"children\":[{\"type\":\"row\",\"children\":[{\"type\":\"column\",\"props\":{\"image_position\":\"center-center\",\"media_overlay_gradient\":\"\",\"vertical_align\":\"middle\",\"position_sticky_breakpoint\":\"m\"},\"children\":[{\"type\":\"breadcrumbs\",\"props\":{\"show_home\":true,\"show_current\":true,\"class\":\".tm-breadcrumbs\"}}]}]}],\"name\":\"Navigacija\",\"modified\":\"2020-11-30T11:21:36.593Z\"},{\"type\":\"section\",\"props\":{\"style\":\"default\",\"width\":\"default\",\"vertical_align\":\"middle\",\"title_position\":\"top-left\",\"title_rotation\":\"left\",\"title_breakpoint\":\"xl\",\"image_position\":\"center-center\",\"id\":\"content\"},\"children\":[{\"type\":\"row\",\"children\":[{\"type\":\"column\",\"props\":{\"image_position\":\"center-center\",\"media_overlay_gradient\":\"\",\"position_sticky_breakpoint\":\"m\"},\"children\":[{\"type\":\"headline\",\"props\":{\"title_element\":\"h1\",\"content\":\"Trete unserem Team bei!\",\"title_style\":\"heading-large\",\"text_align\":\"center\",\"margin\":\"default\"}},{\"type\":\"text\",\"props\":{\"margin\":\"default\",\"column_breakpoint\":\"m\",\"content\":\"\n\n<p>Die UAB \\u201eBageta\\u201c befindet sich im Bezirk \\u0160iauliai, in der Stadt Me\\u0161kui\\u010di\\u0173.<\\\/p>\\n\n\n<p>Der Beitrag jedes einzelnen Mitarbeiters ist sehr wichtig. Wir legen Wert auf individuelle F\\u00e4higkeiten und Berufserfahrung.<\\\/p>\\n\n\n<p>Wir glauben, dass wir nur gemeinsam und vereint vorankommen k\\u00f6nnen.<\\\/p>\\n\n\n<p>Unser Unternehmen verf\\u00fcgt \\u00fcber mehrere Abteilungen, die verschiedene T\\u00e4tigkeiten ausf\\u00fchren.<\\\/p>\\n\n\n<p>Menschen werden f\\u00fcr ihre F\\u00e4higkeiten, ihre professionelle Einstellung und ihr Engagement bei der Arbeit, die sie leisten, gesch\\u00e4tzt.<\\\/p>\\n\n\n<p>Hinter ihr stehen mehrere Dutzend Mitarbeiter, die hier seit vielen Jahren ihr Berufsleben fortf\\u00fchren.<\\\/p>\\n\n\n<p>Wir sind offen f\\u00fcr Diskussionen und freuen uns immer \\u00fcber neue Mitarbeiter, die sich dem Team anschlie\\u00dfen.<\\\/p>\\n\n\n<p>Offene Positionen:<\\\/p>\\n\n\n<ul>\\n\n\n<li>Produktionsmitarbeiter in der Holzverarbeitungsabteilung.<\\\/li>\\n\n\n<li>Ger\\u00e4tebediener in der Holzverarbeitungsabteilung.<\\\/li>\\n\n\n<li>Werkzeugmaschinenbediener in der Holzverarbeitungsabteilung.<br \\\/>Nehmen Sie Kontakt mit uns auf, besuchen Sie uns und lassen Sie uns Ihre M\\u00f6glichkeiten besprechen.<\\\/li>\\n\n\n<li>Wir versuchen stets, in den f\\u00fcr das Unternehmen wichtigen Bereichen das h\\u00f6chste Ergebnis zu erzielen;<\\\/li>\\n\n\n<li>Wir f\\u00f6rdern Initiative und entschlossenes Handeln zum Wohle des Unternehmens und unserer Kunden;<\\\/li>\\n\n\n<li>Wir lernen aus Erfolgen und Misserfolgen;<\\\/li>\\n\n\n<li>Wir sind bereit, mehr zuzuh\\u00f6ren und weniger zu reden: Wir lassen unsere Taten f\\u00fcr uns sprechen;<\\\/li>\\n\n\n<li>In unserem Unternehmen legen wir gr\\u00f6\\u00dften Wert auf alles, was mit unseren Kunden zu tun hat;<\\\/li>\\n\n\n<li>Wir widmen uns bedingungslos unserer Arbeit und sind offen f\\u00fcr Neues;<\\\/li>\\n\n\n<li>Bei unserer Arbeitst\\u00e4tigkeit sind wir st\\u00e4ndig auf der Suche nach neuen, fortschrittlicheren Arbeitsmitteln und -methoden;<\\\/li>\\n\n\n<li>Wenn wir mit Problemen konfrontiert werden und Ereignisse eine unerwartete Wendung nehmen, verteidigen wir uns nicht und geben uns nicht gegenseitig die Schuld, sondern \\u00fcbernehmen nur die Verantwortung.<\\\/li>\\n<\\\/ul>\"}},{\"type\":\"list\",\"props\":{\"show_image\":true,\"show_link\":true,\"list_element\":\"ul\",\"column_breakpoint\":\"m\",\"image_svg_color\":\"emphasis\",\"image_align\":\"left\",\"image_vertical_align\":true,\"list_type\":\"vertical\",\"list_horizontal_separator\":\", \"},\"children\":[{\"type\":\"list_item\",\"props\":{\"content\":\"\n\n<p>personalas@bageta.lt<\\\/p>\",\"icon\":\"mail\",\"link\":\"mailto:personalas@bageta.lt\"}},{\"type\":\"list_item\",\"props\":{\"content\":\"\n\n<p>+370 (604) 61334<\\\/p>\",\"icon\":\"receiver\",\"link\":\"tel:+37060461334\"}}]}]}]}],\"name\":\"Turinys\"}],\"version\":\"2.7.23\"} --><\/p>\n","protected":false},"excerpt":{"rendered":"<p>&nbsp; Trete unserem Team bei! Die UAB \u201eBageta\u201c befindet sich im Bezirk \u0160iauliai, in der Stadt Me\u0161kui\u010di\u0173. Der Beitrag jedes einzelnen Mitarbeiters ist sehr wichtig. Wir legen Wert auf individuelle F\u00e4higkeiten und Berufserfahrung. Wir glauben, dass wir nur gemeinsam und vereint vorankommen k\u00f6nnen. Unser Unternehmen verf\u00fcgt \u00fcber mehrere Abteilungen, die verschiedene T\u00e4tigkeiten ausf\u00fchren. Menschen werden [&hellip;]<\/p>\n","protected":false},"author":1,"featured_media":0,"parent":5197,"menu_order":23,"comment_status":"closed","ping_status":"closed","template":"","meta":{"_acf_changed":false,"inline_featured_image":false,"footnotes":""},"class_list":["post-5250","page","type-page","status-publish","hentry"],"acf":[],"yoast_head":"<!-- This site is optimized with the Yoast SEO plugin v27.6 - https:\/\/yoast.com\/product\/yoast-seo-wordpress\/ -->\n<title>Karriere - BAGETA<\/title>\n<meta name=\"description\" content=\"&nbsp; Trete unserem Team bei! Die UAB \u201eBageta\u201c befindet sich im Bezirk \u0160iauliai, in der Stadt Me\u0161kui\u010di\u0173. Der Beitrag jedes einzelnen Mitarbeiters ist\" \/>\n<meta name=\"robots\" content=\"index, follow, max-snippet:-1, max-image-preview:large, max-video-preview:-1\" \/>\n<link rel=\"canonical\" href=\"https:\/\/www.bageta.lt\/de\/ueber-uns\/karriere\/\" \/>\n<meta property=\"og:locale\" content=\"de_DE\" \/>\n<meta property=\"og:type\" content=\"article\" \/>\n<meta property=\"og:title\" content=\"Karriere - BAGETA\" \/>\n<meta property=\"og:description\" content=\"&nbsp; Trete unserem Team bei! Die UAB \u201eBageta\u201c befindet sich im Bezirk \u0160iauliai, in der Stadt Me\u0161kui\u010di\u0173. Der Beitrag jedes einzelnen Mitarbeiters ist\" \/>\n<meta property=\"og:url\" content=\"https:\/\/www.bageta.lt\/de\/ueber-uns\/karriere\/\" \/>\n<meta property=\"og:site_name\" content=\"BAGETA\" \/>\n<meta property=\"article:modified_time\" content=\"2023-12-06T10:36:09+00:00\" \/>\n<meta name=\"twitter:card\" content=\"summary_large_image\" \/>\n<meta name=\"twitter:label1\" content=\"Gesch\u00e4tzte Lesezeit\" \/>\n\t<meta name=\"twitter:data1\" content=\"2\u00a0Minuten\" \/>\n<script type=\"application\/ld+json\" class=\"yoast-schema-graph\">{\"@context\":\"https:\\\/\\\/schema.org\",\"@graph\":[{\"@type\":\"WebPage\",\"@id\":\"https:\\\/\\\/www.bageta.lt\\\/de\\\/ueber-uns\\\/karriere\\\/\",\"url\":\"https:\\\/\\\/www.bageta.lt\\\/de\\\/ueber-uns\\\/karriere\\\/\",\"name\":\"Karriere - BAGETA\",\"isPartOf\":{\"@id\":\"https:\\\/\\\/www.bageta.lt\\\/de\\\/#website\"},\"datePublished\":\"2020-11-26T12:22:03+00:00\",\"dateModified\":\"2023-12-06T10:36:09+00:00\",\"description\":\"&nbsp; Trete unserem Team bei! Die UAB \u201eBageta\u201c befindet sich im Bezirk \u0160iauliai, in der Stadt Me\u0161kui\u010di\u0173. Der Beitrag jedes einzelnen Mitarbeiters ist\",\"breadcrumb\":{\"@id\":\"https:\\\/\\\/www.bageta.lt\\\/de\\\/ueber-uns\\\/karriere\\\/#breadcrumb\"},\"inLanguage\":\"de\",\"potentialAction\":[{\"@type\":\"ReadAction\",\"target\":[\"https:\\\/\\\/www.bageta.lt\\\/de\\\/ueber-uns\\\/karriere\\\/\"]}]},{\"@type\":\"BreadcrumbList\",\"@id\":\"https:\\\/\\\/www.bageta.lt\\\/de\\\/ueber-uns\\\/karriere\\\/#breadcrumb\",\"itemListElement\":[{\"@type\":\"ListItem\",\"position\":1,\"name\":\"Antra\u0161tinis\",\"item\":\"https:\\\/\\\/www.bageta.lt\\\/de\\\/\"},{\"@type\":\"ListItem\",\"position\":2,\"name\":\"\u00dcber uns\",\"item\":\"https:\\\/\\\/www.bageta.lt\\\/de\\\/vart-foretag\\\/\"},{\"@type\":\"ListItem\",\"position\":3,\"name\":\"Karriere\"}]},{\"@type\":\"WebSite\",\"@id\":\"https:\\\/\\\/www.bageta.lt\\\/de\\\/#website\",\"url\":\"https:\\\/\\\/www.bageta.lt\\\/de\\\/\",\"name\":\"BAGETA\",\"description\":\"Auk\u0161tos kokyb\u0117s medienos gaminiai\",\"publisher\":{\"@id\":\"https:\\\/\\\/www.bageta.lt\\\/de\\\/#organization\"},\"potentialAction\":[{\"@type\":\"SearchAction\",\"target\":{\"@type\":\"EntryPoint\",\"urlTemplate\":\"https:\\\/\\\/www.bageta.lt\\\/de\\\/?s={search_term_string}\"},\"query-input\":{\"@type\":\"PropertyValueSpecification\",\"valueRequired\":true,\"valueName\":\"search_term_string\"}}],\"inLanguage\":\"de\"},{\"@type\":\"Organization\",\"@id\":\"https:\\\/\\\/www.bageta.lt\\\/de\\\/#organization\",\"name\":\"BAGETA, UAB\",\"url\":\"https:\\\/\\\/www.bageta.lt\\\/de\\\/\",\"logo\":{\"@type\":\"ImageObject\",\"inLanguage\":\"de\",\"@id\":\"https:\\\/\\\/www.bageta.lt\\\/de\\\/#\\\/schema\\\/logo\\\/image\\\/\",\"url\":\"https:\\\/\\\/www.bageta.lt\\\/wp-content\\\/uploads\\\/bageta-logo.png\",\"contentUrl\":\"https:\\\/\\\/www.bageta.lt\\\/wp-content\\\/uploads\\\/bageta-logo.png\",\"width\":243,\"height\":120,\"caption\":\"BAGETA, UAB\"},\"image\":{\"@id\":\"https:\\\/\\\/www.bageta.lt\\\/de\\\/#\\\/schema\\\/logo\\\/image\\\/\"}}]}<\/script>\n<!-- \/ Yoast SEO plugin. -->","yoast_head_json":{"title":"Karriere - BAGETA","description":"&nbsp; Trete unserem Team bei! Die UAB \u201eBageta\u201c befindet sich im Bezirk \u0160iauliai, in der Stadt Me\u0161kui\u010di\u0173. Der Beitrag jedes einzelnen Mitarbeiters ist","robots":{"index":"index","follow":"follow","max-snippet":"max-snippet:-1","max-image-preview":"max-image-preview:large","max-video-preview":"max-video-preview:-1"},"canonical":"https:\/\/www.bageta.lt\/de\/ueber-uns\/karriere\/","og_locale":"de_DE","og_type":"article","og_title":"Karriere - BAGETA","og_description":"&nbsp; Trete unserem Team bei! Die UAB \u201eBageta\u201c befindet sich im Bezirk \u0160iauliai, in der Stadt Me\u0161kui\u010di\u0173. Der Beitrag jedes einzelnen Mitarbeiters ist","og_url":"https:\/\/www.bageta.lt\/de\/ueber-uns\/karriere\/","og_site_name":"BAGETA","article_modified_time":"2023-12-06T10:36:09+00:00","twitter_card":"summary_large_image","twitter_misc":{"Gesch\u00e4tzte Lesezeit":"2\u00a0Minuten"},"schema":{"@context":"https:\/\/schema.org","@graph":[{"@type":"WebPage","@id":"https:\/\/www.bageta.lt\/de\/ueber-uns\/karriere\/","url":"https:\/\/www.bageta.lt\/de\/ueber-uns\/karriere\/","name":"Karriere - BAGETA","isPartOf":{"@id":"https:\/\/www.bageta.lt\/de\/#website"},"datePublished":"2020-11-26T12:22:03+00:00","dateModified":"2023-12-06T10:36:09+00:00","description":"&nbsp; Trete unserem Team bei! Die UAB \u201eBageta\u201c befindet sich im Bezirk \u0160iauliai, in der Stadt Me\u0161kui\u010di\u0173. Der Beitrag jedes einzelnen Mitarbeiters ist","breadcrumb":{"@id":"https:\/\/www.bageta.lt\/de\/ueber-uns\/karriere\/#breadcrumb"},"inLanguage":"de","potentialAction":[{"@type":"ReadAction","target":["https:\/\/www.bageta.lt\/de\/ueber-uns\/karriere\/"]}]},{"@type":"BreadcrumbList","@id":"https:\/\/www.bageta.lt\/de\/ueber-uns\/karriere\/#breadcrumb","itemListElement":[{"@type":"ListItem","position":1,"name":"Antra\u0161tinis","item":"https:\/\/www.bageta.lt\/de\/"},{"@type":"ListItem","position":2,"name":"\u00dcber uns","item":"https:\/\/www.bageta.lt\/de\/vart-foretag\/"},{"@type":"ListItem","position":3,"name":"Karriere"}]},{"@type":"WebSite","@id":"https:\/\/www.bageta.lt\/de\/#website","url":"https:\/\/www.bageta.lt\/de\/","name":"BAGETA","description":"Auk\u0161tos kokyb\u0117s medienos gaminiai","publisher":{"@id":"https:\/\/www.bageta.lt\/de\/#organization"},"potentialAction":[{"@type":"SearchAction","target":{"@type":"EntryPoint","urlTemplate":"https:\/\/www.bageta.lt\/de\/?s={search_term_string}"},"query-input":{"@type":"PropertyValueSpecification","valueRequired":true,"valueName":"search_term_string"}}],"inLanguage":"de"},{"@type":"Organization","@id":"https:\/\/www.bageta.lt\/de\/#organization","name":"BAGETA, UAB","url":"https:\/\/www.bageta.lt\/de\/","logo":{"@type":"ImageObject","inLanguage":"de","@id":"https:\/\/www.bageta.lt\/de\/#\/schema\/logo\/image\/","url":"https:\/\/www.bageta.lt\/wp-content\/uploads\/bageta-logo.png","contentUrl":"https:\/\/www.bageta.lt\/wp-content\/uploads\/bageta-logo.png","width":243,"height":120,"caption":"BAGETA, UAB"},"image":{"@id":"https:\/\/www.bageta.lt\/de\/#\/schema\/logo\/image\/"}}]}},"_links":{"self":[{"href":"https:\/\/www.bageta.lt\/de\/wp-json\/wp\/v2\/pages\/5250","targetHints":{"allow":["GET"]}}],"collection":[{"href":"https:\/\/www.bageta.lt\/de\/wp-json\/wp\/v2\/pages"}],"about":[{"href":"https:\/\/www.bageta.lt\/de\/wp-json\/wp\/v2\/types\/page"}],"author":[{"embeddable":true,"href":"https:\/\/www.bageta.lt\/de\/wp-json\/wp\/v2\/users\/1"}],"replies":[{"embeddable":true,"href":"https:\/\/www.bageta.lt\/de\/wp-json\/wp\/v2\/comments?post=5250"}],"version-history":[{"count":2,"href":"https:\/\/www.bageta.lt\/de\/wp-json\/wp\/v2\/pages\/5250\/revisions"}],"predecessor-version":[{"id":5253,"href":"https:\/\/www.bageta.lt\/de\/wp-json\/wp\/v2\/pages\/5250\/revisions\/5253"}],"up":[{"embeddable":true,"href":"https:\/\/www.bageta.lt\/de\/wp-json\/wp\/v2\/pages\/5197"}],"wp:attachment":[{"href":"https:\/\/www.bageta.lt\/de\/wp-json\/wp\/v2\/media?parent=5250"}],"curies":[{"name":"wp","href":"https:\/\/api.w.org\/{rel}","templated":true}]}}