{"id":5282,"date":"2020-11-25T09:33:41","date_gmt":"2020-11-25T07:33:41","guid":{"rendered":"https:\/\/www.bageta.lt\/produkcija\/"},"modified":"2023-12-14T10:23:04","modified_gmt":"2023-12-14T08:23:04","slug":"holz","status":"publish","type":"page","link":"https:\/\/www.bageta.lt\/de\/holz\/","title":{"rendered":"HOLZ"},"content":{"rendered":"<div>\n<p>        <img decoding=\"async\" src=\"\/wp-content\/uploads\/mediena-medienos-apdirbimo-centras.jpg\" alt=\"BAGETA medienos apdirbimo centras\"><\/p>\n<h2>Erfahrung und Fachwissen<\/h2>\n<div>\n<p lang=\"lt-LT\" class=\"western\" align=\"left\"><span style=\"color: #1e1814;\"><span style=\"font-size: medium;\">Die Holzproduktionsabteilung von BAGETA bedient Hersteller der Automobil-, Ausr\u00fcstungs-, Ersatzteil-, Stahlproduktions-, Verpackungs-, Lager- und Transportindustrie.<\/span><\/span><\/p>\n<p lang=\"lt-LT\" class=\"western\" align=\"left\"><span style=\"color: #1e1814;\"><span style=\"font-size: medium;\">Die Produktion entspricht der globalen ISPM15-Verordnung und die Produkte sind mit IPPC-Zeichen versehen.<\/span><\/span><\/p>\n<ul>\n<li lang=\"lt-LT\" align=\"left\"><span style=\"color: #1e1814;\"><span style=\"font-size: medium;\">Erfahrung in der Holzverarbeitung<\/span><\/span><span style=\"color: #1e1814;\"><span style=\"font-size: medium;\"><\/span><\/span><span style=\"color: #1e1814;\"><span style=\"font-size: medium;\"><\/span><\/span><span style=\"color: #1e1814;\"><span style=\"font-size: medium;\"><\/span><\/span><\/li>\n<li lang=\"lt-LT\" align=\"left\"><span style=\"color: #1e1814;\"><span style=\"font-size: medium;\">Produktionsgeschichte<\/span><\/span><\/li>\n<li lang=\"lt-LT\" align=\"left\"><span style=\"color: #1e1814;\"><span style=\"font-size: medium;\">Hochwertige Materialien<\/span><\/span><\/li>\n<li lang=\"lt-LT\" align=\"left\"><span style=\"color: #1e1814;\"><span style=\"font-size: medium;\">Bezahlbarer Preis<\/span><\/span><\/li>\n<li lang=\"lt-LT\" align=\"left\"><span style=\"color: #1e1814;\"><span style=\"font-size: medium;\">Realistische Produktionsfrist<\/span><\/span><\/li>\n<\/ul>\n<p lang=\"lt-LT\" class=\"western\" align=\"left\"><span style=\"color: #1e1814;\"><span style=\"font-size: medium;\">BAGETA ist ein mittelst\u00e4ndisches Unternehmen, dessen Produktions- und Vertriebsabteilung in Litauen ans\u00e4ssig ist. Das Unternehmen f\u00fchrt alle Vorg\u00e4nge der Produktionskette durch: vom Wald bis zum Endprodukt.<\/span><\/span><\/p>\n<\/div>\n<\/div>\n<h2>Wir freuen uns \u00fcber die Zusammenarbeit mit Ihnen!<\/h2>\n<ul>\n<li>\n<p>        <img decoding=\"async\" src=\"\/wp-content\/uploads\/mediena-medine-pakuote.jpg\" alt=\"Medin\u0117 pakuot\u0117\"><\/p>\n<h3>HOLZVERPACKUNG<\/h3>\n<div>\n<p>Lieferung von Palettenaufsatzrahmen, Paletten und Kisten aus Holz an die Industrie.<\/p>\n<\/div>\n<p><a href=\"\/de\/holz\/holzverpackung\/\">Mehr <span uk-icon=\"chevron-double-right\"><\/span><\/a><\/p>\n<\/li>\n<li>\n<p>        <img decoding=\"async\" src=\"\/wp-content\/uploads\/mediena-medines-pakuotes-priedai.jpg\" alt=\"Medin\u0117s pakuot\u0117s priedai\"><\/p>\n<h3>VERPACKUNGSZUBEH\u00d6R AUS HOLZ<\/h3>\n<div>\n<p>Verpackungszubeh\u00f6r aus Holz wird komplett mit Palettenaufsatzrahmen f\u00fcr den Fertigungsbereich geliefert.<\/p>\n<\/div>\n<p><a href=\"\/de\/holz\/verpackungszubehoer-aus-holz\/\">Mehr <span uk-icon=\"chevron-double-right\"><\/span><\/a><\/p>\n<\/li>\n<li>\n<p>        <img decoding=\"async\" src=\"\/wp-content\/uploads\/mediena-biokuras.jpg\" alt=\"Biokuras\"><\/p>\n<h3>BIOTREIBSTOFF<\/h3>\n<div>\n<p>Holzpellets als Brennstoff aus nat\u00fcrlichen Holzverarbeitungsmaterialien.<\/p>\n<\/div>\n<p><a href=\"\/de\/holz\/biotreibstoff\/\">Mehr <span uk-icon=\"chevron-double-right\"><\/span><\/a><\/p>\n<\/li>\n<\/ul>\n<p><!--more--><br \/>\n<!-- {\"name\":\"Kategorijos puslapis (B)\",\"type\":\"layout\",\"children\":[{\"type\":\"section\",\"props\":{\"style\":\"default\",\"width\":\"default\",\"vertical_align\":\"middle\",\"title_position\":\"top-left\",\"title_rotation\":\"left\",\"title_breakpoint\":\"\",\"image_position\":\"center-center\",\"class\":\"tm-header-image-section\",\"image_size\":\"cover\",\"header_transparent_noplaceholder\":false,\"title\":\"\",\"media_overlay_gradient\":\"linear-gradient(rgba(30, 24, 20, 0.8) 20%, rgba(0, 0, 0, 0) 100%)\",\"text_color\":\"light\"},\"children\":[{\"type\":\"row\",\"children\":[{\"type\":\"column\",\"props\":{\"image_position\":\"center-center\",\"media_overlay_gradient\":\"\",\"vertical_align\":\"middle\",\"position_sticky_breakpoint\":\"m\"},\"children\":[{\"type\":\"headline\",\"props\":{\"title_element\":\"div\",\"text_align\":\"left\",\"text_align_breakpoint\":\"m\",\"text_align_fallback\":\"center\",\"title_style\":\"heading-large\"},\"source\":{\"query\":{\"name\":\"pages.singlePage\"},\"props\":{\"_condition\":{\"filters\":{\"condition\":\"!!\"},\"name\":\"title\"},\"content\":{\"filters\":{\"search\":\"\"},\"name\":\"title\"}}}}]}]}],\"name\":\"Antra\\u0161t\\u0117 su nuotrauka\",\"source\":{\"query\":{\"name\":\"pages.singlePage\"},\"props\":{\"image\":{\"name\":\"field.header_image.url\"}}}},{\"type\":\"section\",\"props\":{\"style\":\"primary\",\"width\":\"default\",\"vertical_align\":\"middle\",\"title_position\":\"top-left\",\"title_rotation\":\"left\",\"title_breakpoint\":\"xl\",\"image_position\":\"center-center\",\"class\":\"tm-breadcrumbs-section\",\"padding\":\"small\",\"preserve_color\":true},\"children\":[{\"type\":\"row\",\"children\":[{\"type\":\"column\",\"props\":{\"image_position\":\"center-center\",\"media_overlay_gradient\":\"\",\"vertical_align\":\"middle\",\"position_sticky_breakpoint\":\"m\"},\"children\":[{\"type\":\"breadcrumbs\",\"props\":{\"show_home\":true,\"show_current\":true,\"class\":\".tm-breadcrumbs\"}}]}]}],\"name\":\"Navigacija\"},{\"type\":\"section\",\"props\":{\"style\":\"default\",\"width\":\"default\",\"vertical_align\":\"middle\",\"title_position\":\"top-left\",\"title_rotation\":\"left\",\"title_breakpoint\":\"xl\",\"image_position\":\"center-center\"},\"children\":[{\"type\":\"row\",\"children\":[{\"type\":\"column\",\"props\":{\"position_sticky_breakpoint\":\"m\",\"image_position\":\"center-center\",\"media_overlay_gradient\":\"\"},\"children\":[{\"type\":\"panel\",\"props\":{\"link_text\":\"Read more\",\"title_hover_style\":\"reset\",\"title_element\":\"h2\",\"title_align\":\"top\",\"title_grid_width\":\"1-2\",\"title_grid_breakpoint\":\"m\",\"meta_style\":\"meta\",\"meta_align\":\"below-title\",\"meta_element\":\"div\",\"content_column_breakpoint\":\"m\",\"icon_width\":80,\"image_align\":\"right\",\"image_grid_width\":\"1-2\",\"image_grid_breakpoint\":\"m\",\"image_svg_color\":\"emphasis\",\"link_style\":\"default\",\"margin\":\"default\",\"title\":\"Erfahrung und Fachwissen\",\"content\":\"\n\n<p lang=\\\"lt-LT\\\" class=\\\"western\\\" align=\\\"left\\\"><span style=\\\"color: #1e1814;\\\"><span style=\\\"font-size: medium;\\\">Die Holzproduktionsabteilung von BAGETA bedient Hersteller der Automobil-, Ausr\\u00fcstungs-, Ersatzteil-, Stahlproduktions-, Verpackungs-, Lager- und Transportindustrie.<\\\/span><\\\/span><\\\/p>\\n\n\n<p lang=\\\"lt-LT\\\" class=\\\"western\\\" align=\\\"left\\\"><span style=\\\"color: #1e1814;\\\"><span style=\\\"font-size: medium;\\\">Die Produktion entspricht der globalen ISPM15-Verordnung und die Produkte sind mit IPPC-Zeichen versehen.<\\\/span><\\\/span><\\\/p>\\n\n\n<ul>\\n\n\n<li lang=\\\"lt-LT\\\" align=\\\"left\\\"><span style=\\\"color: #1e1814;\\\"><span style=\\\"font-size: medium;\\\">Erfahrung in der Holzverarbeitung<\\\/span><\\\/span><span style=\\\"color: #1e1814;\\\"><span style=\\\"font-size: medium;\\\"><\\\/span><\\\/span><span style=\\\"color: #1e1814;\\\"><span style=\\\"font-size: medium;\\\"><\\\/span><\\\/span><span style=\\\"color: #1e1814;\\\"><span style=\\\"font-size: medium;\\\"><\\\/span><\\\/span><\\\/li>\\n\n\n<li lang=\\\"lt-LT\\\" align=\\\"left\\\"><span style=\\\"color: #1e1814;\\\"><span style=\\\"font-size: medium;\\\">Produktionsgeschichte<\\\/span><\\\/span><\\\/li>\\n\n\n<li lang=\\\"lt-LT\\\" align=\\\"left\\\"><span style=\\\"color: #1e1814;\\\"><span style=\\\"font-size: medium;\\\">Hochwertige Materialien<\\\/span><\\\/span><\\\/li>\\n\n\n<li lang=\\\"lt-LT\\\" align=\\\"left\\\"><span style=\\\"color: #1e1814;\\\"><span style=\\\"font-size: medium;\\\">Bezahlbarer Preis<\\\/span><\\\/span><\\\/li>\\n\n\n<li lang=\\\"lt-LT\\\" align=\\\"left\\\"><span style=\\\"color: #1e1814;\\\"><span style=\\\"font-size: medium;\\\">Realistische Produktionsfrist<\\\/span><\\\/span><\\\/li>\\n<\\\/ul>\\n\n\n<p lang=\\\"lt-LT\\\" class=\\\"western\\\" align=\\\"left\\\"><span style=\\\"color: #1e1814;\\\"><span style=\\\"font-size: medium;\\\">BAGETA ist ein mittelst\\u00e4ndisches Unternehmen, dessen Produktions- und Vertriebsabteilung in Litauen ans\\u00e4ssig ist. Das Unternehmen f\\u00fchrt alle Vorg\\u00e4nge der Produktionskette durch: vom Wald bis zum Endprodukt.<\\\/span><\\\/span><\\\/p>\",\"image\":\"wp-content\\\/uploads\\\/mediena-medienos-apdirbimo-centras.jpg\",\"image_alt\":\"BAGETA medienos apdirbimo centras\"},\"name\":\"Tekstas su nuotrauka de\\u0161in\\u0117je\"}]}]},{\"type\":\"row\",\"children\":[{\"type\":\"column\",\"props\":{\"position_sticky_breakpoint\":\"m\",\"image_position\":\"center-center\",\"media_overlay_gradient\":\"\"},\"children\":[{\"type\":\"headline\",\"props\":{\"title_element\":\"h2\",\"content\":\"Wir freuen uns \\u00fcber die Zusammenarbeit mit Ihnen!\",\"title_style\":\"heading-large\",\"text_align\":\"center\"},\"name\":\"Atskiriamoji antra\\u0161t\\u0117\"}]}]},{\"type\":\"row\",\"children\":[{\"type\":\"column\",\"props\":{\"position_sticky_breakpoint\":\"m\",\"image_position\":\"center-center\",\"media_overlay_gradient\":\"\"},\"children\":[{\"type\":\"grid\",\"props\":{\"show_title\":true,\"show_meta\":true,\"show_content\":true,\"show_image\":true,\"show_link\":true,\"grid_default\":\"1\",\"grid_medium\":\"3\",\"filter_style\":\"tab\",\"filter_all\":true,\"filter_position\":\"top\",\"filter_align\":\"left\",\"filter_grid_width\":\"auto\",\"filter_grid_breakpoint\":\"m\",\"title_hover_style\":\"reset\",\"title_element\":\"h3\",\"title_align\":\"top\",\"title_grid_width\":\"1-2\",\"title_grid_breakpoint\":\"m\",\"meta_style\":\"meta\",\"meta_align\":\"below-title\",\"meta_element\":\"div\",\"content_column_breakpoint\":\"m\",\"icon_width\":80,\"image_align\":\"top\",\"image_grid_width\":\"1-2\",\"image_grid_breakpoint\":\"m\",\"image_svg_color\":\"emphasis\",\"link_text\":\"Read more\",\"link_style\":\"default\",\"margin\":\"default\",\"item_animation\":true,\"grid_column_align\":false,\"grid_row_align\":false,\"grid_xlarge\":\"3\",\"grid_large\":\"3\",\"grid_small\":\"2\",\"text_align\":\"center\",\"link_fullwidth\":true,\"panel_style\":\"tile-default\",\"panel_image_no_padding\":false,\"panel_padding\":\"\",\"class\":\"uk-match-elements-height\"},\"children\":[{\"type\":\"grid_item\",\"props\":{\"title\":\"HOLZVERPACKUNG\",\"content\":\"\n\n<p>Lieferung von Palettenaufsatzrahmen, Paletten und Kisten aus Holz an die Industrie.<\\\/p>\",\"image\":\"wp-content\\\/uploads\\\/mediena-medine-pakuote.jpg\",\"image_alt\":\"Medin\\u0117 pakuot\\u0117\",\"link\":\"de\\\/holz\\\/holzverpackung\\\/\",\"link_text\":\"Mehr <span uk-icon=\\\"chevron-double-right\\\"><\\\/span>\"}},{\"type\":\"grid_item\",\"props\":{\"title\":\"VERPACKUNGSZUBEH\\u00d6R AUS HOLZ\",\"content\":\"\n\n<p>Verpackungszubeh\\u00f6r aus Holz wird komplett mit Palettenaufsatzrahmen f\\u00fcr den Fertigungsbereich geliefert.<\\\/p>\",\"image\":\"wp-content\\\/uploads\\\/mediena-medines-pakuotes-priedai.jpg\",\"image_alt\":\"Medin\\u0117s pakuot\\u0117s priedai\",\"link\":\"de\\\/holz\\\/verpackungszubehoer-aus-holz\\\/\",\"link_text\":\"Mehr <span uk-icon=\\\"chevron-double-right\\\"><\\\/span>\"}},{\"type\":\"grid_item\",\"props\":{\"title\":\"BIOTREIBSTOFF\",\"content\":\"\n\n<p>Holzpellets als Brennstoff aus nat\\u00fcrlichen Holzverarbeitungsmaterialien.<\\\/p>\",\"image\":\"wp-content\\\/uploads\\\/mediena-biokuras.jpg\",\"image_alt\":\"Biokuras\",\"link\":\"de\\\/holz\\\/biotreibstoff\\\/\",\"link_text\":\"Mehr <span uk-icon=\\\"chevron-double-right\\\"><\\\/span>\"}}],\"name\":\"Kategorij\\u0173 blokas\"}]}]}],\"name\":\"Turinys\"}],\"version\":\"2.7.23\"} --><\/p>\n","protected":false},"excerpt":{"rendered":"<p>Erfahrung und Fachwissen Die Holzproduktionsabteilung von BAGETA bedient Hersteller der Automobil-, Ausr\u00fcstungs-, Ersatzteil-, Stahlproduktions-, Verpackungs-, Lager- und Transportindustrie. Die Produktion entspricht der globalen ISPM15-Verordnung und die Produkte sind mit IPPC-Zeichen versehen. Erfahrung in der Holzverarbeitung Produktionsgeschichte Hochwertige Materialien Bezahlbarer Preis Realistische Produktionsfrist BAGETA ist ein mittelst\u00e4ndisches Unternehmen, dessen Produktions- und Vertriebsabteilung in Litauen ans\u00e4ssig ist. [&hellip;]<\/p>\n","protected":false},"author":1,"featured_media":0,"parent":0,"menu_order":39,"comment_status":"closed","ping_status":"closed","template":"","meta":{"_acf_changed":false,"inline_featured_image":false,"footnotes":""},"class_list":["post-5282","page","type-page","status-publish","hentry"],"acf":[],"yoast_head":"<!-- This site is optimized with the Yoast SEO plugin v27.6 - https:\/\/yoast.com\/product\/yoast-seo-wordpress\/ -->\n<title>HOLZ - BAGETA<\/title>\n<meta name=\"description\" content=\"Erfahrung und Fachwissen Die Holzproduktionsabteilung von BAGETA bedient Hersteller der Automobil-, Ausr\u00fcstungs-, Ersatzteil-, Stahlproduktions-,\" \/>\n<meta name=\"robots\" content=\"index, follow, max-snippet:-1, max-image-preview:large, max-video-preview:-1\" \/>\n<link rel=\"canonical\" href=\"https:\/\/www.bageta.lt\/de\/holz\/\" \/>\n<meta property=\"og:locale\" content=\"de_DE\" \/>\n<meta property=\"og:type\" content=\"article\" \/>\n<meta property=\"og:title\" content=\"HOLZ - BAGETA\" \/>\n<meta property=\"og:description\" content=\"Erfahrung und Fachwissen Die Holzproduktionsabteilung von BAGETA bedient Hersteller der Automobil-, Ausr\u00fcstungs-, Ersatzteil-, Stahlproduktions-,\" \/>\n<meta property=\"og:url\" content=\"https:\/\/www.bageta.lt\/de\/holz\/\" \/>\n<meta property=\"og:site_name\" content=\"BAGETA\" \/>\n<meta property=\"article:modified_time\" content=\"2023-12-14T08:23:04+00:00\" \/>\n<meta name=\"twitter:card\" content=\"summary_large_image\" \/>\n<meta name=\"twitter:label1\" content=\"Gesch\u00e4tzte Lesezeit\" \/>\n\t<meta name=\"twitter:data1\" content=\"2\u00a0Minuten\" \/>\n<script type=\"application\/ld+json\" class=\"yoast-schema-graph\">{\"@context\":\"https:\\\/\\\/schema.org\",\"@graph\":[{\"@type\":\"WebPage\",\"@id\":\"https:\\\/\\\/www.bageta.lt\\\/de\\\/holz\\\/\",\"url\":\"https:\\\/\\\/www.bageta.lt\\\/de\\\/holz\\\/\",\"name\":\"HOLZ - BAGETA\",\"isPartOf\":{\"@id\":\"https:\\\/\\\/www.bageta.lt\\\/de\\\/#website\"},\"datePublished\":\"2020-11-25T07:33:41+00:00\",\"dateModified\":\"2023-12-14T08:23:04+00:00\",\"description\":\"Erfahrung und Fachwissen Die Holzproduktionsabteilung von BAGETA bedient Hersteller der Automobil-, Ausr\u00fcstungs-, Ersatzteil-, Stahlproduktions-,\",\"breadcrumb\":{\"@id\":\"https:\\\/\\\/www.bageta.lt\\\/de\\\/holz\\\/#breadcrumb\"},\"inLanguage\":\"de\",\"potentialAction\":[{\"@type\":\"ReadAction\",\"target\":[\"https:\\\/\\\/www.bageta.lt\\\/de\\\/holz\\\/\"]}]},{\"@type\":\"BreadcrumbList\",\"@id\":\"https:\\\/\\\/www.bageta.lt\\\/de\\\/holz\\\/#breadcrumb\",\"itemListElement\":[{\"@type\":\"ListItem\",\"position\":1,\"name\":\"Antra\u0161tinis\",\"item\":\"https:\\\/\\\/www.bageta.lt\\\/de\\\/\"},{\"@type\":\"ListItem\",\"position\":2,\"name\":\"HOLZ\"}]},{\"@type\":\"WebSite\",\"@id\":\"https:\\\/\\\/www.bageta.lt\\\/de\\\/#website\",\"url\":\"https:\\\/\\\/www.bageta.lt\\\/de\\\/\",\"name\":\"BAGETA\",\"description\":\"Auk\u0161tos kokyb\u0117s medienos gaminiai\",\"publisher\":{\"@id\":\"https:\\\/\\\/www.bageta.lt\\\/de\\\/#organization\"},\"potentialAction\":[{\"@type\":\"SearchAction\",\"target\":{\"@type\":\"EntryPoint\",\"urlTemplate\":\"https:\\\/\\\/www.bageta.lt\\\/de\\\/?s={search_term_string}\"},\"query-input\":{\"@type\":\"PropertyValueSpecification\",\"valueRequired\":true,\"valueName\":\"search_term_string\"}}],\"inLanguage\":\"de\"},{\"@type\":\"Organization\",\"@id\":\"https:\\\/\\\/www.bageta.lt\\\/de\\\/#organization\",\"name\":\"BAGETA, UAB\",\"url\":\"https:\\\/\\\/www.bageta.lt\\\/de\\\/\",\"logo\":{\"@type\":\"ImageObject\",\"inLanguage\":\"de\",\"@id\":\"https:\\\/\\\/www.bageta.lt\\\/de\\\/#\\\/schema\\\/logo\\\/image\\\/\",\"url\":\"https:\\\/\\\/www.bageta.lt\\\/wp-content\\\/uploads\\\/bageta-logo.png\",\"contentUrl\":\"https:\\\/\\\/www.bageta.lt\\\/wp-content\\\/uploads\\\/bageta-logo.png\",\"width\":243,\"height\":120,\"caption\":\"BAGETA, UAB\"},\"image\":{\"@id\":\"https:\\\/\\\/www.bageta.lt\\\/de\\\/#\\\/schema\\\/logo\\\/image\\\/\"}}]}<\/script>\n<!-- \/ Yoast SEO plugin. -->","yoast_head_json":{"title":"HOLZ - BAGETA","description":"Erfahrung und Fachwissen Die Holzproduktionsabteilung von BAGETA bedient Hersteller der Automobil-, Ausr\u00fcstungs-, Ersatzteil-, Stahlproduktions-,","robots":{"index":"index","follow":"follow","max-snippet":"max-snippet:-1","max-image-preview":"max-image-preview:large","max-video-preview":"max-video-preview:-1"},"canonical":"https:\/\/www.bageta.lt\/de\/holz\/","og_locale":"de_DE","og_type":"article","og_title":"HOLZ - BAGETA","og_description":"Erfahrung und Fachwissen Die Holzproduktionsabteilung von BAGETA bedient Hersteller der Automobil-, Ausr\u00fcstungs-, Ersatzteil-, Stahlproduktions-,","og_url":"https:\/\/www.bageta.lt\/de\/holz\/","og_site_name":"BAGETA","article_modified_time":"2023-12-14T08:23:04+00:00","twitter_card":"summary_large_image","twitter_misc":{"Gesch\u00e4tzte Lesezeit":"2\u00a0Minuten"},"schema":{"@context":"https:\/\/schema.org","@graph":[{"@type":"WebPage","@id":"https:\/\/www.bageta.lt\/de\/holz\/","url":"https:\/\/www.bageta.lt\/de\/holz\/","name":"HOLZ - BAGETA","isPartOf":{"@id":"https:\/\/www.bageta.lt\/de\/#website"},"datePublished":"2020-11-25T07:33:41+00:00","dateModified":"2023-12-14T08:23:04+00:00","description":"Erfahrung und Fachwissen Die Holzproduktionsabteilung von BAGETA bedient Hersteller der Automobil-, Ausr\u00fcstungs-, Ersatzteil-, Stahlproduktions-,","breadcrumb":{"@id":"https:\/\/www.bageta.lt\/de\/holz\/#breadcrumb"},"inLanguage":"de","potentialAction":[{"@type":"ReadAction","target":["https:\/\/www.bageta.lt\/de\/holz\/"]}]},{"@type":"BreadcrumbList","@id":"https:\/\/www.bageta.lt\/de\/holz\/#breadcrumb","itemListElement":[{"@type":"ListItem","position":1,"name":"Antra\u0161tinis","item":"https:\/\/www.bageta.lt\/de\/"},{"@type":"ListItem","position":2,"name":"HOLZ"}]},{"@type":"WebSite","@id":"https:\/\/www.bageta.lt\/de\/#website","url":"https:\/\/www.bageta.lt\/de\/","name":"BAGETA","description":"Auk\u0161tos kokyb\u0117s medienos gaminiai","publisher":{"@id":"https:\/\/www.bageta.lt\/de\/#organization"},"potentialAction":[{"@type":"SearchAction","target":{"@type":"EntryPoint","urlTemplate":"https:\/\/www.bageta.lt\/de\/?s={search_term_string}"},"query-input":{"@type":"PropertyValueSpecification","valueRequired":true,"valueName":"search_term_string"}}],"inLanguage":"de"},{"@type":"Organization","@id":"https:\/\/www.bageta.lt\/de\/#organization","name":"BAGETA, UAB","url":"https:\/\/www.bageta.lt\/de\/","logo":{"@type":"ImageObject","inLanguage":"de","@id":"https:\/\/www.bageta.lt\/de\/#\/schema\/logo\/image\/","url":"https:\/\/www.bageta.lt\/wp-content\/uploads\/bageta-logo.png","contentUrl":"https:\/\/www.bageta.lt\/wp-content\/uploads\/bageta-logo.png","width":243,"height":120,"caption":"BAGETA, UAB"},"image":{"@id":"https:\/\/www.bageta.lt\/de\/#\/schema\/logo\/image\/"}}]}},"_links":{"self":[{"href":"https:\/\/www.bageta.lt\/de\/wp-json\/wp\/v2\/pages\/5282","targetHints":{"allow":["GET"]}}],"collection":[{"href":"https:\/\/www.bageta.lt\/de\/wp-json\/wp\/v2\/pages"}],"about":[{"href":"https:\/\/www.bageta.lt\/de\/wp-json\/wp\/v2\/types\/page"}],"author":[{"embeddable":true,"href":"https:\/\/www.bageta.lt\/de\/wp-json\/wp\/v2\/users\/1"}],"replies":[{"embeddable":true,"href":"https:\/\/www.bageta.lt\/de\/wp-json\/wp\/v2\/comments?post=5282"}],"version-history":[{"count":3,"href":"https:\/\/www.bageta.lt\/de\/wp-json\/wp\/v2\/pages\/5282\/revisions"}],"predecessor-version":[{"id":5438,"href":"https:\/\/www.bageta.lt\/de\/wp-json\/wp\/v2\/pages\/5282\/revisions\/5438"}],"wp:attachment":[{"href":"https:\/\/www.bageta.lt\/de\/wp-json\/wp\/v2\/media?parent=5282"}],"curies":[{"name":"wp","href":"https:\/\/api.w.org\/{rel}","templated":true}]}}