{"id":5328,"date":"2020-11-25T10:14:26","date_gmt":"2020-11-25T08:14:26","guid":{"rendered":"https:\/\/www.bageta.lt\/holz\/verpackungszubehoer-aus-holz\/dangciai\/"},"modified":"2023-12-12T09:38:51","modified_gmt":"2023-12-12T07:38:51","slug":"deckel-fuer-aufsatzrahmen","status":"publish","type":"page","link":"https:\/\/www.bageta.lt\/de\/holz\/verpackungszubehoer-aus-holz\/deckel-fuer-aufsatzrahmen\/","title":{"rendered":"DECKEL F\u00dcR AUFSATZRAHMEN"},"content":{"rendered":"<h2>Sperrholzabdeckungen<\/h2>\n<div>\n<p lang=\"lt-LT\" align=\"left\"><span style=\"font-family: Times New Roman, serif;\"><span style=\"font-size: medium;\"><span style=\"color: #1e1814;\"><span style=\"font-family: Open Sans, serif;\">Abdeckungen f\u00fcr Kisten aus Paletten und Palettenaufsatzrahmen bestehen \u00fcblicherweise aus Sperrholz.<\/span><\/span><\/span><\/span><\/p>\n<p lang=\"lt-LT\" align=\"left\"><span style=\"font-family: Times New Roman, serif;\"><span style=\"font-size: medium;\"><span style=\"color: #1e1814;\"><span style=\"font-family: Open Sans, serif;\">Der feuchtigkeitsbest\u00e4ndige Bezug besteht aus verleimtem Nadelholzsperrholz: festes Material aus mehreren \u00fcberkreuzt verleimten d\u00fcnnen Holzschichten.<\/span><\/span><\/span><\/span><\/p>\n<p lang=\"lt-LT\" align=\"left\"><span style=\"font-family: Times New Roman, serif;\"><span style=\"font-size: medium;\"><span style=\"color: #1e1814;\"><span style=\"font-family: Open Sans, serif;\">Abdeckplatten haben die gleichen Ma\u00dfe wie die Palette und haben Schnittkanten. Normalerweise enth\u00e4lt ein Deckel eine innere Lasche, die eine sichere Fixierung des Deckels auf der Schachtel gew\u00e4hrleistet. Auf der Sperrholzabdeckung kann ein Firmenlogo angebracht und\/oder die Abdeckung in den gew\u00fcnschten Farben lackiert werden.<\/span><\/span><\/span><\/span><\/p>\n<p lang=\"lt-LT\" align=\"left\"><span style=\"font-family: Times New Roman, serif;\"><span style=\"font-size: medium;\"><span style=\"color: #1e1814;\"><span style=\"font-family: Open Sans, serif;\">Direkt auf der Palette unter dem Aufsatz platzierte Sperrholzabdeckungen dienen als Unterlage und auf den Palettenaufsatz aufgesetzt \u00fcbernehmen sie die Abdeckfunktion.<\/span><\/span><\/span><\/span><\/p>\n<p lang=\"lt-LT\" align=\"left\"><span style=\"font-family: Times New Roman, serif;\"><span style=\"font-size: medium;\"><span style=\"color: #1e1814;\"><span style=\"font-family: Open Sans, serif;\">Als Unterlage dienen Abdeckungen, die verhindern, dass die Ladung durch die Zwischenr\u00e4ume der Paletten f\u00e4llt; sch\u00fctzen die Ladung vor Besch\u00e4digungen und Schmutz und sorgen zudem f\u00fcr zus\u00e4tzliche Stabilit\u00e4t und Sicherheit.<\/span><\/span><\/span><\/span><\/p>\n<p lang=\"lt-LT\" align=\"left\"><span style=\"font-family: Times New Roman, serif;\"><span style=\"font-size: medium;\"><span style=\"color: #1e1814;\"><span style=\"font-family: Open Sans, serif;\">Sperrholzabdeckungen k\u00f6nnen erfolgreich in der Industrie eingesetzt werden, wo das Produkt vor \u00e4u\u00dferen Umwelteinfl\u00fcssen gesch\u00fctzt werden muss.<\/span><\/span><\/span><\/span><\/p>\n<\/div>\n<div>\n<p>    <img decoding=\"async\" src=\"\/wp-content\/uploads\/mediniai-faneros-dangciai.jpg\" alt=\"\"><\/p>\n<h3>Mediniai faneros dang\u010diai<\/h3>\n<\/div>\n<h2>Herstellung von Sperrholzabdeckungen<\/h2>\n<div>\n<p lang=\"lt-LT\" align=\"left\"><span style=\"font-family: Times New Roman, serif;\"><span style=\"font-size: medium;\"><span style=\"color: #1e1814;\"><span style=\"font-family: Open Sans, serif;\">Sperrholz ist fest, flexibel und weist eine gute Belastbarkeit und Schlagfestigkeit auf. Verschlei\u00dffeste Sperrholzplatten k\u00f6nnen als Deckel oder Abschirmung f\u00fcr stabile Versandkartons verwendet werden und sorgen so f\u00fcr die ordnungsgem\u00e4\u00dfe Verpackung von Waren und Produkten.<\/span><\/span><\/span><\/span><\/p>\n<p lang=\"lt-LT\" align=\"left\"><span style=\"font-family: Times New Roman, serif;\"><span style=\"font-size: medium;\"><span style=\"color: #1e1814;\"><span style=\"font-family: Open Sans, serif;\">Da es sich bei Sperrholz um sogenanntes Nichtholz handelt, gelten f\u00fcr es keine Exportanforderungen gem\u00e4\u00df ISPM 15. Dies ist auf die Verarbeitung von Holz bei der Herstellung von Sperrholz zur\u00fcckzuf\u00fchren.<\/span><\/span><\/span><\/span><\/p>\n<\/div>\n<h3>VON DER PLANUNG BIS ZUR LIEFERUNG!<\/h3>\n<div>Gerne unterbreiten wir Ihnen ein Angebot f\u00fcr Palettenaufsatzrahmen aus hochwertigem oder zweitklassigem Holz.<\/div>\n<ul>\n<li>\n<div>Kombinierte Lieferung<\/div>\n<\/li>\n<li>\n<div>Lieferung per Stra\u00dfentransport<\/div>\n<\/li>\n<li>\n<div>Weltweite Lieferung in Containern<\/div>\n<\/li>\n<\/ul>\n<p>\n    <a href=\"#\">KONTAKTIERE UNS<\/a>\n<\/p>\n<p><!--more--><br \/>\n<!-- {\"name\":\"Kategorijos puslapis (A)\",\"type\":\"layout\",\"children\":[{\"type\":\"section\",\"props\":{\"style\":\"default\",\"width\":\"default\",\"vertical_align\":\"middle\",\"title_position\":\"top-left\",\"title_rotation\":\"left\",\"title_breakpoint\":\"\",\"image_position\":\"center-center\",\"class\":\"tm-header-image-section\",\"image_size\":\"cover\",\"header_transparent_noplaceholder\":false,\"title\":\"\",\"media_overlay_gradient\":\"linear-gradient(rgba(30, 24, 20, 0.8) 20%, rgba(0, 0, 0, 0) 100%)\",\"text_color\":\"light\"},\"children\":[{\"type\":\"row\",\"children\":[{\"type\":\"column\",\"props\":{\"image_position\":\"center-center\",\"media_overlay_gradient\":\"\",\"vertical_align\":\"middle\",\"position_sticky_breakpoint\":\"m\"},\"children\":[{\"type\":\"headline\",\"props\":{\"title_element\":\"div\",\"text_align\":\"left\",\"text_align_breakpoint\":\"m\",\"text_align_fallback\":\"center\",\"title_style\":\"heading-large\"},\"source\":{\"query\":{\"name\":\"pages.singlePage\"},\"props\":{\"_condition\":{\"filters\":{\"condition\":\"!!\"},\"name\":\"title\"},\"content\":{\"filters\":{\"search\":\"\"},\"name\":\"title\"}}}}]}]}],\"name\":\"Antra\\u0161t\\u0117 su nuotrauka\",\"source\":{\"query\":{\"name\":\"pages.singlePage\"},\"props\":{\"image\":{\"name\":\"field.header_image.url\"}}}},{\"type\":\"section\",\"props\":{\"style\":\"primary\",\"width\":\"default\",\"vertical_align\":\"middle\",\"title_position\":\"top-left\",\"title_rotation\":\"left\",\"title_breakpoint\":\"xl\",\"image_position\":\"center-center\",\"class\":\"tm-breadcrumbs-section\",\"padding\":\"small\",\"preserve_color\":true},\"children\":[{\"type\":\"row\",\"children\":[{\"type\":\"column\",\"props\":{\"image_position\":\"center-center\",\"media_overlay_gradient\":\"\",\"vertical_align\":\"middle\",\"position_sticky_breakpoint\":\"m\"},\"children\":[{\"type\":\"breadcrumbs\",\"props\":{\"show_home\":true,\"show_current\":true,\"class\":\".tm-breadcrumbs\"}}]}]}],\"name\":\"Navigacija\"},{\"type\":\"section\",\"props\":{\"style\":\"default\",\"width\":\"default\",\"vertical_align\":\"middle\",\"title_position\":\"top-left\",\"title_rotation\":\"left\",\"title_breakpoint\":\"xl\",\"image_position\":\"center-center\",\"id\":\"content\"},\"children\":[{\"type\":\"row\",\"props\":{\"layout\":\"1-2,1-2\",\"match\":true},\"children\":[{\"type\":\"column\",\"props\":{\"position_sticky_breakpoint\":\"m\",\"image_position\":\"center-center\",\"media_overlay_gradient\":\"\",\"width_medium\":\"1-2\"},\"children\":[{\"type\":\"headline\",\"props\":{\"title_element\":\"h2\",\"content\":\"Sperrholzabdeckungen\"}},{\"type\":\"text\",\"props\":{\"margin\":\"default\",\"column_breakpoint\":\"m\",\"content\":\"\n\n<p lang=\\\"lt-LT\\\" align=\\\"left\\\"><span style=\\\"font-family: Times New Roman, serif;\\\"><span style=\\\"font-size: medium;\\\"><span style=\\\"color: #1e1814;\\\"><span style=\\\"font-family: Open Sans, serif;\\\">Abdeckungen f\\u00fcr Kisten aus Paletten und Palettenaufsatzrahmen bestehen \\u00fcblicherweise aus Sperrholz.<\\\/span><\\\/span><\\\/span><\\\/span><\\\/p>\\n\n\n<p lang=\\\"lt-LT\\\" align=\\\"left\\\"><span style=\\\"font-family: Times New Roman, serif;\\\"><span style=\\\"font-size: medium;\\\"><span style=\\\"color: #1e1814;\\\"><span style=\\\"font-family: Open Sans, serif;\\\">Der feuchtigkeitsbest\\u00e4ndige Bezug besteht aus verleimtem Nadelholzsperrholz: festes Material aus mehreren \\u00fcberkreuzt verleimten d\\u00fcnnen Holzschichten.<\\\/span><\\\/span><\\\/span><\\\/span><\\\/p>\\n\n\n<p lang=\\\"lt-LT\\\" align=\\\"left\\\"><span style=\\\"font-family: Times New Roman, serif;\\\"><span style=\\\"font-size: medium;\\\"><span style=\\\"color: #1e1814;\\\"><span style=\\\"font-family: Open Sans, serif;\\\">Abdeckplatten haben die gleichen Ma\\u00dfe wie die Palette und haben Schnittkanten. Normalerweise enth\\u00e4lt ein Deckel eine innere Lasche, die eine sichere Fixierung des Deckels auf der Schachtel gew\\u00e4hrleistet. Auf der Sperrholzabdeckung kann ein Firmenlogo angebracht und\\\/oder die Abdeckung in den gew\\u00fcnschten Farben lackiert werden.<\\\/span><\\\/span><\\\/span><\\\/span><\\\/p>\\n\n\n<p lang=\\\"lt-LT\\\" align=\\\"left\\\"><span style=\\\"font-family: Times New Roman, serif;\\\"><span style=\\\"font-size: medium;\\\"><span style=\\\"color: #1e1814;\\\"><span style=\\\"font-family: Open Sans, serif;\\\">Direkt auf der Palette unter dem Aufsatz platzierte Sperrholzabdeckungen dienen als Unterlage und auf den Palettenaufsatz aufgesetzt \\u00fcbernehmen sie die Abdeckfunktion.<\\\/span><\\\/span><\\\/span><\\\/span><\\\/p>\\n\n\n<p lang=\\\"lt-LT\\\" align=\\\"left\\\"><span style=\\\"font-family: Times New Roman, serif;\\\"><span style=\\\"font-size: medium;\\\"><span style=\\\"color: #1e1814;\\\"><span style=\\\"font-family: Open Sans, serif;\\\">Als Unterlage dienen Abdeckungen, die verhindern, dass die Ladung durch die Zwischenr\\u00e4ume der Paletten f\\u00e4llt; sch\\u00fctzen die Ladung vor Besch\\u00e4digungen und Schmutz und sorgen zudem f\\u00fcr zus\\u00e4tzliche Stabilit\\u00e4t und Sicherheit.<\\\/span><\\\/span><\\\/span><\\\/span><\\\/p>\\n\n\n<p lang=\\\"lt-LT\\\" align=\\\"left\\\"><span style=\\\"font-family: Times New Roman, serif;\\\"><span style=\\\"font-size: medium;\\\"><span style=\\\"color: #1e1814;\\\"><span style=\\\"font-family: Open Sans, serif;\\\">Sperrholzabdeckungen k\\u00f6nnen erfolgreich in der Industrie eingesetzt werden, wo das Produkt vor \\u00e4u\\u00dferen Umwelteinfl\\u00fcssen gesch\\u00fctzt werden muss.<\\\/span><\\\/span><\\\/span><\\\/span><\\\/p>\"}}]},{\"type\":\"column\",\"props\":{\"position_sticky_breakpoint\":\"m\",\"image_position\":\"center-center\",\"media_overlay_gradient\":\"\",\"width_medium\":\"1-2\"},\"children\":[{\"type\":\"slideshow\",\"props\":{\"show_title\":false,\"show_meta\":false,\"show_content\":true,\"show_link\":true,\"show_thumbnail\":true,\"slideshow_min_height\":\"400\",\"slideshow_autoplay_pause\":true,\"nav\":\"thumbnav\",\"nav_position\":\"bottom-center\",\"nav_position_margin\":\"medium\",\"nav_align\":\"center\",\"nav_breakpoint\":\"\",\"thumbnav_width\":\"100\",\"thumbnav_height\":\"75\",\"thumbnav_svg_color\":\"emphasis\",\"slidenav\":\"default\",\"slidenav_margin\":\"\",\"slidenav_breakpoint\":\"\",\"slidenav_outside_breakpoint\":\"s\",\"overlay_position\":\"center-left\",\"overlay_animation\":\"parallax\",\"title_element\":\"h3\",\"meta_style\":\"meta\",\"meta_align\":\"below-title\",\"meta_element\":\"div\",\"link_text\":\"Read more\",\"link_style\":\"default\",\"margin\":\"default\",\"nav_below\":true,\"thumbnav_nowrap\":true,\"slidenav_hover\":true,\"overlay_container\":\"\",\"image_width\":\"600\",\"image_height\":\"400\"},\"children\":[{\"type\":\"slideshow_item\",\"props\":{\"title\":\"Mediniai faneros dang\\u010diai\",\"image\":\"wp-content\\\/uploads\\\/mediniai-faneros-dangciai.jpg\"}}]}]}]},{\"type\":\"row\",\"children\":[{\"type\":\"column\",\"props\":{\"position_sticky_breakpoint\":\"m\",\"image_position\":\"center-center\",\"media_overlay_gradient\":\"\"},\"children\":[{\"type\":\"headline\",\"props\":{\"title_element\":\"h2\",\"content\":\"Herstellung von Sperrholzabdeckungen\"}},{\"type\":\"text\",\"props\":{\"margin\":\"default\",\"column_breakpoint\":\"m\",\"content\":\"\n\n<p lang=\\\"lt-LT\\\" align=\\\"left\\\"><span style=\\\"font-family: Times New Roman, serif;\\\"><span style=\\\"font-size: medium;\\\"><span style=\\\"color: #1e1814;\\\"><span style=\\\"font-family: Open Sans, serif;\\\">Sperrholz ist fest, flexibel und weist eine gute Belastbarkeit und Schlagfestigkeit auf. Verschlei\\u00dffeste Sperrholzplatten k\\u00f6nnen als Deckel oder Abschirmung f\\u00fcr stabile Versandkartons verwendet werden und sorgen so f\\u00fcr die ordnungsgem\\u00e4\\u00dfe Verpackung von Waren und Produkten.<\\\/span><\\\/span><\\\/span><\\\/span><\\\/p>\\n\n\n<p lang=\\\"lt-LT\\\" align=\\\"left\\\"><span style=\\\"font-family: Times New Roman, serif;\\\"><span style=\\\"font-size: medium;\\\"><span style=\\\"color: #1e1814;\\\"><span style=\\\"font-family: Open Sans, serif;\\\">Da es sich bei Sperrholz um sogenanntes Nichtholz handelt, gelten f\\u00fcr es keine Exportanforderungen gem\\u00e4\\u00df ISPM 15. Dies ist auf die Verarbeitung von Holz bei der Herstellung von Sperrholz zur\\u00fcckzuf\\u00fchren.<\\\/span><\\\/span><\\\/span><\\\/span><\\\/p>\"}}]}]}],\"name\":\"Turinys\"},{\"type\":\"section\",\"props\":{\"style\":\"secondary\",\"width\":\"default\",\"vertical_align\":\"middle\",\"title_position\":\"top-left\",\"title_rotation\":\"left\",\"title_breakpoint\":\"xl\",\"image_position\":\"center-center\"},\"children\":[{\"type\":\"row\",\"props\":{\"margin_remove_bottom\":true},\"children\":[{\"type\":\"column\",\"props\":{\"position_sticky_breakpoint\":\"m\",\"image_position\":\"center-center\",\"media_overlay_gradient\":\"\"},\"children\":[{\"type\":\"headline\",\"props\":{\"title_element\":\"h3\",\"content\":\"VON DER PLANUNG BIS ZUR LIEFERUNG!\",\"title_style\":\"heading-large\",\"text_align\":\"center\"}}]}]},{\"type\":\"row\",\"children\":[{\"type\":\"column\",\"props\":{\"position_sticky_breakpoint\":\"m\",\"image_position\":\"center-center\",\"media_overlay_gradient\":\"\",\"width_medium\":\"1-2\",\"vertical_align\":\"middle\"},\"children\":[{\"type\":\"text\",\"props\":{\"margin\":\"default\",\"column_breakpoint\":\"m\",\"content\":\"Gerne unterbreiten wir Ihnen ein Angebot f\\u00fcr Palettenaufsatzrahmen aus hochwertigem oder zweitklassigem Holz.\",\"text_align\":\"center\",\"text_style\":\"lead\"},\"name\":\"Pary\\u0161kintas tekstas\"}]},{\"type\":\"column\",\"props\":{\"position_sticky_breakpoint\":\"m\",\"image_position\":\"center-center\",\"media_overlay_gradient\":\"\",\"width_medium\":\"1-2\",\"vertical_align\":\"middle\"},\"children\":[{\"type\":\"list\",\"props\":{\"show_image\":true,\"show_link\":true,\"list_type\":\"vertical\",\"list_element\":\"ul\",\"list_horizontal_separator\":\", \",\"column_breakpoint\":\"m\",\"image_svg_color\":\"emphasis\",\"image_align\":\"left\",\"image_vertical_align\":true,\"text_align\":\"center\"},\"children\":[{\"type\":\"list_item\",\"props\":{\"content\":\"Kombinierte Lieferung\",\"icon\":\"check\"}},{\"type\":\"list_item\",\"props\":{\"content\":\"Lieferung per Stra\\u00dfentransport\",\"icon\":\"check\"}},{\"type\":\"list_item\",\"props\":{\"content\":\"Weltweite Lieferung in Containern\",\"icon\":\"check\"}}]}]}],\"props\":{\"layout\":\"1-2,1-2\",\"match\":true,\"margin_remove_bottom\":true}},{\"type\":\"row\",\"children\":[{\"type\":\"column\",\"props\":{\"position_sticky_breakpoint\":\"m\",\"image_position\":\"center-center\",\"media_overlay_gradient\":\"\"},\"children\":[{\"type\":\"button\",\"props\":{\"grid_column_gap\":\"small\",\"grid_row_gap\":\"small\",\"margin\":\"default\",\"fullwidth\":false,\"attributes\":\"uk-toggle=\\\"target: #modal\\\"\",\"text_align\":\"center\"},\"children\":[{\"type\":\"button_item\",\"props\":{\"button_style\":\"default\",\"icon_align\":\"right\",\"content\":\"KONTAKTIERE UNS\",\"link\":\"#\",\"icon\":\"file-edit\",\"link_target\":\"modal\"}}]}]}]}],\"name\":\"Susisiekti blokas\"}],\"version\":\"2.7.23\"} --><\/p>\n","protected":false},"excerpt":{"rendered":"<p>Sperrholzabdeckungen Abdeckungen f\u00fcr Kisten aus Paletten und Palettenaufsatzrahmen bestehen \u00fcblicherweise aus Sperrholz. Der feuchtigkeitsbest\u00e4ndige Bezug besteht aus verleimtem Nadelholzsperrholz: festes Material aus mehreren \u00fcberkreuzt verleimten d\u00fcnnen Holzschichten. Abdeckplatten haben die gleichen Ma\u00dfe wie die Palette und haben Schnittkanten. Normalerweise enth\u00e4lt ein Deckel eine innere Lasche, die eine sichere Fixierung des Deckels auf der Schachtel gew\u00e4hrleistet. [&hellip;]<\/p>\n","protected":false},"author":1,"featured_media":0,"parent":5323,"menu_order":94,"comment_status":"closed","ping_status":"closed","template":"","meta":{"_acf_changed":false,"inline_featured_image":false,"footnotes":""},"class_list":["post-5328","page","type-page","status-publish","hentry"],"acf":[],"yoast_head":"<!-- This site is optimized with the Yoast SEO plugin v27.6 - https:\/\/yoast.com\/product\/yoast-seo-wordpress\/ -->\n<title>DECKEL F\u00dcR AUFSATZRAHMEN - BAGETA<\/title>\n<meta name=\"description\" content=\"Sperrholzabdeckungen Abdeckungen f\u00fcr Kisten aus Paletten und Palettenaufsatzrahmen bestehen \u00fcblicherweise aus Sperrholz. Der feuchtigkeitsbest\u00e4ndige Bezug\" \/>\n<meta name=\"robots\" content=\"index, follow, max-snippet:-1, max-image-preview:large, max-video-preview:-1\" \/>\n<link rel=\"canonical\" href=\"https:\/\/www.bageta.lt\/de\/holz\/verpackungszubehoer-aus-holz\/deckel-fuer-aufsatzrahmen\/\" \/>\n<meta property=\"og:locale\" content=\"de_DE\" \/>\n<meta property=\"og:type\" content=\"article\" \/>\n<meta property=\"og:title\" content=\"DECKEL F\u00dcR AUFSATZRAHMEN - BAGETA\" \/>\n<meta property=\"og:description\" content=\"Sperrholzabdeckungen Abdeckungen f\u00fcr Kisten aus Paletten und Palettenaufsatzrahmen bestehen \u00fcblicherweise aus Sperrholz. Der feuchtigkeitsbest\u00e4ndige Bezug\" \/>\n<meta property=\"og:url\" content=\"https:\/\/www.bageta.lt\/de\/holz\/verpackungszubehoer-aus-holz\/deckel-fuer-aufsatzrahmen\/\" \/>\n<meta property=\"og:site_name\" content=\"BAGETA\" \/>\n<meta property=\"article:modified_time\" content=\"2023-12-12T07:38:51+00:00\" \/>\n<meta name=\"twitter:card\" content=\"summary_large_image\" \/>\n<meta name=\"twitter:label1\" content=\"Gesch\u00e4tzte Lesezeit\" \/>\n\t<meta name=\"twitter:data1\" content=\"2\u00a0Minuten\" \/>\n<script type=\"application\/ld+json\" class=\"yoast-schema-graph\">{\"@context\":\"https:\\\/\\\/schema.org\",\"@graph\":[{\"@type\":\"WebPage\",\"@id\":\"https:\\\/\\\/www.bageta.lt\\\/de\\\/holz\\\/verpackungszubehoer-aus-holz\\\/deckel-fuer-aufsatzrahmen\\\/\",\"url\":\"https:\\\/\\\/www.bageta.lt\\\/de\\\/holz\\\/verpackungszubehoer-aus-holz\\\/deckel-fuer-aufsatzrahmen\\\/\",\"name\":\"DECKEL F\u00dcR AUFSATZRAHMEN - BAGETA\",\"isPartOf\":{\"@id\":\"https:\\\/\\\/www.bageta.lt\\\/de\\\/#website\"},\"datePublished\":\"2020-11-25T08:14:26+00:00\",\"dateModified\":\"2023-12-12T07:38:51+00:00\",\"description\":\"Sperrholzabdeckungen Abdeckungen f\u00fcr Kisten aus Paletten und Palettenaufsatzrahmen bestehen \u00fcblicherweise aus Sperrholz. Der feuchtigkeitsbest\u00e4ndige Bezug\",\"breadcrumb\":{\"@id\":\"https:\\\/\\\/www.bageta.lt\\\/de\\\/holz\\\/verpackungszubehoer-aus-holz\\\/deckel-fuer-aufsatzrahmen\\\/#breadcrumb\"},\"inLanguage\":\"de\",\"potentialAction\":[{\"@type\":\"ReadAction\",\"target\":[\"https:\\\/\\\/www.bageta.lt\\\/de\\\/holz\\\/verpackungszubehoer-aus-holz\\\/deckel-fuer-aufsatzrahmen\\\/\"]}]},{\"@type\":\"BreadcrumbList\",\"@id\":\"https:\\\/\\\/www.bageta.lt\\\/de\\\/holz\\\/verpackungszubehoer-aus-holz\\\/deckel-fuer-aufsatzrahmen\\\/#breadcrumb\",\"itemListElement\":[{\"@type\":\"ListItem\",\"position\":1,\"name\":\"Antra\u0161tinis\",\"item\":\"https:\\\/\\\/www.bageta.lt\\\/de\\\/\"},{\"@type\":\"ListItem\",\"position\":2,\"name\":\"HOLZ\",\"item\":\"https:\\\/\\\/www.bageta.lt\\\/de\\\/holz\\\/\"},{\"@type\":\"ListItem\",\"position\":3,\"name\":\"Verpackungszubeh\u00f6r aus Holz\",\"item\":\"https:\\\/\\\/www.bageta.lt\\\/de\\\/holz\\\/verpackungszubehoer-aus-holz\\\/\"},{\"@type\":\"ListItem\",\"position\":4,\"name\":\"DECKEL F\u00dcR AUFSATZRAHMEN\"}]},{\"@type\":\"WebSite\",\"@id\":\"https:\\\/\\\/www.bageta.lt\\\/de\\\/#website\",\"url\":\"https:\\\/\\\/www.bageta.lt\\\/de\\\/\",\"name\":\"BAGETA\",\"description\":\"Auk\u0161tos kokyb\u0117s medienos gaminiai\",\"publisher\":{\"@id\":\"https:\\\/\\\/www.bageta.lt\\\/de\\\/#organization\"},\"potentialAction\":[{\"@type\":\"SearchAction\",\"target\":{\"@type\":\"EntryPoint\",\"urlTemplate\":\"https:\\\/\\\/www.bageta.lt\\\/de\\\/?s={search_term_string}\"},\"query-input\":{\"@type\":\"PropertyValueSpecification\",\"valueRequired\":true,\"valueName\":\"search_term_string\"}}],\"inLanguage\":\"de\"},{\"@type\":\"Organization\",\"@id\":\"https:\\\/\\\/www.bageta.lt\\\/de\\\/#organization\",\"name\":\"BAGETA, UAB\",\"url\":\"https:\\\/\\\/www.bageta.lt\\\/de\\\/\",\"logo\":{\"@type\":\"ImageObject\",\"inLanguage\":\"de\",\"@id\":\"https:\\\/\\\/www.bageta.lt\\\/de\\\/#\\\/schema\\\/logo\\\/image\\\/\",\"url\":\"https:\\\/\\\/www.bageta.lt\\\/wp-content\\\/uploads\\\/bageta-logo.png\",\"contentUrl\":\"https:\\\/\\\/www.bageta.lt\\\/wp-content\\\/uploads\\\/bageta-logo.png\",\"width\":243,\"height\":120,\"caption\":\"BAGETA, UAB\"},\"image\":{\"@id\":\"https:\\\/\\\/www.bageta.lt\\\/de\\\/#\\\/schema\\\/logo\\\/image\\\/\"}}]}<\/script>\n<!-- \/ Yoast SEO plugin. -->","yoast_head_json":{"title":"DECKEL F\u00dcR AUFSATZRAHMEN - BAGETA","description":"Sperrholzabdeckungen Abdeckungen f\u00fcr Kisten aus Paletten und Palettenaufsatzrahmen bestehen \u00fcblicherweise aus Sperrholz. Der feuchtigkeitsbest\u00e4ndige Bezug","robots":{"index":"index","follow":"follow","max-snippet":"max-snippet:-1","max-image-preview":"max-image-preview:large","max-video-preview":"max-video-preview:-1"},"canonical":"https:\/\/www.bageta.lt\/de\/holz\/verpackungszubehoer-aus-holz\/deckel-fuer-aufsatzrahmen\/","og_locale":"de_DE","og_type":"article","og_title":"DECKEL F\u00dcR AUFSATZRAHMEN - BAGETA","og_description":"Sperrholzabdeckungen Abdeckungen f\u00fcr Kisten aus Paletten und Palettenaufsatzrahmen bestehen \u00fcblicherweise aus Sperrholz. Der feuchtigkeitsbest\u00e4ndige Bezug","og_url":"https:\/\/www.bageta.lt\/de\/holz\/verpackungszubehoer-aus-holz\/deckel-fuer-aufsatzrahmen\/","og_site_name":"BAGETA","article_modified_time":"2023-12-12T07:38:51+00:00","twitter_card":"summary_large_image","twitter_misc":{"Gesch\u00e4tzte Lesezeit":"2\u00a0Minuten"},"schema":{"@context":"https:\/\/schema.org","@graph":[{"@type":"WebPage","@id":"https:\/\/www.bageta.lt\/de\/holz\/verpackungszubehoer-aus-holz\/deckel-fuer-aufsatzrahmen\/","url":"https:\/\/www.bageta.lt\/de\/holz\/verpackungszubehoer-aus-holz\/deckel-fuer-aufsatzrahmen\/","name":"DECKEL F\u00dcR AUFSATZRAHMEN - BAGETA","isPartOf":{"@id":"https:\/\/www.bageta.lt\/de\/#website"},"datePublished":"2020-11-25T08:14:26+00:00","dateModified":"2023-12-12T07:38:51+00:00","description":"Sperrholzabdeckungen Abdeckungen f\u00fcr Kisten aus Paletten und Palettenaufsatzrahmen bestehen \u00fcblicherweise aus Sperrholz. Der feuchtigkeitsbest\u00e4ndige Bezug","breadcrumb":{"@id":"https:\/\/www.bageta.lt\/de\/holz\/verpackungszubehoer-aus-holz\/deckel-fuer-aufsatzrahmen\/#breadcrumb"},"inLanguage":"de","potentialAction":[{"@type":"ReadAction","target":["https:\/\/www.bageta.lt\/de\/holz\/verpackungszubehoer-aus-holz\/deckel-fuer-aufsatzrahmen\/"]}]},{"@type":"BreadcrumbList","@id":"https:\/\/www.bageta.lt\/de\/holz\/verpackungszubehoer-aus-holz\/deckel-fuer-aufsatzrahmen\/#breadcrumb","itemListElement":[{"@type":"ListItem","position":1,"name":"Antra\u0161tinis","item":"https:\/\/www.bageta.lt\/de\/"},{"@type":"ListItem","position":2,"name":"HOLZ","item":"https:\/\/www.bageta.lt\/de\/holz\/"},{"@type":"ListItem","position":3,"name":"Verpackungszubeh\u00f6r aus Holz","item":"https:\/\/www.bageta.lt\/de\/holz\/verpackungszubehoer-aus-holz\/"},{"@type":"ListItem","position":4,"name":"DECKEL F\u00dcR AUFSATZRAHMEN"}]},{"@type":"WebSite","@id":"https:\/\/www.bageta.lt\/de\/#website","url":"https:\/\/www.bageta.lt\/de\/","name":"BAGETA","description":"Auk\u0161tos kokyb\u0117s medienos gaminiai","publisher":{"@id":"https:\/\/www.bageta.lt\/de\/#organization"},"potentialAction":[{"@type":"SearchAction","target":{"@type":"EntryPoint","urlTemplate":"https:\/\/www.bageta.lt\/de\/?s={search_term_string}"},"query-input":{"@type":"PropertyValueSpecification","valueRequired":true,"valueName":"search_term_string"}}],"inLanguage":"de"},{"@type":"Organization","@id":"https:\/\/www.bageta.lt\/de\/#organization","name":"BAGETA, UAB","url":"https:\/\/www.bageta.lt\/de\/","logo":{"@type":"ImageObject","inLanguage":"de","@id":"https:\/\/www.bageta.lt\/de\/#\/schema\/logo\/image\/","url":"https:\/\/www.bageta.lt\/wp-content\/uploads\/bageta-logo.png","contentUrl":"https:\/\/www.bageta.lt\/wp-content\/uploads\/bageta-logo.png","width":243,"height":120,"caption":"BAGETA, UAB"},"image":{"@id":"https:\/\/www.bageta.lt\/de\/#\/schema\/logo\/image\/"}}]}},"_links":{"self":[{"href":"https:\/\/www.bageta.lt\/de\/wp-json\/wp\/v2\/pages\/5328","targetHints":{"allow":["GET"]}}],"collection":[{"href":"https:\/\/www.bageta.lt\/de\/wp-json\/wp\/v2\/pages"}],"about":[{"href":"https:\/\/www.bageta.lt\/de\/wp-json\/wp\/v2\/types\/page"}],"author":[{"embeddable":true,"href":"https:\/\/www.bageta.lt\/de\/wp-json\/wp\/v2\/users\/1"}],"replies":[{"embeddable":true,"href":"https:\/\/www.bageta.lt\/de\/wp-json\/wp\/v2\/comments?post=5328"}],"version-history":[{"count":2,"href":"https:\/\/www.bageta.lt\/de\/wp-json\/wp\/v2\/pages\/5328\/revisions"}],"predecessor-version":[{"id":5330,"href":"https:\/\/www.bageta.lt\/de\/wp-json\/wp\/v2\/pages\/5328\/revisions\/5330"}],"up":[{"embeddable":true,"href":"https:\/\/www.bageta.lt\/de\/wp-json\/wp\/v2\/pages\/5323"}],"wp:attachment":[{"href":"https:\/\/www.bageta.lt\/de\/wp-json\/wp\/v2\/media?parent=5328"}],"curies":[{"name":"wp","href":"https:\/\/api.w.org\/{rel}","templated":true}]}}