{"id":5340,"date":"2020-11-25T10:14:59","date_gmt":"2020-11-25T08:14:59","guid":{"rendered":"https:\/\/www.bageta.lt\/holz\/verpackungszubehoer-aus-holz\/plastikiniai-kampai\/"},"modified":"2023-12-12T09:45:37","modified_gmt":"2023-12-12T07:45:37","slug":"kunststoffecken","status":"publish","type":"page","link":"https:\/\/www.bageta.lt\/de\/holz\/verpackungszubehoer-aus-holz\/kunststoffecken\/","title":{"rendered":"Kunststoffecken"},"content":{"rendered":"<h2>Eckenschutz aus Kunststoff<\/h2>\n<div>\n<p lang=\"lt-LT\" class=\"western\" align=\"left\"><span style=\"color: #1e1814;\"><span style=\"font-size: medium;\">Kunststoff-Eckensch\u00fctzer haben eine dreieckige Form und bestehen aus PVC-Kunststoff. Sie wurden speziell entwickelt, um die Ecken von Palettenrahmen und Paketen vor Besch\u00e4digungen w\u00e4hrend des Transports und der Lagerung zu sch\u00fctzen.<\/span><\/span><\/p>\n<p lang=\"lt-LT\" class=\"western\" align=\"left\"><span style=\"color: #1e1814;\"><span style=\"font-size: medium;\">Sie reduzieren das Risiko einer Verschiebung oder eines Herunterfallens des Palettenaufsatzes w\u00e4hrend der Lagerung oder des Transports. Die Ecken erm\u00f6glichen ein einfaches und sicheres Platzieren und Stapeln von Paletten und erm\u00f6glichen so eine mehrfache Verwendung, eine komfortablere Nutzung und eine Platzersparnis.<\/span><\/span><\/p>\n<p lang=\"lt-LT\" class=\"western\" align=\"left\"><span style=\"color: #1e1814;\"><span style=\"font-size: medium;\">Wir bieten drei Farben an: Blau, Gelb, Rot.<\/span><\/span><\/p>\n<ul>\n<li lang=\"lt-LT\" class=\"western\" align=\"left\"><span style=\"color: #1e1814;\"><span style=\"font-size: medium;\">Lagern Sie Paletten mit Aufsatzrahmen<\/span><\/span><\/li>\n<li lang=\"lt-LT\" class=\"western\" align=\"left\">Licht<\/li>\n<li lang=\"lt-LT\" class=\"western\" align=\"left\">Tolles Preis-Leistungs-Verh\u00e4ltnis<\/li>\n<li lang=\"lt-LT\" class=\"western\" align=\"left\">\u00fcr den Export geeignet<\/li>\n<\/ul>\n<p lang=\"lt-LT\" class=\"western\" align=\"left\"><span style=\"color: #1e1814;\"><span style=\"font-size: medium;\">Durch die Verwendung von Kunststoffecken ist es m\u00f6glich, mehrere Paletten mit unebenen Kanten der Aufs\u00e4tze zu stapeln und so viel Platz zu sparen. Kunststoffecken f\u00fcr die Beladung sind einfach zu montieren und bieten eine stabile Unterlage f\u00fcr die Beladung. Ecken bestehen aus hochwertigem Kunststoff; daher sind sie langlebig.<\/span><\/span><\/p>\n<p lang=\"lt-LT\" class=\"western\" align=\"left\"><span style=\"color: #1e1814;\"><span style=\"font-size: medium;\">Kunststoffecke f\u00fcr Palettenaufsatzrahmen. Die Fotos zeigen, wie Kunststoffeckensch\u00fctzer montiert und verwendet werden.<\/span><\/span><\/p>\n<\/div>\n<ul>\n<li>\n<p>        <img decoding=\"async\" src=\"\/wp-content\/uploads\/plastikiniai-kampai-1.jpg\" alt=\"\"><\/p>\n<h3>Plastikin\u0117s kamp\u0173 apsaugos<\/h3>\n<\/li>\n<li>\n<p>        <img decoding=\"async\" src=\"\/wp-content\/uploads\/plastikiniai-kampai-2.jpg\" alt=\"\"><\/p>\n<h3>Plastikin\u0117s kamp\u0173 apsaugos<\/h3>\n<\/li>\n<\/ul>\n<h3>VON DER PLANUNG BIS ZUR LIEFERUNG!<\/h3>\n<div>\n<p>Gerne unterbreiten wir Ihnen ein Angebot f\u00fcr Palettenaufsatzrahmen aus hochwertigem oder zweitklassigem Holz.<\/p>\n<\/div>\n<ul>\n<li>\n<div>Kombinierte Lieferung<\/div>\n<\/li>\n<li>\n<div>Lieferung per Stra\u00dfentransport<\/div>\n<\/li>\n<li>\n<div>Weltweite Lieferung in Containern<\/div>\n<\/li>\n<\/ul>\n<p>\n    <a href=\"#\">KONTAKTIERE UNS<\/a>\n<\/p>\n<p><!--more--><br \/>\n<!-- {\"name\":\"Kategorijos puslapis (A)\",\"type\":\"layout\",\"children\":[{\"type\":\"section\",\"props\":{\"style\":\"default\",\"width\":\"default\",\"vertical_align\":\"middle\",\"title_position\":\"top-left\",\"title_rotation\":\"left\",\"title_breakpoint\":\"\",\"image_position\":\"center-center\",\"class\":\"tm-header-image-section\",\"image_size\":\"cover\",\"header_transparent_noplaceholder\":false,\"title\":\"\",\"media_overlay_gradient\":\"linear-gradient(rgba(30, 24, 20, 0.8) 20%, rgba(0, 0, 0, 0) 100%)\",\"text_color\":\"light\"},\"children\":[{\"type\":\"row\",\"children\":[{\"type\":\"column\",\"props\":{\"image_position\":\"center-center\",\"media_overlay_gradient\":\"\",\"vertical_align\":\"middle\",\"position_sticky_breakpoint\":\"m\"},\"children\":[{\"type\":\"headline\",\"props\":{\"title_element\":\"div\",\"text_align\":\"left\",\"text_align_breakpoint\":\"m\",\"text_align_fallback\":\"center\",\"title_style\":\"heading-large\"},\"source\":{\"query\":{\"name\":\"pages.singlePage\"},\"props\":{\"_condition\":{\"filters\":{\"condition\":\"!!\"},\"name\":\"title\"},\"content\":{\"filters\":{\"search\":\"\"},\"name\":\"title\"}}}}]}]}],\"name\":\"Antra\\u0161t\\u0117 su nuotrauka\",\"source\":{\"query\":{\"name\":\"pages.singlePage\"},\"props\":{\"image\":{\"name\":\"field.header_image.url\"}}}},{\"type\":\"section\",\"props\":{\"style\":\"primary\",\"width\":\"default\",\"vertical_align\":\"middle\",\"title_position\":\"top-left\",\"title_rotation\":\"left\",\"title_breakpoint\":\"xl\",\"image_position\":\"center-center\",\"class\":\"tm-breadcrumbs-section\",\"padding\":\"small\",\"preserve_color\":true},\"children\":[{\"type\":\"row\",\"children\":[{\"type\":\"column\",\"props\":{\"image_position\":\"center-center\",\"media_overlay_gradient\":\"\",\"vertical_align\":\"middle\",\"position_sticky_breakpoint\":\"m\"},\"children\":[{\"type\":\"breadcrumbs\",\"props\":{\"show_home\":true,\"show_current\":true,\"class\":\".tm-breadcrumbs\"}}]}]}],\"name\":\"Navigacija\"},{\"type\":\"section\",\"props\":{\"style\":\"default\",\"width\":\"default\",\"vertical_align\":\"middle\",\"title_position\":\"top-left\",\"title_rotation\":\"left\",\"title_breakpoint\":\"xl\",\"image_position\":\"center-center\",\"id\":\"content\"},\"children\":[{\"type\":\"row\",\"props\":{\"layout\":\"1-2,1-2\",\"match\":true},\"children\":[{\"type\":\"column\",\"props\":{\"position_sticky_breakpoint\":\"m\",\"image_position\":\"center-center\",\"media_overlay_gradient\":\"\",\"width_medium\":\"1-2\"},\"children\":[{\"type\":\"headline\",\"props\":{\"title_element\":\"h2\",\"content\":\"Eckenschutz aus Kunststoff\"}},{\"type\":\"text\",\"props\":{\"margin\":\"default\",\"column_breakpoint\":\"m\",\"content\":\"\n\n<p lang=\\\"lt-LT\\\" class=\\\"western\\\" align=\\\"left\\\"><span style=\\\"color: #1e1814;\\\"><span style=\\\"font-size: medium;\\\">Kunststoff-Eckensch\\u00fctzer haben eine dreieckige Form und bestehen aus PVC-Kunststoff. Sie wurden speziell entwickelt, um die Ecken von Palettenrahmen und Paketen vor Besch\\u00e4digungen w\\u00e4hrend des Transports und der Lagerung zu sch\\u00fctzen.<\\\/span><\\\/span><\\\/p>\\n\n\n<p lang=\\\"lt-LT\\\" class=\\\"western\\\" align=\\\"left\\\"><span style=\\\"color: #1e1814;\\\"><span style=\\\"font-size: medium;\\\">Sie reduzieren das Risiko einer Verschiebung oder eines Herunterfallens des Palettenaufsatzes w\\u00e4hrend der Lagerung oder des Transports. Die Ecken erm\\u00f6glichen ein einfaches und sicheres Platzieren und Stapeln von Paletten und erm\\u00f6glichen so eine mehrfache Verwendung, eine komfortablere Nutzung und eine Platzersparnis.<\\\/span><\\\/span><\\\/p>\\n\n\n<p lang=\\\"lt-LT\\\" class=\\\"western\\\" align=\\\"left\\\"><span style=\\\"color: #1e1814;\\\"><span style=\\\"font-size: medium;\\\">Wir bieten drei Farben an: Blau, Gelb, Rot.<\\\/span><\\\/span><\\\/p>\\n\n\n<ul>\\n\n\n<li lang=\\\"lt-LT\\\" class=\\\"western\\\" align=\\\"left\\\"><span style=\\\"color: #1e1814;\\\"><span style=\\\"font-size: medium;\\\">Lagern Sie Paletten mit Aufsatzrahmen<\\\/span><\\\/span><\\\/li>\\n\n\n<li lang=\\\"lt-LT\\\" class=\\\"western\\\" align=\\\"left\\\">Licht<\\\/li>\\n\n\n<li lang=\\\"lt-LT\\\" class=\\\"western\\\" align=\\\"left\\\">Tolles Preis-Leistungs-Verh\\u00e4ltnis<\\\/li>\\n\n\n<li lang=\\\"lt-LT\\\" class=\\\"western\\\" align=\\\"left\\\">\\u00fcr den Export geeignet<\\\/li>\\n<\\\/ul>\\n\n\n<p lang=\\\"lt-LT\\\" class=\\\"western\\\" align=\\\"left\\\"><span style=\\\"color: #1e1814;\\\"><span style=\\\"font-size: medium;\\\">Durch die Verwendung von Kunststoffecken ist es m\\u00f6glich, mehrere Paletten mit unebenen Kanten der Aufs\\u00e4tze zu stapeln und so viel Platz zu sparen. Kunststoffecken f\\u00fcr die Beladung sind einfach zu montieren und bieten eine stabile Unterlage f\\u00fcr die Beladung. Ecken bestehen aus hochwertigem Kunststoff; daher sind sie langlebig.<\\\/span><\\\/span><\\\/p>\\n\n\n<p lang=\\\"lt-LT\\\" class=\\\"western\\\" align=\\\"left\\\"><span style=\\\"color: #1e1814;\\\"><span style=\\\"font-size: medium;\\\">Kunststoffecke f\\u00fcr Palettenaufsatzrahmen. Die Fotos zeigen, wie Kunststoffeckensch\\u00fctzer montiert und verwendet werden.<\\\/span><\\\/span><\\\/p>\"}}]},{\"type\":\"column\",\"props\":{\"position_sticky_breakpoint\":\"m\",\"image_position\":\"center-center\",\"media_overlay_gradient\":\"\",\"width_medium\":\"1-2\"},\"children\":[{\"type\":\"slideshow\",\"props\":{\"show_title\":false,\"show_meta\":false,\"show_content\":true,\"show_link\":true,\"show_thumbnail\":true,\"slideshow_min_height\":\"400\",\"slideshow_autoplay_pause\":true,\"nav\":\"thumbnav\",\"nav_position\":\"bottom-center\",\"nav_position_margin\":\"medium\",\"nav_align\":\"center\",\"nav_breakpoint\":\"\",\"thumbnav_width\":\"100\",\"thumbnav_height\":\"75\",\"thumbnav_svg_color\":\"emphasis\",\"slidenav\":\"default\",\"slidenav_margin\":\"\",\"slidenav_breakpoint\":\"\",\"slidenav_outside_breakpoint\":\"s\",\"overlay_position\":\"center-left\",\"overlay_animation\":\"parallax\",\"title_element\":\"h3\",\"meta_style\":\"meta\",\"meta_align\":\"below-title\",\"meta_element\":\"div\",\"link_text\":\"Read more\",\"link_style\":\"default\",\"margin\":\"default\",\"nav_below\":true,\"thumbnav_nowrap\":true,\"slidenav_hover\":true,\"image_width\":\"600\",\"image_height\":\"400\"},\"children\":[{\"type\":\"slideshow_item\",\"props\":{\"title\":\"Plastikin\\u0117s kamp\\u0173 apsaugos\",\"image\":\"wp-content\\\/uploads\\\/plastikiniai-kampai-1.jpg\"}},{\"type\":\"slideshow_item\",\"props\":{\"title\":\"Plastikin\\u0117s kamp\\u0173 apsaugos\",\"image\":\"wp-content\\\/uploads\\\/plastikiniai-kampai-2.jpg\"}}]}]}]}],\"name\":\"Turinys\"},{\"type\":\"section\",\"props\":{\"style\":\"secondary\",\"width\":\"default\",\"vertical_align\":\"middle\",\"title_position\":\"top-left\",\"title_rotation\":\"left\",\"title_breakpoint\":\"xl\",\"image_position\":\"center-center\"},\"children\":[{\"type\":\"row\",\"props\":{\"margin_remove_bottom\":true},\"children\":[{\"type\":\"column\",\"props\":{\"position_sticky_breakpoint\":\"m\",\"image_position\":\"center-center\",\"media_overlay_gradient\":\"\"},\"children\":[{\"type\":\"headline\",\"props\":{\"title_element\":\"h3\",\"content\":\"VON DER PLANUNG BIS ZUR LIEFERUNG!\",\"title_style\":\"heading-large\",\"text_align\":\"center\"}}]}]},{\"type\":\"row\",\"children\":[{\"type\":\"column\",\"props\":{\"position_sticky_breakpoint\":\"m\",\"image_position\":\"center-center\",\"media_overlay_gradient\":\"\",\"width_medium\":\"1-2\",\"vertical_align\":\"middle\"},\"children\":[{\"type\":\"text\",\"props\":{\"margin\":\"default\",\"column_breakpoint\":\"m\",\"content\":\"\n\n<p>Gerne unterbreiten wir Ihnen ein Angebot f\\u00fcr Palettenaufsatzrahmen aus hochwertigem oder zweitklassigem Holz.<\\\/p>\",\"text_align\":\"center\",\"text_style\":\"lead\"},\"name\":\"Pary\\u0161kintas tekstas\"}]},{\"type\":\"column\",\"props\":{\"position_sticky_breakpoint\":\"m\",\"image_position\":\"center-center\",\"media_overlay_gradient\":\"\",\"width_medium\":\"1-2\",\"vertical_align\":\"middle\"},\"children\":[{\"type\":\"list\",\"props\":{\"show_image\":true,\"show_link\":true,\"list_type\":\"vertical\",\"list_element\":\"ul\",\"list_horizontal_separator\":\", \",\"column_breakpoint\":\"m\",\"image_svg_color\":\"emphasis\",\"image_align\":\"left\",\"image_vertical_align\":true,\"text_align\":\"center\"},\"children\":[{\"type\":\"list_item\",\"props\":{\"content\":\"Kombinierte Lieferung\",\"icon\":\"check\"}},{\"type\":\"list_item\",\"props\":{\"content\":\"Lieferung per Stra\\u00dfentransport\",\"icon\":\"check\"}},{\"type\":\"list_item\",\"props\":{\"content\":\"Weltweite Lieferung in Containern\",\"icon\":\"check\"}}]}]}],\"props\":{\"layout\":\"1-2,1-2\",\"match\":true,\"margin_remove_bottom\":true}},{\"type\":\"row\",\"children\":[{\"type\":\"column\",\"props\":{\"position_sticky_breakpoint\":\"m\",\"image_position\":\"center-center\",\"media_overlay_gradient\":\"\"},\"children\":[{\"type\":\"button\",\"props\":{\"grid_column_gap\":\"small\",\"grid_row_gap\":\"small\",\"margin\":\"default\",\"fullwidth\":false,\"attributes\":\"uk-toggle=\\\"target: #modal\\\"\",\"text_align\":\"center\"},\"children\":[{\"type\":\"button_item\",\"props\":{\"button_style\":\"default\",\"icon_align\":\"right\",\"content\":\"KONTAKTIERE UNS\",\"link\":\"#\",\"icon\":\"file-edit\",\"link_target\":\"modal\"}}]}]}]}],\"name\":\"Susisiekti blokas\"}],\"version\":\"2.7.23\"} --><\/p>\n","protected":false},"excerpt":{"rendered":"<p>Eckenschutz aus Kunststoff Kunststoff-Eckensch\u00fctzer haben eine dreieckige Form und bestehen aus PVC-Kunststoff. Sie wurden speziell entwickelt, um die Ecken von Palettenrahmen und Paketen vor Besch\u00e4digungen w\u00e4hrend des Transports und der Lagerung zu sch\u00fctzen. Sie reduzieren das Risiko einer Verschiebung oder eines Herunterfallens des Palettenaufsatzes w\u00e4hrend der Lagerung oder des Transports. Die Ecken erm\u00f6glichen ein einfaches [&hellip;]<\/p>\n","protected":false},"author":1,"featured_media":0,"parent":5323,"menu_order":111,"comment_status":"closed","ping_status":"closed","template":"","meta":{"_acf_changed":false,"inline_featured_image":false,"footnotes":""},"class_list":["post-5340","page","type-page","status-publish","hentry"],"acf":[],"yoast_head":"<!-- This site is optimized with the Yoast SEO plugin v27.6 - https:\/\/yoast.com\/product\/yoast-seo-wordpress\/ -->\n<title>Kunststoffecken - BAGETA<\/title>\n<meta name=\"description\" content=\"Eckenschutz aus Kunststoff Kunststoff-Eckensch\u00fctzer haben eine dreieckige Form und bestehen aus PVC-Kunststoff. Sie wurden speziell entwickelt, um die\" \/>\n<meta name=\"robots\" content=\"index, follow, max-snippet:-1, max-image-preview:large, max-video-preview:-1\" \/>\n<link rel=\"canonical\" href=\"https:\/\/www.bageta.lt\/de\/holz\/verpackungszubehoer-aus-holz\/kunststoffecken\/\" \/>\n<meta property=\"og:locale\" content=\"de_DE\" \/>\n<meta property=\"og:type\" content=\"article\" \/>\n<meta property=\"og:title\" content=\"Kunststoffecken - BAGETA\" \/>\n<meta property=\"og:description\" content=\"Eckenschutz aus Kunststoff Kunststoff-Eckensch\u00fctzer haben eine dreieckige Form und bestehen aus PVC-Kunststoff. Sie wurden speziell entwickelt, um die\" \/>\n<meta property=\"og:url\" content=\"https:\/\/www.bageta.lt\/de\/holz\/verpackungszubehoer-aus-holz\/kunststoffecken\/\" \/>\n<meta property=\"og:site_name\" content=\"BAGETA\" \/>\n<meta property=\"article:modified_time\" content=\"2023-12-12T07:45:37+00:00\" \/>\n<meta name=\"twitter:card\" content=\"summary_large_image\" \/>\n<meta name=\"twitter:label1\" content=\"Gesch\u00e4tzte Lesezeit\" \/>\n\t<meta name=\"twitter:data1\" content=\"2\u00a0Minuten\" \/>\n<script type=\"application\/ld+json\" class=\"yoast-schema-graph\">{\"@context\":\"https:\\\/\\\/schema.org\",\"@graph\":[{\"@type\":\"WebPage\",\"@id\":\"https:\\\/\\\/www.bageta.lt\\\/de\\\/holz\\\/verpackungszubehoer-aus-holz\\\/kunststoffecken\\\/\",\"url\":\"https:\\\/\\\/www.bageta.lt\\\/de\\\/holz\\\/verpackungszubehoer-aus-holz\\\/kunststoffecken\\\/\",\"name\":\"Kunststoffecken - BAGETA\",\"isPartOf\":{\"@id\":\"https:\\\/\\\/www.bageta.lt\\\/de\\\/#website\"},\"datePublished\":\"2020-11-25T08:14:59+00:00\",\"dateModified\":\"2023-12-12T07:45:37+00:00\",\"description\":\"Eckenschutz aus Kunststoff Kunststoff-Eckensch\u00fctzer haben eine dreieckige Form und bestehen aus PVC-Kunststoff. Sie wurden speziell entwickelt, um die\",\"breadcrumb\":{\"@id\":\"https:\\\/\\\/www.bageta.lt\\\/de\\\/holz\\\/verpackungszubehoer-aus-holz\\\/kunststoffecken\\\/#breadcrumb\"},\"inLanguage\":\"de\",\"potentialAction\":[{\"@type\":\"ReadAction\",\"target\":[\"https:\\\/\\\/www.bageta.lt\\\/de\\\/holz\\\/verpackungszubehoer-aus-holz\\\/kunststoffecken\\\/\"]}]},{\"@type\":\"BreadcrumbList\",\"@id\":\"https:\\\/\\\/www.bageta.lt\\\/de\\\/holz\\\/verpackungszubehoer-aus-holz\\\/kunststoffecken\\\/#breadcrumb\",\"itemListElement\":[{\"@type\":\"ListItem\",\"position\":1,\"name\":\"Antra\u0161tinis\",\"item\":\"https:\\\/\\\/www.bageta.lt\\\/de\\\/\"},{\"@type\":\"ListItem\",\"position\":2,\"name\":\"HOLZ\",\"item\":\"https:\\\/\\\/www.bageta.lt\\\/de\\\/holz\\\/\"},{\"@type\":\"ListItem\",\"position\":3,\"name\":\"Verpackungszubeh\u00f6r aus Holz\",\"item\":\"https:\\\/\\\/www.bageta.lt\\\/de\\\/holz\\\/verpackungszubehoer-aus-holz\\\/\"},{\"@type\":\"ListItem\",\"position\":4,\"name\":\"Kunststoffecken\"}]},{\"@type\":\"WebSite\",\"@id\":\"https:\\\/\\\/www.bageta.lt\\\/de\\\/#website\",\"url\":\"https:\\\/\\\/www.bageta.lt\\\/de\\\/\",\"name\":\"BAGETA\",\"description\":\"Auk\u0161tos kokyb\u0117s medienos gaminiai\",\"publisher\":{\"@id\":\"https:\\\/\\\/www.bageta.lt\\\/de\\\/#organization\"},\"potentialAction\":[{\"@type\":\"SearchAction\",\"target\":{\"@type\":\"EntryPoint\",\"urlTemplate\":\"https:\\\/\\\/www.bageta.lt\\\/de\\\/?s={search_term_string}\"},\"query-input\":{\"@type\":\"PropertyValueSpecification\",\"valueRequired\":true,\"valueName\":\"search_term_string\"}}],\"inLanguage\":\"de\"},{\"@type\":\"Organization\",\"@id\":\"https:\\\/\\\/www.bageta.lt\\\/de\\\/#organization\",\"name\":\"BAGETA, UAB\",\"url\":\"https:\\\/\\\/www.bageta.lt\\\/de\\\/\",\"logo\":{\"@type\":\"ImageObject\",\"inLanguage\":\"de\",\"@id\":\"https:\\\/\\\/www.bageta.lt\\\/de\\\/#\\\/schema\\\/logo\\\/image\\\/\",\"url\":\"https:\\\/\\\/www.bageta.lt\\\/wp-content\\\/uploads\\\/bageta-logo.png\",\"contentUrl\":\"https:\\\/\\\/www.bageta.lt\\\/wp-content\\\/uploads\\\/bageta-logo.png\",\"width\":243,\"height\":120,\"caption\":\"BAGETA, UAB\"},\"image\":{\"@id\":\"https:\\\/\\\/www.bageta.lt\\\/de\\\/#\\\/schema\\\/logo\\\/image\\\/\"}}]}<\/script>\n<!-- \/ Yoast SEO plugin. -->","yoast_head_json":{"title":"Kunststoffecken - BAGETA","description":"Eckenschutz aus Kunststoff Kunststoff-Eckensch\u00fctzer haben eine dreieckige Form und bestehen aus PVC-Kunststoff. Sie wurden speziell entwickelt, um die","robots":{"index":"index","follow":"follow","max-snippet":"max-snippet:-1","max-image-preview":"max-image-preview:large","max-video-preview":"max-video-preview:-1"},"canonical":"https:\/\/www.bageta.lt\/de\/holz\/verpackungszubehoer-aus-holz\/kunststoffecken\/","og_locale":"de_DE","og_type":"article","og_title":"Kunststoffecken - BAGETA","og_description":"Eckenschutz aus Kunststoff Kunststoff-Eckensch\u00fctzer haben eine dreieckige Form und bestehen aus PVC-Kunststoff. Sie wurden speziell entwickelt, um die","og_url":"https:\/\/www.bageta.lt\/de\/holz\/verpackungszubehoer-aus-holz\/kunststoffecken\/","og_site_name":"BAGETA","article_modified_time":"2023-12-12T07:45:37+00:00","twitter_card":"summary_large_image","twitter_misc":{"Gesch\u00e4tzte Lesezeit":"2\u00a0Minuten"},"schema":{"@context":"https:\/\/schema.org","@graph":[{"@type":"WebPage","@id":"https:\/\/www.bageta.lt\/de\/holz\/verpackungszubehoer-aus-holz\/kunststoffecken\/","url":"https:\/\/www.bageta.lt\/de\/holz\/verpackungszubehoer-aus-holz\/kunststoffecken\/","name":"Kunststoffecken - BAGETA","isPartOf":{"@id":"https:\/\/www.bageta.lt\/de\/#website"},"datePublished":"2020-11-25T08:14:59+00:00","dateModified":"2023-12-12T07:45:37+00:00","description":"Eckenschutz aus Kunststoff Kunststoff-Eckensch\u00fctzer haben eine dreieckige Form und bestehen aus PVC-Kunststoff. Sie wurden speziell entwickelt, um die","breadcrumb":{"@id":"https:\/\/www.bageta.lt\/de\/holz\/verpackungszubehoer-aus-holz\/kunststoffecken\/#breadcrumb"},"inLanguage":"de","potentialAction":[{"@type":"ReadAction","target":["https:\/\/www.bageta.lt\/de\/holz\/verpackungszubehoer-aus-holz\/kunststoffecken\/"]}]},{"@type":"BreadcrumbList","@id":"https:\/\/www.bageta.lt\/de\/holz\/verpackungszubehoer-aus-holz\/kunststoffecken\/#breadcrumb","itemListElement":[{"@type":"ListItem","position":1,"name":"Antra\u0161tinis","item":"https:\/\/www.bageta.lt\/de\/"},{"@type":"ListItem","position":2,"name":"HOLZ","item":"https:\/\/www.bageta.lt\/de\/holz\/"},{"@type":"ListItem","position":3,"name":"Verpackungszubeh\u00f6r aus Holz","item":"https:\/\/www.bageta.lt\/de\/holz\/verpackungszubehoer-aus-holz\/"},{"@type":"ListItem","position":4,"name":"Kunststoffecken"}]},{"@type":"WebSite","@id":"https:\/\/www.bageta.lt\/de\/#website","url":"https:\/\/www.bageta.lt\/de\/","name":"BAGETA","description":"Auk\u0161tos kokyb\u0117s medienos gaminiai","publisher":{"@id":"https:\/\/www.bageta.lt\/de\/#organization"},"potentialAction":[{"@type":"SearchAction","target":{"@type":"EntryPoint","urlTemplate":"https:\/\/www.bageta.lt\/de\/?s={search_term_string}"},"query-input":{"@type":"PropertyValueSpecification","valueRequired":true,"valueName":"search_term_string"}}],"inLanguage":"de"},{"@type":"Organization","@id":"https:\/\/www.bageta.lt\/de\/#organization","name":"BAGETA, UAB","url":"https:\/\/www.bageta.lt\/de\/","logo":{"@type":"ImageObject","inLanguage":"de","@id":"https:\/\/www.bageta.lt\/de\/#\/schema\/logo\/image\/","url":"https:\/\/www.bageta.lt\/wp-content\/uploads\/bageta-logo.png","contentUrl":"https:\/\/www.bageta.lt\/wp-content\/uploads\/bageta-logo.png","width":243,"height":120,"caption":"BAGETA, UAB"},"image":{"@id":"https:\/\/www.bageta.lt\/de\/#\/schema\/logo\/image\/"}}]}},"_links":{"self":[{"href":"https:\/\/www.bageta.lt\/de\/wp-json\/wp\/v2\/pages\/5340","targetHints":{"allow":["GET"]}}],"collection":[{"href":"https:\/\/www.bageta.lt\/de\/wp-json\/wp\/v2\/pages"}],"about":[{"href":"https:\/\/www.bageta.lt\/de\/wp-json\/wp\/v2\/types\/page"}],"author":[{"embeddable":true,"href":"https:\/\/www.bageta.lt\/de\/wp-json\/wp\/v2\/users\/1"}],"replies":[{"embeddable":true,"href":"https:\/\/www.bageta.lt\/de\/wp-json\/wp\/v2\/comments?post=5340"}],"version-history":[{"count":2,"href":"https:\/\/www.bageta.lt\/de\/wp-json\/wp\/v2\/pages\/5340\/revisions"}],"predecessor-version":[{"id":5342,"href":"https:\/\/www.bageta.lt\/de\/wp-json\/wp\/v2\/pages\/5340\/revisions\/5342"}],"up":[{"embeddable":true,"href":"https:\/\/www.bageta.lt\/de\/wp-json\/wp\/v2\/pages\/5323"}],"wp:attachment":[{"href":"https:\/\/www.bageta.lt\/de\/wp-json\/wp\/v2\/media?parent=5340"}],"curies":[{"name":"wp","href":"https:\/\/api.w.org\/{rel}","templated":true}]}}