{"id":5361,"date":"2021-10-14T08:44:38","date_gmt":"2021-10-14T06:44:38","guid":{"rendered":"https:\/\/www.bageta.lt\/holz\/biotreibstoff\/holzpellets\/enplus-a2-medienos-granules\/"},"modified":"2023-12-12T10:04:15","modified_gmt":"2023-12-12T08:04:15","slug":"enplus-a2-holzpellets","status":"publish","type":"page","link":"https:\/\/www.bageta.lt\/de\/holz\/biotreibstoff\/holzpellets\/enplus-a2-holzpellets\/","title":{"rendered":"EN<em>plus<\/em>\u00ae A2 Holzpellets"},"content":{"rendered":"<div>\n<p>    <img decoding=\"async\" src=\"\/wp-content\/uploads\/enplus-a2-medienos-granules.jpg\" alt=\"ENPlus A2 medienos granul\u0117s\"><\/p>\n<h3>ENPlus A2 medienos granul\u0117s<\/h3>\n<\/div>\n<div>\n<h1>EN<em>plus<\/em>&#0174;  A2 Holzpellets<\/h1>\n<p>1050 kg (70 x 15 kg)<\/p>\n<div>\n<p><strong>EN<em>plus<\/em>\u00ae A2 <\/strong><span style=\"color: #1e1814;\"><span style=\"font-size: medium;\">ist der h\u00f6chste Qualit\u00e4tsstandard in Europa und wird vom European Pallet Council gepr\u00fcft. Diese Norm stellt Parameter bereit, die f\u00fcr den Betrieb eines Biomassekessels sehr wichtig sind, darunter Ascheanteil, Feuchtigkeitsgehalt, mechanische Haltbarkeit, Energiegehalt und Ascheschmelzpunkt.<\/span><\/span><\/p>\n<p lang=\"lt-LT\" class=\"western\" align=\"left\"><span style=\"color: #1e1814;\"><span style=\"font-size: medium;\">Holzpellets werden durch Pressen von Holzresten hergestellt, die zun\u00e4chst mit einer Hammerm\u00fchle zerkleinert werden, um eine gleichm\u00e4\u00dfige Masse zu erhalten. Diese Masse wird in eine Presse gegeben, wo sie durch eine Form gepresst wird, die L\u00f6cher der erforderlichen Gr\u00f6\u00dfe enth\u00e4lt (normalerweise 6 mm Durchmesser, manchmal 8 mm oder gr\u00f6\u00dfer). Durch den hohen Pressdruck steigt die Temperatur des Holzes stark an und es bilden sich Ligninschichten, wodurch ein nat\u00fcrliches Leimbindemittel entsteht, das beim Abk\u00fchlen fester wird und die Pelletform beibeh\u00e4lt.<\/span><\/span><\/p>\n<p lang=\"lt-LT\" class=\"western\" align=\"left\"><span style=\"color: #1e1814;\"><span style=\"font-size: medium;\">15-kg-S\u00e4cke k\u00f6nnen problemlos gehandhabt und in einen Pelletheizer\/-kessel oder eine Brennstofflagerung gef\u00fcllt werden.<\/span><\/span><\/p>\n<\/div>\n<\/div>\n<h3>Technische Daten<\/h3>\n<ul>\n<li>\n<h3>Material<\/h3>\n<div>Nadel- und Laubholz<\/div>\n<\/li>\n<li>\n<h3>Diameter<\/h3>\n<div>\n<p>6 mm &plusmn; 1 mm<\/p>\n<\/div>\n<\/li>\n<li>\n<h3>Maximale L\u00e4nge<\/h3>\n<div>\n<p>3.15 &lt; L &le; 40 mm<\/p>\n<\/div>\n<\/li>\n<li>\n<h3>Aschemenge<\/h3>\n<div>\n<p>\u2264 1.2%<\/p>\n<\/div>\n<\/li>\n<li>\n<h3>Staubmenge<\/h3>\n<div>\n<p>&le; 0.5%<\/p>\n<\/div>\n<\/li>\n<li>\n<h3>Menge an Luftfeuchtigkeit<\/h3>\n<div>\n<p>&le; 10%<\/p>\n<\/div>\n<\/li>\n<li>\n<h3>Schmelztemperatur der Asche<\/h3>\n<div>\n<p>\u2265 1100 \u2103<\/p>\n<\/div>\n<\/li>\n<li>\n<h3>Nettokalorien<\/h3>\n<div>\n<p>&ge; 4.6 kWh\/kg<\/p>\n<\/div>\n<\/li>\n<li>\n<h3>Verpackung<\/h3>\n<div>15-kg-S\u00e4cke<\/div>\n<\/li>\n<li>\n<h3>Palette<\/h3>\n<div>\n<p>70 Beutel<\/p>\n<\/div>\n<\/li>\n<li>\n<h3>Gesamtgewicht<\/h3>\n<div>\n<p>1050 kg<\/p>\n<\/div>\n<\/li>\n<li>\n<h3>Gr\u00f6\u00dfe der Palette<\/h3>\n<div>\n<p>90 x 115 x 170 cm<\/p>\n<\/div>\n<\/li>\n<\/ul>\n<h3>VON DER PLANUNG BIS ZUR LIEFERUNG!<\/h3>\n<div>Gerne unterbreiten wir Ihnen ein Angebot f\u00fcr Palettenaufsatzrahmen aus hochwertigem oder zweitklassigem Holz.<\/div>\n<ul>\n<li>\n<div>Kombinierte Lieferung<\/div>\n<\/li>\n<li>\n<div>Lieferung per Stra\u00dfentransport<\/div>\n<\/li>\n<li>\n<div>Weltweite Lieferung in Containern<\/div>\n<\/li>\n<\/ul>\n<p>\n    <a href=\"#\">KONTAKTIERE UNS<\/a>\n<\/p>\n<p><!--more--><br \/>\n<!-- {\"name\":\"3.3.1.1. ENPlus A1 medienos granul\\u0117s\",\"type\":\"layout\",\"children\":[{\"type\":\"section\",\"props\":{\"style\":\"default\",\"width\":\"default\",\"vertical_align\":\"middle\",\"title_position\":\"top-left\",\"title_rotation\":\"left\",\"title_breakpoint\":\"\",\"image_position\":\"center-center\",\"class\":\"tm-header-image-section\",\"image_size\":\"cover\",\"header_transparent_noplaceholder\":false,\"title\":\"\",\"media_overlay_gradient\":\"linear-gradient(rgba(30, 24, 20, 0.8) 20%, rgba(0, 0, 0, 0) 100%)\",\"text_color\":\"light\"},\"children\":[{\"type\":\"row\",\"children\":[{\"type\":\"column\",\"props\":{\"image_position\":\"center-center\",\"media_overlay_gradient\":\"\",\"vertical_align\":\"middle\",\"position_sticky_breakpoint\":\"m\"},\"children\":[{\"type\":\"headline\",\"props\":{\"title_element\":\"div\",\"text_align\":\"left\",\"text_align_breakpoint\":\"m\",\"text_align_fallback\":\"center\",\"title_style\":\"heading-large\"},\"source\":{\"query\":{\"name\":\"pages.singlePage\"},\"props\":{\"_condition\":{\"filters\":{\"condition\":\"!!\"},\"name\":\"title\"},\"content\":{\"filters\":{\"search\":\"\"},\"name\":\"title\"}}}}]}]}],\"name\":\"Antra\\u0161t\\u0117 su nuotrauka\",\"source\":{\"query\":{\"name\":\"pages.singlePage\"},\"props\":{\"image\":{\"name\":\"field.header_image.url\"}}}},{\"type\":\"section\",\"props\":{\"style\":\"primary\",\"width\":\"default\",\"vertical_align\":\"middle\",\"title_position\":\"top-left\",\"title_rotation\":\"left\",\"title_breakpoint\":\"xl\",\"image_position\":\"center-center\",\"class\":\"tm-breadcrumbs-section\",\"padding\":\"small\",\"preserve_color\":true},\"children\":[{\"type\":\"row\",\"children\":[{\"type\":\"column\",\"props\":{\"image_position\":\"center-center\",\"media_overlay_gradient\":\"\",\"vertical_align\":\"middle\",\"position_sticky_breakpoint\":\"m\"},\"children\":[{\"type\":\"breadcrumbs\",\"props\":{\"show_home\":true,\"show_current\":true,\"class\":\".tm-breadcrumbs\"}}]}]}],\"name\":\"Navigacija\"},{\"type\":\"section\",\"props\":{\"style\":\"default\",\"width\":\"default\",\"vertical_align\":\"middle\",\"title_position\":\"top-left\",\"title_rotation\":\"left\",\"title_breakpoint\":\"xl\",\"image_position\":\"center-center\"},\"children\":[{\"type\":\"row\",\"props\":{\"layout\":\"1-2,1-2\",\"match\":true,\"margin_remove_bottom\":false},\"children\":[{\"type\":\"column\",\"props\":{\"image_position\":\"center-center\",\"media_overlay_gradient\":\"\",\"width_medium\":\"1-2\",\"position_sticky_breakpoint\":\"m\",\"vertical_align\":\"middle\"},\"children\":[{\"type\":\"slideshow\",\"props\":{\"show_title\":false,\"show_meta\":false,\"show_content\":false,\"show_link\":false,\"show_thumbnail\":false,\"slideshow_min_height\":\"400\",\"slideshow_autoplay_pause\":true,\"nav\":\"thumbnav\",\"nav_position\":\"top-left\",\"nav_position_margin\":\"\",\"nav_align\":\"center\",\"nav_breakpoint\":\"\",\"thumbnav_width\":\"100\",\"thumbnav_height\":\"75\",\"thumbnav_svg_color\":\"emphasis\",\"slidenav\":\"default\",\"slidenav_margin\":\"\",\"slidenav_breakpoint\":\"\",\"slidenav_outside_breakpoint\":\"s\",\"overlay_position\":\"center\",\"overlay_animation\":\"parallax\",\"title_element\":\"h3\",\"meta_style\":\"meta\",\"meta_align\":\"below-title\",\"meta_element\":\"div\",\"link_text\":\"\",\"link_style\":\"default\",\"margin\":\"default\",\"nav_below\":true,\"slidenav_hover\":true,\"overlay_container\":\"\",\"nav_vertical\":true,\"nav_margin\":\"small\",\"image_width\":\"600\",\"image_height\":\"400\"},\"children\":[{\"type\":\"slideshow_item\",\"props\":{\"title\":\"ENPlus A2 medienos granul\\u0117s\",\"image\":\"wp-content\\\/uploads\\\/enplus-a2-medienos-granules.jpg\",\"image_alt\":\"ENPlus A2 medienos granul\\u0117s\"}}]}]},{\"type\":\"column\",\"props\":{\"image_position\":\"center-center\",\"media_overlay_gradient\":\"\",\"width_medium\":\"1-2\",\"position_sticky_breakpoint\":\"m\",\"vertical_align\":\"middle\"},\"children\":[{\"type\":\"panel\",\"props\":{\"link_text\":\"Read more\",\"title_hover_style\":\"reset\",\"title_element\":\"h1\",\"title_align\":\"top\",\"title_grid_width\":\"1-2\",\"title_grid_breakpoint\":\"m\",\"meta_style\":\"lead\",\"meta_align\":\"below-title\",\"meta_element\":\"div\",\"content_column_breakpoint\":\"m\",\"icon_width\":80,\"image_align\":\"top\",\"image_grid_width\":\"1-2\",\"image_grid_breakpoint\":\"m\",\"image_svg_color\":\"emphasis\",\"link_style\":\"default\",\"margin\":\"default\",\"title\":\"EN<em>plus<\\\/em>&#0174;  A2 Holzpellets\",\"meta\":\"1050 kg (70 x 15 kg)\",\"content\":\"\n\n<p><strong>EN<em>plus<\\\/em>\\u00ae A2 <\\\/strong><span style=\\\"color: #1e1814;\\\"><span style=\\\"font-size: medium;\\\">ist der h\\u00f6chste Qualit\\u00e4tsstandard in Europa und wird vom European Pallet Council gepr\\u00fcft. Diese Norm stellt Parameter bereit, die f\\u00fcr den Betrieb eines Biomassekessels sehr wichtig sind, darunter Ascheanteil, Feuchtigkeitsgehalt, mechanische Haltbarkeit, Energiegehalt und Ascheschmelzpunkt.<\\\/span><\\\/span><\\\/p>\\n\n\n<p lang=\\\"lt-LT\\\" class=\\\"western\\\" align=\\\"left\\\"><span style=\\\"color: #1e1814;\\\"><span style=\\\"font-size: medium;\\\">Holzpellets werden durch Pressen von Holzresten hergestellt, die zun\\u00e4chst mit einer Hammerm\\u00fchle zerkleinert werden, um eine gleichm\\u00e4\\u00dfige Masse zu erhalten. Diese Masse wird in eine Presse gegeben, wo sie durch eine Form gepresst wird, die L\\u00f6cher der erforderlichen Gr\\u00f6\\u00dfe enth\\u00e4lt (normalerweise 6 mm Durchmesser, manchmal 8 mm oder gr\\u00f6\\u00dfer). Durch den hohen Pressdruck steigt die Temperatur des Holzes stark an und es bilden sich Ligninschichten, wodurch ein nat\\u00fcrliches Leimbindemittel entsteht, das beim Abk\\u00fchlen fester wird und die Pelletform beibeh\\u00e4lt.<\\\/span><\\\/span><\\\/p>\\n\n\n<p lang=\\\"lt-LT\\\" class=\\\"western\\\" align=\\\"left\\\"><span style=\\\"color: #1e1814;\\\"><span style=\\\"font-size: medium;\\\">15-kg-S\\u00e4cke k\\u00f6nnen problemlos gehandhabt und in einen Pelletheizer\\\/-kessel oder eine Brennstofflagerung gef\\u00fcllt werden.<\\\/span><\\\/span><\\\/p>\",\"title_style\":\"heading-large\"}}]}]},{\"type\":\"row\",\"children\":[{\"type\":\"column\",\"props\":{\"position_sticky_breakpoint\":\"m\",\"image_position\":\"center-center\",\"media_overlay_gradient\":\"\",\"width_medium\":\"\"},\"children\":[{\"type\":\"headline\",\"props\":{\"title_element\":\"h3\",\"content\":\"Technische Daten\"}},{\"type\":\"description_list\",\"props\":{\"show_title\":true,\"show_meta\":true,\"show_content\":true,\"show_link\":true,\"list_element\":\"ul\",\"column_breakpoint\":\"m\",\"layout\":\"grid-2\",\"title_grid_width\":\"small\",\"title_grid_column_gap\":\"small\",\"title_grid_row_gap\":\"small\",\"title_element\":\"div\",\"meta_style\":\"meta\",\"meta_align\":\"below-content\",\"title_colon\":true,\"title_style\":\"text-bold\"},\"children\":[{\"type\":\"description_list_item\",\"props\":{\"title\":\"Material\",\"content\":\"Nadel- und Laubholz\"}},{\"type\":\"description_list_item\",\"props\":{\"title\":\"Diameter\",\"content\":\"\n\n<p>6 mm &plusmn; 1 mm<\\\/p>\"}},{\"type\":\"description_list_item\",\"props\":{\"title\":\"Maximale L\\u00e4nge\",\"content\":\"\n\n<p>3.15 &lt; L &le; 40 mm<\\\/p>\"}},{\"type\":\"description_list_item\",\"props\":{\"title\":\"Aschemenge\",\"content\":\"\n\n<p>\\u2264 1.2%<\\\/p>\"}},{\"type\":\"description_list_item\",\"props\":{\"title\":\"Staubmenge\",\"content\":\"\n\n<p>&le; 0.5%<\\\/p>\"}},{\"type\":\"description_list_item\",\"props\":{\"title\":\"Menge an Luftfeuchtigkeit\",\"content\":\"\n\n<p>&le; 10%<\\\/p>\"}},{\"type\":\"description_list_item\",\"props\":{\"title\":\"Schmelztemperatur der Asche\",\"content\":\"\n\n<p>\\u2265 1100 \\u2103<\\\/p>\"}},{\"type\":\"description_list_item\",\"props\":{\"title\":\"Nettokalorien\",\"content\":\"\n\n<p>&ge; 4.6 kWh\\\/kg<\\\/p>\"}},{\"type\":\"description_list_item\",\"props\":{\"content\":\"15-kg-S\\u00e4cke\",\"title\":\"Verpackung\"}},{\"type\":\"description_list_item\",\"props\":{\"title\":\"Palette\",\"content\":\"\n\n<p>70 Beutel<\\\/p>\"}},{\"type\":\"description_list_item\",\"props\":{\"title\":\"Gesamtgewicht\",\"content\":\"\n\n<p>1050 kg<\\\/p>\"}},{\"type\":\"description_list_item\",\"props\":{\"title\":\"Gr\\u00f6\\u00dfe der Palette\",\"content\":\"\n\n<p>90 x 115 x 170 cm<\\\/p>\"}}]}]}]}],\"name\":\"Turinys\"},{\"type\":\"section\",\"props\":{\"style\":\"secondary\",\"width\":\"default\",\"vertical_align\":\"middle\",\"title_position\":\"top-left\",\"title_rotation\":\"left\",\"title_breakpoint\":\"xl\",\"image_position\":\"center-center\"},\"children\":[{\"type\":\"row\",\"props\":{\"margin_remove_bottom\":true},\"children\":[{\"type\":\"column\",\"props\":{\"position_sticky_breakpoint\":\"m\",\"image_position\":\"center-center\",\"media_overlay_gradient\":\"\"},\"children\":[{\"type\":\"headline\",\"props\":{\"title_element\":\"h3\",\"content\":\"VON DER PLANUNG BIS ZUR LIEFERUNG!\",\"title_style\":\"heading-large\",\"text_align\":\"center\"}}]}]},{\"type\":\"row\",\"children\":[{\"type\":\"column\",\"props\":{\"position_sticky_breakpoint\":\"m\",\"image_position\":\"center-center\",\"media_overlay_gradient\":\"\",\"width_medium\":\"1-2\",\"vertical_align\":\"middle\"},\"children\":[{\"type\":\"text\",\"props\":{\"margin\":\"default\",\"column_breakpoint\":\"m\",\"content\":\"Gerne unterbreiten wir Ihnen ein Angebot f\\u00fcr Palettenaufsatzrahmen aus hochwertigem oder zweitklassigem Holz.\",\"text_align\":\"center\",\"text_style\":\"lead\"},\"name\":\"Pary\\u0161kintas tekstas\"}]},{\"type\":\"column\",\"props\":{\"position_sticky_breakpoint\":\"m\",\"image_position\":\"center-center\",\"media_overlay_gradient\":\"\",\"width_medium\":\"1-2\",\"vertical_align\":\"middle\"},\"children\":[{\"type\":\"list\",\"props\":{\"show_image\":true,\"show_link\":true,\"list_type\":\"vertical\",\"list_element\":\"ul\",\"list_horizontal_separator\":\", \",\"column_breakpoint\":\"m\",\"image_svg_color\":\"emphasis\",\"image_align\":\"left\",\"image_vertical_align\":true,\"text_align\":\"center\"},\"children\":[{\"type\":\"list_item\",\"props\":{\"content\":\"Kombinierte Lieferung\",\"icon\":\"check\"}},{\"type\":\"list_item\",\"props\":{\"content\":\"Lieferung per Stra\\u00dfentransport\",\"icon\":\"check\"}},{\"type\":\"list_item\",\"props\":{\"content\":\"Weltweite Lieferung in Containern\",\"icon\":\"check\"}}]}]}],\"props\":{\"layout\":\"1-2,1-2\",\"match\":true,\"margin_remove_bottom\":true}},{\"type\":\"row\",\"children\":[{\"type\":\"column\",\"props\":{\"position_sticky_breakpoint\":\"m\",\"image_position\":\"center-center\",\"media_overlay_gradient\":\"\"},\"children\":[{\"type\":\"button\",\"props\":{\"grid_column_gap\":\"small\",\"grid_row_gap\":\"small\",\"margin\":\"default\",\"fullwidth\":false,\"attributes\":\"uk-toggle=\\\"target: #modal\\\"\",\"text_align\":\"center\"},\"children\":[{\"type\":\"button_item\",\"props\":{\"button_style\":\"default\",\"icon_align\":\"right\",\"content\":\"KONTAKTIERE UNS\",\"link\":\"#\",\"icon\":\"file-edit\",\"link_target\":\"modal\"}}]}]}]}],\"name\":\"Susisiekti blokas\"}],\"version\":\"2.7.23\"} --><\/p>\n","protected":false},"excerpt":{"rendered":"<p>ENPlus A2 medienos granul\u0117s ENplus&#0174; A2 Holzpellets 1050 kg (70 x 15 kg) ENplus\u00ae A2 ist der h\u00f6chste Qualit\u00e4tsstandard in Europa und wird vom European Pallet Council gepr\u00fcft. Diese Norm stellt Parameter bereit, die f\u00fcr den Betrieb eines Biomassekessels sehr wichtig sind, darunter Ascheanteil, Feuchtigkeitsgehalt, mechanische Haltbarkeit, Energiegehalt und Ascheschmelzpunkt. Holzpellets werden durch Pressen von [&hellip;]<\/p>\n","protected":false},"author":1,"featured_media":0,"parent":5353,"menu_order":138,"comment_status":"closed","ping_status":"closed","template":"","meta":{"_acf_changed":false,"inline_featured_image":false,"footnotes":""},"class_list":["post-5361","page","type-page","status-publish","hentry"],"acf":[],"yoast_head":"<!-- This site is optimized with the Yoast SEO plugin v27.5 - https:\/\/yoast.com\/product\/yoast-seo-wordpress\/ -->\n<title>ENplus\u00ae A2 Holzpellets - BAGETA<\/title>\n<meta name=\"description\" content=\"ENPlus A2 medienos granul\u0117s ENplus&#174; A2 Holzpellets 1050 kg (70 x 15 kg) ENplus\u00ae A2 ist der h\u00f6chste Qualit\u00e4tsstandard in Europa und wird vom European\" \/>\n<meta name=\"robots\" content=\"index, follow, max-snippet:-1, max-image-preview:large, max-video-preview:-1\" \/>\n<link rel=\"canonical\" href=\"https:\/\/www.bageta.lt\/de\/holz\/biotreibstoff\/holzpellets\/enplus-a2-holzpellets\/\" \/>\n<meta property=\"og:locale\" content=\"de_DE\" \/>\n<meta property=\"og:type\" content=\"article\" \/>\n<meta property=\"og:title\" content=\"ENplus\u00ae A2 Holzpellets - BAGETA\" \/>\n<meta property=\"og:description\" content=\"ENPlus A2 medienos granul\u0117s ENplus&#174; A2 Holzpellets 1050 kg (70 x 15 kg) ENplus\u00ae A2 ist der h\u00f6chste Qualit\u00e4tsstandard in Europa und wird vom European\" \/>\n<meta property=\"og:url\" content=\"https:\/\/www.bageta.lt\/de\/holz\/biotreibstoff\/holzpellets\/enplus-a2-holzpellets\/\" \/>\n<meta property=\"og:site_name\" content=\"BAGETA\" \/>\n<meta property=\"article:modified_time\" content=\"2023-12-12T08:04:15+00:00\" \/>\n<meta name=\"twitter:card\" content=\"summary_large_image\" \/>\n<meta name=\"twitter:label1\" content=\"Gesch\u00e4tzte Lesezeit\" \/>\n\t<meta name=\"twitter:data1\" content=\"2\u00a0Minuten\" \/>\n<script type=\"application\/ld+json\" class=\"yoast-schema-graph\">{\"@context\":\"https:\\\/\\\/schema.org\",\"@graph\":[{\"@type\":\"WebPage\",\"@id\":\"https:\\\/\\\/www.bageta.lt\\\/de\\\/holz\\\/biotreibstoff\\\/holzpellets\\\/enplus-a2-holzpellets\\\/\",\"url\":\"https:\\\/\\\/www.bageta.lt\\\/de\\\/holz\\\/biotreibstoff\\\/holzpellets\\\/enplus-a2-holzpellets\\\/\",\"name\":\"ENplus\u00ae A2 Holzpellets - BAGETA\",\"isPartOf\":{\"@id\":\"https:\\\/\\\/www.bageta.lt\\\/de\\\/#website\"},\"datePublished\":\"2021-10-14T06:44:38+00:00\",\"dateModified\":\"2023-12-12T08:04:15+00:00\",\"description\":\"ENPlus A2 medienos granul\u0117s ENplus&#0174; A2 Holzpellets 1050 kg (70 x 15 kg) ENplus\u00ae A2 ist der h\u00f6chste Qualit\u00e4tsstandard in Europa und wird vom European\",\"breadcrumb\":{\"@id\":\"https:\\\/\\\/www.bageta.lt\\\/de\\\/holz\\\/biotreibstoff\\\/holzpellets\\\/enplus-a2-holzpellets\\\/#breadcrumb\"},\"inLanguage\":\"de\",\"potentialAction\":[{\"@type\":\"ReadAction\",\"target\":[\"https:\\\/\\\/www.bageta.lt\\\/de\\\/holz\\\/biotreibstoff\\\/holzpellets\\\/enplus-a2-holzpellets\\\/\"]}]},{\"@type\":\"BreadcrumbList\",\"@id\":\"https:\\\/\\\/www.bageta.lt\\\/de\\\/holz\\\/biotreibstoff\\\/holzpellets\\\/enplus-a2-holzpellets\\\/#breadcrumb\",\"itemListElement\":[{\"@type\":\"ListItem\",\"position\":1,\"name\":\"Antra\u0161tinis\",\"item\":\"https:\\\/\\\/www.bageta.lt\\\/de\\\/\"},{\"@type\":\"ListItem\",\"position\":2,\"name\":\"HOLZ\",\"item\":\"https:\\\/\\\/www.bageta.lt\\\/de\\\/holz\\\/\"},{\"@type\":\"ListItem\",\"position\":3,\"name\":\"Biotreibstoff\",\"item\":\"https:\\\/\\\/www.bageta.lt\\\/de\\\/produkcija\\\/biokuras\\\/\"},{\"@type\":\"ListItem\",\"position\":4,\"name\":\"Holzpellets\",\"item\":\"https:\\\/\\\/www.bageta.lt\\\/de\\\/produkcija\\\/biokuras\\\/medienos-granules\\\/\"},{\"@type\":\"ListItem\",\"position\":5,\"name\":\"ENplus\u00ae A2 Holzpellets\"}]},{\"@type\":\"WebSite\",\"@id\":\"https:\\\/\\\/www.bageta.lt\\\/de\\\/#website\",\"url\":\"https:\\\/\\\/www.bageta.lt\\\/de\\\/\",\"name\":\"BAGETA\",\"description\":\"Auk\u0161tos kokyb\u0117s medienos gaminiai\",\"publisher\":{\"@id\":\"https:\\\/\\\/www.bageta.lt\\\/de\\\/#organization\"},\"potentialAction\":[{\"@type\":\"SearchAction\",\"target\":{\"@type\":\"EntryPoint\",\"urlTemplate\":\"https:\\\/\\\/www.bageta.lt\\\/de\\\/?s={search_term_string}\"},\"query-input\":{\"@type\":\"PropertyValueSpecification\",\"valueRequired\":true,\"valueName\":\"search_term_string\"}}],\"inLanguage\":\"de\"},{\"@type\":\"Organization\",\"@id\":\"https:\\\/\\\/www.bageta.lt\\\/de\\\/#organization\",\"name\":\"BAGETA, UAB\",\"url\":\"https:\\\/\\\/www.bageta.lt\\\/de\\\/\",\"logo\":{\"@type\":\"ImageObject\",\"inLanguage\":\"de\",\"@id\":\"https:\\\/\\\/www.bageta.lt\\\/de\\\/#\\\/schema\\\/logo\\\/image\\\/\",\"url\":\"https:\\\/\\\/www.bageta.lt\\\/wp-content\\\/uploads\\\/bageta-logo.png\",\"contentUrl\":\"https:\\\/\\\/www.bageta.lt\\\/wp-content\\\/uploads\\\/bageta-logo.png\",\"width\":243,\"height\":120,\"caption\":\"BAGETA, UAB\"},\"image\":{\"@id\":\"https:\\\/\\\/www.bageta.lt\\\/de\\\/#\\\/schema\\\/logo\\\/image\\\/\"}}]}<\/script>\n<!-- \/ Yoast SEO plugin. -->","yoast_head_json":{"title":"ENplus\u00ae A2 Holzpellets - BAGETA","description":"ENPlus A2 medienos granul\u0117s ENplus&#0174; A2 Holzpellets 1050 kg (70 x 15 kg) ENplus\u00ae A2 ist der h\u00f6chste Qualit\u00e4tsstandard in Europa und wird vom European","robots":{"index":"index","follow":"follow","max-snippet":"max-snippet:-1","max-image-preview":"max-image-preview:large","max-video-preview":"max-video-preview:-1"},"canonical":"https:\/\/www.bageta.lt\/de\/holz\/biotreibstoff\/holzpellets\/enplus-a2-holzpellets\/","og_locale":"de_DE","og_type":"article","og_title":"ENplus\u00ae A2 Holzpellets - BAGETA","og_description":"ENPlus A2 medienos granul\u0117s ENplus&#0174; A2 Holzpellets 1050 kg (70 x 15 kg) ENplus\u00ae A2 ist der h\u00f6chste Qualit\u00e4tsstandard in Europa und wird vom European","og_url":"https:\/\/www.bageta.lt\/de\/holz\/biotreibstoff\/holzpellets\/enplus-a2-holzpellets\/","og_site_name":"BAGETA","article_modified_time":"2023-12-12T08:04:15+00:00","twitter_card":"summary_large_image","twitter_misc":{"Gesch\u00e4tzte Lesezeit":"2\u00a0Minuten"},"schema":{"@context":"https:\/\/schema.org","@graph":[{"@type":"WebPage","@id":"https:\/\/www.bageta.lt\/de\/holz\/biotreibstoff\/holzpellets\/enplus-a2-holzpellets\/","url":"https:\/\/www.bageta.lt\/de\/holz\/biotreibstoff\/holzpellets\/enplus-a2-holzpellets\/","name":"ENplus\u00ae A2 Holzpellets - BAGETA","isPartOf":{"@id":"https:\/\/www.bageta.lt\/de\/#website"},"datePublished":"2021-10-14T06:44:38+00:00","dateModified":"2023-12-12T08:04:15+00:00","description":"ENPlus A2 medienos granul\u0117s ENplus&#0174; A2 Holzpellets 1050 kg (70 x 15 kg) ENplus\u00ae A2 ist der h\u00f6chste Qualit\u00e4tsstandard in Europa und wird vom European","breadcrumb":{"@id":"https:\/\/www.bageta.lt\/de\/holz\/biotreibstoff\/holzpellets\/enplus-a2-holzpellets\/#breadcrumb"},"inLanguage":"de","potentialAction":[{"@type":"ReadAction","target":["https:\/\/www.bageta.lt\/de\/holz\/biotreibstoff\/holzpellets\/enplus-a2-holzpellets\/"]}]},{"@type":"BreadcrumbList","@id":"https:\/\/www.bageta.lt\/de\/holz\/biotreibstoff\/holzpellets\/enplus-a2-holzpellets\/#breadcrumb","itemListElement":[{"@type":"ListItem","position":1,"name":"Antra\u0161tinis","item":"https:\/\/www.bageta.lt\/de\/"},{"@type":"ListItem","position":2,"name":"HOLZ","item":"https:\/\/www.bageta.lt\/de\/holz\/"},{"@type":"ListItem","position":3,"name":"Biotreibstoff","item":"https:\/\/www.bageta.lt\/de\/produkcija\/biokuras\/"},{"@type":"ListItem","position":4,"name":"Holzpellets","item":"https:\/\/www.bageta.lt\/de\/produkcija\/biokuras\/medienos-granules\/"},{"@type":"ListItem","position":5,"name":"ENplus\u00ae A2 Holzpellets"}]},{"@type":"WebSite","@id":"https:\/\/www.bageta.lt\/de\/#website","url":"https:\/\/www.bageta.lt\/de\/","name":"BAGETA","description":"Auk\u0161tos kokyb\u0117s medienos gaminiai","publisher":{"@id":"https:\/\/www.bageta.lt\/de\/#organization"},"potentialAction":[{"@type":"SearchAction","target":{"@type":"EntryPoint","urlTemplate":"https:\/\/www.bageta.lt\/de\/?s={search_term_string}"},"query-input":{"@type":"PropertyValueSpecification","valueRequired":true,"valueName":"search_term_string"}}],"inLanguage":"de"},{"@type":"Organization","@id":"https:\/\/www.bageta.lt\/de\/#organization","name":"BAGETA, UAB","url":"https:\/\/www.bageta.lt\/de\/","logo":{"@type":"ImageObject","inLanguage":"de","@id":"https:\/\/www.bageta.lt\/de\/#\/schema\/logo\/image\/","url":"https:\/\/www.bageta.lt\/wp-content\/uploads\/bageta-logo.png","contentUrl":"https:\/\/www.bageta.lt\/wp-content\/uploads\/bageta-logo.png","width":243,"height":120,"caption":"BAGETA, UAB"},"image":{"@id":"https:\/\/www.bageta.lt\/de\/#\/schema\/logo\/image\/"}}]}},"_links":{"self":[{"href":"https:\/\/www.bageta.lt\/de\/wp-json\/wp\/v2\/pages\/5361","targetHints":{"allow":["GET"]}}],"collection":[{"href":"https:\/\/www.bageta.lt\/de\/wp-json\/wp\/v2\/pages"}],"about":[{"href":"https:\/\/www.bageta.lt\/de\/wp-json\/wp\/v2\/types\/page"}],"author":[{"embeddable":true,"href":"https:\/\/www.bageta.lt\/de\/wp-json\/wp\/v2\/users\/1"}],"replies":[{"embeddable":true,"href":"https:\/\/www.bageta.lt\/de\/wp-json\/wp\/v2\/comments?post=5361"}],"version-history":[{"count":3,"href":"https:\/\/www.bageta.lt\/de\/wp-json\/wp\/v2\/pages\/5361\/revisions"}],"predecessor-version":[{"id":5364,"href":"https:\/\/www.bageta.lt\/de\/wp-json\/wp\/v2\/pages\/5361\/revisions\/5364"}],"up":[{"embeddable":true,"href":"https:\/\/www.bageta.lt\/de\/wp-json\/wp\/v2\/pages\/5353"}],"wp:attachment":[{"href":"https:\/\/www.bageta.lt\/de\/wp-json\/wp\/v2\/media?parent=5361"}],"curies":[{"name":"wp","href":"https:\/\/api.w.org\/{rel}","templated":true}]}}