{"id":5375,"date":"2020-11-26T15:17:37","date_gmt":"2020-11-26T13:17:37","guid":{"rendered":"https:\/\/www.bageta.lt\/holz\/sodui-ir-darzui\/"},"modified":"2023-12-12T10:13:11","modified_gmt":"2023-12-12T08:13:11","slug":"gartenarbeit","status":"publish","type":"page","link":"https:\/\/www.bageta.lt\/de\/holz\/gartenarbeit\/","title":{"rendered":"Gartenarbeit"},"content":{"rendered":"<h2>Gartenbetten aus Holz<\/h2>\n<div>\n<p lang=\"lt-LT\" align=\"left\"><span style=\"font-family: Times New Roman, serif;\"><span style=\"font-size: medium;\"><span style=\"color: #1e1814;\"><span style=\"font-family: Open Sans, serif;\">Hochbeete, auch Pflanzk\u00e4sten oder Gartenk\u00e4sten genannt, sind eine tolle M\u00f6glichkeit, Gem\u00fcse, Kr\u00e4uter oder Blumen anzupflanzen. Hochbeete verhindern Bodenverdichtung und Erosion.<\/span><\/span><\/span><\/span><\/p>\n<p lang=\"lt-LT\" align=\"left\"><span style=\"font-family: Times New Roman, serif;\"><span style=\"font-size: medium;\"><span style=\"color: #1e1814;\"><span style=\"font-family: Open Sans, serif;\">Der Einsatz von Hochbeeten im h\u00e4uslichen Umfeld erleichtert die Entfernung von Unkraut und Sch\u00e4dlingen.<\/span><\/span><\/span><\/span><\/p>\n<p lang=\"lt-LT\" align=\"left\"><span style=\"font-family: Times New Roman, serif;\"><span style=\"font-size: medium;\"><span style=\"color: #1e1814;\"><span style=\"font-family: Open Sans, serif;\">Gez\u00fcchtete Blumen oder Gem\u00fcse sind pflegeleicht und die angenehme H\u00f6he der Beete tr\u00e4gt dazu bei, R\u00fcckenspannungen und Belastungen beim Anbau zu reduzieren.<\/span><\/span><\/span><\/span><\/p>\n<p lang=\"lt-LT\" align=\"left\"><span style=\"font-family: Times New Roman, serif;\"><span style=\"font-size: medium;\"><span style=\"color: #1e1814;\"><span style=\"font-family: Open Sans, serif;\">Im Gegensatz zu Pflanzk\u00e4sten hat diese Pflanzmethode keinen Boden, was bedeutet, dass die Wurzeln der Pflanzen tief in den Boden reichen k\u00f6nnen.<\/span><\/span><\/span><\/span><\/p>\n<p lang=\"lt-LT\" align=\"left\"><span style=\"font-family: Times New Roman, serif;\"><span style=\"font-size: medium;\"><span style=\"color: #1e1814;\"><span style=\"font-family: Open Sans, serif;\">Hochbeet-Sets sind besonders langlebig und einfach aufzubauen. Das Produkt aus Naturholz wird viele Jahre lang dienen. Es handelt sich um ein Produkt bestehend aus einer Holzplatte und einem Metallscharnier, das alle Platten zu einem einzigen rechteckigen Kragen verbindet.<\/span><\/span><\/span><\/span><\/p>\n<p lang=\"lt-LT\" align=\"left\"><span style=\"font-family: Times New Roman, serif;\"><span style=\"font-size: medium;\"><span style=\"color: #1e1814;\"><span style=\"font-family: Open Sans, serif;\">Als einfache, ma\u00dfgeschneiderte L\u00f6sung eignet es sich perfekt f\u00fcr die Anlage von Hochbeeten, Gem\u00fcsehochbeeten, Pflanzk\u00e4sten und mehr.<\/span><\/span><\/span><\/span><\/p>\n<\/div>\n<ul>\n<li>\n<p>        <img decoding=\"async\" src=\"\/wp-content\/uploads\/sodui-ir-darzui-medines-lysves-1.jpg\" alt=\"\"><\/p>\n<h3>Medin\u0117s lysv\u0117s<\/h3>\n<\/li>\n<li>\n<p>        <img decoding=\"async\" src=\"\/wp-content\/uploads\/sodui-ir-darzui-medines-lysves-2.jpg\" alt=\"\"><\/p>\n<h3>Medin\u0117s lysv\u0117s<\/h3>\n<\/li>\n<li>\n<p>        <img decoding=\"async\" src=\"\/wp-content\/uploads\/sodui-ir-darzui-medines-lysves-3.jpg\" alt=\"\"><\/p>\n<h3>Medin\u0117s lysv\u0117s<\/h3>\n<\/li>\n<li>\n<p>        <img decoding=\"async\" src=\"\/wp-content\/uploads\/sodui-ir-darzui-medines-lysves-4.jpg\" alt=\"\"><\/p>\n<h3>Medin\u0117s lysv\u0117s<\/h3>\n<\/li>\n<\/ul>\n<h2>Ideal zum Anpflanzen von Gem\u00fcse oder Blumen im eigenen Garten oder auf dem Grundst\u00fcck<\/h2>\n<div>\n<p lang=\"lt-LT\" align=\"left\"><span style=\"font-family: Times New Roman, serif;\"><span style=\"font-size: medium;\"><span style=\"color: #1e1814;\"><span style=\"font-family: Open Sans, serif;\">Alle Hochbeet-Sets bestehen aus Nadelholz. Unser Holz ist zu 70 % FSC-zertifiziert.<\/span><\/span><\/span><\/span><\/p>\n<p lang=\"lt-LT\" align=\"left\"><span style=\"font-family: Times New Roman, serif;\"><span style=\"font-size: medium;\"><span style=\"color: #1e1814;\"><span style=\"font-family: Open Sans, serif;\">Unsere Hochbeet-Sets sind in verschiedenen Gr\u00f6\u00dfen erh\u00e4ltlich, um Ihren Bed\u00fcrfnissen gerecht zu werden. Wir stellen sie aus unbearbeitetem Holz her.<\/span><\/span><\/span><\/span><\/p>\n<p lang=\"lt-LT\" align=\"left\"><span style=\"font-family: Times New Roman, serif;\"><span style=\"font-size: medium;\"><span style=\"color: #1e1814;\"><span style=\"font-family: Open Sans, serif;\">Da das Holz nach h\u00f6chsten Anforderungen zugeschnitten wird, sind exakte L\u00e4ngen, Breiten und H\u00f6hen gew\u00e4hrleistet.<\/span><\/span><\/span><\/span><\/p>\n<p lang=\"lt-LT\" align=\"left\"><span style=\"font-family: Times New Roman, serif;\"><span style=\"font-size: medium;\"><span style=\"color: #1e1814;\"><span style=\"font-family: Open Sans, serif;\">Naturholzplatten k\u00f6nnen lackiert werden.<\/span><\/span><\/span><\/span><\/p>\n<\/div>\n<h2>S\u00e4tze von Hochbeeten aus Holz<\/h2>\n<ul>\n<li>\n<p>        <img decoding=\"async\" src=\"\/wp-content\/uploads\/sodui-ir-darzui-naturalios-medienos-lysviu-komplektas.jpg\" alt=\"Nat\u016bralios medienos lysvi\u0173 komplektas\"><\/p>\n<h3>S\u00e4tze aus Naturholz<\/h3>\n<\/li>\n<li>\n<p>        <img decoding=\"async\" src=\"\/wp-content\/uploads\/sodui-ir-darzui-dazytos-medienos-lysviu-komplektas.jpg\" alt=\"Da\u017eytos medienos lysvi\u0173 komplektas\"><\/p>\n<h3>S\u00e4tze aus lackiertem Holz<\/h3>\n<\/li>\n<\/ul>\n<p><!--more--><br \/>\n<!-- {\"name\":\"Kategorijos puslapis (A)\",\"type\":\"layout\",\"children\":[{\"type\":\"section\",\"props\":{\"style\":\"default\",\"width\":\"default\",\"vertical_align\":\"middle\",\"title_position\":\"top-left\",\"title_rotation\":\"left\",\"title_breakpoint\":\"\",\"image_position\":\"center-center\",\"class\":\"tm-header-image-section\",\"image_size\":\"cover\",\"header_transparent_noplaceholder\":false,\"title\":\"\",\"media_overlay_gradient\":\"linear-gradient(rgba(30, 24, 20, 0.8) 20%, rgba(0, 0, 0, 0) 100%)\",\"text_color\":\"light\"},\"children\":[{\"type\":\"row\",\"children\":[{\"type\":\"column\",\"props\":{\"image_position\":\"center-center\",\"media_overlay_gradient\":\"\",\"vertical_align\":\"middle\",\"position_sticky_breakpoint\":\"m\"},\"children\":[{\"type\":\"headline\",\"props\":{\"title_element\":\"div\",\"text_align\":\"left\",\"text_align_breakpoint\":\"m\",\"text_align_fallback\":\"center\",\"title_style\":\"heading-large\"},\"source\":{\"query\":{\"name\":\"pages.singlePage\"},\"props\":{\"_condition\":{\"filters\":{\"condition\":\"!!\"},\"name\":\"title\"},\"content\":{\"filters\":{\"search\":\"\"},\"name\":\"title\"}}}}]}]}],\"name\":\"Antra\\u0161t\\u0117 su nuotrauka\",\"source\":{\"query\":{\"name\":\"pages.singlePage\"},\"props\":{\"image\":{\"name\":\"field.header_image.url\"}}}},{\"type\":\"section\",\"props\":{\"style\":\"primary\",\"width\":\"default\",\"vertical_align\":\"middle\",\"title_position\":\"top-left\",\"title_rotation\":\"left\",\"title_breakpoint\":\"xl\",\"image_position\":\"center-center\",\"class\":\"tm-breadcrumbs-section\",\"padding\":\"small\",\"preserve_color\":true},\"children\":[{\"type\":\"row\",\"children\":[{\"type\":\"column\",\"props\":{\"image_position\":\"center-center\",\"media_overlay_gradient\":\"\",\"vertical_align\":\"middle\",\"position_sticky_breakpoint\":\"m\"},\"children\":[{\"type\":\"breadcrumbs\",\"props\":{\"show_home\":true,\"show_current\":true,\"class\":\".tm-breadcrumbs\"}}]}]}],\"name\":\"Navigacija\"},{\"type\":\"section\",\"props\":{\"style\":\"default\",\"width\":\"default\",\"vertical_align\":\"middle\",\"title_position\":\"top-left\",\"title_rotation\":\"left\",\"title_breakpoint\":\"xl\",\"image_position\":\"center-center\",\"id\":\"content\"},\"children\":[{\"type\":\"row\",\"props\":{\"layout\":\"1-2,1-2\",\"match\":true},\"children\":[{\"type\":\"column\",\"props\":{\"position_sticky_breakpoint\":\"m\",\"image_position\":\"center-center\",\"media_overlay_gradient\":\"\",\"width_medium\":\"1-2\"},\"children\":[{\"type\":\"headline\",\"props\":{\"title_element\":\"h2\",\"content\":\"Gartenbetten aus Holz\"}},{\"type\":\"text\",\"props\":{\"margin\":\"default\",\"column_breakpoint\":\"m\",\"content\":\"\n\n<p lang=\\\"lt-LT\\\" align=\\\"left\\\"><span style=\\\"font-family: Times New Roman, serif;\\\"><span style=\\\"font-size: medium;\\\"><span style=\\\"color: #1e1814;\\\"><span style=\\\"font-family: Open Sans, serif;\\\">Hochbeete, auch Pflanzk\\u00e4sten oder Gartenk\\u00e4sten genannt, sind eine tolle M\\u00f6glichkeit, Gem\\u00fcse, Kr\\u00e4uter oder Blumen anzupflanzen. Hochbeete verhindern Bodenverdichtung und Erosion.<\\\/span><\\\/span><\\\/span><\\\/span><\\\/p>\\n\n\n<p lang=\\\"lt-LT\\\" align=\\\"left\\\"><span style=\\\"font-family: Times New Roman, serif;\\\"><span style=\\\"font-size: medium;\\\"><span style=\\\"color: #1e1814;\\\"><span style=\\\"font-family: Open Sans, serif;\\\">Der Einsatz von Hochbeeten im h\\u00e4uslichen Umfeld erleichtert die Entfernung von Unkraut und Sch\\u00e4dlingen.<\\\/span><\\\/span><\\\/span><\\\/span><\\\/p>\\n\n\n<p lang=\\\"lt-LT\\\" align=\\\"left\\\"><span style=\\\"font-family: Times New Roman, serif;\\\"><span style=\\\"font-size: medium;\\\"><span style=\\\"color: #1e1814;\\\"><span style=\\\"font-family: Open Sans, serif;\\\">Gez\\u00fcchtete Blumen oder Gem\\u00fcse sind pflegeleicht und die angenehme H\\u00f6he der Beete tr\\u00e4gt dazu bei, R\\u00fcckenspannungen und Belastungen beim Anbau zu reduzieren.<\\\/span><\\\/span><\\\/span><\\\/span><\\\/p>\\n\n\n<p lang=\\\"lt-LT\\\" align=\\\"left\\\"><span style=\\\"font-family: Times New Roman, serif;\\\"><span style=\\\"font-size: medium;\\\"><span style=\\\"color: #1e1814;\\\"><span style=\\\"font-family: Open Sans, serif;\\\">Im Gegensatz zu Pflanzk\\u00e4sten hat diese Pflanzmethode keinen Boden, was bedeutet, dass die Wurzeln der Pflanzen tief in den Boden reichen k\\u00f6nnen.<\\\/span><\\\/span><\\\/span><\\\/span><\\\/p>\\n\n\n<p lang=\\\"lt-LT\\\" align=\\\"left\\\"><span style=\\\"font-family: Times New Roman, serif;\\\"><span style=\\\"font-size: medium;\\\"><span style=\\\"color: #1e1814;\\\"><span style=\\\"font-family: Open Sans, serif;\\\">Hochbeet-Sets sind besonders langlebig und einfach aufzubauen. Das Produkt aus Naturholz wird viele Jahre lang dienen. Es handelt sich um ein Produkt bestehend aus einer Holzplatte und einem Metallscharnier, das alle Platten zu einem einzigen rechteckigen Kragen verbindet.<\\\/span><\\\/span><\\\/span><\\\/span><\\\/p>\\n\n\n<p lang=\\\"lt-LT\\\" align=\\\"left\\\"><span style=\\\"font-family: Times New Roman, serif;\\\"><span style=\\\"font-size: medium;\\\"><span style=\\\"color: #1e1814;\\\"><span style=\\\"font-family: Open Sans, serif;\\\">Als einfache, ma\\u00dfgeschneiderte L\\u00f6sung eignet es sich perfekt f\\u00fcr die Anlage von Hochbeeten, Gem\\u00fcsehochbeeten, Pflanzk\\u00e4sten und mehr.<\\\/span><\\\/span><\\\/span><\\\/span><\\\/p>\"}}]},{\"type\":\"column\",\"props\":{\"position_sticky_breakpoint\":\"m\",\"image_position\":\"center-center\",\"media_overlay_gradient\":\"\",\"width_medium\":\"1-2\"},\"children\":[{\"type\":\"slideshow\",\"props\":{\"show_title\":false,\"show_meta\":false,\"show_content\":true,\"show_link\":true,\"show_thumbnail\":true,\"slideshow_min_height\":\"400\",\"slideshow_autoplay_pause\":true,\"nav\":\"thumbnav\",\"nav_position\":\"bottom-center\",\"nav_position_margin\":\"medium\",\"nav_align\":\"center\",\"nav_breakpoint\":\"\",\"thumbnav_width\":\"100\",\"thumbnav_height\":\"75\",\"thumbnav_svg_color\":\"emphasis\",\"slidenav\":\"default\",\"slidenav_margin\":\"\",\"slidenav_breakpoint\":\"\",\"slidenav_outside_breakpoint\":\"s\",\"overlay_position\":\"center-left\",\"overlay_animation\":\"parallax\",\"title_element\":\"h3\",\"meta_style\":\"meta\",\"meta_align\":\"below-title\",\"meta_element\":\"div\",\"link_text\":\"Read more\",\"link_style\":\"default\",\"margin\":\"default\",\"nav_below\":true,\"thumbnav_nowrap\":true,\"nav_margin\":\"\",\"slidenav_hover\":true,\"image_width\":\"600\",\"image_height\":\"400\"},\"children\":[{\"type\":\"slideshow_item\",\"props\":{\"title\":\"Medin\\u0117s lysv\\u0117s\",\"image\":\"wp-content\\\/uploads\\\/sodui-ir-darzui-medines-lysves-1.jpg\"}},{\"type\":\"slideshow_item\",\"props\":{\"title\":\"Medin\\u0117s lysv\\u0117s\",\"image\":\"wp-content\\\/uploads\\\/sodui-ir-darzui-medines-lysves-2.jpg\"}},{\"type\":\"slideshow_item\",\"props\":{\"title\":\"Medin\\u0117s lysv\\u0117s\",\"image\":\"wp-content\\\/uploads\\\/sodui-ir-darzui-medines-lysves-3.jpg\"}},{\"type\":\"slideshow_item\",\"props\":{\"title\":\"Medin\\u0117s lysv\\u0117s\",\"image\":\"wp-content\\\/uploads\\\/sodui-ir-darzui-medines-lysves-4.jpg\"}}]}]}]},{\"type\":\"row\",\"children\":[{\"type\":\"column\",\"props\":{\"position_sticky_breakpoint\":\"m\",\"image_position\":\"center-center\",\"media_overlay_gradient\":\"\"},\"children\":[{\"type\":\"headline\",\"props\":{\"title_element\":\"h2\",\"content\":\"Ideal zum Anpflanzen von Gem\\u00fcse oder Blumen im eigenen Garten oder auf dem Grundst\\u00fcck\",\"title_style\":\"heading-large\",\"text_align\":\"center\"},\"name\":\"Atskiriamoji antra\\u0161t\\u0117\"},{\"type\":\"text\",\"props\":{\"margin\":\"default\",\"column_breakpoint\":\"m\",\"content\":\"\n\n<p lang=\\\"lt-LT\\\" align=\\\"left\\\"><span style=\\\"font-family: Times New Roman, serif;\\\"><span style=\\\"font-size: medium;\\\"><span style=\\\"color: #1e1814;\\\"><span style=\\\"font-family: Open Sans, serif;\\\">Alle Hochbeet-Sets bestehen aus Nadelholz. Unser Holz ist zu 70 % FSC-zertifiziert.<\\\/span><\\\/span><\\\/span><\\\/span><\\\/p>\\n\n\n<p lang=\\\"lt-LT\\\" align=\\\"left\\\"><span style=\\\"font-family: Times New Roman, serif;\\\"><span style=\\\"font-size: medium;\\\"><span style=\\\"color: #1e1814;\\\"><span style=\\\"font-family: Open Sans, serif;\\\">Unsere Hochbeet-Sets sind in verschiedenen Gr\\u00f6\\u00dfen erh\\u00e4ltlich, um Ihren Bed\\u00fcrfnissen gerecht zu werden. Wir stellen sie aus unbearbeitetem Holz her.<\\\/span><\\\/span><\\\/span><\\\/span><\\\/p>\\n\n\n<p lang=\\\"lt-LT\\\" align=\\\"left\\\"><span style=\\\"font-family: Times New Roman, serif;\\\"><span style=\\\"font-size: medium;\\\"><span style=\\\"color: #1e1814;\\\"><span style=\\\"font-family: Open Sans, serif;\\\">Da das Holz nach h\\u00f6chsten Anforderungen zugeschnitten wird, sind exakte L\\u00e4ngen, Breiten und H\\u00f6hen gew\\u00e4hrleistet.<\\\/span><\\\/span><\\\/span><\\\/span><\\\/p>\\n\n\n<p lang=\\\"lt-LT\\\" align=\\\"left\\\"><span style=\\\"font-family: Times New Roman, serif;\\\"><span style=\\\"font-size: medium;\\\"><span style=\\\"color: #1e1814;\\\"><span style=\\\"font-family: Open Sans, serif;\\\">Naturholzplatten k\\u00f6nnen lackiert werden.<\\\/span><\\\/span><\\\/span><\\\/span><\\\/p>\"}}]}]},{\"type\":\"row\",\"children\":[{\"type\":\"column\",\"props\":{\"position_sticky_breakpoint\":\"m\",\"image_position\":\"center-center\",\"media_overlay_gradient\":\"\"},\"children\":[{\"type\":\"headline\",\"props\":{\"title_element\":\"h2\",\"content\":\"S\\u00e4tze von Hochbeeten aus Holz\",\"title_style\":\"heading-large\",\"text_align\":\"center\"},\"name\":\"Atskiriamoji antra\\u0161t\\u0117\"}]}]},{\"type\":\"row\",\"children\":[{\"type\":\"column\",\"props\":{\"position_sticky_breakpoint\":\"m\",\"image_position\":\"center-center\",\"media_overlay_gradient\":\"\"},\"children\":[{\"type\":\"grid\",\"props\":{\"show_title\":true,\"show_meta\":true,\"show_content\":true,\"show_image\":true,\"show_link\":true,\"grid_default\":\"1\",\"grid_medium\":\"3\",\"filter_style\":\"tab\",\"filter_all\":true,\"filter_position\":\"top\",\"filter_align\":\"left\",\"filter_grid_width\":\"auto\",\"filter_grid_breakpoint\":\"m\",\"title_hover_style\":\"reset\",\"title_element\":\"h3\",\"title_align\":\"top\",\"title_grid_width\":\"1-2\",\"title_grid_breakpoint\":\"m\",\"meta_style\":\"meta\",\"meta_align\":\"below-title\",\"meta_element\":\"div\",\"content_column_breakpoint\":\"m\",\"icon_width\":80,\"image_align\":\"top\",\"image_grid_width\":\"1-2\",\"image_grid_breakpoint\":\"m\",\"image_svg_color\":\"emphasis\",\"link_text\":\"Daugiau <span uk-icon=\\\"chevron-double-right\\\"><\\\/span>\",\"link_style\":\"default\",\"margin\":\"default\",\"item_animation\":true,\"grid_column_align\":true,\"grid_row_align\":false,\"grid_xlarge\":\"3\",\"grid_large\":\"3\",\"grid_small\":\"2\",\"text_align\":\"center\",\"link_fullwidth\":true,\"panel_style\":\"tile-default\",\"panel_image_no_padding\":false,\"panel_padding\":\"\",\"class\":\"uk-match-elements-height\",\"image_width\":\"300\",\"image_height\":\"225\",\"panel_link\":true},\"children\":[{\"type\":\"grid_item\",\"props\":{\"title\":\"S\\u00e4tze aus Naturholz\",\"content\":\"\",\"image_alt\":\"Nat\\u016bralios medienos lysvi\\u0173 komplektas\",\"link\":\"\",\"link_text\":\"\",\"image\":\"wp-content\\\/uploads\\\/sodui-ir-darzui-naturalios-medienos-lysviu-komplektas.jpg\"}},{\"type\":\"grid_item\",\"props\":{\"title\":\"S\\u00e4tze aus lackiertem Holz\",\"content\":\"\",\"image_alt\":\"Da\\u017eytos medienos lysvi\\u0173 komplektas\",\"link\":\"\",\"link_text\":\"\",\"image\":\"wp-content\\\/uploads\\\/sodui-ir-darzui-dazytos-medienos-lysviu-komplektas.jpg\"}}],\"name\":\"Kategorij\\u0173 blokas\"}]}]}],\"name\":\"Turinys\"}],\"version\":\"2.7.23\"} --><\/p>\n","protected":false},"excerpt":{"rendered":"<p>Gartenbetten aus Holz Hochbeete, auch Pflanzk\u00e4sten oder Gartenk\u00e4sten genannt, sind eine tolle M\u00f6glichkeit, Gem\u00fcse, Kr\u00e4uter oder Blumen anzupflanzen. Hochbeete verhindern Bodenverdichtung und Erosion. Der Einsatz von Hochbeeten im h\u00e4uslichen Umfeld erleichtert die Entfernung von Unkraut und Sch\u00e4dlingen. Gez\u00fcchtete Blumen oder Gem\u00fcse sind pflegeleicht und die angenehme H\u00f6he der Beete tr\u00e4gt dazu bei, R\u00fcckenspannungen und Belastungen [&hellip;]<\/p>\n","protected":false},"author":1,"featured_media":0,"parent":5282,"menu_order":151,"comment_status":"closed","ping_status":"closed","template":"","meta":{"_acf_changed":false,"inline_featured_image":false,"footnotes":""},"class_list":["post-5375","page","type-page","status-publish","hentry"],"acf":[],"yoast_head":"<!-- This site is optimized with the Yoast SEO plugin v27.5 - https:\/\/yoast.com\/product\/yoast-seo-wordpress\/ -->\n<title>Gartenarbeit - BAGETA<\/title>\n<meta name=\"description\" content=\"Gartenbetten aus Holz Hochbeete, auch Pflanzk\u00e4sten oder Gartenk\u00e4sten genannt, sind eine tolle M\u00f6glichkeit, Gem\u00fcse, Kr\u00e4uter oder Blumen anzupflanzen.\" \/>\n<meta name=\"robots\" content=\"index, follow, max-snippet:-1, max-image-preview:large, max-video-preview:-1\" \/>\n<link rel=\"canonical\" href=\"https:\/\/www.bageta.lt\/de\/holz\/gartenarbeit\/\" \/>\n<meta property=\"og:locale\" content=\"de_DE\" \/>\n<meta property=\"og:type\" content=\"article\" \/>\n<meta property=\"og:title\" content=\"Gartenarbeit - BAGETA\" \/>\n<meta property=\"og:description\" content=\"Gartenbetten aus Holz Hochbeete, auch Pflanzk\u00e4sten oder Gartenk\u00e4sten genannt, sind eine tolle M\u00f6glichkeit, Gem\u00fcse, Kr\u00e4uter oder Blumen anzupflanzen.\" \/>\n<meta property=\"og:url\" content=\"https:\/\/www.bageta.lt\/de\/holz\/gartenarbeit\/\" \/>\n<meta property=\"og:site_name\" content=\"BAGETA\" \/>\n<meta property=\"article:modified_time\" content=\"2023-12-12T08:13:11+00:00\" \/>\n<meta name=\"twitter:card\" content=\"summary_large_image\" \/>\n<meta name=\"twitter:label1\" content=\"Gesch\u00e4tzte Lesezeit\" \/>\n\t<meta name=\"twitter:data1\" content=\"3\u00a0Minuten\" \/>\n<script type=\"application\/ld+json\" class=\"yoast-schema-graph\">{\"@context\":\"https:\\\/\\\/schema.org\",\"@graph\":[{\"@type\":\"WebPage\",\"@id\":\"https:\\\/\\\/www.bageta.lt\\\/de\\\/holz\\\/gartenarbeit\\\/\",\"url\":\"https:\\\/\\\/www.bageta.lt\\\/de\\\/holz\\\/gartenarbeit\\\/\",\"name\":\"Gartenarbeit - BAGETA\",\"isPartOf\":{\"@id\":\"https:\\\/\\\/www.bageta.lt\\\/de\\\/#website\"},\"datePublished\":\"2020-11-26T13:17:37+00:00\",\"dateModified\":\"2023-12-12T08:13:11+00:00\",\"description\":\"Gartenbetten aus Holz Hochbeete, auch Pflanzk\u00e4sten oder Gartenk\u00e4sten genannt, sind eine tolle M\u00f6glichkeit, Gem\u00fcse, Kr\u00e4uter oder Blumen anzupflanzen.\",\"breadcrumb\":{\"@id\":\"https:\\\/\\\/www.bageta.lt\\\/de\\\/holz\\\/gartenarbeit\\\/#breadcrumb\"},\"inLanguage\":\"de\",\"potentialAction\":[{\"@type\":\"ReadAction\",\"target\":[\"https:\\\/\\\/www.bageta.lt\\\/de\\\/holz\\\/gartenarbeit\\\/\"]}]},{\"@type\":\"BreadcrumbList\",\"@id\":\"https:\\\/\\\/www.bageta.lt\\\/de\\\/holz\\\/gartenarbeit\\\/#breadcrumb\",\"itemListElement\":[{\"@type\":\"ListItem\",\"position\":1,\"name\":\"Antra\u0161tinis\",\"item\":\"https:\\\/\\\/www.bageta.lt\\\/de\\\/\"},{\"@type\":\"ListItem\",\"position\":2,\"name\":\"HOLZ\",\"item\":\"https:\\\/\\\/www.bageta.lt\\\/de\\\/holz\\\/\"},{\"@type\":\"ListItem\",\"position\":3,\"name\":\"Gartenarbeit\"}]},{\"@type\":\"WebSite\",\"@id\":\"https:\\\/\\\/www.bageta.lt\\\/de\\\/#website\",\"url\":\"https:\\\/\\\/www.bageta.lt\\\/de\\\/\",\"name\":\"BAGETA\",\"description\":\"Auk\u0161tos kokyb\u0117s medienos gaminiai\",\"publisher\":{\"@id\":\"https:\\\/\\\/www.bageta.lt\\\/de\\\/#organization\"},\"potentialAction\":[{\"@type\":\"SearchAction\",\"target\":{\"@type\":\"EntryPoint\",\"urlTemplate\":\"https:\\\/\\\/www.bageta.lt\\\/de\\\/?s={search_term_string}\"},\"query-input\":{\"@type\":\"PropertyValueSpecification\",\"valueRequired\":true,\"valueName\":\"search_term_string\"}}],\"inLanguage\":\"de\"},{\"@type\":\"Organization\",\"@id\":\"https:\\\/\\\/www.bageta.lt\\\/de\\\/#organization\",\"name\":\"BAGETA, UAB\",\"url\":\"https:\\\/\\\/www.bageta.lt\\\/de\\\/\",\"logo\":{\"@type\":\"ImageObject\",\"inLanguage\":\"de\",\"@id\":\"https:\\\/\\\/www.bageta.lt\\\/de\\\/#\\\/schema\\\/logo\\\/image\\\/\",\"url\":\"https:\\\/\\\/www.bageta.lt\\\/wp-content\\\/uploads\\\/bageta-logo.png\",\"contentUrl\":\"https:\\\/\\\/www.bageta.lt\\\/wp-content\\\/uploads\\\/bageta-logo.png\",\"width\":243,\"height\":120,\"caption\":\"BAGETA, UAB\"},\"image\":{\"@id\":\"https:\\\/\\\/www.bageta.lt\\\/de\\\/#\\\/schema\\\/logo\\\/image\\\/\"}}]}<\/script>\n<!-- \/ Yoast SEO plugin. -->","yoast_head_json":{"title":"Gartenarbeit - BAGETA","description":"Gartenbetten aus Holz Hochbeete, auch Pflanzk\u00e4sten oder Gartenk\u00e4sten genannt, sind eine tolle M\u00f6glichkeit, Gem\u00fcse, Kr\u00e4uter oder Blumen anzupflanzen.","robots":{"index":"index","follow":"follow","max-snippet":"max-snippet:-1","max-image-preview":"max-image-preview:large","max-video-preview":"max-video-preview:-1"},"canonical":"https:\/\/www.bageta.lt\/de\/holz\/gartenarbeit\/","og_locale":"de_DE","og_type":"article","og_title":"Gartenarbeit - BAGETA","og_description":"Gartenbetten aus Holz Hochbeete, auch Pflanzk\u00e4sten oder Gartenk\u00e4sten genannt, sind eine tolle M\u00f6glichkeit, Gem\u00fcse, Kr\u00e4uter oder Blumen anzupflanzen.","og_url":"https:\/\/www.bageta.lt\/de\/holz\/gartenarbeit\/","og_site_name":"BAGETA","article_modified_time":"2023-12-12T08:13:11+00:00","twitter_card":"summary_large_image","twitter_misc":{"Gesch\u00e4tzte Lesezeit":"3\u00a0Minuten"},"schema":{"@context":"https:\/\/schema.org","@graph":[{"@type":"WebPage","@id":"https:\/\/www.bageta.lt\/de\/holz\/gartenarbeit\/","url":"https:\/\/www.bageta.lt\/de\/holz\/gartenarbeit\/","name":"Gartenarbeit - BAGETA","isPartOf":{"@id":"https:\/\/www.bageta.lt\/de\/#website"},"datePublished":"2020-11-26T13:17:37+00:00","dateModified":"2023-12-12T08:13:11+00:00","description":"Gartenbetten aus Holz Hochbeete, auch Pflanzk\u00e4sten oder Gartenk\u00e4sten genannt, sind eine tolle M\u00f6glichkeit, Gem\u00fcse, Kr\u00e4uter oder Blumen anzupflanzen.","breadcrumb":{"@id":"https:\/\/www.bageta.lt\/de\/holz\/gartenarbeit\/#breadcrumb"},"inLanguage":"de","potentialAction":[{"@type":"ReadAction","target":["https:\/\/www.bageta.lt\/de\/holz\/gartenarbeit\/"]}]},{"@type":"BreadcrumbList","@id":"https:\/\/www.bageta.lt\/de\/holz\/gartenarbeit\/#breadcrumb","itemListElement":[{"@type":"ListItem","position":1,"name":"Antra\u0161tinis","item":"https:\/\/www.bageta.lt\/de\/"},{"@type":"ListItem","position":2,"name":"HOLZ","item":"https:\/\/www.bageta.lt\/de\/holz\/"},{"@type":"ListItem","position":3,"name":"Gartenarbeit"}]},{"@type":"WebSite","@id":"https:\/\/www.bageta.lt\/de\/#website","url":"https:\/\/www.bageta.lt\/de\/","name":"BAGETA","description":"Auk\u0161tos kokyb\u0117s medienos gaminiai","publisher":{"@id":"https:\/\/www.bageta.lt\/de\/#organization"},"potentialAction":[{"@type":"SearchAction","target":{"@type":"EntryPoint","urlTemplate":"https:\/\/www.bageta.lt\/de\/?s={search_term_string}"},"query-input":{"@type":"PropertyValueSpecification","valueRequired":true,"valueName":"search_term_string"}}],"inLanguage":"de"},{"@type":"Organization","@id":"https:\/\/www.bageta.lt\/de\/#organization","name":"BAGETA, UAB","url":"https:\/\/www.bageta.lt\/de\/","logo":{"@type":"ImageObject","inLanguage":"de","@id":"https:\/\/www.bageta.lt\/de\/#\/schema\/logo\/image\/","url":"https:\/\/www.bageta.lt\/wp-content\/uploads\/bageta-logo.png","contentUrl":"https:\/\/www.bageta.lt\/wp-content\/uploads\/bageta-logo.png","width":243,"height":120,"caption":"BAGETA, UAB"},"image":{"@id":"https:\/\/www.bageta.lt\/de\/#\/schema\/logo\/image\/"}}]}},"_links":{"self":[{"href":"https:\/\/www.bageta.lt\/de\/wp-json\/wp\/v2\/pages\/5375","targetHints":{"allow":["GET"]}}],"collection":[{"href":"https:\/\/www.bageta.lt\/de\/wp-json\/wp\/v2\/pages"}],"about":[{"href":"https:\/\/www.bageta.lt\/de\/wp-json\/wp\/v2\/types\/page"}],"author":[{"embeddable":true,"href":"https:\/\/www.bageta.lt\/de\/wp-json\/wp\/v2\/users\/1"}],"replies":[{"embeddable":true,"href":"https:\/\/www.bageta.lt\/de\/wp-json\/wp\/v2\/comments?post=5375"}],"version-history":[{"count":2,"href":"https:\/\/www.bageta.lt\/de\/wp-json\/wp\/v2\/pages\/5375\/revisions"}],"predecessor-version":[{"id":5378,"href":"https:\/\/www.bageta.lt\/de\/wp-json\/wp\/v2\/pages\/5375\/revisions\/5378"}],"up":[{"embeddable":true,"href":"https:\/\/www.bageta.lt\/de\/wp-json\/wp\/v2\/pages\/5282"}],"wp:attachment":[{"href":"https:\/\/www.bageta.lt\/de\/wp-json\/wp\/v2\/media?parent=5375"}],"curies":[{"name":"wp","href":"https:\/\/api.w.org\/{rel}","templated":true}]}}