{"id":3760,"date":"2022-12-05T14:02:41","date_gmt":"2022-12-05T12:02:41","guid":{"rendered":"https:\/\/www.bageta.lt\/?page_id=3760"},"modified":"2022-12-05T17:04:38","modified_gmt":"2022-12-05T15:04:38","slug":"career","status":"publish","type":"page","link":"https:\/\/www.bageta.lt\/en\/about-us\/career\/","title":{"rendered":"Career"},"content":{"rendered":"<div>&nbsp;<\/div>\n<h1>Join Our Team!<\/h1>\n<div>\n<p>UAB \u201cBageta\u201d is located in the town of Me\u0161kui\u010diai, \u0160iauliai district.<\/p>\n<p>The input of every employee is very important. We value individual skills and professional experience.<\/p>\n<p>We believe that only together and by being united we may move forward.<\/p>\n<p>There are several departments doing different activities in our company.<\/p>\n<p>People are valued for their abilities, professional attitude and devotion to the activities they perform. <br \/>It is backed by several tens of employees, who have been continuing their professional lives here for many years.<\/p>\n<p>We are open to discussions and are constantly waiting for new employees able to join the collective.<\/p>\n<p>Open positions:<\/p>\n<ul>\n<li>Production employee in wood processing department.<\/li>\n<li>Equipment operator in wood processing department.<\/li>\n<li>Machine tools operator in wood processing department.<\/li>\n<\/ul>\n<p>Please contact us, visit us and let\u2019s discuss your opportunities.<\/p>\n<ul>\n<li>We always try to achieve the highest result in areas important to the company;<\/li>\n<li>We encourage initiative and decisive actions for the benefit of the company and our clients;<\/li>\n<li>We learn from success and failures;<\/li>\n<li>We are ready to listen more and talk less: we let our actions speak for us;<\/li>\n<li>In our company, the most attention is given to everything that is client-related;<\/li>\n<li>We are unconditionally devoted to our work and open to new things;<\/li>\n<li>In our work activities, we constantly look for new, more advanced work tools and methods.<\/li>\n<\/ul>\n<p>When we face problems and events take an unexpected turn, we do not defend ourselves and do not blame each other, we only assume the responsibility.<\/p>\n<\/div>\n<ul>\n<li>\n<p><a href=\"mailto:personalas@bageta.lt\"><\/p>\n<p>personalas@bageta.lt<\/p>\n<p><\/a><\/p>\n<\/li>\n<li>\n<p><a href=\"tel:+37060461334\"><\/p>\n<p>+370 (604) 61334<\/p>\n<p><\/a><\/p>\n<\/li>\n<\/ul>\n<p><!--more--><br \/>\n<!-- {\"type\":\"layout\",\"children\":[{\"type\":\"section\",\"props\":{\"style\":\"default\",\"width\":\"default\",\"vertical_align\":\"middle\",\"title_position\":\"top-left\",\"title_rotation\":\"left\",\"title_breakpoint\":\"xl\",\"image_position\":\"center-center\",\"video\":\"wp-content\\\/uploads\\\/bageta-team.mp4\",\"class\":\"tm-header-video-section\",\"overlap\":false,\"padding_remove_top\":false,\"media_overlay_gradient\":\"linear-gradient(rgba(30, 24, 20, 0.8) 25%, rgba(0, 0, 0, 0) 100%);\",\"text_color\":\"light\"},\"children\":[{\"type\":\"row\",\"props\":{\"match\":false,\"class\":\"\"},\"children\":[{\"type\":\"column\",\"props\":{\"image_position\":\"center-center\",\"media_overlay_gradient\":\"\",\"vertical_align\":\"middle\",\"width_medium\":\"\",\"position_sticky_breakpoint\":\"m\"},\"children\":[{\"type\":\"headline\",\"props\":{\"title_element\":\"div\",\"content\":\"&nbsp;\",\"class\":\"\",\"title_style\":\"h1\",\"margin_remove_top\":false,\"margin_remove_bottom\":false,\"title_color\":\"secondary\",\"text_align\":\"left\",\"text_align_breakpoint\":\"m\",\"text_align_fallback\":\"center\"}}]}]}],\"name\":\"Antra\\u0161t\\u0117 su video\"},{\"type\":\"section\",\"props\":{\"style\":\"primary\",\"width\":\"default\",\"vertical_align\":\"middle\",\"title_position\":\"top-left\",\"title_rotation\":\"left\",\"title_breakpoint\":\"xl\",\"image_position\":\"center-center\",\"class\":\"tm-breadcrumbs-section\",\"padding\":\"small\",\"preserve_color\":true},\"children\":[{\"type\":\"row\",\"children\":[{\"type\":\"column\",\"props\":{\"image_position\":\"center-center\",\"media_overlay_gradient\":\"\",\"vertical_align\":\"middle\",\"position_sticky_breakpoint\":\"m\"},\"children\":[{\"type\":\"breadcrumbs\",\"props\":{\"show_home\":true,\"show_current\":true,\"class\":\".tm-breadcrumbs\"}}]}]}],\"name\":\"Navigacija\",\"modified\":\"2020-11-30T11:21:36.593Z\"},{\"type\":\"section\",\"props\":{\"style\":\"default\",\"width\":\"default\",\"vertical_align\":\"middle\",\"title_position\":\"top-left\",\"title_rotation\":\"left\",\"title_breakpoint\":\"xl\",\"image_position\":\"center-center\",\"id\":\"content\"},\"children\":[{\"type\":\"row\",\"children\":[{\"type\":\"column\",\"props\":{\"image_position\":\"center-center\",\"media_overlay_gradient\":\"\",\"position_sticky_breakpoint\":\"m\"},\"children\":[{\"type\":\"headline\",\"props\":{\"title_element\":\"h1\",\"content\":\"Join Our Team!\",\"title_style\":\"heading-large\",\"text_align\":\"center\",\"margin\":\"default\"}},{\"type\":\"text\",\"props\":{\"margin\":\"default\",\"column_breakpoint\":\"m\",\"content\":\"\n\n<p>UAB \\u201cBageta\\u201d is located in the town of Me\\u0161kui\\u010diai, \\u0160iauliai district.<\\\/p>\\n\n\n<p>The input of every employee is very important. We value individual skills and professional experience.<\\\/p>\\n\n\n<p>We believe that only together and by being united we may move forward.<\\\/p>\\n\n\n<p>There are several departments doing different activities in our company.<\\\/p>\\n\n\n<p>People are valued for their abilities, professional attitude and devotion to the activities they perform. <br \\\/>It is backed by several tens of employees, who have been continuing their professional lives here for many years.<\\\/p>\\n\n\n<p>We are open to discussions and are constantly waiting for new employees able to join the collective.<\\\/p>\\n\n\n<p>Open positions:<\\\/p>\\n\n\n<ul>\\n\n\n<li>Production employee in wood processing department.<\\\/li>\\n\n\n<li>Equipment operator in wood processing department.<\\\/li>\\n\n\n<li>Machine tools operator in wood processing department.<\\\/li>\\n<\\\/ul>\\n\n\n<p>Please contact us, visit us and let\\u2019s discuss your opportunities.<\\\/p>\\n\n\n<ul>\\n\n\n<li>We always try to achieve the highest result in areas important to the company;<\\\/li>\\n\n\n<li>We encourage initiative and decisive actions for the benefit of the company and our clients;<\\\/li>\\n\n\n<li>We learn from success and failures;<\\\/li>\\n\n\n<li>We are ready to listen more and talk less: we let our actions speak for us;<\\\/li>\\n\n\n<li>In our company, the most attention is given to everything that is client-related;<\\\/li>\\n\n\n<li>We are unconditionally devoted to our work and open to new things;<\\\/li>\\n\n\n<li>In our work activities, we constantly look for new, more advanced work tools and methods.<\\\/li>\\n<\\\/ul>\\n\n\n<p>When we face problems and events take an unexpected turn, we do not defend ourselves and do not blame each other, we only assume the responsibility.<\\\/p>\"}},{\"type\":\"list\",\"props\":{\"show_image\":true,\"show_link\":true,\"list_element\":\"ul\",\"column_breakpoint\":\"m\",\"image_svg_color\":\"emphasis\",\"image_align\":\"left\",\"image_vertical_align\":true,\"list_type\":\"vertical\",\"list_horizontal_separator\":\", \"},\"children\":[{\"type\":\"list_item\",\"props\":{\"content\":\"\n\n<p>personalas@bageta.lt<\\\/p>\",\"icon\":\"mail\",\"link\":\"mailto:personalas@bageta.lt\"}},{\"type\":\"list_item\",\"props\":{\"content\":\"\n\n<p>+370 (604) 61334<\\\/p>\",\"icon\":\"receiver\",\"link\":\"tel:+37060461334\"}}]}]}]}],\"name\":\"Turinys\"}],\"version\":\"2.7.23\"} --><\/p>\n","protected":false},"excerpt":{"rendered":"<p>&nbsp; Join Our Team! UAB \u201cBageta\u201d is located in the town of Me\u0161kui\u010diai, \u0160iauliai district. The input of every employee is very important. We value individual skills and professional experience. We believe that only together and by being united we may move forward. There are several departments doing different activities in our company. People are [&hellip;]<\/p>\n","protected":false},"author":1,"featured_media":0,"parent":3747,"menu_order":22,"comment_status":"closed","ping_status":"closed","template":"","meta":{"_acf_changed":false,"inline_featured_image":false,"footnotes":""},"class_list":["post-3760","page","type-page","status-publish","hentry"],"acf":[],"yoast_head":"<!-- This site is optimized with the Yoast SEO plugin v27.6 - https:\/\/yoast.com\/product\/yoast-seo-wordpress\/ -->\n<title>Career - BAGETA<\/title>\n<meta name=\"description\" content=\"&nbsp; Join Our Team! UAB \u201cBageta\u201d is located in the town of Me\u0161kui\u010diai, \u0160iauliai district. The input of every employee is very important. We value\" \/>\n<meta name=\"robots\" content=\"index, follow, max-snippet:-1, max-image-preview:large, max-video-preview:-1\" \/>\n<link rel=\"canonical\" href=\"https:\/\/www.bageta.lt\/en\/about-us\/career\/\" \/>\n<meta property=\"og:locale\" content=\"en_US\" \/>\n<meta property=\"og:type\" content=\"article\" \/>\n<meta property=\"og:title\" content=\"Career - BAGETA\" \/>\n<meta property=\"og:description\" content=\"&nbsp; Join Our Team! UAB \u201cBageta\u201d is located in the town of Me\u0161kui\u010diai, \u0160iauliai district. The input of every employee is very important. We value\" \/>\n<meta property=\"og:url\" content=\"https:\/\/www.bageta.lt\/en\/about-us\/career\/\" \/>\n<meta property=\"og:site_name\" content=\"BAGETA\" \/>\n<meta property=\"article:modified_time\" content=\"2022-12-05T15:04:38+00:00\" \/>\n<meta name=\"twitter:card\" content=\"summary_large_image\" \/>\n<meta name=\"twitter:label1\" content=\"Est. reading time\" \/>\n\t<meta name=\"twitter:data1\" content=\"2 minutes\" \/>\n<script type=\"application\/ld+json\" class=\"yoast-schema-graph\">{\"@context\":\"https:\\\/\\\/schema.org\",\"@graph\":[{\"@type\":\"WebPage\",\"@id\":\"https:\\\/\\\/www.bageta.lt\\\/en\\\/about-us\\\/career\\\/\",\"url\":\"https:\\\/\\\/www.bageta.lt\\\/en\\\/about-us\\\/career\\\/\",\"name\":\"Career - BAGETA\",\"isPartOf\":{\"@id\":\"https:\\\/\\\/www.bageta.lt\\\/en\\\/#website\"},\"datePublished\":\"2022-12-05T12:02:41+00:00\",\"dateModified\":\"2022-12-05T15:04:38+00:00\",\"description\":\"&nbsp; Join Our Team! UAB \u201cBageta\u201d is located in the town of Me\u0161kui\u010diai, \u0160iauliai district. The input of every employee is very important. We value\",\"breadcrumb\":{\"@id\":\"https:\\\/\\\/www.bageta.lt\\\/en\\\/about-us\\\/career\\\/#breadcrumb\"},\"inLanguage\":\"en-US\",\"potentialAction\":[{\"@type\":\"ReadAction\",\"target\":[\"https:\\\/\\\/www.bageta.lt\\\/en\\\/about-us\\\/career\\\/\"]}]},{\"@type\":\"BreadcrumbList\",\"@id\":\"https:\\\/\\\/www.bageta.lt\\\/en\\\/about-us\\\/career\\\/#breadcrumb\",\"itemListElement\":[{\"@type\":\"ListItem\",\"position\":1,\"name\":\"Antra\u0161tinis\",\"item\":\"https:\\\/\\\/www.bageta.lt\\\/en\\\/\"},{\"@type\":\"ListItem\",\"position\":2,\"name\":\"About Us\",\"item\":\"https:\\\/\\\/www.bageta.lt\\\/en\\\/vart-foretag\\\/\"},{\"@type\":\"ListItem\",\"position\":3,\"name\":\"Career\"}]},{\"@type\":\"WebSite\",\"@id\":\"https:\\\/\\\/www.bageta.lt\\\/en\\\/#website\",\"url\":\"https:\\\/\\\/www.bageta.lt\\\/en\\\/\",\"name\":\"BAGETA\",\"description\":\"Auk\u0161tos kokyb\u0117s medienos gaminiai\",\"publisher\":{\"@id\":\"https:\\\/\\\/www.bageta.lt\\\/en\\\/#organization\"},\"potentialAction\":[{\"@type\":\"SearchAction\",\"target\":{\"@type\":\"EntryPoint\",\"urlTemplate\":\"https:\\\/\\\/www.bageta.lt\\\/en\\\/?s={search_term_string}\"},\"query-input\":{\"@type\":\"PropertyValueSpecification\",\"valueRequired\":true,\"valueName\":\"search_term_string\"}}],\"inLanguage\":\"en-US\"},{\"@type\":\"Organization\",\"@id\":\"https:\\\/\\\/www.bageta.lt\\\/en\\\/#organization\",\"name\":\"BAGETA, UAB\",\"url\":\"https:\\\/\\\/www.bageta.lt\\\/en\\\/\",\"logo\":{\"@type\":\"ImageObject\",\"inLanguage\":\"en-US\",\"@id\":\"https:\\\/\\\/www.bageta.lt\\\/en\\\/#\\\/schema\\\/logo\\\/image\\\/\",\"url\":\"https:\\\/\\\/www.bageta.lt\\\/wp-content\\\/uploads\\\/bageta-logo.png\",\"contentUrl\":\"https:\\\/\\\/www.bageta.lt\\\/wp-content\\\/uploads\\\/bageta-logo.png\",\"width\":243,\"height\":120,\"caption\":\"BAGETA, UAB\"},\"image\":{\"@id\":\"https:\\\/\\\/www.bageta.lt\\\/en\\\/#\\\/schema\\\/logo\\\/image\\\/\"}}]}<\/script>\n<!-- \/ Yoast SEO plugin. -->","yoast_head_json":{"title":"Career - BAGETA","description":"&nbsp; Join Our Team! UAB \u201cBageta\u201d is located in the town of Me\u0161kui\u010diai, \u0160iauliai district. The input of every employee is very important. We value","robots":{"index":"index","follow":"follow","max-snippet":"max-snippet:-1","max-image-preview":"max-image-preview:large","max-video-preview":"max-video-preview:-1"},"canonical":"https:\/\/www.bageta.lt\/en\/about-us\/career\/","og_locale":"en_US","og_type":"article","og_title":"Career - BAGETA","og_description":"&nbsp; Join Our Team! UAB \u201cBageta\u201d is located in the town of Me\u0161kui\u010diai, \u0160iauliai district. The input of every employee is very important. We value","og_url":"https:\/\/www.bageta.lt\/en\/about-us\/career\/","og_site_name":"BAGETA","article_modified_time":"2022-12-05T15:04:38+00:00","twitter_card":"summary_large_image","twitter_misc":{"Est. reading time":"2 minutes"},"schema":{"@context":"https:\/\/schema.org","@graph":[{"@type":"WebPage","@id":"https:\/\/www.bageta.lt\/en\/about-us\/career\/","url":"https:\/\/www.bageta.lt\/en\/about-us\/career\/","name":"Career - BAGETA","isPartOf":{"@id":"https:\/\/www.bageta.lt\/en\/#website"},"datePublished":"2022-12-05T12:02:41+00:00","dateModified":"2022-12-05T15:04:38+00:00","description":"&nbsp; Join Our Team! UAB \u201cBageta\u201d is located in the town of Me\u0161kui\u010diai, \u0160iauliai district. The input of every employee is very important. We value","breadcrumb":{"@id":"https:\/\/www.bageta.lt\/en\/about-us\/career\/#breadcrumb"},"inLanguage":"en-US","potentialAction":[{"@type":"ReadAction","target":["https:\/\/www.bageta.lt\/en\/about-us\/career\/"]}]},{"@type":"BreadcrumbList","@id":"https:\/\/www.bageta.lt\/en\/about-us\/career\/#breadcrumb","itemListElement":[{"@type":"ListItem","position":1,"name":"Antra\u0161tinis","item":"https:\/\/www.bageta.lt\/en\/"},{"@type":"ListItem","position":2,"name":"About Us","item":"https:\/\/www.bageta.lt\/en\/vart-foretag\/"},{"@type":"ListItem","position":3,"name":"Career"}]},{"@type":"WebSite","@id":"https:\/\/www.bageta.lt\/en\/#website","url":"https:\/\/www.bageta.lt\/en\/","name":"BAGETA","description":"Auk\u0161tos kokyb\u0117s medienos gaminiai","publisher":{"@id":"https:\/\/www.bageta.lt\/en\/#organization"},"potentialAction":[{"@type":"SearchAction","target":{"@type":"EntryPoint","urlTemplate":"https:\/\/www.bageta.lt\/en\/?s={search_term_string}"},"query-input":{"@type":"PropertyValueSpecification","valueRequired":true,"valueName":"search_term_string"}}],"inLanguage":"en-US"},{"@type":"Organization","@id":"https:\/\/www.bageta.lt\/en\/#organization","name":"BAGETA, UAB","url":"https:\/\/www.bageta.lt\/en\/","logo":{"@type":"ImageObject","inLanguage":"en-US","@id":"https:\/\/www.bageta.lt\/en\/#\/schema\/logo\/image\/","url":"https:\/\/www.bageta.lt\/wp-content\/uploads\/bageta-logo.png","contentUrl":"https:\/\/www.bageta.lt\/wp-content\/uploads\/bageta-logo.png","width":243,"height":120,"caption":"BAGETA, UAB"},"image":{"@id":"https:\/\/www.bageta.lt\/en\/#\/schema\/logo\/image\/"}}]}},"_links":{"self":[{"href":"https:\/\/www.bageta.lt\/en\/wp-json\/wp\/v2\/pages\/3760","targetHints":{"allow":["GET"]}}],"collection":[{"href":"https:\/\/www.bageta.lt\/en\/wp-json\/wp\/v2\/pages"}],"about":[{"href":"https:\/\/www.bageta.lt\/en\/wp-json\/wp\/v2\/types\/page"}],"author":[{"embeddable":true,"href":"https:\/\/www.bageta.lt\/en\/wp-json\/wp\/v2\/users\/1"}],"replies":[{"embeddable":true,"href":"https:\/\/www.bageta.lt\/en\/wp-json\/wp\/v2\/comments?post=3760"}],"version-history":[{"count":0,"href":"https:\/\/www.bageta.lt\/en\/wp-json\/wp\/v2\/pages\/3760\/revisions"}],"up":[{"embeddable":true,"href":"https:\/\/www.bageta.lt\/en\/wp-json\/wp\/v2\/pages\/3747"}],"wp:attachment":[{"href":"https:\/\/www.bageta.lt\/en\/wp-json\/wp\/v2\/media?parent=3760"}],"curies":[{"name":"wp","href":"https:\/\/api.w.org\/{rel}","templated":true}]}}