{"id":3766,"date":"2022-12-05T14:09:23","date_gmt":"2022-12-05T12:09:23","guid":{"rendered":"https:\/\/www.bageta.lt\/?page_id=3766"},"modified":"2022-12-08T17:11:45","modified_gmt":"2022-12-08T15:11:45","slug":"wooden-packaging","status":"publish","type":"page","link":"https:\/\/www.bageta.lt\/en\/products\/wooden-packaging\/","title":{"rendered":"Wooden Packaging"},"content":{"rendered":"<h2>Wooden Packaging<\/h2>\n<div>\n<p>We are proud to produce the highest quality timber products. Our timber is cut according to its size and produced in place.<\/p>\n<p>We make the highest quality products that meet the needs of industrial packaging.<\/p>\n<p>We are able to manufacture any size and style hardwood, conifer or heat-treated products: from blanks for wooden pallets, panels, boxes, to construction timber.<\/p>\n<p>Delivery is possible not only accros Europe, but also worldwide!<\/p>\n<\/div>\n<div>\n<p>    <img decoding=\"async\" src=\"\/wp-content\/uploads\/medine-pakuote.jpg\" alt=\"\"><\/p>\n<h3>Medin\u0117 pakuot\u0117<\/h3>\n<\/div>\n<h2>BAGETA Possibilities<\/h2>\n<div>\n<p>BAGETA is not a big sawmill, but a production department, where the entire process of raw wood material processing is controlled. Special orders, finished construction products, different length and thickness wooden elements are produced.<\/p>\n<p>The production base is constantly modernized, the processes are automated, with the aim of being efficient and economical organizers of activities.<\/p>\n<p>The delivered production is heat-treated in accordance with ISPM15 standard, therefore it guarantees carefree export.<\/p>\n<p>Technical possibilities of timber drying kilns ensure heating of wood in accordance with IPPC regulation, and the products are marked with HT symbols.<\/p>\n<\/div>\n<h2>Wooden packaging products<\/h2>\n<ul>\n<li>\n<p>        <img decoding=\"async\" src=\"\/wp-content\/uploads\/medine-pakuote-mediniu-padeklu-apvadai.jpg\" alt=\"\"><\/p>\n<h3>PALLET COLLARS<\/h3>\n<div>\n<p>The versatile product is in demand in the largest supply chains due to its long-term and simple use.<\/p>\n<\/div>\n<p><a href=\"\/en\/production\/wooden-packaging\/wooden-pallet-collars\/\">More <span uk-icon=\"chevron-double-right\"><\/span><\/a><\/p>\n<\/li>\n<li>\n<p>        <img decoding=\"async\" src=\"\/wp-content\/uploads\/medine-pakuote-mediniai-padeklai.jpg\" alt=\"\"><\/p>\n<h3>WOODEN PALLETS<\/h3>\n<div>\n<p>Functional wooden pallet is used in all industry sectors and supply chains.<\/p>\n<\/div>\n<p><a href=\"\/en\/production\/wooden-packaging\/wooden-pallets\/\">More <span uk-icon=\"chevron-double-right\"><\/span><\/a><\/p>\n<\/li>\n<li>\n<p>        <img decoding=\"async\" src=\"\/wp-content\/uploads\/medine-pakuote-medines-dezes.jpg\" alt=\"\"><\/p>\n<h3>WOODEN BOXES<\/h3>\n<div>\n<p>Large in size and firm boxes are used in agricultural sector in order to store production in warehouses, as well as during transportation.<\/p>\n<\/div>\n<p><a href=\"\/en\/production\/wooden-packaging\/wooden-boxes\/\">More <span uk-icon=\"chevron-double-right\"><\/span><\/a><\/p>\n<\/li>\n<li>\n<p>        <img decoding=\"async\" src=\"\/wp-content\/uploads\/medine-pakuote-medines-sodo-lysves.jpg\" alt=\"\"><\/p>\n<h3>WOODEN GARDEN BEDS<\/h3>\n<div>\n<p>Planting boxes are perfect for forming raised flower beds, raised vegetable beds. The sets are made of coniferous wood.<\/p>\n<\/div>\n<p><a href=\"\/en\/production\/gardening\/raised-wooden-beds\/\">More <span uk-icon=\"chevron-double-right\"><\/span><\/a><\/p>\n<\/li>\n<li>\n<p>        <img decoding=\"async\" src=\"\/wp-content\/uploads\/medine-pakuote-mediniu-padeklu-apvadu-priedai.jpg\" alt=\"\"><\/p>\n<h3>WOODEN PACKAGING ACCESSORIES<\/h3>\n<div>\n<p>Accessories are assembled in the production and warehousing processes to create a functional, unified packaging system.<\/p>\n<\/div>\n<p><a href=\"\/en\/production\/wooden-packaging-accessories\/\">More <span uk-icon=\"chevron-double-right\"><\/span><\/a><\/p>\n<\/li>\n<li>\n<p>        <img decoding=\"async\" src=\"\/wp-content\/uploads\/medine-pakuote-pramonine-medine-pakuote.jpg\" alt=\"Pramonin\u0117 medin\u0117 pakuot\u0117\"><\/p>\n<h3>INDUSTRIAL WOODEN PACKAGING<\/h3>\n<div>\n<p>Wooden packaging is designed to protect equipment and other industrial products during transportation and to ensure safety during transportation.<\/p>\n<\/div>\n<p><a href=\"\/en\/production\/wooden-packaging\/wooden-boxes\/\">More <span uk-icon=\"chevron-double-right\"><\/span><\/a><\/p>\n<\/li>\n<\/ul>\n<p><!--more--><br \/>\n<!-- {\"type\":\"layout\",\"children\":[{\"type\":\"section\",\"props\":{\"style\":\"default\",\"width\":\"default\",\"vertical_align\":\"middle\",\"title_position\":\"top-left\",\"title_rotation\":\"left\",\"title_breakpoint\":\"\",\"image_position\":\"center-center\",\"class\":\"tm-header-image-section\",\"image_size\":\"cover\",\"header_transparent_noplaceholder\":false,\"title\":\"\",\"media_overlay_gradient\":\"linear-gradient(rgba(30, 24, 20, 0.8) 20%, rgba(0, 0, 0, 0) 100%)\",\"text_color\":\"light\"},\"children\":[{\"type\":\"row\",\"children\":[{\"type\":\"column\",\"props\":{\"image_position\":\"center-center\",\"media_overlay_gradient\":\"\",\"vertical_align\":\"middle\",\"position_sticky_breakpoint\":\"m\"},\"children\":[{\"type\":\"headline\",\"props\":{\"title_element\":\"div\",\"text_align\":\"left\",\"text_align_breakpoint\":\"m\",\"text_align_fallback\":\"center\",\"title_style\":\"heading-large\"},\"source\":{\"query\":{\"name\":\"pages.singlePage\"},\"props\":{\"_condition\":{\"filters\":{\"condition\":\"!!\"},\"name\":\"title\"},\"content\":{\"filters\":{\"search\":\"\"},\"name\":\"title\"}}}}]}]}],\"name\":\"Antra\\u0161t\\u0117 su nuotrauka\",\"source\":{\"query\":{\"name\":\"pages.singlePage\"},\"props\":{\"image\":{\"name\":\"field.header_image.url\"}}}},{\"type\":\"section\",\"props\":{\"style\":\"primary\",\"width\":\"default\",\"vertical_align\":\"middle\",\"title_position\":\"top-left\",\"title_rotation\":\"left\",\"title_breakpoint\":\"xl\",\"image_position\":\"center-center\",\"class\":\"tm-breadcrumbs-section\",\"padding\":\"small\",\"preserve_color\":true},\"children\":[{\"type\":\"row\",\"children\":[{\"type\":\"column\",\"props\":{\"image_position\":\"center-center\",\"media_overlay_gradient\":\"\",\"vertical_align\":\"middle\",\"position_sticky_breakpoint\":\"m\"},\"children\":[{\"type\":\"breadcrumbs\",\"props\":{\"show_home\":true,\"show_current\":true,\"class\":\".tm-breadcrumbs\"}}]}]}],\"name\":\"Navigacija\"},{\"type\":\"section\",\"props\":{\"style\":\"default\",\"width\":\"default\",\"vertical_align\":\"middle\",\"title_position\":\"top-left\",\"title_rotation\":\"left\",\"title_breakpoint\":\"xl\",\"image_position\":\"center-center\",\"id\":\"content\"},\"children\":[{\"type\":\"row\",\"props\":{\"layout\":\"1-2,1-2\",\"match\":true},\"children\":[{\"type\":\"column\",\"props\":{\"position_sticky_breakpoint\":\"m\",\"image_position\":\"center-center\",\"media_overlay_gradient\":\"\",\"width_medium\":\"1-2\"},\"children\":[{\"type\":\"headline\",\"props\":{\"title_element\":\"h2\",\"content\":\"Wooden Packaging\"}},{\"type\":\"text\",\"props\":{\"margin\":\"default\",\"column_breakpoint\":\"m\",\"content\":\"\n\n<p>We are proud to produce the highest quality timber products. Our timber is cut according to its size and produced in place.<\\\/p>\\n\n\n<p>We make the highest quality products that meet the needs of industrial packaging.<\\\/p>\\n\n\n<p>We are able to manufacture any size and style hardwood, conifer or heat-treated products: from blanks for wooden pallets, panels, boxes, to construction timber.<\\\/p>\\n\n\n<p>Delivery is possible not only accros Europe, but also worldwide!<\\\/p>\"}}]},{\"type\":\"column\",\"props\":{\"position_sticky_breakpoint\":\"m\",\"image_position\":\"center-center\",\"media_overlay_gradient\":\"\",\"width_medium\":\"1-2\"},\"children\":[{\"type\":\"slideshow\",\"props\":{\"show_title\":false,\"show_meta\":false,\"show_content\":true,\"show_link\":true,\"show_thumbnail\":true,\"slideshow_min_height\":\"400\",\"slideshow_autoplay_pause\":true,\"nav\":\"thumbnav\",\"nav_position\":\"bottom-center\",\"nav_position_margin\":\"medium\",\"nav_align\":\"center\",\"nav_breakpoint\":\"\",\"thumbnav_width\":\"100\",\"thumbnav_height\":\"75\",\"thumbnav_svg_color\":\"emphasis\",\"slidenav\":\"default\",\"slidenav_margin\":\"\",\"slidenav_breakpoint\":\"\",\"slidenav_outside_breakpoint\":\"s\",\"overlay_position\":\"center-left\",\"overlay_animation\":\"parallax\",\"title_element\":\"h3\",\"meta_style\":\"meta\",\"meta_align\":\"below-title\",\"meta_element\":\"div\",\"link_text\":\"Read more\",\"link_style\":\"default\",\"margin\":\"default\",\"nav_below\":true,\"thumbnav_nowrap\":true,\"slidenav_hover\":true,\"image_width\":\"600\",\"image_height\":\"400\"},\"children\":[{\"type\":\"slideshow_item\",\"props\":{\"title\":\"Medin\\u0117 pakuot\\u0117\",\"image\":\"wp-content\\\/uploads\\\/medine-pakuote.jpg\"}}]}]}]},{\"type\":\"row\",\"children\":[{\"type\":\"column\",\"props\":{\"position_sticky_breakpoint\":\"m\",\"image_position\":\"center-center\",\"media_overlay_gradient\":\"\"},\"children\":[{\"type\":\"headline\",\"props\":{\"title_element\":\"h2\",\"content\":\"BAGETA Possibilities\",\"title_style\":\"heading-large\",\"text_align\":\"center\"},\"name\":\"Atskiriamoji antra\\u0161t\\u0117\"},{\"type\":\"text\",\"props\":{\"margin\":\"default\",\"column_breakpoint\":\"m\",\"content\":\"\n\n<p>BAGETA is not a big sawmill, but a production department, where the entire process of raw wood material processing is controlled. Special orders, finished construction products, different length and thickness wooden elements are produced.<\\\/p>\\n\n\n<p>The production base is constantly modernized, the processes are automated, with the aim of being efficient and economical organizers of activities.<\\\/p>\\n\n\n<p>The delivered production is heat-treated in accordance with ISPM15 standard, therefore it guarantees carefree export.<\\\/p>\\n\n\n<p>Technical possibilities of timber drying kilns ensure heating of wood in accordance with IPPC regulation, and the products are marked with HT symbols.<\\\/p>\"}}]}]},{\"type\":\"row\",\"children\":[{\"type\":\"column\",\"props\":{\"position_sticky_breakpoint\":\"m\",\"image_position\":\"center-center\",\"media_overlay_gradient\":\"\"},\"children\":[{\"type\":\"headline\",\"props\":{\"title_element\":\"h2\",\"content\":\"Wooden packaging products\",\"title_style\":\"heading-large\",\"text_align\":\"center\"},\"name\":\"Atskiriamoji antra\\u0161t\\u0117\"}]}]},{\"type\":\"row\",\"children\":[{\"type\":\"column\",\"props\":{\"position_sticky_breakpoint\":\"m\",\"image_position\":\"center-center\",\"media_overlay_gradient\":\"\"},\"children\":[{\"type\":\"grid\",\"props\":{\"show_title\":true,\"show_meta\":true,\"show_content\":true,\"show_image\":true,\"show_link\":true,\"grid_default\":\"1\",\"grid_medium\":\"3\",\"filter_style\":\"tab\",\"filter_all\":true,\"filter_position\":\"top\",\"filter_align\":\"left\",\"filter_grid_width\":\"auto\",\"filter_grid_breakpoint\":\"m\",\"title_hover_style\":\"reset\",\"title_element\":\"h3\",\"title_align\":\"top\",\"title_grid_width\":\"1-2\",\"title_grid_breakpoint\":\"m\",\"meta_style\":\"meta\",\"meta_align\":\"below-title\",\"meta_element\":\"div\",\"content_column_breakpoint\":\"m\",\"icon_width\":80,\"image_align\":\"top\",\"image_grid_width\":\"1-2\",\"image_grid_breakpoint\":\"m\",\"image_svg_color\":\"emphasis\",\"link_text\":\"Read more\",\"link_style\":\"default\",\"margin\":\"default\",\"item_animation\":true,\"grid_column_align\":false,\"grid_row_align\":false,\"grid_xlarge\":\"3\",\"grid_large\":\"3\",\"grid_small\":\"2\",\"text_align\":\"center\",\"link_fullwidth\":true,\"panel_style\":\"tile-default\",\"panel_image_no_padding\":false,\"panel_padding\":\"\",\"class\":\"uk-match-elements-height\",\"meta_margin\":\"small\",\"content_margin\":\"small\",\"link_margin\":\"small\"},\"children\":[{\"type\":\"grid_item\",\"props\":{\"title\":\"PALLET COLLARS\",\"content\":\"\n\n<p>The versatile product is in demand in the largest supply chains due to its long-term and simple use.<\\\/p>\",\"image\":\"wp-content\\\/uploads\\\/medine-pakuote-mediniu-padeklu-apvadai.jpg\",\"image_alt\":\"\",\"link\":\"en\\\/products\\\/wooden-packaging\\\/wooden-pallet-collars\\\/\",\"link_text\":\"More <span uk-icon=\\\"chevron-double-right\\\"><\\\/span>\"}},{\"type\":\"grid_item\",\"props\":{\"title\":\"WOODEN PALLETS\",\"content\":\"\n\n<p>Functional wooden pallet is used in all industry sectors and supply chains.<\\\/p>\",\"image\":\"wp-content\\\/uploads\\\/medine-pakuote-mediniai-padeklai.jpg\",\"image_alt\":\"\",\"link\":\"en\\\/products\\\/wooden-packaging\\\/wooden-pallets\\\/\",\"link_text\":\"More <span uk-icon=\\\"chevron-double-right\\\"><\\\/span>\"}},{\"type\":\"grid_item\",\"props\":{\"title\":\"WOODEN BOXES\",\"content\":\"\n\n<p>Large in size and firm boxes are used in agricultural sector in order to store production in warehouses, as well as during transportation.<\\\/p>\",\"image\":\"wp-content\\\/uploads\\\/medine-pakuote-medines-dezes.jpg\",\"image_alt\":\"\",\"link\":\"en\\\/products\\\/wooden-packaging\\\/wooden-boxes\\\/\",\"link_text\":\"More <span uk-icon=\\\"chevron-double-right\\\"><\\\/span>\"}},{\"type\":\"grid_item\",\"props\":{\"title\":\"WOODEN GARDEN BEDS\",\"content\":\"\n\n<p>Planting boxes are perfect for forming raised flower beds, raised vegetable beds. The sets are made of coniferous wood.<\\\/p>\",\"image\":\"wp-content\\\/uploads\\\/medine-pakuote-medines-sodo-lysves.jpg\",\"image_alt\":\"\",\"link\":\"en\\\/products\\\/gardening\\\/raised-wooden-beds\\\/\",\"link_text\":\"More <span uk-icon=\\\"chevron-double-right\\\"><\\\/span>\"}},{\"type\":\"grid_item\",\"props\":{\"title\":\"WOODEN PACKAGING ACCESSORIES\",\"content\":\"\n\n<p>Accessories are assembled in the production and warehousing processes to create a functional, unified packaging system.<\\\/p>\",\"image\":\"wp-content\\\/uploads\\\/medine-pakuote-mediniu-padeklu-apvadu-priedai.jpg\",\"image_alt\":\"\",\"link\":\"en\\\/products\\\/wooden-packaging-accessories\\\/\",\"link_text\":\"More <span uk-icon=\\\"chevron-double-right\\\"><\\\/span>\"}},{\"type\":\"grid_item\",\"props\":{\"title\":\"INDUSTRIAL WOODEN PACKAGING\",\"content\":\"\n\n<p>Wooden packaging is designed to protect equipment and other industrial products during transportation and to ensure safety during transportation.<\\\/p>\",\"image\":\"wp-content\\\/uploads\\\/medine-pakuote-pramonine-medine-pakuote.jpg\",\"image_alt\":\"Pramonin\\u0117 medin\\u0117 pakuot\\u0117\",\"link\":\"en\\\/products\\\/wooden-packaging\\\/wooden-boxes\\\/\",\"link_text\":\"More <span uk-icon=\\\"chevron-double-right\\\"><\\\/span>\"}}],\"name\":\"Kategorij\\u0173 blokas\"}]}]}],\"name\":\"Turinys\"}],\"version\":\"2.7.23\"} --><\/p>\n","protected":false},"excerpt":{"rendered":"<p>Wooden Packaging We are proud to produce the highest quality timber products. Our timber is cut according to its size and produced in place. We make the highest quality products that meet the needs of industrial packaging. We are able to manufacture any size and style hardwood, conifer or heat-treated products: from blanks for wooden [&hellip;]<\/p>\n","protected":false},"author":1,"featured_media":0,"parent":3765,"menu_order":43,"comment_status":"closed","ping_status":"closed","template":"","meta":{"_acf_changed":false,"inline_featured_image":false,"footnotes":""},"class_list":["post-3766","page","type-page","status-publish","hentry"],"acf":[],"yoast_head":"<!-- This site is optimized with the Yoast SEO plugin v27.5 - https:\/\/yoast.com\/product\/yoast-seo-wordpress\/ -->\n<title>Wooden Packaging - BAGETA<\/title>\n<meta name=\"description\" content=\"Wooden Packaging We are proud to produce the highest quality timber products. Our timber is cut according to its size and produced in place. We make the\" \/>\n<meta name=\"robots\" content=\"index, follow, max-snippet:-1, max-image-preview:large, max-video-preview:-1\" \/>\n<link rel=\"canonical\" href=\"https:\/\/www.bageta.lt\/en\/products\/wooden-packaging\/\" \/>\n<meta property=\"og:locale\" content=\"en_US\" \/>\n<meta property=\"og:type\" content=\"article\" \/>\n<meta property=\"og:title\" content=\"Wooden Packaging - BAGETA\" \/>\n<meta property=\"og:description\" content=\"Wooden Packaging We are proud to produce the highest quality timber products. Our timber is cut according to its size and produced in place. We make the\" \/>\n<meta property=\"og:url\" content=\"https:\/\/www.bageta.lt\/en\/products\/wooden-packaging\/\" \/>\n<meta property=\"og:site_name\" content=\"BAGETA\" \/>\n<meta property=\"article:modified_time\" content=\"2022-12-08T15:11:45+00:00\" \/>\n<meta name=\"twitter:card\" content=\"summary_large_image\" \/>\n<meta name=\"twitter:label1\" content=\"Est. reading time\" \/>\n\t<meta name=\"twitter:data1\" content=\"4 minutes\" \/>\n<script type=\"application\/ld+json\" class=\"yoast-schema-graph\">{\"@context\":\"https:\\\/\\\/schema.org\",\"@graph\":[{\"@type\":\"WebPage\",\"@id\":\"https:\\\/\\\/www.bageta.lt\\\/en\\\/products\\\/wooden-packaging\\\/\",\"url\":\"https:\\\/\\\/www.bageta.lt\\\/en\\\/products\\\/wooden-packaging\\\/\",\"name\":\"Wooden Packaging - BAGETA\",\"isPartOf\":{\"@id\":\"https:\\\/\\\/www.bageta.lt\\\/en\\\/#website\"},\"datePublished\":\"2022-12-05T12:09:23+00:00\",\"dateModified\":\"2022-12-08T15:11:45+00:00\",\"description\":\"Wooden Packaging We are proud to produce the highest quality timber products. Our timber is cut according to its size and produced in place. We make the\",\"breadcrumb\":{\"@id\":\"https:\\\/\\\/www.bageta.lt\\\/en\\\/products\\\/wooden-packaging\\\/#breadcrumb\"},\"inLanguage\":\"en-US\",\"potentialAction\":[{\"@type\":\"ReadAction\",\"target\":[\"https:\\\/\\\/www.bageta.lt\\\/en\\\/products\\\/wooden-packaging\\\/\"]}]},{\"@type\":\"BreadcrumbList\",\"@id\":\"https:\\\/\\\/www.bageta.lt\\\/en\\\/products\\\/wooden-packaging\\\/#breadcrumb\",\"itemListElement\":[{\"@type\":\"ListItem\",\"position\":1,\"name\":\"Antra\u0161tinis\",\"item\":\"https:\\\/\\\/www.bageta.lt\\\/en\\\/\"},{\"@type\":\"ListItem\",\"position\":2,\"name\":\"Products\",\"item\":\"https:\\\/\\\/www.bageta.lt\\\/en\\\/products\\\/\"},{\"@type\":\"ListItem\",\"position\":3,\"name\":\"Wooden Packaging\"}]},{\"@type\":\"WebSite\",\"@id\":\"https:\\\/\\\/www.bageta.lt\\\/en\\\/#website\",\"url\":\"https:\\\/\\\/www.bageta.lt\\\/en\\\/\",\"name\":\"BAGETA\",\"description\":\"Auk\u0161tos kokyb\u0117s medienos gaminiai\",\"publisher\":{\"@id\":\"https:\\\/\\\/www.bageta.lt\\\/en\\\/#organization\"},\"potentialAction\":[{\"@type\":\"SearchAction\",\"target\":{\"@type\":\"EntryPoint\",\"urlTemplate\":\"https:\\\/\\\/www.bageta.lt\\\/en\\\/?s={search_term_string}\"},\"query-input\":{\"@type\":\"PropertyValueSpecification\",\"valueRequired\":true,\"valueName\":\"search_term_string\"}}],\"inLanguage\":\"en-US\"},{\"@type\":\"Organization\",\"@id\":\"https:\\\/\\\/www.bageta.lt\\\/en\\\/#organization\",\"name\":\"BAGETA, UAB\",\"url\":\"https:\\\/\\\/www.bageta.lt\\\/en\\\/\",\"logo\":{\"@type\":\"ImageObject\",\"inLanguage\":\"en-US\",\"@id\":\"https:\\\/\\\/www.bageta.lt\\\/en\\\/#\\\/schema\\\/logo\\\/image\\\/\",\"url\":\"https:\\\/\\\/www.bageta.lt\\\/wp-content\\\/uploads\\\/bageta-logo.png\",\"contentUrl\":\"https:\\\/\\\/www.bageta.lt\\\/wp-content\\\/uploads\\\/bageta-logo.png\",\"width\":243,\"height\":120,\"caption\":\"BAGETA, UAB\"},\"image\":{\"@id\":\"https:\\\/\\\/www.bageta.lt\\\/en\\\/#\\\/schema\\\/logo\\\/image\\\/\"}}]}<\/script>\n<!-- \/ Yoast SEO plugin. -->","yoast_head_json":{"title":"Wooden Packaging - BAGETA","description":"Wooden Packaging We are proud to produce the highest quality timber products. Our timber is cut according to its size and produced in place. We make the","robots":{"index":"index","follow":"follow","max-snippet":"max-snippet:-1","max-image-preview":"max-image-preview:large","max-video-preview":"max-video-preview:-1"},"canonical":"https:\/\/www.bageta.lt\/en\/products\/wooden-packaging\/","og_locale":"en_US","og_type":"article","og_title":"Wooden Packaging - BAGETA","og_description":"Wooden Packaging We are proud to produce the highest quality timber products. Our timber is cut according to its size and produced in place. We make the","og_url":"https:\/\/www.bageta.lt\/en\/products\/wooden-packaging\/","og_site_name":"BAGETA","article_modified_time":"2022-12-08T15:11:45+00:00","twitter_card":"summary_large_image","twitter_misc":{"Est. reading time":"4 minutes"},"schema":{"@context":"https:\/\/schema.org","@graph":[{"@type":"WebPage","@id":"https:\/\/www.bageta.lt\/en\/products\/wooden-packaging\/","url":"https:\/\/www.bageta.lt\/en\/products\/wooden-packaging\/","name":"Wooden Packaging - BAGETA","isPartOf":{"@id":"https:\/\/www.bageta.lt\/en\/#website"},"datePublished":"2022-12-05T12:09:23+00:00","dateModified":"2022-12-08T15:11:45+00:00","description":"Wooden Packaging We are proud to produce the highest quality timber products. Our timber is cut according to its size and produced in place. We make the","breadcrumb":{"@id":"https:\/\/www.bageta.lt\/en\/products\/wooden-packaging\/#breadcrumb"},"inLanguage":"en-US","potentialAction":[{"@type":"ReadAction","target":["https:\/\/www.bageta.lt\/en\/products\/wooden-packaging\/"]}]},{"@type":"BreadcrumbList","@id":"https:\/\/www.bageta.lt\/en\/products\/wooden-packaging\/#breadcrumb","itemListElement":[{"@type":"ListItem","position":1,"name":"Antra\u0161tinis","item":"https:\/\/www.bageta.lt\/en\/"},{"@type":"ListItem","position":2,"name":"Products","item":"https:\/\/www.bageta.lt\/en\/products\/"},{"@type":"ListItem","position":3,"name":"Wooden Packaging"}]},{"@type":"WebSite","@id":"https:\/\/www.bageta.lt\/en\/#website","url":"https:\/\/www.bageta.lt\/en\/","name":"BAGETA","description":"Auk\u0161tos kokyb\u0117s medienos gaminiai","publisher":{"@id":"https:\/\/www.bageta.lt\/en\/#organization"},"potentialAction":[{"@type":"SearchAction","target":{"@type":"EntryPoint","urlTemplate":"https:\/\/www.bageta.lt\/en\/?s={search_term_string}"},"query-input":{"@type":"PropertyValueSpecification","valueRequired":true,"valueName":"search_term_string"}}],"inLanguage":"en-US"},{"@type":"Organization","@id":"https:\/\/www.bageta.lt\/en\/#organization","name":"BAGETA, UAB","url":"https:\/\/www.bageta.lt\/en\/","logo":{"@type":"ImageObject","inLanguage":"en-US","@id":"https:\/\/www.bageta.lt\/en\/#\/schema\/logo\/image\/","url":"https:\/\/www.bageta.lt\/wp-content\/uploads\/bageta-logo.png","contentUrl":"https:\/\/www.bageta.lt\/wp-content\/uploads\/bageta-logo.png","width":243,"height":120,"caption":"BAGETA, UAB"},"image":{"@id":"https:\/\/www.bageta.lt\/en\/#\/schema\/logo\/image\/"}}]}},"_links":{"self":[{"href":"https:\/\/www.bageta.lt\/en\/wp-json\/wp\/v2\/pages\/3766","targetHints":{"allow":["GET"]}}],"collection":[{"href":"https:\/\/www.bageta.lt\/en\/wp-json\/wp\/v2\/pages"}],"about":[{"href":"https:\/\/www.bageta.lt\/en\/wp-json\/wp\/v2\/types\/page"}],"author":[{"embeddable":true,"href":"https:\/\/www.bageta.lt\/en\/wp-json\/wp\/v2\/users\/1"}],"replies":[{"embeddable":true,"href":"https:\/\/www.bageta.lt\/en\/wp-json\/wp\/v2\/comments?post=3766"}],"version-history":[{"count":0,"href":"https:\/\/www.bageta.lt\/en\/wp-json\/wp\/v2\/pages\/3766\/revisions"}],"up":[{"embeddable":true,"href":"https:\/\/www.bageta.lt\/en\/wp-json\/wp\/v2\/pages\/3765"}],"wp:attachment":[{"href":"https:\/\/www.bageta.lt\/en\/wp-json\/wp\/v2\/media?parent=3766"}],"curies":[{"name":"wp","href":"https:\/\/api.w.org\/{rel}","templated":true}]}}