{"id":3779,"date":"2022-12-05T14:21:07","date_gmt":"2022-12-05T12:21:07","guid":{"rendered":"https:\/\/www.bageta.lt\/?page_id=3779"},"modified":"2022-12-08T17:19:51","modified_gmt":"2022-12-08T15:19:51","slug":"wooden-pallet-collar-600x800-mm","status":"publish","type":"page","link":"https:\/\/www.bageta.lt\/en\/products\/wooden-packaging\/wooden-pallet-collars\/wooden-pallet-collar-600x800-mm\/","title":{"rendered":"Wooden Pallet Collar 600&#215;800 mm"},"content":{"rendered":"<ul>\n<li>\n<p>        <img decoding=\"async\" src=\"\/wp-content\/uploads\/mediniu-padeklu-apvadas-600-800-1.jpg\" alt=\"\"><\/p>\n<h3>Medini\u0173 pad\u0117kl\u0173 apvadas 600&#215;800<\/h3>\n<\/li>\n<li>\n<p>        <img decoding=\"async\" src=\"\/wp-content\/uploads\/mediniu-padeklu-apvadas-600-800-2.jpg\" alt=\"\"><\/p>\n<h3>Medini\u0173 pad\u0117kl\u0173 apvadas 600&#215;800<\/h3>\n<\/li>\n<li>\n<p>        <img decoding=\"async\" src=\"\/wp-content\/uploads\/mediniu-padeklu-apvadas-600-800-3.jpg\" alt=\"\"><\/p>\n<h3>Medini\u0173 pad\u0117kl\u0173 apvadas 600&#215;800<\/h3>\n<\/li>\n<li>\n<p>        <img decoding=\"async\" src=\"\/wp-content\/uploads\/mediniu-padeklu-apvadas-600-800-4.jpg\" alt=\"\"><\/p>\n<h3>Medini\u0173 pad\u0117kl\u0173 apvadas 600&#215;800<\/h3>\n<\/li>\n<li>\n<p>        <img decoding=\"async\" src=\"\/wp-content\/uploads\/mediniu-padeklu-apvadas-600-800-5.jpg\" alt=\"\"><\/p>\n<h3>Medini\u0173 pad\u0117kl\u0173 apvadas 600&#215;800<\/h3>\n<\/li>\n<\/ul>\n<div>\n<h1>Pallet Collar<\/h1>\n<p>600&#215;800 mm<\/p>\n<div>\n<p>Height of collar 196 mm (-1\/+4 mm).<\/p>\n<p>Designed and manufactured in a way that after its assembly it would fit on a respective 600\u00d7800 mm size pallet.<\/p>\n<p>Pallet collars are supplied fully assembled and flat packed to minimize space when not in use\/storage.<\/p>\n<p>By placing the edges vertically on top of each other, a wooden box of the required height can be formed.<\/p>\n<p>Made of boards with planed rounded edges, reducing the chance of splinter injury.<\/p>\n<p>One single board with planed rounded edges is used throughout the entire height of the collar.<\/p>\n<p>UAB &#8220;Bageta&#8221; uses the highest quality coniferous wood, thermally treated according to the ISPM 15 standard, in the production of pallet collars.<\/p>\n<\/div>\n<\/div>\n<h3>Product description<\/h3>\n<div>\n<ul>\n<li>Firm, durable and long-lasting product.<\/li>\n<li>Made of the highest quality wood.<\/li>\n<li>Particularly strong galvanized steel hinges and iron pins are used that are fixed using full-hole rivets.<\/li>\n<li>Made of boards with planed rounded edges, therefore the risk of wounding by splinters is reduced.<\/li>\n<li>Smartly foldable design saves space and is easy to store.<\/li>\n<li>Manufactured in accordance with ISPM 15 standard from heat-treated wood: a guarantee of care-free export.<\/li>\n<li>Complete with 4 hinges for easy fixing to a suitable pallet edge. <\/li>\n<\/ul>\n<\/div>\n<h3>Technical data<\/h3>\n<ul>\n<li>\n<h3>Material<\/h3>\n<div>\n<p>conifer wood FSC MIX 70%<\/p>\n<\/div>\n<\/li>\n<li>\n<h3>Board thickness<\/h3>\n<div>\n<p>20 mm +1\/-0,5 mm<\/p>\n<\/div>\n<\/li>\n<li>\n<h3>Collar height<\/h3>\n<div>\n<p>196 mm +4\/-1 mm<\/p>\n<\/div>\n<\/li>\n<li>\n<h3>Hinges<\/h3>\n<div>\n<p>galvanised steel 1,25\/1,5\/2,00 mm, 4 pc.<\/p>\n<\/div>\n<\/li>\n<li>\n<h3>Standard<\/h3>\n<div>\n<p>HT ISPM15<\/p>\n<\/div>\n<\/li>\n<li>\n<h3>Marking<\/h3>\n<div>\n<p>IPPC<\/p>\n<\/div>\n<\/li>\n<li>\n<h3>Weight<\/h3>\n<div>\n<p>6,50 kg<\/p>\n<\/div>\n<\/li>\n<li>\n<h3>Type (optional)<\/h3>\n<div>\n<p>one or two boards<\/p>\n<\/div>\n<\/li>\n<li>\n<h3>Class (optional)<\/h3>\n<div>\n<p>first or second grade wood<\/p>\n<\/div>\n<\/li>\n<\/ul>\n<h3>FROM PLANNING TO DELIVERY!<\/h3>\n<div>\n<p>We will be happy to quote for pallet collars made from premium or second grade timber.<\/p>\n<\/div>\n<ul>\n<li>\n<div>\n<p>Combined delivery<\/p>\n<\/div>\n<\/li>\n<li>\n<div>\n<p>Delivery by road transport<\/p>\n<\/div>\n<\/li>\n<li>\n<div>\n<p>Worldwide delivery in containers<\/p>\n<\/div>\n<\/li>\n<\/ul>\n<p>\n    <a href=\"#\">CONTACT US<\/a>\n<\/p>\n<p><!--more--><br \/>\n<!-- {\"name\":\"Medini\\u0173 pad\\u0117kl\\u0173 apvado produkto puslapis\",\"type\":\"layout\",\"children\":[{\"type\":\"section\",\"props\":{\"style\":\"default\",\"width\":\"default\",\"vertical_align\":\"middle\",\"title_position\":\"top-left\",\"title_rotation\":\"left\",\"title_breakpoint\":\"\",\"image_position\":\"center-center\",\"class\":\"tm-header-image-section\",\"image_size\":\"cover\",\"header_transparent_noplaceholder\":false,\"title\":\"\",\"media_overlay_gradient\":\"linear-gradient(rgba(30, 24, 20, 0.8) 20%, rgba(0, 0, 0, 0) 100%)\",\"text_color\":\"light\"},\"children\":[{\"type\":\"row\",\"children\":[{\"type\":\"column\",\"props\":{\"image_position\":\"center-center\",\"media_overlay_gradient\":\"\",\"vertical_align\":\"middle\",\"position_sticky_breakpoint\":\"m\"},\"children\":[{\"type\":\"headline\",\"props\":{\"title_element\":\"div\",\"text_align\":\"left\",\"text_align_breakpoint\":\"m\",\"text_align_fallback\":\"center\",\"title_style\":\"heading-large\"},\"source\":{\"query\":{\"name\":\"pages.singlePage\"},\"props\":{\"_condition\":{\"filters\":{\"condition\":\"!!\"},\"name\":\"title\"},\"content\":{\"filters\":{\"search\":\"\"},\"name\":\"title\"}}}}]}]}],\"name\":\"Antra\\u0161t\\u0117 su nuotrauka\",\"source\":{\"query\":{\"name\":\"pages.singlePage\"},\"props\":{\"image\":{\"name\":\"field.header_image.url\"}}}},{\"type\":\"section\",\"props\":{\"style\":\"primary\",\"width\":\"default\",\"vertical_align\":\"middle\",\"title_position\":\"top-left\",\"title_rotation\":\"left\",\"title_breakpoint\":\"xl\",\"image_position\":\"center-center\",\"class\":\"tm-breadcrumbs-section\",\"padding\":\"small\",\"preserve_color\":true},\"children\":[{\"type\":\"row\",\"children\":[{\"type\":\"column\",\"props\":{\"image_position\":\"center-center\",\"media_overlay_gradient\":\"\",\"vertical_align\":\"middle\",\"position_sticky_breakpoint\":\"m\"},\"children\":[{\"type\":\"breadcrumbs\",\"props\":{\"show_home\":true,\"show_current\":true,\"class\":\".tm-breadcrumbs\"}}]}]}],\"name\":\"Navigacija\"},{\"type\":\"section\",\"props\":{\"style\":\"default\",\"width\":\"default\",\"vertical_align\":\"middle\",\"title_position\":\"top-left\",\"title_rotation\":\"left\",\"title_breakpoint\":\"xl\",\"image_position\":\"center-center\"},\"children\":[{\"type\":\"row\",\"props\":{\"layout\":\"1-2,1-2\",\"match\":true,\"margin_remove_bottom\":false},\"children\":[{\"type\":\"column\",\"props\":{\"image_position\":\"center-center\",\"media_overlay_gradient\":\"\",\"width_medium\":\"1-2\",\"position_sticky_breakpoint\":\"m\",\"vertical_align\":\"middle\"},\"children\":[{\"type\":\"slideshow\",\"props\":{\"show_title\":false,\"show_meta\":false,\"show_content\":false,\"show_link\":false,\"show_thumbnail\":false,\"slideshow_min_height\":\"400\",\"slideshow_autoplay_pause\":true,\"nav\":\"thumbnav\",\"nav_position\":\"top-left\",\"nav_position_margin\":\"\",\"nav_align\":\"center\",\"nav_breakpoint\":\"\",\"thumbnav_width\":\"100\",\"thumbnav_height\":\"75\",\"thumbnav_svg_color\":\"emphasis\",\"slidenav\":\"default\",\"slidenav_margin\":\"\",\"slidenav_breakpoint\":\"\",\"slidenav_outside_breakpoint\":\"s\",\"overlay_position\":\"center\",\"overlay_animation\":\"parallax\",\"title_element\":\"h3\",\"meta_style\":\"meta\",\"meta_align\":\"below-title\",\"meta_element\":\"div\",\"link_text\":\"\",\"link_style\":\"default\",\"margin\":\"default\",\"nav_below\":true,\"slidenav_hover\":true,\"overlay_container\":\"\",\"nav_vertical\":true,\"nav_margin\":\"small\"},\"children\":[{\"type\":\"slideshow_item\",\"props\":{\"title\":\"Medini\\u0173 pad\\u0117kl\\u0173 apvadas 600x800\",\"image\":\"wp-content\\\/uploads\\\/mediniu-padeklu-apvadas-600-800-1.jpg\"}},{\"type\":\"slideshow_item\",\"props\":{\"title\":\"Medini\\u0173 pad\\u0117kl\\u0173 apvadas 600x800\",\"image\":\"wp-content\\\/uploads\\\/mediniu-padeklu-apvadas-600-800-2.jpg\"}},{\"type\":\"slideshow_item\",\"props\":{\"title\":\"Medini\\u0173 pad\\u0117kl\\u0173 apvadas 600x800\",\"image\":\"wp-content\\\/uploads\\\/mediniu-padeklu-apvadas-600-800-3.jpg\"}},{\"type\":\"slideshow_item\",\"props\":{\"title\":\"Medini\\u0173 pad\\u0117kl\\u0173 apvadas 600x800\",\"image\":\"wp-content\\\/uploads\\\/mediniu-padeklu-apvadas-600-800-4.jpg\"}},{\"type\":\"slideshow_item\",\"props\":{\"title\":\"Medini\\u0173 pad\\u0117kl\\u0173 apvadas 600x800\",\"image\":\"wp-content\\\/uploads\\\/mediniu-padeklu-apvadas-600-800-5.jpg\"}}]}]},{\"type\":\"column\",\"props\":{\"image_position\":\"center-center\",\"media_overlay_gradient\":\"\",\"width_medium\":\"1-2\",\"position_sticky_breakpoint\":\"m\",\"vertical_align\":\"middle\"},\"children\":[{\"type\":\"panel\",\"props\":{\"link_text\":\"Read more\",\"title_hover_style\":\"reset\",\"title_element\":\"h1\",\"title_align\":\"top\",\"title_grid_width\":\"1-2\",\"title_grid_breakpoint\":\"m\",\"meta_style\":\"lead\",\"meta_align\":\"below-title\",\"meta_element\":\"div\",\"content_column_breakpoint\":\"m\",\"icon_width\":80,\"image_align\":\"top\",\"image_grid_width\":\"1-2\",\"image_grid_breakpoint\":\"m\",\"image_svg_color\":\"emphasis\",\"link_style\":\"default\",\"margin\":\"default\",\"title\":\"Pallet Collar\",\"meta\":\"600x800 mm\",\"content\":\"\n\n<p>Height of collar 196 mm (-1\\\/+4 mm).<\\\/p>\\n\n\n<p>Designed and manufactured in a way that after its assembly it would fit on a respective 600\\u00d7800 mm size pallet.<\\\/p>\\n\n\n<p>Pallet collars are supplied fully assembled and flat packed to minimize space when not in use\\\/storage.<\\\/p>\\n\n\n<p>By placing the edges vertically on top of each other, a wooden box of the required height can be formed.<\\\/p>\\n\n\n<p>Made of boards with planed rounded edges, reducing the chance of splinter injury.<\\\/p>\\n\n\n<p>One single board with planed rounded edges is used throughout the entire height of the collar.<\\\/p>\\n\n\n<p>UAB \\\"Bageta\\\" uses the highest quality coniferous wood, thermally treated according to the ISPM 15 standard, in the production of pallet collars.<\\\/p>\",\"title_style\":\"heading-large\"}}]}]},{\"type\":\"row\",\"props\":{\"layout\":\"1-2,1-2\"},\"children\":[{\"type\":\"column\",\"props\":{\"position_sticky_breakpoint\":\"m\",\"image_position\":\"center-center\",\"media_overlay_gradient\":\"\",\"width_medium\":\"1-2\"},\"children\":[{\"type\":\"headline\",\"props\":{\"title_element\":\"h3\",\"content\":\"Product description\"}},{\"type\":\"text\",\"props\":{\"margin\":\"default\",\"column_breakpoint\":\"m\",\"content\":\"\n\n<ul>\\n\n\n<li>Firm, durable and long-lasting product.<\\\/li>\\n\n\n<li>Made of the highest quality wood.<\\\/li>\\n\n\n<li>Particularly strong galvanized steel hinges and iron pins are used that are fixed using full-hole rivets.<\\\/li>\\n\n\n<li>Made of boards with planed rounded edges, therefore the risk of wounding by splinters is reduced.<\\\/li>\\n\n\n<li>Smartly foldable design saves space and is easy to store.<\\\/li>\\n\n\n<li>Manufactured in accordance with ISPM 15 standard from heat-treated wood: a guarantee of care-free export.<\\\/li>\\n\n\n<li>Complete with 4 hinges for easy fixing to a suitable pallet edge. <\\\/li>\\n<\\\/ul>\"}}]},{\"type\":\"column\",\"props\":{\"position_sticky_breakpoint\":\"m\",\"image_position\":\"center-center\",\"media_overlay_gradient\":\"\",\"width_medium\":\"1-2\"},\"children\":[{\"type\":\"headline\",\"props\":{\"title_element\":\"h3\",\"content\":\"Technical data\"}},{\"type\":\"description_list\",\"props\":{\"show_title\":true,\"show_meta\":true,\"show_content\":true,\"show_link\":true,\"list_element\":\"ul\",\"column_breakpoint\":\"m\",\"layout\":\"grid-2\",\"title_grid_width\":\"small\",\"title_grid_column_gap\":\"small\",\"title_grid_row_gap\":\"small\",\"title_element\":\"div\",\"meta_style\":\"meta\",\"meta_align\":\"below-content\",\"title_colon\":true,\"title_style\":\"text-bold\"},\"children\":[{\"type\":\"description_list_item\",\"props\":{\"title\":\"Material\",\"content\":\"\n\n<p>conifer wood FSC MIX 70%<\\\/p>\"}},{\"type\":\"description_list_item\",\"props\":{\"title\":\"Board thickness\",\"content\":\"\n\n<p>20 mm +1\\\/-0,5 mm<\\\/p>\"}},{\"type\":\"description_list_item\",\"props\":{\"title\":\"Collar height\",\"content\":\"\n\n<p>196 mm +4\\\/-1 mm<\\\/p>\"}},{\"type\":\"description_list_item\",\"props\":{\"title\":\"Hinges\",\"content\":\"\n\n<p>galvanised steel 1,25\\\/1,5\\\/2,00 mm, 4 pc.<\\\/p>\"}},{\"type\":\"description_list_item\",\"props\":{\"title\":\"Standard\",\"content\":\"\n\n<p>HT ISPM15<\\\/p>\"}},{\"type\":\"description_list_item\",\"props\":{\"title\":\"Marking\",\"content\":\"\n\n<p>IPPC<\\\/p>\"}},{\"type\":\"description_list_item\",\"props\":{\"title\":\"Weight\",\"content\":\"\n\n<p>6,50 kg<\\\/p>\"}},{\"type\":\"description_list_item\",\"props\":{\"content\":\"\n\n<p>one or two boards<\\\/p>\",\"title\":\"Type (optional)\"}},{\"type\":\"description_list_item\",\"props\":{\"title\":\"Class (optional)\",\"content\":\"\n\n<p>first or second grade wood<\\\/p>\"}}]}]}]}],\"name\":\"Turinys\"},{\"type\":\"section\",\"props\":{\"style\":\"secondary\",\"width\":\"default\",\"vertical_align\":\"middle\",\"title_position\":\"top-left\",\"title_rotation\":\"left\",\"title_breakpoint\":\"xl\",\"image_position\":\"center-center\"},\"children\":[{\"type\":\"row\",\"props\":{\"margin_remove_bottom\":true},\"children\":[{\"type\":\"column\",\"props\":{\"position_sticky_breakpoint\":\"m\",\"image_position\":\"center-center\",\"media_overlay_gradient\":\"\"},\"children\":[{\"type\":\"headline\",\"props\":{\"title_element\":\"h3\",\"content\":\"FROM PLANNING TO DELIVERY!\",\"title_style\":\"heading-large\",\"text_align\":\"center\"}}]}]},{\"type\":\"row\",\"children\":[{\"type\":\"column\",\"props\":{\"position_sticky_breakpoint\":\"m\",\"image_position\":\"center-center\",\"media_overlay_gradient\":\"\",\"width_medium\":\"1-2\",\"vertical_align\":\"middle\"},\"children\":[{\"type\":\"text\",\"props\":{\"margin\":\"default\",\"column_breakpoint\":\"m\",\"content\":\"\n\n<p>We will be happy to quote for pallet collars made from premium or second grade timber.<\\\/p>\",\"text_align\":\"center\",\"text_style\":\"lead\"},\"name\":\"Pary\\u0161kintas tekstas\"}]},{\"type\":\"column\",\"props\":{\"position_sticky_breakpoint\":\"m\",\"image_position\":\"center-center\",\"media_overlay_gradient\":\"\",\"width_medium\":\"1-2\",\"vertical_align\":\"middle\"},\"children\":[{\"type\":\"list\",\"props\":{\"show_image\":true,\"show_link\":true,\"list_type\":\"vertical\",\"list_element\":\"ul\",\"list_horizontal_separator\":\", \",\"column_breakpoint\":\"m\",\"image_svg_color\":\"emphasis\",\"image_align\":\"left\",\"image_vertical_align\":true,\"text_align\":\"center\"},\"children\":[{\"type\":\"list_item\",\"props\":{\"content\":\"\n\n<p>Combined delivery<\\\/p>\",\"icon\":\"check\"}},{\"type\":\"list_item\",\"props\":{\"content\":\"\n\n<p>Delivery by road transport<\\\/p>\",\"icon\":\"check\"}},{\"type\":\"list_item\",\"props\":{\"content\":\"\n\n<p>Worldwide delivery in containers<\\\/p>\",\"icon\":\"check\"}}]}]}],\"props\":{\"layout\":\"1-2,1-2\",\"match\":true,\"margin_remove_bottom\":true}},{\"type\":\"row\",\"children\":[{\"type\":\"column\",\"props\":{\"position_sticky_breakpoint\":\"m\",\"image_position\":\"center-center\",\"media_overlay_gradient\":\"\"},\"children\":[{\"type\":\"button\",\"props\":{\"grid_column_gap\":\"small\",\"grid_row_gap\":\"small\",\"margin\":\"default\",\"fullwidth\":false,\"attributes\":\"uk-toggle=\\\"target: #modal\\\"\",\"text_align\":\"center\"},\"children\":[{\"type\":\"button_item\",\"props\":{\"button_style\":\"default\",\"icon_align\":\"right\",\"content\":\"CONTACT US\",\"link\":\"#\",\"icon\":\"file-edit\",\"link_target\":\"modal\"}}]}]}]}],\"name\":\"Susisiekti\"}],\"version\":\"2.7.23\"} --><\/p>\n","protected":false},"excerpt":{"rendered":"<p>Medini\u0173 pad\u0117kl\u0173 apvadas 600&#215;800 Medini\u0173 pad\u0117kl\u0173 apvadas 600&#215;800 Medini\u0173 pad\u0117kl\u0173 apvadas 600&#215;800 Medini\u0173 pad\u0117kl\u0173 apvadas 600&#215;800 Medini\u0173 pad\u0117kl\u0173 apvadas 600&#215;800 Pallet Collar 600&#215;800 mm Height of collar 196 mm (-1\/+4 mm). Designed and manufactured in a way that after its assembly it would fit on a respective 600\u00d7800 mm size pallet. Pallet collars are supplied [&hellip;]<\/p>\n","protected":false},"author":1,"featured_media":0,"parent":3777,"menu_order":71,"comment_status":"closed","ping_status":"closed","template":"","meta":{"_acf_changed":false,"inline_featured_image":false,"footnotes":""},"class_list":["post-3779","page","type-page","status-publish","hentry"],"acf":[],"yoast_head":"<!-- This site is optimized with the Yoast SEO plugin v27.5 - https:\/\/yoast.com\/product\/yoast-seo-wordpress\/ -->\n<title>Wooden Pallet Collar 600x800 mm - BAGETA<\/title>\n<meta name=\"description\" content=\"Medini\u0173 pad\u0117kl\u0173 apvadas 600x800 Medini\u0173 pad\u0117kl\u0173 apvadas 600x800 Medini\u0173 pad\u0117kl\u0173 apvadas 600x800 Medini\u0173 pad\u0117kl\u0173 apvadas 600x800 Medini\u0173 pad\u0117kl\u0173 apvadas\" \/>\n<meta name=\"robots\" content=\"index, follow, max-snippet:-1, max-image-preview:large, max-video-preview:-1\" \/>\n<link rel=\"canonical\" href=\"https:\/\/www.bageta.lt\/en\/products\/wooden-packaging\/wooden-pallet-collars\/wooden-pallet-collar-600x800-mm\/\" \/>\n<meta property=\"og:locale\" content=\"en_US\" \/>\n<meta property=\"og:type\" content=\"article\" \/>\n<meta property=\"og:title\" content=\"Wooden Pallet Collar 600x800 mm - BAGETA\" \/>\n<meta property=\"og:description\" content=\"Medini\u0173 pad\u0117kl\u0173 apvadas 600x800 Medini\u0173 pad\u0117kl\u0173 apvadas 600x800 Medini\u0173 pad\u0117kl\u0173 apvadas 600x800 Medini\u0173 pad\u0117kl\u0173 apvadas 600x800 Medini\u0173 pad\u0117kl\u0173 apvadas\" \/>\n<meta property=\"og:url\" content=\"https:\/\/www.bageta.lt\/en\/products\/wooden-packaging\/wooden-pallet-collars\/wooden-pallet-collar-600x800-mm\/\" \/>\n<meta property=\"og:site_name\" content=\"BAGETA\" \/>\n<meta property=\"article:modified_time\" content=\"2022-12-08T15:19:51+00:00\" \/>\n<meta name=\"twitter:card\" content=\"summary_large_image\" \/>\n<meta name=\"twitter:label1\" content=\"Est. reading time\" \/>\n\t<meta name=\"twitter:data1\" content=\"4 minutes\" \/>\n<script type=\"application\/ld+json\" class=\"yoast-schema-graph\">{\"@context\":\"https:\\\/\\\/schema.org\",\"@graph\":[{\"@type\":\"WebPage\",\"@id\":\"https:\\\/\\\/www.bageta.lt\\\/en\\\/products\\\/wooden-packaging\\\/wooden-pallet-collars\\\/wooden-pallet-collar-600x800-mm\\\/\",\"url\":\"https:\\\/\\\/www.bageta.lt\\\/en\\\/products\\\/wooden-packaging\\\/wooden-pallet-collars\\\/wooden-pallet-collar-600x800-mm\\\/\",\"name\":\"Wooden Pallet Collar 600x800 mm - BAGETA\",\"isPartOf\":{\"@id\":\"https:\\\/\\\/www.bageta.lt\\\/en\\\/#website\"},\"datePublished\":\"2022-12-05T12:21:07+00:00\",\"dateModified\":\"2022-12-08T15:19:51+00:00\",\"description\":\"Medini\u0173 pad\u0117kl\u0173 apvadas 600x800 Medini\u0173 pad\u0117kl\u0173 apvadas 600x800 Medini\u0173 pad\u0117kl\u0173 apvadas 600x800 Medini\u0173 pad\u0117kl\u0173 apvadas 600x800 Medini\u0173 pad\u0117kl\u0173 apvadas\",\"breadcrumb\":{\"@id\":\"https:\\\/\\\/www.bageta.lt\\\/en\\\/products\\\/wooden-packaging\\\/wooden-pallet-collars\\\/wooden-pallet-collar-600x800-mm\\\/#breadcrumb\"},\"inLanguage\":\"en-US\",\"potentialAction\":[{\"@type\":\"ReadAction\",\"target\":[\"https:\\\/\\\/www.bageta.lt\\\/en\\\/products\\\/wooden-packaging\\\/wooden-pallet-collars\\\/wooden-pallet-collar-600x800-mm\\\/\"]}]},{\"@type\":\"BreadcrumbList\",\"@id\":\"https:\\\/\\\/www.bageta.lt\\\/en\\\/products\\\/wooden-packaging\\\/wooden-pallet-collars\\\/wooden-pallet-collar-600x800-mm\\\/#breadcrumb\",\"itemListElement\":[{\"@type\":\"ListItem\",\"position\":1,\"name\":\"Antra\u0161tinis\",\"item\":\"https:\\\/\\\/www.bageta.lt\\\/en\\\/\"},{\"@type\":\"ListItem\",\"position\":2,\"name\":\"Products\",\"item\":\"https:\\\/\\\/www.bageta.lt\\\/en\\\/products\\\/\"},{\"@type\":\"ListItem\",\"position\":3,\"name\":\"Wooden Packaging\",\"item\":\"https:\\\/\\\/www.bageta.lt\\\/en\\\/products\\\/wooden-packaging\\\/\"},{\"@type\":\"ListItem\",\"position\":4,\"name\":\"Wooden Pallet Collars\",\"item\":\"https:\\\/\\\/www.bageta.lt\\\/en\\\/products\\\/wooden-packaging\\\/wooden-pallet-collars\\\/\"},{\"@type\":\"ListItem\",\"position\":5,\"name\":\"Wooden Pallet Collar 600&#215;800 mm\"}]},{\"@type\":\"WebSite\",\"@id\":\"https:\\\/\\\/www.bageta.lt\\\/en\\\/#website\",\"url\":\"https:\\\/\\\/www.bageta.lt\\\/en\\\/\",\"name\":\"BAGETA\",\"description\":\"Auk\u0161tos kokyb\u0117s medienos gaminiai\",\"publisher\":{\"@id\":\"https:\\\/\\\/www.bageta.lt\\\/en\\\/#organization\"},\"potentialAction\":[{\"@type\":\"SearchAction\",\"target\":{\"@type\":\"EntryPoint\",\"urlTemplate\":\"https:\\\/\\\/www.bageta.lt\\\/en\\\/?s={search_term_string}\"},\"query-input\":{\"@type\":\"PropertyValueSpecification\",\"valueRequired\":true,\"valueName\":\"search_term_string\"}}],\"inLanguage\":\"en-US\"},{\"@type\":\"Organization\",\"@id\":\"https:\\\/\\\/www.bageta.lt\\\/en\\\/#organization\",\"name\":\"BAGETA, UAB\",\"url\":\"https:\\\/\\\/www.bageta.lt\\\/en\\\/\",\"logo\":{\"@type\":\"ImageObject\",\"inLanguage\":\"en-US\",\"@id\":\"https:\\\/\\\/www.bageta.lt\\\/en\\\/#\\\/schema\\\/logo\\\/image\\\/\",\"url\":\"https:\\\/\\\/www.bageta.lt\\\/wp-content\\\/uploads\\\/bageta-logo.png\",\"contentUrl\":\"https:\\\/\\\/www.bageta.lt\\\/wp-content\\\/uploads\\\/bageta-logo.png\",\"width\":243,\"height\":120,\"caption\":\"BAGETA, UAB\"},\"image\":{\"@id\":\"https:\\\/\\\/www.bageta.lt\\\/en\\\/#\\\/schema\\\/logo\\\/image\\\/\"}}]}<\/script>\n<!-- \/ Yoast SEO plugin. -->","yoast_head_json":{"title":"Wooden Pallet Collar 600x800 mm - BAGETA","description":"Medini\u0173 pad\u0117kl\u0173 apvadas 600x800 Medini\u0173 pad\u0117kl\u0173 apvadas 600x800 Medini\u0173 pad\u0117kl\u0173 apvadas 600x800 Medini\u0173 pad\u0117kl\u0173 apvadas 600x800 Medini\u0173 pad\u0117kl\u0173 apvadas","robots":{"index":"index","follow":"follow","max-snippet":"max-snippet:-1","max-image-preview":"max-image-preview:large","max-video-preview":"max-video-preview:-1"},"canonical":"https:\/\/www.bageta.lt\/en\/products\/wooden-packaging\/wooden-pallet-collars\/wooden-pallet-collar-600x800-mm\/","og_locale":"en_US","og_type":"article","og_title":"Wooden Pallet Collar 600x800 mm - BAGETA","og_description":"Medini\u0173 pad\u0117kl\u0173 apvadas 600x800 Medini\u0173 pad\u0117kl\u0173 apvadas 600x800 Medini\u0173 pad\u0117kl\u0173 apvadas 600x800 Medini\u0173 pad\u0117kl\u0173 apvadas 600x800 Medini\u0173 pad\u0117kl\u0173 apvadas","og_url":"https:\/\/www.bageta.lt\/en\/products\/wooden-packaging\/wooden-pallet-collars\/wooden-pallet-collar-600x800-mm\/","og_site_name":"BAGETA","article_modified_time":"2022-12-08T15:19:51+00:00","twitter_card":"summary_large_image","twitter_misc":{"Est. reading time":"4 minutes"},"schema":{"@context":"https:\/\/schema.org","@graph":[{"@type":"WebPage","@id":"https:\/\/www.bageta.lt\/en\/products\/wooden-packaging\/wooden-pallet-collars\/wooden-pallet-collar-600x800-mm\/","url":"https:\/\/www.bageta.lt\/en\/products\/wooden-packaging\/wooden-pallet-collars\/wooden-pallet-collar-600x800-mm\/","name":"Wooden Pallet Collar 600x800 mm - BAGETA","isPartOf":{"@id":"https:\/\/www.bageta.lt\/en\/#website"},"datePublished":"2022-12-05T12:21:07+00:00","dateModified":"2022-12-08T15:19:51+00:00","description":"Medini\u0173 pad\u0117kl\u0173 apvadas 600x800 Medini\u0173 pad\u0117kl\u0173 apvadas 600x800 Medini\u0173 pad\u0117kl\u0173 apvadas 600x800 Medini\u0173 pad\u0117kl\u0173 apvadas 600x800 Medini\u0173 pad\u0117kl\u0173 apvadas","breadcrumb":{"@id":"https:\/\/www.bageta.lt\/en\/products\/wooden-packaging\/wooden-pallet-collars\/wooden-pallet-collar-600x800-mm\/#breadcrumb"},"inLanguage":"en-US","potentialAction":[{"@type":"ReadAction","target":["https:\/\/www.bageta.lt\/en\/products\/wooden-packaging\/wooden-pallet-collars\/wooden-pallet-collar-600x800-mm\/"]}]},{"@type":"BreadcrumbList","@id":"https:\/\/www.bageta.lt\/en\/products\/wooden-packaging\/wooden-pallet-collars\/wooden-pallet-collar-600x800-mm\/#breadcrumb","itemListElement":[{"@type":"ListItem","position":1,"name":"Antra\u0161tinis","item":"https:\/\/www.bageta.lt\/en\/"},{"@type":"ListItem","position":2,"name":"Products","item":"https:\/\/www.bageta.lt\/en\/products\/"},{"@type":"ListItem","position":3,"name":"Wooden Packaging","item":"https:\/\/www.bageta.lt\/en\/products\/wooden-packaging\/"},{"@type":"ListItem","position":4,"name":"Wooden Pallet Collars","item":"https:\/\/www.bageta.lt\/en\/products\/wooden-packaging\/wooden-pallet-collars\/"},{"@type":"ListItem","position":5,"name":"Wooden Pallet Collar 600&#215;800 mm"}]},{"@type":"WebSite","@id":"https:\/\/www.bageta.lt\/en\/#website","url":"https:\/\/www.bageta.lt\/en\/","name":"BAGETA","description":"Auk\u0161tos kokyb\u0117s medienos gaminiai","publisher":{"@id":"https:\/\/www.bageta.lt\/en\/#organization"},"potentialAction":[{"@type":"SearchAction","target":{"@type":"EntryPoint","urlTemplate":"https:\/\/www.bageta.lt\/en\/?s={search_term_string}"},"query-input":{"@type":"PropertyValueSpecification","valueRequired":true,"valueName":"search_term_string"}}],"inLanguage":"en-US"},{"@type":"Organization","@id":"https:\/\/www.bageta.lt\/en\/#organization","name":"BAGETA, UAB","url":"https:\/\/www.bageta.lt\/en\/","logo":{"@type":"ImageObject","inLanguage":"en-US","@id":"https:\/\/www.bageta.lt\/en\/#\/schema\/logo\/image\/","url":"https:\/\/www.bageta.lt\/wp-content\/uploads\/bageta-logo.png","contentUrl":"https:\/\/www.bageta.lt\/wp-content\/uploads\/bageta-logo.png","width":243,"height":120,"caption":"BAGETA, UAB"},"image":{"@id":"https:\/\/www.bageta.lt\/en\/#\/schema\/logo\/image\/"}}]}},"_links":{"self":[{"href":"https:\/\/www.bageta.lt\/en\/wp-json\/wp\/v2\/pages\/3779","targetHints":{"allow":["GET"]}}],"collection":[{"href":"https:\/\/www.bageta.lt\/en\/wp-json\/wp\/v2\/pages"}],"about":[{"href":"https:\/\/www.bageta.lt\/en\/wp-json\/wp\/v2\/types\/page"}],"author":[{"embeddable":true,"href":"https:\/\/www.bageta.lt\/en\/wp-json\/wp\/v2\/users\/1"}],"replies":[{"embeddable":true,"href":"https:\/\/www.bageta.lt\/en\/wp-json\/wp\/v2\/comments?post=3779"}],"version-history":[{"count":0,"href":"https:\/\/www.bageta.lt\/en\/wp-json\/wp\/v2\/pages\/3779\/revisions"}],"up":[{"embeddable":true,"href":"https:\/\/www.bageta.lt\/en\/wp-json\/wp\/v2\/pages\/3777"}],"wp:attachment":[{"href":"https:\/\/www.bageta.lt\/en\/wp-json\/wp\/v2\/media?parent=3779"}],"curies":[{"name":"wp","href":"https:\/\/api.w.org\/{rel}","templated":true}]}}