{"id":4567,"date":"2023-07-25T10:20:40","date_gmt":"2023-07-25T08:20:40","guid":{"rendered":"https:\/\/www.bageta.lt\/?page_id=4567"},"modified":"2024-04-25T10:20:05","modified_gmt":"2024-04-25T08:20:05","slug":"pagina-iniziale","status":"publish","type":"page","link":"https:\/\/www.bageta.lt\/it\/","title":{"rendered":"Intestazione"},"content":{"rendered":"<div>&nbsp;<\/div>\n<h1>Professionalit\u00e0 ed esperienza nel settore della lavorazione del legno<\/h1>\n<div>\n<p>Produciamo prodotti di altissima qualit\u00e0 per soddisfare le vostre esigenze di imballaggio<\/p>\n<\/div>\n<div>\n<p>        <img decoding=\"async\" src=\"\/wp-content\/uploads\/apie-mus-padeklu-gamykla.jpg\" alt=\"BAGETA teritorija\"><\/p>\n<h3>AZIENDA<\/h3>\n<div>\n<p>La flessibilit\u00e0 in relazione ai clienti e la comunanza nel team consentono all&#8217;azienda di crescere e rispondere alla crescente domanda. Un servizio mirato e tempestivo garantisce un valore collaborativo per i clienti di tutto il mondo.<\/p>\n<\/div>\n<p><a href=\"\/it\/chi-siamo\/\">Pi\u00f9 su di noi <span uk-icon=\"chevron-double-right\"><\/span><\/a><\/p>\n<\/div>\n<h2>Saremo lieti di iniziare la cooperazione con voi!<\/h2>\n<div>\n<p>        <img decoding=\"async\" src=\"\/wp-content\/uploads\/antrastinis-medienos-sektorius.jpg\" alt=\"Medienos sektorius\"><\/p>\n<h3>SETTORE LEGNO<\/h3>\n<div>\n<p><span>Siamo orgogliosi di produrre generazione dopo generazione legname di altissima qualit\u00e0. Ci occupiamo di tutti i processi di lavorazione del legno, dal trasporto dei tronchi dai siti di disboscamento alla segatura dei grezzi di legno.<\/span><\/p>\n<\/div>\n<p><a href=\"\/it\/prodotti\/\">Di pi\u00f9 <span uk-icon=\"chevron-double-right\"><\/span><\/a><\/p>\n<\/div>\n<hr>\n<ul>\n<li>\n<p>        <img decoding=\"async\" src=\"\/wp-content\/uploads\/antrastinis-medine-pakuote.jpg\" alt=\"Medin\u0117 pakuot\u0117\"><\/p>\n<h3>IMBALLAGGIO IN LEGNO<\/h3>\n<div>\n<p>Produzione e fornitura di prodotti di alta qualit\u00e0 che soddisfano le esigenze dell&#8217;imballaggio industriale.<\/p>\n<\/div>\n<p><a href=\"\/it\/prodotti\/imballaggio-in-legno\/\">Di pi\u00f9 <span uk-icon=\"chevron-double-right\"><\/span><\/a><\/p>\n<\/li>\n<li>\n<p>        <img decoding=\"async\" src=\"\/wp-content\/uploads\/antrastinis-mediniai-padeklai.jpg\" alt=\"Mediniai pad\u0117klai\"><\/p>\n<h3>BANCALI DI LEGNO<\/h3>\n<div>\n<p>Produzione di pallet in legno standard e individuali per tutti i settori.<\/p>\n<\/div>\n<p><a href=\"\/it\/prodotti\/imballaggio-in-legno\/pallet-in-legno\/\">Di pi\u00f9 <span uk-icon=\"chevron-double-right\"><\/span><\/a><\/p>\n<\/li>\n<li>\n<p>        <img decoding=\"async\" src=\"\/wp-content\/uploads\/antrastinis-medienos-granules.jpg\" alt=\"Medienos granul\u0117s\"><\/p>\n<h3>PELLET DI LEGNO<\/h3>\n<div>\n<p>I pellet di legno da legno naturale per il combustibile sono ecologici, sostenibili, CO2 neutrali.<\/p>\n<\/div>\n<p><a href=\"\/it\/prodotti\/biocombustibile\/pellet-di-legno\/\">Di pi\u00f9 <span uk-icon=\"chevron-double-right\"><\/span><\/a><\/p>\n<\/li>\n<\/ul>\n<ul>\n<li>\n<p>        <img decoding=\"async\" src=\"\/wp-content\/uploads\/sertifikatas-ISO9001.svg\" alt=\"Sertifikatas ISO 9001\"><\/p>\n<h3>Sertifikatas ISO 9001<\/h3>\n<\/li>\n<li>\n<p>        <img decoding=\"async\" src=\"\/wp-content\/uploads\/sertifikatas-A1.svg\" alt=\"Sertifikatas A1\"><\/p>\n<h3>Sertifikatas A1<\/h3>\n<\/li>\n<li>\n<p>        <img decoding=\"async\" src=\"\/wp-content\/uploads\/sertifikatas-A2.svg\" alt=\"Sertifikatas A2\"><\/p>\n<h3>Sertifikatas A2<\/h3>\n<\/li>\n<li>\n<p>        <img decoding=\"async\" src=\"\/wp-content\/uploads\/sertifikatas-IPPC.svg\" alt=\"\"><\/p>\n<h3>Sertifikatas IPPC<\/h3>\n<\/li>\n<li>\n<p>        <img decoding=\"async\" src=\"\/wp-content\/uploads\/sertifikatas-FSC.svg\" alt=\"Sertifikatas FSC\"><\/p>\n<h3>Sertifikatas FSC<\/h3>\n<\/li>\n<\/ul>\n<p><!--more--><br \/>\n<!-- {\"name\":\"Video\",\"type\":\"layout\",\"children\":[{\"type\":\"section\",\"props\":{\"style\":\"default\",\"width\":\"default\",\"vertical_align\":\"middle\",\"title_position\":\"top-left\",\"title_rotation\":\"left\",\"title_breakpoint\":\"xl\",\"image_position\":\"center-center\",\"video\":\"wp-content\\\/uploads\\\/bageta-video-1920x1080-1.mp4\",\"class\":\"tm-header-video-section\",\"overlap\":false,\"padding_remove_top\":false,\"media_overlay_gradient\":\"linear-gradient(rgba(30, 24, 20, 0.8) 25%, rgba(0, 0, 0, 0) 100%);\",\"text_color\":\"light\"},\"children\":[{\"type\":\"row\",\"props\":{\"match\":false,\"class\":\"\"},\"children\":[{\"type\":\"column\",\"props\":{\"image_position\":\"center-center\",\"media_overlay_gradient\":\"\",\"vertical_align\":\"middle\",\"width_medium\":\"\",\"position_sticky_breakpoint\":\"m\"},\"children\":[{\"type\":\"headline\",\"props\":{\"title_element\":\"div\",\"content\":\"&nbsp;\",\"class\":\"\",\"title_style\":\"h1\",\"margin_remove_top\":false,\"margin_remove_bottom\":false,\"title_color\":\"secondary\",\"text_align\":\"left\",\"text_align_breakpoint\":\"m\",\"text_align_fallback\":\"center\"}}]}]}],\"name\":\"Antra\\u0161t\\u0117 su video\",\"modified\":\"2020-11-30T09:52:43.269Z\"},{\"type\":\"section\",\"props\":{\"style\":\"default\",\"width\":\"default\",\"vertical_align\":\"middle\",\"title_position\":\"top-left\",\"title_rotation\":\"left\",\"title_breakpoint\":\"xl\",\"image_position\":\"center-center\"},\"children\":[{\"type\":\"row\",\"children\":[{\"type\":\"column\",\"props\":{\"image_position\":\"center-center\",\"media_overlay_gradient\":\"\",\"width_medium\":\"\",\"position_sticky_breakpoint\":\"m\"},\"children\":[{\"type\":\"headline\",\"props\":{\"title_element\":\"h1\",\"content\":\"Professionalit\\u00e0 ed esperienza nel settore della lavorazione del legno\",\"title_style\":\"heading-large\",\"text_align\":\"center\"},\"name\":\"Pagrindin\\u0117 antra\\u0161t\\u0117\"},{\"type\":\"text\",\"props\":{\"margin\":\"default\",\"column_breakpoint\":\"m\",\"content\":\"\n\n<p>Produciamo prodotti di altissima qualit\\u00e0 per soddisfare le vostre esigenze di imballaggio<\\\/p>\",\"text_align\":\"center\",\"text_style\":\"lead\",\"margin_remove_top\":true}}]}]},{\"type\":\"row\",\"children\":[{\"type\":\"column\",\"props\":{\"position_sticky_breakpoint\":\"m\",\"image_position\":\"center-center\",\"media_overlay_gradient\":\"\"},\"children\":[{\"type\":\"panel\",\"props\":{\"link_text\":\"Pi\\u00f9 su di noi <span uk-icon=\\\"chevron-double-right\\\"><\\\/span>\",\"title_hover_style\":\"reset\",\"title_element\":\"h3\",\"title_align\":\"top\",\"title_grid_width\":\"1-2\",\"title_grid_breakpoint\":\"m\",\"meta_style\":\"meta\",\"meta_align\":\"below-title\",\"meta_element\":\"div\",\"content_column_breakpoint\":\"m\",\"icon_width\":80,\"image_align\":\"right\",\"image_grid_width\":\"1-2\",\"image_grid_breakpoint\":\"m\",\"image_svg_color\":\"emphasis\",\"link_style\":\"default\",\"margin\":\"default\",\"title\":\"AZIENDA\",\"content\":\"\n\n<p>La flessibilit\\u00e0 in relazione ai clienti e la comunanza nel team consentono all'azienda di crescere e rispondere alla crescente domanda. Un servizio mirato e tempestivo garantisce un valore collaborativo per i clienti di tutto il mondo.<\\\/p>\",\"link\":\"it\\\/chi-siamo\\\/\",\"image\":\"wp-content\\\/uploads\\\/apie-mus-padeklu-gamykla.jpg\",\"image_alt\":\"BAGETA teritorija\",\"image_vertical_align\":true},\"name\":\"Kategorijos blokas\"}]}]},{\"type\":\"row\",\"children\":[{\"type\":\"column\",\"props\":{\"image_position\":\"center-center\",\"media_overlay_gradient\":\"\",\"width_medium\":\"\",\"position_sticky_breakpoint\":\"m\"},\"children\":[{\"type\":\"headline\",\"props\":{\"title_element\":\"h2\",\"content\":\"Saremo lieti di iniziare la cooperazione con voi!\",\"title_style\":\"heading-large\",\"text_align\":\"center\",\"status\":\"\"},\"name\":\"Atskiriamoji antra\\u0161t\\u0117\"}]}]},{\"type\":\"row\",\"children\":[{\"type\":\"column\",\"props\":{\"position_sticky_breakpoint\":\"m\",\"image_position\":\"center-center\",\"media_overlay_gradient\":\"\"},\"children\":[{\"type\":\"panel\",\"props\":{\"link_text\":\"Di pi\\u00f9 <span uk-icon=\\\"chevron-double-right\\\"><\\\/span>\",\"title_hover_style\":\"reset\",\"title_element\":\"h3\",\"title_align\":\"top\",\"title_grid_width\":\"1-2\",\"title_grid_breakpoint\":\"m\",\"meta_style\":\"meta\",\"meta_align\":\"below-title\",\"meta_element\":\"div\",\"content_column_breakpoint\":\"m\",\"icon_width\":80,\"image_align\":\"right\",\"image_grid_width\":\"1-2\",\"image_grid_breakpoint\":\"m\",\"image_svg_color\":\"emphasis\",\"link_style\":\"default\",\"margin\":\"default\",\"title\":\"SETTORE LEGNO\",\"content\":\"\n\n<p><span>Siamo orgogliosi di produrre generazione dopo generazione legname di altissima qualit\\u00e0. Ci occupiamo di tutti i processi di lavorazione del legno, dal trasporto dei tronchi dai siti di disboscamento alla segatura dei grezzi di legno.<\\\/span><\\\/p>\",\"link\":\"it\\\/prodotti\\\/\",\"icon\":\"\",\"title_style\":\"heading-medium\",\"image\":\"wp-content\\\/uploads\\\/antrastinis-medienos-sektorius.jpg\",\"image_alt\":\"Medienos sektorius\",\"image_vertical_align\":true,\"link_fullwidth\":false,\"panel_link\":false,\"panel_padding\":\"\",\"panel_image_no_padding\":false,\"panel_style\":\"tile-default\"},\"name\":\"Kategorijos blokas\"}]}]},{\"type\":\"row\",\"children\":[{\"type\":\"column\",\"props\":{\"position_sticky_breakpoint\":\"m\",\"image_position\":\"center-center\",\"media_overlay_gradient\":\"\"},\"children\":[{\"type\":\"divider\",\"props\":{\"divider_element\":\"hr\"}}]}]},{\"type\":\"row\",\"children\":[{\"type\":\"column\",\"props\":{\"position_sticky_breakpoint\":\"m\",\"image_position\":\"center-center\",\"media_overlay_gradient\":\"\"},\"children\":[{\"type\":\"grid\",\"props\":{\"show_title\":true,\"show_meta\":true,\"show_content\":true,\"show_image\":true,\"show_link\":true,\"grid_default\":\"1\",\"grid_medium\":\"3\",\"filter_style\":\"tab\",\"filter_all\":true,\"filter_position\":\"top\",\"filter_align\":\"left\",\"filter_grid_width\":\"auto\",\"filter_grid_breakpoint\":\"m\",\"title_hover_style\":\"reset\",\"title_element\":\"h3\",\"title_align\":\"top\",\"title_grid_width\":\"1-2\",\"title_grid_breakpoint\":\"m\",\"meta_style\":\"meta\",\"meta_align\":\"below-title\",\"meta_element\":\"div\",\"content_column_breakpoint\":\"m\",\"icon_width\":80,\"image_align\":\"top\",\"image_grid_width\":\"1-2\",\"image_grid_breakpoint\":\"m\",\"image_svg_color\":\"emphasis\",\"link_text\":\"Read more\",\"link_style\":\"default\",\"margin\":\"default\",\"item_animation\":true,\"grid_column_align\":false,\"grid_row_align\":false,\"grid_xlarge\":\"3\",\"grid_large\":\"3\",\"grid_small\":\"2\",\"text_align\":\"center\",\"link_fullwidth\":true,\"panel_style\":\"tile-default\",\"panel_image_no_padding\":false,\"panel_padding\":\"\",\"class\":\"uk-match-elements-height\",\"content_margin\":\"small\",\"link_margin\":\"small\"},\"children\":[{\"type\":\"grid_item\",\"props\":{\"title\":\"IMBALLAGGIO IN LEGNO\",\"content\":\"\n\n<p>Produzione e fornitura di prodotti di alta qualit\\u00e0 che soddisfano le esigenze dell'imballaggio industriale.<\\\/p>\",\"image\":\"wp-content\\\/uploads\\\/antrastinis-medine-pakuote.jpg\",\"image_alt\":\"Medin\\u0117 pakuot\\u0117\",\"link\":\"it\\\/prodotti\\\/imballaggio-in-legno\\\/\",\"link_text\":\"Di pi\\u00f9 <span uk-icon=\\\"chevron-double-right\\\"><\\\/span>\"}},{\"type\":\"grid_item\",\"props\":{\"title\":\"BANCALI DI LEGNO\",\"content\":\"\n\n<p>Produzione di pallet in legno standard e individuali per tutti i settori.<\\\/p>\",\"image\":\"wp-content\\\/uploads\\\/antrastinis-mediniai-padeklai.jpg\",\"image_alt\":\"Mediniai pad\\u0117klai\",\"link\":\"it\\\/prodotti\\\/imballaggio-in-legno\\\/pallet-in-legno\\\/\",\"link_text\":\"Di pi\\u00f9 <span uk-icon=\\\"chevron-double-right\\\"><\\\/span>\"}},{\"type\":\"grid_item\",\"props\":{\"title\":\"PELLET DI LEGNO\",\"content\":\"\n\n<p>I pellet di legno da legno naturale per il combustibile sono ecologici, sostenibili, CO2 neutrali.<\\\/p>\",\"image\":\"wp-content\\\/uploads\\\/antrastinis-medienos-granules.jpg\",\"image_alt\":\"Medienos granul\\u0117s\",\"link\":\"it\\\/prodotti\\\/biocombustibile\\\/pellet-di-legno\\\/\",\"link_text\":\"Di pi\\u00f9 <span uk-icon=\\\"chevron-double-right\\\"><\\\/span>\"}}],\"name\":\"Kategorij\\u0173 blokas\"}]}]},{\"type\":\"row\",\"children\":[{\"type\":\"column\",\"props\":{\"position_sticky_breakpoint\":\"m\",\"image_position\":\"center-center\",\"media_overlay_gradient\":\"\"},\"children\":[{\"type\":\"headline\",\"props\":{\"title_element\":\"h2\",\"content\":\"Siamo coltivatori di canapa industriale\",\"title_style\":\"heading-large\",\"text_align\":\"center\",\"status\":\"disabled\"},\"name\":\"Atskiriamoji antra\\u0161t\\u0117\"},{\"type\":\"text\",\"props\":{\"margin\":\"default\",\"column_breakpoint\":\"m\",\"content\":\"\n\n<p>Coltiviamo prodotti di altissima qualit\\u00e0<\\\/p>\",\"text_align\":\"center\",\"margin_remove_top\":true,\"text_style\":\"lead\",\"status\":\"disabled\"}}]}]},{\"type\":\"row\",\"children\":[{\"type\":\"column\",\"props\":{\"position_sticky_breakpoint\":\"m\",\"image_position\":\"center-center\",\"media_overlay_gradient\":\"\"},\"children\":[{\"type\":\"panel\",\"props\":{\"link_text\":\"Di pi\\u00f9 <span uk-icon=\\\"chevron-double-right\\\"><\\\/span>\",\"title_hover_style\":\"heading\",\"title_element\":\"h3\",\"title_align\":\"top\",\"title_grid_width\":\"1-2\",\"title_grid_breakpoint\":\"m\",\"meta_style\":\"meta\",\"meta_align\":\"below-title\",\"meta_element\":\"div\",\"content_column_breakpoint\":\"m\",\"icon_width\":80,\"image_align\":\"right\",\"image_grid_width\":\"1-2\",\"image_grid_breakpoint\":\"m\",\"image_svg_color\":\"emphasis\",\"link_style\":\"default\",\"margin\":\"default\",\"title\":\"SETTORE AGRICOLO\",\"content\":\"\n\n<p>Gestiamo una notevole superficie di terreno in tutta la regione.<\\\/p>\\n\n\n<p>Ci\\u00f2 include sia terreni di propriet\\u00e0 che in locazione o terreni in cui forniamo servizi agricoli.<\\\/p>\",\"link\":\"it\\\/prodotti\\\/\",\"icon\":\"\",\"title_style\":\"heading-medium\",\"image\":\"wp-content\\\/uploads\\\/antrastinis-agro-sektorius.jpg\",\"image_alt\":\"Agro sektorius\",\"image_vertical_align\":true,\"link_fullwidth\":false,\"panel_link\":false,\"panel_padding\":\"\",\"panel_image_no_padding\":false,\"panel_style\":\"tile-default\",\"title_link\":false,\"status\":\"disabled\"},\"name\":\"Kategorijos blokas\"}]}]}],\"name\":\"Turinys\"},{\"type\":\"section\",\"props\":{\"style\":\"default\",\"width\":\"default\",\"vertical_align\":\"middle\",\"title_position\":\"top-left\",\"title_rotation\":\"left\",\"title_breakpoint\":\"xl\",\"image_position\":\"center-center\",\"padding_remove_horizontal\":false},\"children\":[{\"type\":\"row\",\"props\":{\"class\":\"\"},\"children\":[{\"type\":\"column\",\"props\":{\"image_position\":\"center-center\",\"media_overlay_gradient\":\"\",\"vertical_align\":\"middle\",\"position_sticky_breakpoint\":\"m\"},\"children\":[{\"type\":\"grid\",\"props\":{\"show_title\":false,\"show_meta\":false,\"show_content\":false,\"show_image\":true,\"show_link\":false,\"grid_default\":\"auto\",\"grid_medium\":\"auto\",\"filter_style\":\"tab\",\"filter_all\":true,\"filter_position\":\"top\",\"filter_align\":\"left\",\"filter_grid_width\":\"auto\",\"filter_grid_breakpoint\":\"m\",\"title_hover_style\":\"reset\",\"title_element\":\"h3\",\"title_align\":\"top\",\"title_grid_width\":\"1-2\",\"title_grid_breakpoint\":\"m\",\"meta_style\":\"meta\",\"meta_align\":\"below-title\",\"meta_element\":\"div\",\"content_column_breakpoint\":\"m\",\"icon_width\":80,\"image_align\":\"top\",\"image_grid_width\":\"1-2\",\"image_grid_breakpoint\":\"m\",\"image_svg_color\":\"emphasis\",\"link_text\":\"Read more\",\"link_style\":\"default\",\"margin\":\"default\",\"item_animation\":false,\"grid_xlarge\":\"auto\",\"grid_large\":\"auto\",\"grid_small\":\"auto\",\"grid_column_align\":true,\"grid_row_align\":true,\"grid_column_gap\":\"medium\",\"image_svg_inline\":false},\"children\":[{\"type\":\"grid_item\",\"props\":{\"title\":\"Sertifikatas ISO 9001\",\"image\":\"wp-content\\\/uploads\\\/sertifikatas-ISO9001.svg\",\"image_alt\":\"Sertifikatas ISO 9001\"}},{\"type\":\"grid_item\",\"props\":{\"title\":\"Sertifikatas A1\",\"image\":\"wp-content\\\/uploads\\\/sertifikatas-A1.svg\",\"image_alt\":\"Sertifikatas A1\"}},{\"type\":\"grid_item\",\"props\":{\"title\":\"Sertifikatas A2\",\"image\":\"wp-content\\\/uploads\\\/sertifikatas-A2.svg\",\"image_alt\":\"Sertifikatas A2\"}},{\"type\":\"grid_item\",\"props\":{\"title\":\"Sertifikatas IPPC\",\"image\":\"wp-content\\\/uploads\\\/sertifikatas-IPPC.svg\"}},{\"type\":\"grid_item\",\"props\":{\"title\":\"Sertifikatas FSC\",\"image\":\"wp-content\\\/uploads\\\/sertifikatas-FSC.svg\",\"image_alt\":\"Sertifikatas FSC\"}}]}]}]}],\"name\":\"Sertifikatai\"}],\"version\":\"2.7.23\"} --><\/p>\n","protected":false},"excerpt":{"rendered":"<p>&nbsp; Professionalit\u00e0 ed esperienza nel settore della lavorazione del legno Produciamo prodotti di altissima qualit\u00e0 per soddisfare le vostre esigenze di imballaggio AZIENDA La flessibilit\u00e0 in relazione ai clienti e la comunanza nel team consentono all&#8217;azienda di crescere e rispondere alla crescente domanda. Un servizio mirato e tempestivo garantisce un valore collaborativo per i clienti [&hellip;]<\/p>\n","protected":false},"author":3,"featured_media":0,"parent":0,"menu_order":5,"comment_status":"closed","ping_status":"closed","template":"","meta":{"_acf_changed":false,"inline_featured_image":false,"footnotes":""},"class_list":["post-4567","page","type-page","status-publish","hentry"],"acf":[],"yoast_head":"<!-- This site is optimized with the Yoast SEO plugin v27.6 - https:\/\/yoast.com\/product\/yoast-seo-wordpress\/ -->\n<title>Intestazione - BAGETA<\/title>\n<meta name=\"description\" content=\"&nbsp; Professionalit\u00e0 ed esperienza nel settore della lavorazione del legno Produciamo prodotti di altissima qualit\u00e0 per soddisfare le vostre esigenze di\" \/>\n<meta name=\"robots\" content=\"index, follow, max-snippet:-1, max-image-preview:large, max-video-preview:-1\" \/>\n<link rel=\"canonical\" href=\"https:\/\/www.bageta.lt\/it\/\" \/>\n<meta property=\"og:locale\" content=\"it_IT\" \/>\n<meta property=\"og:type\" content=\"article\" \/>\n<meta property=\"og:title\" content=\"Intestazione - BAGETA\" \/>\n<meta property=\"og:description\" content=\"&nbsp; Professionalit\u00e0 ed esperienza nel settore della lavorazione del legno Produciamo prodotti di altissima qualit\u00e0 per soddisfare le vostre esigenze di\" \/>\n<meta property=\"og:url\" content=\"https:\/\/www.bageta.lt\/it\/\" \/>\n<meta property=\"og:site_name\" content=\"BAGETA\" \/>\n<meta property=\"article:modified_time\" content=\"2024-04-25T08:20:05+00:00\" \/>\n<meta name=\"twitter:card\" content=\"summary_large_image\" \/>\n<meta name=\"twitter:label1\" content=\"Est. reading time\" \/>\n\t<meta name=\"twitter:data1\" content=\"4 minutes\" \/>\n<script type=\"application\/ld+json\" class=\"yoast-schema-graph\">{\"@context\":\"https:\\\/\\\/schema.org\",\"@graph\":[{\"@type\":\"WebPage\",\"@id\":\"https:\\\/\\\/www.bageta.lt\\\/it\\\/\",\"url\":\"https:\\\/\\\/www.bageta.lt\\\/it\\\/\",\"name\":\"Intestazione - BAGETA\",\"isPartOf\":{\"@id\":\"https:\\\/\\\/www.bageta.lt\\\/it\\\/#website\"},\"datePublished\":\"2023-07-25T08:20:40+00:00\",\"dateModified\":\"2024-04-25T08:20:05+00:00\",\"description\":\"&nbsp; Professionalit\u00e0 ed esperienza nel settore della lavorazione del legno Produciamo prodotti di altissima qualit\u00e0 per soddisfare le vostre esigenze di\",\"breadcrumb\":{\"@id\":\"https:\\\/\\\/www.bageta.lt\\\/it\\\/#breadcrumb\"},\"inLanguage\":\"it-IT\",\"potentialAction\":[{\"@type\":\"ReadAction\",\"target\":[\"https:\\\/\\\/www.bageta.lt\\\/it\\\/\"]}]},{\"@type\":\"BreadcrumbList\",\"@id\":\"https:\\\/\\\/www.bageta.lt\\\/it\\\/#breadcrumb\",\"itemListElement\":[{\"@type\":\"ListItem\",\"position\":1,\"name\":\"Antra\u0161tinis\",\"item\":\"https:\\\/\\\/www.bageta.lt\\\/it\\\/\"},{\"@type\":\"ListItem\",\"position\":2,\"name\":\"Intestazione\"}]},{\"@type\":\"WebSite\",\"@id\":\"https:\\\/\\\/www.bageta.lt\\\/it\\\/#website\",\"url\":\"https:\\\/\\\/www.bageta.lt\\\/it\\\/\",\"name\":\"BAGETA\",\"description\":\"Auk\u0161tos kokyb\u0117s medienos gaminiai\",\"publisher\":{\"@id\":\"https:\\\/\\\/www.bageta.lt\\\/it\\\/#organization\"},\"potentialAction\":[{\"@type\":\"SearchAction\",\"target\":{\"@type\":\"EntryPoint\",\"urlTemplate\":\"https:\\\/\\\/www.bageta.lt\\\/it\\\/?s={search_term_string}\"},\"query-input\":{\"@type\":\"PropertyValueSpecification\",\"valueRequired\":true,\"valueName\":\"search_term_string\"}}],\"inLanguage\":\"it-IT\"},{\"@type\":\"Organization\",\"@id\":\"https:\\\/\\\/www.bageta.lt\\\/it\\\/#organization\",\"name\":\"BAGETA, UAB\",\"url\":\"https:\\\/\\\/www.bageta.lt\\\/it\\\/\",\"logo\":{\"@type\":\"ImageObject\",\"inLanguage\":\"it-IT\",\"@id\":\"https:\\\/\\\/www.bageta.lt\\\/it\\\/#\\\/schema\\\/logo\\\/image\\\/\",\"url\":\"https:\\\/\\\/www.bageta.lt\\\/wp-content\\\/uploads\\\/bageta-logo.png\",\"contentUrl\":\"https:\\\/\\\/www.bageta.lt\\\/wp-content\\\/uploads\\\/bageta-logo.png\",\"width\":243,\"height\":120,\"caption\":\"BAGETA, UAB\"},\"image\":{\"@id\":\"https:\\\/\\\/www.bageta.lt\\\/it\\\/#\\\/schema\\\/logo\\\/image\\\/\"}}]}<\/script>\n<!-- \/ Yoast SEO plugin. -->","yoast_head_json":{"title":"Intestazione - BAGETA","description":"&nbsp; Professionalit\u00e0 ed esperienza nel settore della lavorazione del legno Produciamo prodotti di altissima qualit\u00e0 per soddisfare le vostre esigenze di","robots":{"index":"index","follow":"follow","max-snippet":"max-snippet:-1","max-image-preview":"max-image-preview:large","max-video-preview":"max-video-preview:-1"},"canonical":"https:\/\/www.bageta.lt\/it\/","og_locale":"it_IT","og_type":"article","og_title":"Intestazione - BAGETA","og_description":"&nbsp; Professionalit\u00e0 ed esperienza nel settore della lavorazione del legno Produciamo prodotti di altissima qualit\u00e0 per soddisfare le vostre esigenze di","og_url":"https:\/\/www.bageta.lt\/it\/","og_site_name":"BAGETA","article_modified_time":"2024-04-25T08:20:05+00:00","twitter_card":"summary_large_image","twitter_misc":{"Est. reading time":"4 minutes"},"schema":{"@context":"https:\/\/schema.org","@graph":[{"@type":"WebPage","@id":"https:\/\/www.bageta.lt\/it\/","url":"https:\/\/www.bageta.lt\/it\/","name":"Intestazione - BAGETA","isPartOf":{"@id":"https:\/\/www.bageta.lt\/it\/#website"},"datePublished":"2023-07-25T08:20:40+00:00","dateModified":"2024-04-25T08:20:05+00:00","description":"&nbsp; Professionalit\u00e0 ed esperienza nel settore della lavorazione del legno Produciamo prodotti di altissima qualit\u00e0 per soddisfare le vostre esigenze di","breadcrumb":{"@id":"https:\/\/www.bageta.lt\/it\/#breadcrumb"},"inLanguage":"it-IT","potentialAction":[{"@type":"ReadAction","target":["https:\/\/www.bageta.lt\/it\/"]}]},{"@type":"BreadcrumbList","@id":"https:\/\/www.bageta.lt\/it\/#breadcrumb","itemListElement":[{"@type":"ListItem","position":1,"name":"Antra\u0161tinis","item":"https:\/\/www.bageta.lt\/it\/"},{"@type":"ListItem","position":2,"name":"Intestazione"}]},{"@type":"WebSite","@id":"https:\/\/www.bageta.lt\/it\/#website","url":"https:\/\/www.bageta.lt\/it\/","name":"BAGETA","description":"Auk\u0161tos kokyb\u0117s medienos gaminiai","publisher":{"@id":"https:\/\/www.bageta.lt\/it\/#organization"},"potentialAction":[{"@type":"SearchAction","target":{"@type":"EntryPoint","urlTemplate":"https:\/\/www.bageta.lt\/it\/?s={search_term_string}"},"query-input":{"@type":"PropertyValueSpecification","valueRequired":true,"valueName":"search_term_string"}}],"inLanguage":"it-IT"},{"@type":"Organization","@id":"https:\/\/www.bageta.lt\/it\/#organization","name":"BAGETA, UAB","url":"https:\/\/www.bageta.lt\/it\/","logo":{"@type":"ImageObject","inLanguage":"it-IT","@id":"https:\/\/www.bageta.lt\/it\/#\/schema\/logo\/image\/","url":"https:\/\/www.bageta.lt\/wp-content\/uploads\/bageta-logo.png","contentUrl":"https:\/\/www.bageta.lt\/wp-content\/uploads\/bageta-logo.png","width":243,"height":120,"caption":"BAGETA, UAB"},"image":{"@id":"https:\/\/www.bageta.lt\/it\/#\/schema\/logo\/image\/"}}]}},"_links":{"self":[{"href":"https:\/\/www.bageta.lt\/it\/wp-json\/wp\/v2\/pages\/4567","targetHints":{"allow":["GET"]}}],"collection":[{"href":"https:\/\/www.bageta.lt\/it\/wp-json\/wp\/v2\/pages"}],"about":[{"href":"https:\/\/www.bageta.lt\/it\/wp-json\/wp\/v2\/types\/page"}],"author":[{"embeddable":true,"href":"https:\/\/www.bageta.lt\/it\/wp-json\/wp\/v2\/users\/3"}],"replies":[{"embeddable":true,"href":"https:\/\/www.bageta.lt\/it\/wp-json\/wp\/v2\/comments?post=4567"}],"version-history":[{"count":9,"href":"https:\/\/www.bageta.lt\/it\/wp-json\/wp\/v2\/pages\/4567\/revisions"}],"predecessor-version":[{"id":5641,"href":"https:\/\/www.bageta.lt\/it\/wp-json\/wp\/v2\/pages\/4567\/revisions\/5641"}],"wp:attachment":[{"href":"https:\/\/www.bageta.lt\/it\/wp-json\/wp\/v2\/media?parent=4567"}],"curies":[{"name":"wp","href":"https:\/\/api.w.org\/{rel}","templated":true}]}}