{"id":4609,"date":"2023-07-25T14:12:41","date_gmt":"2023-07-25T12:12:41","guid":{"rendered":"https:\/\/www.bageta.lt\/?page_id=4609"},"modified":"2023-08-17T15:20:26","modified_gmt":"2023-08-17T13:20:26","slug":"accessori-per-imballaggi-in-legno","status":"publish","type":"page","link":"https:\/\/www.bageta.lt\/it\/prodotti\/accessori-per-imballaggi-in-legno\/","title":{"rendered":"Accessori per imballaggi in legno"},"content":{"rendered":"<h2>Accessori per bancali e paretali pieghevoli in legno<\/h2>\n<div>\n<p lang=\"lt-LT\" align=\"left\"><span style=\"font-family: Times New Roman, serif;\"><span style=\"font-size: medium;\"><span style=\"color: #1e1814;\"><span style=\"font-family: Open Sans, serif;\">Sebbene BAGETA sia specificamente un produttore di paretali pieghevoli in legno per pallet e imballaggi industriali in legno, comprendiamo le specificit\u00e0 della vostra attivit\u00e0 e sappiamo che \u00e8 necessario anche completare gli accessori per i bordi dei pallet e l&#8217;inventario dei pallet.<\/span><\/span><\/span><\/span><\/p>\n<p lang=\"lt-LT\" align=\"left\"><span style=\"font-family: Times New Roman, serif;\"><span style=\"font-size: medium;\"><span style=\"color: #1e1814;\"><span style=\"font-family: Open Sans, serif;\">La nostra gamma di accessori contribuir\u00e0 ad aumentare la qualit\u00e0 della vostra organizzazione del lavoro.<\/span><\/span><\/span><\/span><\/p>\n<p lang=\"lt-LT\" align=\"left\"><span style=\"font-family: Times New Roman, serif;\"><span style=\"font-size: medium;\"><span style=\"color: #1e1814;\"><span style=\"font-family: Open Sans, serif;\">Con un&#8217;offerta completa di accessori per la bordatura dei pallet, faciliteremo le soluzioni logistiche fornendo non solo paretali e pallet in legno, ma anche staffe, linguette o coperchi.<\/span><\/span><\/span><\/span><\/p>\n<\/div>\n<h2>Il nostro obiettivo \u00e8 aiutare la Sua azienda di funzionare con successo<\/h2>\n<h2>Accessori per imballaggi in legno<\/h2>\n<ul>\n<li>\n<p>        <img decoding=\"async\" src=\"\/wp-content\/uploads\/medines-pakuotes-priedai-dangciai.jpg\" alt=\"Mediniai dang\u010diai\"><\/p>\n<h3>COPERCHI<\/h3>\n<div>I coperchi sono comunemente utilizzati con scatole formate da pallet e paretali e sono generalmente realizzate in compensato.<\/div>\n<p><a href=\"\/it\/prodotti\/accessori-per-imballaggi-in-legno\/coperchi-per-paretali\/\">Di pi\u00f9 <span uk-icon=\"chevron-double-right\"><\/span><\/a><\/p>\n<\/li>\n<li>\n<p>        <img decoding=\"async\" src=\"\/wp-content\/uploads\/medines-pakuotes-priedai-skirtukai.jpg\" alt=\"Mediniai skirtukai\"><\/p>\n<h3>DIVISORI<\/h3>\n<div>I divisori sono assi di legno con ganci o inserti in metallo che possono essere facilmente inseriti in un pallet con paretali pieghevoli di legno.<\/div>\n<p><a href=\"\/it\/prodotti\/accessori-per-imballaggi-in-legno\/divisori\/\">Di pi\u00f9 <span uk-icon=\"chevron-double-right\"><\/span><\/a><\/p>\n<\/li>\n<li>\n<p>        <img decoding=\"async\" src=\"\/wp-content\/uploads\/medines-pakuotes-priedai-atstumo-laikikliai.jpg\" alt=\"Atstumo laikikliai\"><\/p>\n<h3>DISTANZIALI<\/h3>\n<div>I distanziali sono distanziatori metallici che possono essere fissati agli angoli dei bordi dei pallet.<\/div>\n<p><a href=\"\/it\/prodotti\/accessori-per-imballaggi-in-legno\/distanziali\/\">Di pi\u00f9 <span uk-icon=\"chevron-double-right\"><\/span><\/a><\/p>\n<\/li>\n<li>\n<p>        <img decoding=\"async\" src=\"\/wp-content\/uploads\/medines-pakuotes-priedai-zymejimo-korteles.jpg\" alt=\"\u017dym\u0117jimo kortel\u0117s\"><\/p>\n<h3>PORTA-ETICHETTE<\/h3>\n<div>Il porta-etichetta con finestra trasparente viene utilizzato per l&#8217;etichettatura nei magazzini o nelle linee di produzione.<\/div>\n<p><a href=\"\/it\/prodotti\/accessori-per-imballaggi-in-legno\/porta-etichette\/\">Di pi\u00f9 <span uk-icon=\"chevron-double-right\"><\/span><\/a><\/p>\n<\/li>\n<li>\n<p>        <img decoding=\"async\" src=\"\/wp-content\/uploads\/medines-pakuotes-priedai-plastikiniai-kampai.jpg\" alt=\"Plastikiniai kampai\"><\/p>\n<h3>ANGOLARI IN PLASTICA<\/h3>\n<div>Gli angolari in plastica proteggono i bordi e gli angoli dell&#8217;imballaggio dai danni.<\/div>\n<p><a href=\"\/it\/prodotti\/accessori-per-imballaggi-in-legno\/angolari-in-plastica\/\">Di pi\u00f9 <span uk-icon=\"chevron-double-right\"><\/span><\/a><\/p>\n<\/li>\n<\/ul>\n<p><!--more--><br \/>\n<!-- {\"name\":\"Kategorijos puslapis (B)\",\"type\":\"layout\",\"children\":[{\"type\":\"section\",\"props\":{\"style\":\"default\",\"width\":\"default\",\"vertical_align\":\"middle\",\"title_position\":\"top-left\",\"title_rotation\":\"left\",\"title_breakpoint\":\"\",\"image_position\":\"center-center\",\"class\":\"tm-header-image-section\",\"image_size\":\"cover\",\"header_transparent_noplaceholder\":false,\"title\":\"\",\"media_overlay_gradient\":\"linear-gradient(rgba(30, 24, 20, 0.8) 20%, rgba(0, 0, 0, 0) 100%)\",\"text_color\":\"light\"},\"children\":[{\"type\":\"row\",\"children\":[{\"type\":\"column\",\"props\":{\"image_position\":\"center-center\",\"media_overlay_gradient\":\"\",\"vertical_align\":\"middle\",\"position_sticky_breakpoint\":\"m\"},\"children\":[{\"type\":\"headline\",\"props\":{\"title_element\":\"div\",\"text_align\":\"left\",\"text_align_breakpoint\":\"m\",\"text_align_fallback\":\"center\",\"title_style\":\"heading-large\"},\"source\":{\"query\":{\"name\":\"pages.singlePage\"},\"props\":{\"_condition\":{\"filters\":{\"condition\":\"!!\"},\"name\":\"title\"},\"content\":{\"filters\":{\"search\":\"\"},\"name\":\"title\"}}}}]}]}],\"name\":\"Antra\\u0161t\\u0117 su nuotrauka\",\"source\":{\"query\":{\"name\":\"pages.singlePage\"},\"props\":{\"image\":{\"name\":\"field.header_image.url\"}}}},{\"type\":\"section\",\"props\":{\"style\":\"primary\",\"width\":\"default\",\"vertical_align\":\"middle\",\"title_position\":\"top-left\",\"title_rotation\":\"left\",\"title_breakpoint\":\"xl\",\"image_position\":\"center-center\",\"class\":\"tm-breadcrumbs-section\",\"padding\":\"small\",\"preserve_color\":true},\"children\":[{\"type\":\"row\",\"children\":[{\"type\":\"column\",\"props\":{\"image_position\":\"center-center\",\"media_overlay_gradient\":\"\",\"vertical_align\":\"middle\",\"position_sticky_breakpoint\":\"m\"},\"children\":[{\"type\":\"breadcrumbs\",\"props\":{\"show_home\":true,\"show_current\":true,\"class\":\".tm-breadcrumbs\"}}]}]}],\"name\":\"Navigacija\"},{\"type\":\"section\",\"props\":{\"style\":\"default\",\"width\":\"default\",\"vertical_align\":\"middle\",\"title_position\":\"top-left\",\"title_rotation\":\"left\",\"title_breakpoint\":\"xl\",\"image_position\":\"center-center\",\"id\":\"content\"},\"children\":[{\"type\":\"row\",\"children\":[{\"type\":\"column\",\"props\":{\"image_position\":\"center-center\",\"media_overlay_gradient\":\"\",\"width_medium\":\"\",\"position_sticky_breakpoint\":\"m\"},\"children\":[{\"type\":\"headline\",\"props\":{\"title_element\":\"h2\",\"content\":\"Accessori per bancali e paretali pieghevoli in legno\",\"text_align\":\"center\"}},{\"type\":\"text\",\"props\":{\"margin\":\"default\",\"column_breakpoint\":\"m\",\"content\":\"\n\n<p lang=\\\"lt-LT\\\" align=\\\"left\\\"><span style=\\\"font-family: Times New Roman, serif;\\\"><span style=\\\"font-size: medium;\\\"><span style=\\\"color: #1e1814;\\\"><span style=\\\"font-family: Open Sans, serif;\\\">Sebbene BAGETA sia specificamente un produttore di paretali pieghevoli in legno per pallet e imballaggi industriali in legno, comprendiamo le specificit\\u00e0 della vostra attivit\\u00e0 e sappiamo che \\u00e8 necessario anche completare gli accessori per i bordi dei pallet e l'inventario dei pallet.<\\\/span><\\\/span><\\\/span><\\\/span><\\\/p>\\n\n\n<p lang=\\\"lt-LT\\\" align=\\\"left\\\"><span style=\\\"font-family: Times New Roman, serif;\\\"><span style=\\\"font-size: medium;\\\"><span style=\\\"color: #1e1814;\\\"><span style=\\\"font-family: Open Sans, serif;\\\">La nostra gamma di accessori contribuir\\u00e0 ad aumentare la qualit\\u00e0 della vostra organizzazione del lavoro.<\\\/span><\\\/span><\\\/span><\\\/span><\\\/p>\\n\n\n<p lang=\\\"lt-LT\\\" align=\\\"left\\\"><span style=\\\"font-family: Times New Roman, serif;\\\"><span style=\\\"font-size: medium;\\\"><span style=\\\"color: #1e1814;\\\"><span style=\\\"font-family: Open Sans, serif;\\\">Con un'offerta completa di accessori per la bordatura dei pallet, faciliteremo le soluzioni logistiche fornendo non solo paretali e pallet in legno, ma anche staffe, linguette o coperchi.<\\\/span><\\\/span><\\\/span><\\\/span><\\\/p>\"}}]}]},{\"type\":\"row\",\"children\":[{\"type\":\"column\",\"props\":{\"position_sticky_breakpoint\":\"m\",\"image_position\":\"center-center\",\"media_overlay_gradient\":\"\"},\"children\":[{\"type\":\"headline\",\"props\":{\"title_element\":\"h2\",\"content\":\"Il nostro obiettivo \\u00e8 aiutare la Sua azienda di funzionare con successo\",\"title_style\":\"heading-large\",\"text_align\":\"center\"},\"name\":\"Atskiriamoji antra\\u0161t\\u0117\"}]}]},{\"type\":\"row\",\"children\":[{\"type\":\"column\",\"props\":{\"position_sticky_breakpoint\":\"m\",\"image_position\":\"center-center\",\"media_overlay_gradient\":\"\"},\"children\":[{\"type\":\"headline\",\"props\":{\"title_element\":\"h2\",\"content\":\"Accessori per imballaggi in legno\",\"title_style\":\"heading-large\",\"text_align\":\"center\"},\"name\":\"Atskiriamoji antra\\u0161t\\u0117\"}]}]},{\"type\":\"row\",\"children\":[{\"type\":\"column\",\"props\":{\"position_sticky_breakpoint\":\"m\",\"image_position\":\"center-center\",\"media_overlay_gradient\":\"\"},\"children\":[{\"type\":\"grid\",\"props\":{\"show_title\":true,\"show_meta\":true,\"show_content\":true,\"show_image\":true,\"show_link\":true,\"grid_default\":\"1\",\"grid_medium\":\"3\",\"filter_style\":\"tab\",\"filter_all\":true,\"filter_position\":\"top\",\"filter_align\":\"left\",\"filter_grid_width\":\"auto\",\"filter_grid_breakpoint\":\"m\",\"title_hover_style\":\"reset\",\"title_element\":\"h3\",\"title_align\":\"top\",\"title_grid_width\":\"1-2\",\"title_grid_breakpoint\":\"m\",\"meta_style\":\"meta\",\"meta_align\":\"below-title\",\"meta_element\":\"div\",\"content_column_breakpoint\":\"m\",\"icon_width\":80,\"image_align\":\"top\",\"image_grid_width\":\"1-2\",\"image_grid_breakpoint\":\"m\",\"image_svg_color\":\"emphasis\",\"link_text\":\"Read more\",\"link_style\":\"default\",\"margin\":\"default\",\"item_animation\":true,\"grid_column_align\":true,\"grid_row_align\":false,\"grid_xlarge\":\"3\",\"grid_large\":\"3\",\"grid_small\":\"2\",\"text_align\":\"center\",\"link_fullwidth\":true,\"panel_style\":\"tile-default\",\"panel_image_no_padding\":false,\"panel_padding\":\"\",\"class\":\"uk-match-elements-height\"},\"children\":[{\"type\":\"grid_item\",\"props\":{\"title\":\"COPERCHI\",\"content\":\"I coperchi sono comunemente utilizzati con scatole formate da pallet e paretali e sono generalmente realizzate in compensato.\",\"image\":\"wp-content\\\/uploads\\\/medines-pakuotes-priedai-dangciai.jpg\",\"image_alt\":\"Mediniai dang\\u010diai\",\"link\":\"it\\\/prodotti\\\/accessori-per-imballaggi-in-legno\\\/coperchi-per-paretali\\\/\",\"link_text\":\"Di pi\\u00f9 <span uk-icon=\\\"chevron-double-right\\\"><\\\/span>\"}},{\"type\":\"grid_item\",\"props\":{\"title\":\"DIVISORI\",\"content\":\"I divisori sono assi di legno con ganci o inserti in metallo che possono essere facilmente inseriti in un pallet con paretali pieghevoli di legno.\",\"image\":\"wp-content\\\/uploads\\\/medines-pakuotes-priedai-skirtukai.jpg\",\"image_alt\":\"Mediniai skirtukai\",\"link\":\"it\\\/prodotti\\\/accessori-per-imballaggi-in-legno\\\/divisori\\\/\",\"link_text\":\"Di pi\\u00f9 <span uk-icon=\\\"chevron-double-right\\\"><\\\/span>\"}},{\"type\":\"grid_item\",\"props\":{\"title\":\"DISTANZIALI\",\"content\":\"I distanziali sono distanziatori metallici che possono essere fissati agli angoli dei bordi dei pallet.\",\"image\":\"wp-content\\\/uploads\\\/medines-pakuotes-priedai-atstumo-laikikliai.jpg\",\"image_alt\":\"Atstumo laikikliai\",\"link\":\"it\\\/prodotti\\\/accessori-per-imballaggi-in-legno\\\/distanziali\\\/\",\"link_text\":\"Di pi\\u00f9 <span uk-icon=\\\"chevron-double-right\\\"><\\\/span>\"}},{\"type\":\"grid_item\",\"props\":{\"title\":\"PORTA-ETICHETTE\",\"link\":\"it\\\/prodotti\\\/accessori-per-imballaggi-in-legno\\\/porta-etichette\\\/\",\"link_text\":\"Di pi\\u00f9 <span uk-icon=\\\"chevron-double-right\\\"><\\\/span>\",\"status\":\"\",\"image\":\"wp-content\\\/uploads\\\/medines-pakuotes-priedai-zymejimo-korteles.jpg\",\"image_alt\":\"\\u017dym\\u0117jimo kortel\\u0117s\",\"content\":\"Il porta-etichetta con finestra trasparente viene utilizzato per l'etichettatura nei magazzini o nelle linee di produzione.\"}},{\"type\":\"grid_item\",\"props\":{\"title\":\"ANGOLARI IN PLASTICA\",\"link\":\"it\\\/prodotti\\\/accessori-per-imballaggi-in-legno\\\/angolari-in-plastica\\\/\",\"link_text\":\"Di pi\\u00f9 <span uk-icon=\\\"chevron-double-right\\\"><\\\/span>\",\"status\":\"\",\"image\":\"wp-content\\\/uploads\\\/medines-pakuotes-priedai-plastikiniai-kampai.jpg\",\"image_alt\":\"Plastikiniai kampai\",\"content\":\"Gli angolari in plastica proteggono i bordi e gli angoli dell'imballaggio dai danni.\"}}],\"name\":\"Kategorij\\u0173 blokas\"}]}]}],\"name\":\"Turinys\"}],\"version\":\"2.7.23\"} --><\/p>\n","protected":false},"excerpt":{"rendered":"<p>Accessori per bancali e paretali pieghevoli in legno Sebbene BAGETA sia specificamente un produttore di paretali pieghevoli in legno per pallet e imballaggi industriali in legno, comprendiamo le specificit\u00e0 della vostra attivit\u00e0 e sappiamo che \u00e8 necessario anche completare gli accessori per i bordi dei pallet e l&#8217;inventario dei pallet. La nostra gamma di accessori [&hellip;]<\/p>\n","protected":false},"author":3,"featured_media":0,"parent":4586,"menu_order":90,"comment_status":"closed","ping_status":"closed","template":"","meta":{"_acf_changed":false,"inline_featured_image":false,"footnotes":""},"class_list":["post-4609","page","type-page","status-publish","hentry"],"acf":[],"yoast_head":"<!-- This site is optimized with the Yoast SEO plugin v27.6 - https:\/\/yoast.com\/product\/yoast-seo-wordpress\/ -->\n<title>Accessori per imballaggi in legno - BAGETA<\/title>\n<meta name=\"description\" content=\"Accessori per bancali e paretali pieghevoli in legno Sebbene BAGETA sia specificamente un produttore di paretali pieghevoli in legno per pallet e\" \/>\n<meta name=\"robots\" content=\"index, follow, max-snippet:-1, max-image-preview:large, max-video-preview:-1\" \/>\n<link rel=\"canonical\" href=\"https:\/\/www.bageta.lt\/it\/prodotti\/accessori-per-imballaggi-in-legno\/\" \/>\n<meta property=\"og:locale\" content=\"it_IT\" \/>\n<meta property=\"og:type\" content=\"article\" \/>\n<meta property=\"og:title\" content=\"Accessori per imballaggi in legno - BAGETA\" \/>\n<meta property=\"og:description\" content=\"Accessori per bancali e paretali pieghevoli in legno Sebbene BAGETA sia specificamente un produttore di paretali pieghevoli in legno per pallet e\" \/>\n<meta property=\"og:url\" content=\"https:\/\/www.bageta.lt\/it\/prodotti\/accessori-per-imballaggi-in-legno\/\" \/>\n<meta property=\"og:site_name\" content=\"BAGETA\" \/>\n<meta property=\"article:modified_time\" content=\"2023-08-17T13:20:26+00:00\" \/>\n<meta name=\"twitter:card\" content=\"summary_large_image\" \/>\n<script type=\"application\/ld+json\" class=\"yoast-schema-graph\">{\"@context\":\"https:\\\/\\\/schema.org\",\"@graph\":[{\"@type\":\"WebPage\",\"@id\":\"https:\\\/\\\/www.bageta.lt\\\/it\\\/prodotti\\\/accessori-per-imballaggi-in-legno\\\/\",\"url\":\"https:\\\/\\\/www.bageta.lt\\\/it\\\/prodotti\\\/accessori-per-imballaggi-in-legno\\\/\",\"name\":\"Accessori per imballaggi in legno - BAGETA\",\"isPartOf\":{\"@id\":\"https:\\\/\\\/www.bageta.lt\\\/it\\\/#website\"},\"datePublished\":\"2023-07-25T12:12:41+00:00\",\"dateModified\":\"2023-08-17T13:20:26+00:00\",\"description\":\"Accessori per bancali e paretali pieghevoli in legno Sebbene BAGETA sia specificamente un produttore di paretali pieghevoli in legno per pallet e\",\"breadcrumb\":{\"@id\":\"https:\\\/\\\/www.bageta.lt\\\/it\\\/prodotti\\\/accessori-per-imballaggi-in-legno\\\/#breadcrumb\"},\"inLanguage\":\"it-IT\",\"potentialAction\":[{\"@type\":\"ReadAction\",\"target\":[\"https:\\\/\\\/www.bageta.lt\\\/it\\\/prodotti\\\/accessori-per-imballaggi-in-legno\\\/\"]}]},{\"@type\":\"BreadcrumbList\",\"@id\":\"https:\\\/\\\/www.bageta.lt\\\/it\\\/prodotti\\\/accessori-per-imballaggi-in-legno\\\/#breadcrumb\",\"itemListElement\":[{\"@type\":\"ListItem\",\"position\":1,\"name\":\"Antra\u0161tinis\",\"item\":\"https:\\\/\\\/www.bageta.lt\\\/it\\\/\"},{\"@type\":\"ListItem\",\"position\":2,\"name\":\"Prodotti\",\"item\":\"https:\\\/\\\/www.bageta.lt\\\/it\\\/prodotti\\\/\"},{\"@type\":\"ListItem\",\"position\":3,\"name\":\"Accessori per imballaggi in legno\"}]},{\"@type\":\"WebSite\",\"@id\":\"https:\\\/\\\/www.bageta.lt\\\/it\\\/#website\",\"url\":\"https:\\\/\\\/www.bageta.lt\\\/it\\\/\",\"name\":\"BAGETA\",\"description\":\"Auk\u0161tos kokyb\u0117s medienos gaminiai\",\"publisher\":{\"@id\":\"https:\\\/\\\/www.bageta.lt\\\/it\\\/#organization\"},\"potentialAction\":[{\"@type\":\"SearchAction\",\"target\":{\"@type\":\"EntryPoint\",\"urlTemplate\":\"https:\\\/\\\/www.bageta.lt\\\/it\\\/?s={search_term_string}\"},\"query-input\":{\"@type\":\"PropertyValueSpecification\",\"valueRequired\":true,\"valueName\":\"search_term_string\"}}],\"inLanguage\":\"it-IT\"},{\"@type\":\"Organization\",\"@id\":\"https:\\\/\\\/www.bageta.lt\\\/it\\\/#organization\",\"name\":\"BAGETA, UAB\",\"url\":\"https:\\\/\\\/www.bageta.lt\\\/it\\\/\",\"logo\":{\"@type\":\"ImageObject\",\"inLanguage\":\"it-IT\",\"@id\":\"https:\\\/\\\/www.bageta.lt\\\/it\\\/#\\\/schema\\\/logo\\\/image\\\/\",\"url\":\"https:\\\/\\\/www.bageta.lt\\\/wp-content\\\/uploads\\\/bageta-logo.png\",\"contentUrl\":\"https:\\\/\\\/www.bageta.lt\\\/wp-content\\\/uploads\\\/bageta-logo.png\",\"width\":243,\"height\":120,\"caption\":\"BAGETA, UAB\"},\"image\":{\"@id\":\"https:\\\/\\\/www.bageta.lt\\\/it\\\/#\\\/schema\\\/logo\\\/image\\\/\"}}]}<\/script>\n<!-- \/ Yoast SEO plugin. -->","yoast_head_json":{"title":"Accessori per imballaggi in legno - BAGETA","description":"Accessori per bancali e paretali pieghevoli in legno Sebbene BAGETA sia specificamente un produttore di paretali pieghevoli in legno per pallet e","robots":{"index":"index","follow":"follow","max-snippet":"max-snippet:-1","max-image-preview":"max-image-preview:large","max-video-preview":"max-video-preview:-1"},"canonical":"https:\/\/www.bageta.lt\/it\/prodotti\/accessori-per-imballaggi-in-legno\/","og_locale":"it_IT","og_type":"article","og_title":"Accessori per imballaggi in legno - BAGETA","og_description":"Accessori per bancali e paretali pieghevoli in legno Sebbene BAGETA sia specificamente un produttore di paretali pieghevoli in legno per pallet e","og_url":"https:\/\/www.bageta.lt\/it\/prodotti\/accessori-per-imballaggi-in-legno\/","og_site_name":"BAGETA","article_modified_time":"2023-08-17T13:20:26+00:00","twitter_card":"summary_large_image","schema":{"@context":"https:\/\/schema.org","@graph":[{"@type":"WebPage","@id":"https:\/\/www.bageta.lt\/it\/prodotti\/accessori-per-imballaggi-in-legno\/","url":"https:\/\/www.bageta.lt\/it\/prodotti\/accessori-per-imballaggi-in-legno\/","name":"Accessori per imballaggi in legno - BAGETA","isPartOf":{"@id":"https:\/\/www.bageta.lt\/it\/#website"},"datePublished":"2023-07-25T12:12:41+00:00","dateModified":"2023-08-17T13:20:26+00:00","description":"Accessori per bancali e paretali pieghevoli in legno Sebbene BAGETA sia specificamente un produttore di paretali pieghevoli in legno per pallet e","breadcrumb":{"@id":"https:\/\/www.bageta.lt\/it\/prodotti\/accessori-per-imballaggi-in-legno\/#breadcrumb"},"inLanguage":"it-IT","potentialAction":[{"@type":"ReadAction","target":["https:\/\/www.bageta.lt\/it\/prodotti\/accessori-per-imballaggi-in-legno\/"]}]},{"@type":"BreadcrumbList","@id":"https:\/\/www.bageta.lt\/it\/prodotti\/accessori-per-imballaggi-in-legno\/#breadcrumb","itemListElement":[{"@type":"ListItem","position":1,"name":"Antra\u0161tinis","item":"https:\/\/www.bageta.lt\/it\/"},{"@type":"ListItem","position":2,"name":"Prodotti","item":"https:\/\/www.bageta.lt\/it\/prodotti\/"},{"@type":"ListItem","position":3,"name":"Accessori per imballaggi in legno"}]},{"@type":"WebSite","@id":"https:\/\/www.bageta.lt\/it\/#website","url":"https:\/\/www.bageta.lt\/it\/","name":"BAGETA","description":"Auk\u0161tos kokyb\u0117s medienos gaminiai","publisher":{"@id":"https:\/\/www.bageta.lt\/it\/#organization"},"potentialAction":[{"@type":"SearchAction","target":{"@type":"EntryPoint","urlTemplate":"https:\/\/www.bageta.lt\/it\/?s={search_term_string}"},"query-input":{"@type":"PropertyValueSpecification","valueRequired":true,"valueName":"search_term_string"}}],"inLanguage":"it-IT"},{"@type":"Organization","@id":"https:\/\/www.bageta.lt\/it\/#organization","name":"BAGETA, UAB","url":"https:\/\/www.bageta.lt\/it\/","logo":{"@type":"ImageObject","inLanguage":"it-IT","@id":"https:\/\/www.bageta.lt\/it\/#\/schema\/logo\/image\/","url":"https:\/\/www.bageta.lt\/wp-content\/uploads\/bageta-logo.png","contentUrl":"https:\/\/www.bageta.lt\/wp-content\/uploads\/bageta-logo.png","width":243,"height":120,"caption":"BAGETA, UAB"},"image":{"@id":"https:\/\/www.bageta.lt\/it\/#\/schema\/logo\/image\/"}}]}},"_links":{"self":[{"href":"https:\/\/www.bageta.lt\/it\/wp-json\/wp\/v2\/pages\/4609","targetHints":{"allow":["GET"]}}],"collection":[{"href":"https:\/\/www.bageta.lt\/it\/wp-json\/wp\/v2\/pages"}],"about":[{"href":"https:\/\/www.bageta.lt\/it\/wp-json\/wp\/v2\/types\/page"}],"author":[{"embeddable":true,"href":"https:\/\/www.bageta.lt\/it\/wp-json\/wp\/v2\/users\/3"}],"replies":[{"embeddable":true,"href":"https:\/\/www.bageta.lt\/it\/wp-json\/wp\/v2\/comments?post=4609"}],"version-history":[{"count":3,"href":"https:\/\/www.bageta.lt\/it\/wp-json\/wp\/v2\/pages\/4609\/revisions"}],"predecessor-version":[{"id":4784,"href":"https:\/\/www.bageta.lt\/it\/wp-json\/wp\/v2\/pages\/4609\/revisions\/4784"}],"up":[{"embeddable":true,"href":"https:\/\/www.bageta.lt\/it\/wp-json\/wp\/v2\/pages\/4586"}],"wp:attachment":[{"href":"https:\/\/www.bageta.lt\/it\/wp-json\/wp\/v2\/media?parent=4609"}],"curies":[{"name":"wp","href":"https:\/\/api.w.org\/{rel}","templated":true}]}}