{"id":4628,"date":"2023-07-25T14:17:01","date_gmt":"2023-07-25T12:17:01","guid":{"rendered":"https:\/\/www.bageta.lt\/?page_id=4628"},"modified":"2023-08-17T15:26:29","modified_gmt":"2023-08-17T13:26:29","slug":"agricoltura","status":"publish","type":"page","link":"https:\/\/www.bageta.lt\/it\/agricoltura\/","title":{"rendered":"Agricoltura"},"content":{"rendered":"<div>\n<p>        <img decoding=\"async\" src=\"\/wp-content\/uploads\/agrokultura-ukininkavimo-ir-zemes-ukio-paslaugos.jpg\" alt=\"\u016akininkavimo ir \u017eem\u0117s \u016bkio paslaugos\"><\/p>\n<h2>Agricoltura e servizi agricoli<\/h2>\n<div>\n<p lang=\"lt-LT\" align=\"left\"><span style=\"font-family: Times New Roman, serif;\"><span style=\"font-size: medium;\"><span style=\"color: #1e1814;\"><span style=\"font-family: Open Sans, serif;\">Attualmente, UAB BAGETA gestisce una considerevole area di terra in tutta la regione. Ci\u00f2 include sia terreni di propriet\u00e0 che in locazione o terreni in cui forniamo servizi agricoli.<\/span><\/span><\/span><\/span><\/p>\n<p lang=\"lt-LT\" align=\"left\"><span style=\"font-family: Times New Roman, serif;\"><span style=\"font-size: medium;\"><span style=\"color: #1e1814;\"><span style=\"font-family: Open Sans, serif;\">Offriamo servizi agricoli specializzati che mirano a soddisfare le esigenze dei nostri clienti agricoli e includono una gamma di moderne soluzioni di gestione aziendale. Possiamo consigliare e assistere sia gli agricoltori alle prime armi che fornire assistenza in progetti su larga scala.<\/span><\/span><\/span><\/span><\/p>\n<p lang=\"lt-LT\" align=\"left\"><span style=\"font-family: Times New Roman, serif;\"><span style=\"font-size: medium;\"><span style=\"color: #1e1814;\"><span style=\"font-family: Open Sans, serif;\">L&#8217;azienda investe in attrezzature moderne e tecniche all&#8217;avanguardia per un prodotto finale e un risultato ottimali.<\/span><\/span><\/span><\/span><\/p>\n<p lang=\"lt-LT\" align=\"left\"><span style=\"font-family: Times New Roman, serif;\"><span style=\"font-size: medium;\"><span style=\"color: #1e1814;\"><span style=\"font-family: Open Sans, serif;\">Siamo anche coltivatori e produttori di prodotti biologici di canapa ed erba medica. Ci\u00f2 significa che, ove possibile durante tutto il ciclo, coltiviamo e produciamo i nostri prodotti con il minor impatto ambientale e la massima trasparenza.<\/span><\/span><\/span><\/span><\/p>\n<\/div>\n<\/div>\n<h2>Settore agricolo<\/h2>\n<ul>\n<li>\n<p>        <img decoding=\"async\" src=\"\/wp-content\/uploads\/agrokultura-pramonine-kanape.jpg\" alt=\"Pramonin\u0117 kanap\u0117\"><\/p>\n<h3>CANAPA INDUSTRIALE<\/h3>\n<p><a href=\"\/it\/agricoltura\/canapa-industriale\/\">Di pi\u00f9 <span uk-icon=\"chevron-double-right\"><\/span><\/a><\/p>\n<\/li>\n<li>\n<p>        <img decoding=\"async\" src=\"\/wp-content\/uploads\/agrokultura-liucerna.jpg\" alt=\"Liucerna\"><\/p>\n<h3>MEDICAGO<\/h3>\n<p><a href=\"\/it\/agricoltura\/medicago\/\">Di pi\u00f9 <span uk-icon=\"chevron-double-right\"><\/span><\/a><\/p>\n<\/li>\n<li>\n<p>        <img decoding=\"async\" src=\"\/wp-content\/uploads\/agrokultura-kulturu-apdirbimas.jpg\" alt=\"Kult\u016br\u0173 apdirbimas\"><\/p>\n<h3>LAVORAZIONE DI COLTURE AGRICOLE<\/h3>\n<p><a href=\"\/it\/agricoltura\/lavorazione-di-colture-agricole\/\">Di pi\u00f9 <span uk-icon=\"chevron-double-right\"><\/span><\/a><\/p>\n<\/li>\n<\/ul>\n<p><!--more--><br \/>\n<!-- {\"name\":\"Kategorijos puslapis (B)\",\"type\":\"layout\",\"children\":[{\"type\":\"section\",\"props\":{\"style\":\"default\",\"width\":\"default\",\"vertical_align\":\"middle\",\"title_position\":\"top-left\",\"title_rotation\":\"left\",\"title_breakpoint\":\"\",\"image_position\":\"center-center\",\"class\":\"tm-header-image-section\",\"image_size\":\"cover\",\"header_transparent_noplaceholder\":false,\"title\":\"\",\"media_overlay_gradient\":\"linear-gradient(rgba(30, 24, 20, 0.8) 20%, rgba(0, 0, 0, 0) 100%)\",\"text_color\":\"light\"},\"children\":[{\"type\":\"row\",\"children\":[{\"type\":\"column\",\"props\":{\"image_position\":\"center-center\",\"media_overlay_gradient\":\"\",\"vertical_align\":\"middle\",\"position_sticky_breakpoint\":\"m\"},\"children\":[{\"type\":\"headline\",\"props\":{\"title_element\":\"div\",\"text_align\":\"left\",\"text_align_breakpoint\":\"m\",\"text_align_fallback\":\"center\",\"title_style\":\"heading-large\"},\"source\":{\"query\":{\"name\":\"pages.singlePage\"},\"props\":{\"_condition\":{\"filters\":{\"condition\":\"!!\"},\"name\":\"title\"},\"content\":{\"filters\":{\"search\":\"\"},\"name\":\"title\"}}}}]}]}],\"name\":\"Antra\\u0161t\\u0117 su nuotrauka\",\"source\":{\"query\":{\"name\":\"pages.singlePage\"},\"props\":{\"image\":{\"name\":\"field.header_image.url\"}}}},{\"type\":\"section\",\"props\":{\"style\":\"primary\",\"width\":\"default\",\"vertical_align\":\"middle\",\"title_position\":\"top-left\",\"title_rotation\":\"left\",\"title_breakpoint\":\"xl\",\"image_position\":\"center-center\",\"class\":\"tm-breadcrumbs-section\",\"padding\":\"small\",\"preserve_color\":true},\"children\":[{\"type\":\"row\",\"children\":[{\"type\":\"column\",\"props\":{\"image_position\":\"center-center\",\"media_overlay_gradient\":\"\",\"vertical_align\":\"middle\",\"position_sticky_breakpoint\":\"m\"},\"children\":[{\"type\":\"breadcrumbs\",\"props\":{\"show_home\":true,\"show_current\":true,\"class\":\".tm-breadcrumbs\"}}]}]}],\"name\":\"Navigacija\"},{\"type\":\"section\",\"props\":{\"style\":\"default\",\"width\":\"default\",\"vertical_align\":\"middle\",\"title_position\":\"top-left\",\"title_rotation\":\"left\",\"title_breakpoint\":\"xl\",\"image_position\":\"center-center\"},\"children\":[{\"type\":\"row\",\"children\":[{\"type\":\"column\",\"props\":{\"position_sticky_breakpoint\":\"m\",\"image_position\":\"center-center\",\"media_overlay_gradient\":\"\"},\"children\":[{\"type\":\"panel\",\"props\":{\"link_text\":\"Read more\",\"title_hover_style\":\"reset\",\"title_element\":\"h2\",\"title_align\":\"top\",\"title_grid_width\":\"1-2\",\"title_grid_breakpoint\":\"m\",\"meta_style\":\"meta\",\"meta_align\":\"below-title\",\"meta_element\":\"div\",\"content_column_breakpoint\":\"m\",\"icon_width\":80,\"image_align\":\"right\",\"image_grid_width\":\"1-2\",\"image_grid_breakpoint\":\"m\",\"image_svg_color\":\"emphasis\",\"link_style\":\"default\",\"margin\":\"default\",\"title\":\"Agricoltura e servizi agricoli\",\"content\":\"\n\n<p lang=\\\"lt-LT\\\" align=\\\"left\\\"><span style=\\\"font-family: Times New Roman, serif;\\\"><span style=\\\"font-size: medium;\\\"><span style=\\\"color: #1e1814;\\\"><span style=\\\"font-family: Open Sans, serif;\\\">Attualmente, UAB BAGETA gestisce una considerevole area di terra in tutta la regione. Ci\\u00f2 include sia terreni di propriet\\u00e0 che in locazione o terreni in cui forniamo servizi agricoli.<\\\/span><\\\/span><\\\/span><\\\/span><\\\/p>\\n\n\n<p lang=\\\"lt-LT\\\" align=\\\"left\\\"><span style=\\\"font-family: Times New Roman, serif;\\\"><span style=\\\"font-size: medium;\\\"><span style=\\\"color: #1e1814;\\\"><span style=\\\"font-family: Open Sans, serif;\\\">Offriamo servizi agricoli specializzati che mirano a soddisfare le esigenze dei nostri clienti agricoli e includono una gamma di moderne soluzioni di gestione aziendale. Possiamo consigliare e assistere sia gli agricoltori alle prime armi che fornire assistenza in progetti su larga scala.<\\\/span><\\\/span><\\\/span><\\\/span><\\\/p>\\n\n\n<p lang=\\\"lt-LT\\\" align=\\\"left\\\"><span style=\\\"font-family: Times New Roman, serif;\\\"><span style=\\\"font-size: medium;\\\"><span style=\\\"color: #1e1814;\\\"><span style=\\\"font-family: Open Sans, serif;\\\">L'azienda investe in attrezzature moderne e tecniche all'avanguardia per un prodotto finale e un risultato ottimali.<\\\/span><\\\/span><\\\/span><\\\/span><\\\/p>\\n\n\n<p lang=\\\"lt-LT\\\" align=\\\"left\\\"><span style=\\\"font-family: Times New Roman, serif;\\\"><span style=\\\"font-size: medium;\\\"><span style=\\\"color: #1e1814;\\\"><span style=\\\"font-family: Open Sans, serif;\\\">Siamo anche coltivatori e produttori di prodotti biologici di canapa ed erba medica. Ci\\u00f2 significa che, ove possibile durante tutto il ciclo, coltiviamo e produciamo i nostri prodotti con il minor impatto ambientale e la massima trasparenza.<\\\/span><\\\/span><\\\/span><\\\/span><\\\/p>\",\"image\":\"wp-content\\\/uploads\\\/agrokultura-ukininkavimo-ir-zemes-ukio-paslaugos.jpg\",\"image_alt\":\"\\u016akininkavimo ir \\u017eem\\u0117s \\u016bkio paslaugos\"},\"name\":\"Tekstas su nuotrauka de\\u0161in\\u0117je\"}]}]},{\"type\":\"row\",\"children\":[{\"type\":\"column\",\"props\":{\"position_sticky_breakpoint\":\"m\",\"image_position\":\"center-center\",\"media_overlay_gradient\":\"\"},\"children\":[{\"type\":\"headline\",\"props\":{\"title_element\":\"h2\",\"content\":\"Settore agricolo\",\"title_style\":\"heading-large\",\"text_align\":\"center\"},\"name\":\"Atskiriamoji antra\\u0161t\\u0117\"}]}]},{\"type\":\"row\",\"children\":[{\"type\":\"column\",\"props\":{\"position_sticky_breakpoint\":\"m\",\"image_position\":\"center-center\",\"media_overlay_gradient\":\"\"},\"children\":[{\"type\":\"grid\",\"props\":{\"show_title\":true,\"show_meta\":true,\"show_content\":true,\"show_image\":true,\"show_link\":true,\"grid_default\":\"1\",\"grid_medium\":\"3\",\"filter_style\":\"tab\",\"filter_all\":true,\"filter_position\":\"top\",\"filter_align\":\"left\",\"filter_grid_width\":\"auto\",\"filter_grid_breakpoint\":\"m\",\"title_hover_style\":\"reset\",\"title_element\":\"h3\",\"title_align\":\"top\",\"title_grid_width\":\"1-2\",\"title_grid_breakpoint\":\"m\",\"meta_style\":\"meta\",\"meta_align\":\"below-title\",\"meta_element\":\"div\",\"content_column_breakpoint\":\"m\",\"icon_width\":80,\"image_align\":\"top\",\"image_grid_width\":\"1-2\",\"image_grid_breakpoint\":\"m\",\"image_svg_color\":\"emphasis\",\"link_text\":\"Daugiau <span uk-icon=\\\"chevron-double-right\\\"><\\\/span>\",\"link_style\":\"default\",\"margin\":\"default\",\"item_animation\":true,\"grid_column_align\":true,\"grid_row_align\":false,\"grid_xlarge\":\"3\",\"grid_large\":\"3\",\"grid_small\":\"2\",\"text_align\":\"center\",\"link_fullwidth\":true,\"panel_style\":\"tile-default\",\"panel_image_no_padding\":false,\"panel_padding\":\"\",\"class\":\"uk-match-elements-height\",\"panel_link\":true,\"image_width\":\"300\",\"image_height\":\"225\"},\"children\":[{\"type\":\"grid_item\",\"props\":{\"title\":\"CANAPA INDUSTRIALE\",\"content\":\"\",\"image\":\"wp-content\\\/uploads\\\/agrokultura-pramonine-kanape.jpg\",\"image_alt\":\"Pramonin\\u0117 kanap\\u0117\",\"link\":\"it\\\/agricoltura\\\/canapa-industriale\\\/\",\"link_text\":\"Di pi\\u00f9 <span uk-icon=\\\"chevron-double-right\\\"><\\\/span>\"}},{\"type\":\"grid_item\",\"props\":{\"title\":\"MEDICAGO\",\"content\":\"\",\"image\":\"wp-content\\\/uploads\\\/agrokultura-liucerna.jpg\",\"image_alt\":\"Liucerna\",\"link\":\"it\\\/agricoltura\\\/medicago\\\/\",\"link_text\":\"Di pi\\u00f9 <span uk-icon=\\\"chevron-double-right\\\"><\\\/span>\"}},{\"type\":\"grid_item\",\"props\":{\"title\":\"LAVORAZIONE DI COLTURE AGRICOLE\",\"image\":\"wp-content\\\/uploads\\\/agrokultura-kulturu-apdirbimas.jpg\",\"image_alt\":\"Kult\\u016br\\u0173 apdirbimas\",\"link\":\"it\\\/agricoltura\\\/lavorazione-di-colture-agricole\\\/\",\"link_text\":\"Di pi\\u00f9 <span uk-icon=\\\"chevron-double-right\\\"><\\\/span>\"}}],\"name\":\"Kategorij\\u0173 blokas\"}]}]}],\"name\":\"Turinys\"}],\"version\":\"2.7.23\"} --><\/p>\n","protected":false},"excerpt":{"rendered":"<p>Agricoltura e servizi agricoli Attualmente, UAB BAGETA gestisce una considerevole area di terra in tutta la regione. Ci\u00f2 include sia terreni di propriet\u00e0 che in locazione o terreni in cui forniamo servizi agricoli. Offriamo servizi agricoli specializzati che mirano a soddisfare le esigenze dei nostri clienti agricoli e includono una gamma di moderne soluzioni di [&hellip;]<\/p>\n","protected":false},"author":3,"featured_media":0,"parent":0,"menu_order":164,"comment_status":"closed","ping_status":"closed","template":"","meta":{"_acf_changed":false,"inline_featured_image":false,"footnotes":""},"class_list":["post-4628","page","type-page","status-publish","hentry"],"acf":[],"yoast_head":"<!-- This site is optimized with the Yoast SEO plugin v27.6 - https:\/\/yoast.com\/product\/yoast-seo-wordpress\/ -->\n<title>Agricoltura - BAGETA<\/title>\n<meta name=\"description\" content=\"Agricoltura e servizi agricoli Attualmente, UAB BAGETA gestisce una considerevole area di terra in tutta la regione. Ci\u00f2 include sia terreni di propriet\u00e0\" \/>\n<meta name=\"robots\" content=\"index, follow, max-snippet:-1, max-image-preview:large, max-video-preview:-1\" \/>\n<link rel=\"canonical\" href=\"https:\/\/www.bageta.lt\/it\/agricoltura\/\" \/>\n<meta property=\"og:locale\" content=\"it_IT\" \/>\n<meta property=\"og:type\" content=\"article\" \/>\n<meta property=\"og:title\" content=\"Agricoltura - BAGETA\" \/>\n<meta property=\"og:description\" content=\"Agricoltura e servizi agricoli Attualmente, UAB BAGETA gestisce una considerevole area di terra in tutta la regione. Ci\u00f2 include sia terreni di propriet\u00e0\" \/>\n<meta property=\"og:url\" content=\"https:\/\/www.bageta.lt\/it\/agricoltura\/\" \/>\n<meta property=\"og:site_name\" content=\"BAGETA\" \/>\n<meta property=\"article:modified_time\" content=\"2023-08-17T13:26:29+00:00\" \/>\n<meta name=\"twitter:card\" content=\"summary_large_image\" \/>\n<script type=\"application\/ld+json\" class=\"yoast-schema-graph\">{\"@context\":\"https:\\\/\\\/schema.org\",\"@graph\":[{\"@type\":\"WebPage\",\"@id\":\"https:\\\/\\\/www.bageta.lt\\\/it\\\/agricoltura\\\/\",\"url\":\"https:\\\/\\\/www.bageta.lt\\\/it\\\/agricoltura\\\/\",\"name\":\"Agricoltura - BAGETA\",\"isPartOf\":{\"@id\":\"https:\\\/\\\/www.bageta.lt\\\/it\\\/#website\"},\"datePublished\":\"2023-07-25T12:17:01+00:00\",\"dateModified\":\"2023-08-17T13:26:29+00:00\",\"description\":\"Agricoltura e servizi agricoli Attualmente, UAB BAGETA gestisce una considerevole area di terra in tutta la regione. Ci\u00f2 include sia terreni di propriet\u00e0\",\"breadcrumb\":{\"@id\":\"https:\\\/\\\/www.bageta.lt\\\/it\\\/agricoltura\\\/#breadcrumb\"},\"inLanguage\":\"it-IT\",\"potentialAction\":[{\"@type\":\"ReadAction\",\"target\":[\"https:\\\/\\\/www.bageta.lt\\\/it\\\/agricoltura\\\/\"]}]},{\"@type\":\"BreadcrumbList\",\"@id\":\"https:\\\/\\\/www.bageta.lt\\\/it\\\/agricoltura\\\/#breadcrumb\",\"itemListElement\":[{\"@type\":\"ListItem\",\"position\":1,\"name\":\"Antra\u0161tinis\",\"item\":\"https:\\\/\\\/www.bageta.lt\\\/it\\\/\"},{\"@type\":\"ListItem\",\"position\":2,\"name\":\"Agricoltura\"}]},{\"@type\":\"WebSite\",\"@id\":\"https:\\\/\\\/www.bageta.lt\\\/it\\\/#website\",\"url\":\"https:\\\/\\\/www.bageta.lt\\\/it\\\/\",\"name\":\"BAGETA\",\"description\":\"Auk\u0161tos kokyb\u0117s medienos gaminiai\",\"publisher\":{\"@id\":\"https:\\\/\\\/www.bageta.lt\\\/it\\\/#organization\"},\"potentialAction\":[{\"@type\":\"SearchAction\",\"target\":{\"@type\":\"EntryPoint\",\"urlTemplate\":\"https:\\\/\\\/www.bageta.lt\\\/it\\\/?s={search_term_string}\"},\"query-input\":{\"@type\":\"PropertyValueSpecification\",\"valueRequired\":true,\"valueName\":\"search_term_string\"}}],\"inLanguage\":\"it-IT\"},{\"@type\":\"Organization\",\"@id\":\"https:\\\/\\\/www.bageta.lt\\\/it\\\/#organization\",\"name\":\"BAGETA, UAB\",\"url\":\"https:\\\/\\\/www.bageta.lt\\\/it\\\/\",\"logo\":{\"@type\":\"ImageObject\",\"inLanguage\":\"it-IT\",\"@id\":\"https:\\\/\\\/www.bageta.lt\\\/it\\\/#\\\/schema\\\/logo\\\/image\\\/\",\"url\":\"https:\\\/\\\/www.bageta.lt\\\/wp-content\\\/uploads\\\/bageta-logo.png\",\"contentUrl\":\"https:\\\/\\\/www.bageta.lt\\\/wp-content\\\/uploads\\\/bageta-logo.png\",\"width\":243,\"height\":120,\"caption\":\"BAGETA, UAB\"},\"image\":{\"@id\":\"https:\\\/\\\/www.bageta.lt\\\/it\\\/#\\\/schema\\\/logo\\\/image\\\/\"}}]}<\/script>\n<!-- \/ Yoast SEO plugin. -->","yoast_head_json":{"title":"Agricoltura - BAGETA","description":"Agricoltura e servizi agricoli Attualmente, UAB BAGETA gestisce una considerevole area di terra in tutta la regione. Ci\u00f2 include sia terreni di propriet\u00e0","robots":{"index":"index","follow":"follow","max-snippet":"max-snippet:-1","max-image-preview":"max-image-preview:large","max-video-preview":"max-video-preview:-1"},"canonical":"https:\/\/www.bageta.lt\/it\/agricoltura\/","og_locale":"it_IT","og_type":"article","og_title":"Agricoltura - BAGETA","og_description":"Agricoltura e servizi agricoli Attualmente, UAB BAGETA gestisce una considerevole area di terra in tutta la regione. Ci\u00f2 include sia terreni di propriet\u00e0","og_url":"https:\/\/www.bageta.lt\/it\/agricoltura\/","og_site_name":"BAGETA","article_modified_time":"2023-08-17T13:26:29+00:00","twitter_card":"summary_large_image","schema":{"@context":"https:\/\/schema.org","@graph":[{"@type":"WebPage","@id":"https:\/\/www.bageta.lt\/it\/agricoltura\/","url":"https:\/\/www.bageta.lt\/it\/agricoltura\/","name":"Agricoltura - BAGETA","isPartOf":{"@id":"https:\/\/www.bageta.lt\/it\/#website"},"datePublished":"2023-07-25T12:17:01+00:00","dateModified":"2023-08-17T13:26:29+00:00","description":"Agricoltura e servizi agricoli Attualmente, UAB BAGETA gestisce una considerevole area di terra in tutta la regione. Ci\u00f2 include sia terreni di propriet\u00e0","breadcrumb":{"@id":"https:\/\/www.bageta.lt\/it\/agricoltura\/#breadcrumb"},"inLanguage":"it-IT","potentialAction":[{"@type":"ReadAction","target":["https:\/\/www.bageta.lt\/it\/agricoltura\/"]}]},{"@type":"BreadcrumbList","@id":"https:\/\/www.bageta.lt\/it\/agricoltura\/#breadcrumb","itemListElement":[{"@type":"ListItem","position":1,"name":"Antra\u0161tinis","item":"https:\/\/www.bageta.lt\/it\/"},{"@type":"ListItem","position":2,"name":"Agricoltura"}]},{"@type":"WebSite","@id":"https:\/\/www.bageta.lt\/it\/#website","url":"https:\/\/www.bageta.lt\/it\/","name":"BAGETA","description":"Auk\u0161tos kokyb\u0117s medienos gaminiai","publisher":{"@id":"https:\/\/www.bageta.lt\/it\/#organization"},"potentialAction":[{"@type":"SearchAction","target":{"@type":"EntryPoint","urlTemplate":"https:\/\/www.bageta.lt\/it\/?s={search_term_string}"},"query-input":{"@type":"PropertyValueSpecification","valueRequired":true,"valueName":"search_term_string"}}],"inLanguage":"it-IT"},{"@type":"Organization","@id":"https:\/\/www.bageta.lt\/it\/#organization","name":"BAGETA, UAB","url":"https:\/\/www.bageta.lt\/it\/","logo":{"@type":"ImageObject","inLanguage":"it-IT","@id":"https:\/\/www.bageta.lt\/it\/#\/schema\/logo\/image\/","url":"https:\/\/www.bageta.lt\/wp-content\/uploads\/bageta-logo.png","contentUrl":"https:\/\/www.bageta.lt\/wp-content\/uploads\/bageta-logo.png","width":243,"height":120,"caption":"BAGETA, UAB"},"image":{"@id":"https:\/\/www.bageta.lt\/it\/#\/schema\/logo\/image\/"}}]}},"_links":{"self":[{"href":"https:\/\/www.bageta.lt\/it\/wp-json\/wp\/v2\/pages\/4628","targetHints":{"allow":["GET"]}}],"collection":[{"href":"https:\/\/www.bageta.lt\/it\/wp-json\/wp\/v2\/pages"}],"about":[{"href":"https:\/\/www.bageta.lt\/it\/wp-json\/wp\/v2\/types\/page"}],"author":[{"embeddable":true,"href":"https:\/\/www.bageta.lt\/it\/wp-json\/wp\/v2\/users\/3"}],"replies":[{"embeddable":true,"href":"https:\/\/www.bageta.lt\/it\/wp-json\/wp\/v2\/comments?post=4628"}],"version-history":[{"count":3,"href":"https:\/\/www.bageta.lt\/it\/wp-json\/wp\/v2\/pages\/4628\/revisions"}],"predecessor-version":[{"id":4786,"href":"https:\/\/www.bageta.lt\/it\/wp-json\/wp\/v2\/pages\/4628\/revisions\/4786"}],"wp:attachment":[{"href":"https:\/\/www.bageta.lt\/it\/wp-json\/wp\/v2\/media?parent=4628"}],"curies":[{"name":"wp","href":"https:\/\/api.w.org\/{rel}","templated":true}]}}