{"id":4632,"date":"2023-07-25T14:17:38","date_gmt":"2023-07-25T12:17:38","guid":{"rendered":"https:\/\/www.bageta.lt\/?page_id=4632"},"modified":"2023-08-17T14:16:55","modified_gmt":"2023-08-17T12:16:55","slug":"fibra-di-canapa-industriale","status":"publish","type":"page","link":"https:\/\/www.bageta.lt\/it\/agricoltura\/canapa-industriale\/fibra-di-canapa-industriale\/","title":{"rendered":"Fibra di canapa industriale"},"content":{"rendered":"<h2>Pramonini\u0173 kanapi\u0173 pluo\u0161tas<\/h2>\n<div>\n<p lang=\"lt-LT\" align=\"left\"><span style=\"font-family: Times New Roman, serif;\"><span style=\"font-size: medium;\"><span style=\"color: #1e1814;\"><span style=\"font-family: Open Sans, serif;\">La canapa \u00e8 una pianta fibrosa simile al lino, al kenaf, alla juta e al rami\u00e8. Le fibre di canapa sono multicellulari come le altre fibre fibrose. Si trovano nel tessuto corticale dello stelo e avvolgono lo strato principale dello xilema.<\/span><\/span><\/span><\/span><\/p>\n<p lang=\"lt-LT\" align=\"left\"><span style=\"font-family: Times New Roman, serif;\"><span style=\"font-size: medium;\"><span style=\"color: #1e1814;\"><span style=\"font-family: Open Sans, serif;\">Il tessuto di canapa \u00e8 un tessuto sostenibile realizzato con le fibre ad alto rendimento della famiglia delle piante di canapa sativa.<\/span><\/span><\/span><\/span><\/p>\n<p lang=\"lt-LT\" align=\"left\"><span style=\"font-family: Times New Roman, serif;\"><span style=\"font-size: medium;\"><span style=\"color: #1e1814;\"><span style=\"font-family: Open Sans, serif;\">La fibra \u00e8 una delle parti pi\u00f9 preziose della pianta di canapa. \u00c8 comunemente chiamato rafia, che si riferisce alle fibre che crescono all&#8217;esterno del fusto della pianta. Le fibre dell&#8217;albero danno forza alle piante.<\/span><\/span><\/span><\/span><\/p>\n<p lang=\"lt-LT\" align=\"left\"><span style=\"font-family: Times New Roman, serif;\"><span style=\"font-size: medium;\"><span style=\"color: #1e1814;\"><span style=\"font-family: Open Sans, serif;\">A seconda della lavorazione utilizzata sulla fibra del fusto, la canapa pu\u00f2 essere naturalmente di colore bianco crema, marrone, grigio, nero o verde.<\/span><\/span><\/span><\/span><\/p>\n<\/div>\n<div>\n<p>    <img decoding=\"async\" src=\"\/wp-content\/uploads\/pramoniniu-kanapiu-pluostas.jpg\" alt=\"\"><\/p>\n<h3>Pramonini\u0173 kanapi\u0173 pluo\u0161tas<\/h3>\n<\/div>\n<h3>DALLA PROGETTAZIONE ALLA CONSEGNA!<\/h3>\n<div>Saremo lieti di fornire un preventivo per i paretali pieghevoli per pallet realizzati con legname di prima o di seconda scelta.<\/div>\n<ul>\n<li>\n<div>Fornitura combinata<\/div>\n<\/li>\n<li>\n<div>Consegna con trasporto su strada<\/div>\n<\/li>\n<li>\n<div>Spedizione in container in tutto il mondo<\/div>\n<\/li>\n<\/ul>\n<p>\n    <a href=\"#\">CONTATTACI<\/a>\n<\/p>\n<p><!--more--><br \/>\n<!-- {\"name\":\"4.1.2. Pramonini\\u0173 kanapi\\u0173 s\\u0117klos\",\"type\":\"layout\",\"children\":[{\"type\":\"section\",\"props\":{\"style\":\"default\",\"width\":\"default\",\"vertical_align\":\"middle\",\"title_position\":\"top-left\",\"title_rotation\":\"left\",\"title_breakpoint\":\"\",\"image_position\":\"center-center\",\"class\":\"tm-header-image-section\",\"image_size\":\"cover\",\"header_transparent_noplaceholder\":false,\"title\":\"\",\"media_overlay_gradient\":\"linear-gradient(rgba(30, 24, 20, 0.8) 20%, rgba(0, 0, 0, 0) 100%)\",\"text_color\":\"light\"},\"children\":[{\"type\":\"row\",\"children\":[{\"type\":\"column\",\"props\":{\"image_position\":\"center-center\",\"media_overlay_gradient\":\"\",\"vertical_align\":\"middle\",\"position_sticky_breakpoint\":\"m\"},\"children\":[{\"type\":\"headline\",\"props\":{\"title_element\":\"div\",\"text_align\":\"left\",\"text_align_breakpoint\":\"m\",\"text_align_fallback\":\"center\",\"title_style\":\"heading-large\"},\"source\":{\"query\":{\"name\":\"pages.singlePage\"},\"props\":{\"_condition\":{\"filters\":{\"condition\":\"!!\"},\"name\":\"title\"},\"content\":{\"filters\":{\"search\":\"\"},\"name\":\"title\"}}}}]}]}],\"name\":\"Antra\\u0161t\\u0117 su nuotrauka\",\"source\":{\"query\":{\"name\":\"pages.singlePage\"},\"props\":{\"image\":{\"name\":\"field.header_image.url\"}}}},{\"type\":\"section\",\"props\":{\"style\":\"primary\",\"width\":\"default\",\"vertical_align\":\"middle\",\"title_position\":\"top-left\",\"title_rotation\":\"left\",\"title_breakpoint\":\"xl\",\"image_position\":\"center-center\",\"class\":\"tm-breadcrumbs-section\",\"padding\":\"small\",\"preserve_color\":true},\"children\":[{\"type\":\"row\",\"children\":[{\"type\":\"column\",\"props\":{\"image_position\":\"center-center\",\"media_overlay_gradient\":\"\",\"vertical_align\":\"middle\",\"position_sticky_breakpoint\":\"m\"},\"children\":[{\"type\":\"breadcrumbs\",\"props\":{\"show_home\":true,\"show_current\":true,\"class\":\".tm-breadcrumbs\"}}]}]}],\"name\":\"Navigacija\"},{\"type\":\"section\",\"props\":{\"style\":\"default\",\"width\":\"default\",\"vertical_align\":\"middle\",\"title_position\":\"top-left\",\"title_rotation\":\"left\",\"title_breakpoint\":\"xl\",\"image_position\":\"center-center\",\"id\":\"content\"},\"children\":[{\"type\":\"row\",\"props\":{\"layout\":\"1-2,1-2\",\"match\":true},\"children\":[{\"type\":\"column\",\"props\":{\"position_sticky_breakpoint\":\"m\",\"image_position\":\"center-center\",\"media_overlay_gradient\":\"\",\"width_medium\":\"1-2\"},\"children\":[{\"type\":\"headline\",\"props\":{\"title_element\":\"h2\",\"content\":\"Pramonini\\u0173 kanapi\\u0173 pluo\\u0161tas\"}},{\"type\":\"text\",\"props\":{\"margin\":\"default\",\"column_breakpoint\":\"m\",\"content\":\"\n\n<p lang=\\\"lt-LT\\\" align=\\\"left\\\"><span style=\\\"font-family: Times New Roman, serif;\\\"><span style=\\\"font-size: medium;\\\"><span style=\\\"color: #1e1814;\\\"><span style=\\\"font-family: Open Sans, serif;\\\">La canapa \\u00e8 una pianta fibrosa simile al lino, al kenaf, alla juta e al rami\\u00e8. Le fibre di canapa sono multicellulari come le altre fibre fibrose. Si trovano nel tessuto corticale dello stelo e avvolgono lo strato principale dello xilema.<\\\/span><\\\/span><\\\/span><\\\/span><\\\/p>\\n\n\n<p lang=\\\"lt-LT\\\" align=\\\"left\\\"><span style=\\\"font-family: Times New Roman, serif;\\\"><span style=\\\"font-size: medium;\\\"><span style=\\\"color: #1e1814;\\\"><span style=\\\"font-family: Open Sans, serif;\\\">Il tessuto di canapa \\u00e8 un tessuto sostenibile realizzato con le fibre ad alto rendimento della famiglia delle piante di canapa sativa.<\\\/span><\\\/span><\\\/span><\\\/span><\\\/p>\\n\n\n<p lang=\\\"lt-LT\\\" align=\\\"left\\\"><span style=\\\"font-family: Times New Roman, serif;\\\"><span style=\\\"font-size: medium;\\\"><span style=\\\"color: #1e1814;\\\"><span style=\\\"font-family: Open Sans, serif;\\\">La fibra \\u00e8 una delle parti pi\\u00f9 preziose della pianta di canapa. \\u00c8 comunemente chiamato rafia, che si riferisce alle fibre che crescono all'esterno del fusto della pianta. Le fibre dell'albero danno forza alle piante.<\\\/span><\\\/span><\\\/span><\\\/span><\\\/p>\\n\n\n<p lang=\\\"lt-LT\\\" align=\\\"left\\\"><span style=\\\"font-family: Times New Roman, serif;\\\"><span style=\\\"font-size: medium;\\\"><span style=\\\"color: #1e1814;\\\"><span style=\\\"font-family: Open Sans, serif;\\\">A seconda della lavorazione utilizzata sulla fibra del fusto, la canapa pu\\u00f2 essere naturalmente di colore bianco crema, marrone, grigio, nero o verde.<\\\/span><\\\/span><\\\/span><\\\/span><\\\/p>\"}}]},{\"type\":\"column\",\"props\":{\"position_sticky_breakpoint\":\"m\",\"image_position\":\"center-center\",\"media_overlay_gradient\":\"\",\"width_medium\":\"1-2\"},\"children\":[{\"type\":\"slideshow\",\"props\":{\"show_title\":false,\"show_meta\":false,\"show_content\":true,\"show_link\":true,\"show_thumbnail\":true,\"slideshow_min_height\":\"400\",\"slideshow_autoplay_pause\":true,\"nav\":\"thumbnav\",\"nav_position\":\"bottom-center\",\"nav_position_margin\":\"medium\",\"nav_align\":\"center\",\"nav_breakpoint\":\"\",\"thumbnav_width\":\"100\",\"thumbnav_height\":\"75\",\"thumbnav_svg_color\":\"emphasis\",\"slidenav\":\"default\",\"slidenav_margin\":\"\",\"slidenav_breakpoint\":\"\",\"slidenav_outside_breakpoint\":\"s\",\"overlay_position\":\"center-left\",\"overlay_animation\":\"parallax\",\"title_element\":\"h3\",\"meta_style\":\"meta\",\"meta_align\":\"below-title\",\"meta_element\":\"div\",\"link_text\":\"Read more\",\"link_style\":\"default\",\"margin\":\"default\",\"nav_below\":true,\"thumbnav_nowrap\":true,\"slidenav_hover\":true,\"overlay_container\":\"\",\"image_width\":\"600\",\"image_height\":\"400\"},\"children\":[{\"type\":\"slideshow_item\",\"props\":{\"title\":\"Pramonini\\u0173 kanapi\\u0173 pluo\\u0161tas\",\"image\":\"wp-content\\\/uploads\\\/pramoniniu-kanapiu-pluostas.jpg\"}}]}]}]}],\"name\":\"Turinys\"},{\"type\":\"section\",\"props\":{\"style\":\"secondary\",\"width\":\"default\",\"vertical_align\":\"middle\",\"title_position\":\"top-left\",\"title_rotation\":\"left\",\"title_breakpoint\":\"xl\",\"image_position\":\"center-center\"},\"children\":[{\"type\":\"row\",\"props\":{\"margin_remove_bottom\":true},\"children\":[{\"type\":\"column\",\"props\":{\"position_sticky_breakpoint\":\"m\",\"image_position\":\"center-center\",\"media_overlay_gradient\":\"\"},\"children\":[{\"type\":\"headline\",\"props\":{\"title_element\":\"h3\",\"content\":\"DALLA PROGETTAZIONE ALLA CONSEGNA!\",\"title_style\":\"heading-large\",\"text_align\":\"center\"}}]}]},{\"type\":\"row\",\"children\":[{\"type\":\"column\",\"props\":{\"position_sticky_breakpoint\":\"m\",\"image_position\":\"center-center\",\"media_overlay_gradient\":\"\",\"width_medium\":\"1-2\",\"vertical_align\":\"middle\"},\"children\":[{\"type\":\"text\",\"props\":{\"margin\":\"default\",\"column_breakpoint\":\"m\",\"content\":\"Saremo lieti di fornire un preventivo per i paretali pieghevoli per pallet realizzati con legname di prima o di seconda scelta.\",\"text_align\":\"center\",\"text_style\":\"lead\"},\"name\":\"Pary\\u0161kintas tekstas\"}]},{\"type\":\"column\",\"props\":{\"position_sticky_breakpoint\":\"m\",\"image_position\":\"center-center\",\"media_overlay_gradient\":\"\",\"width_medium\":\"1-2\",\"vertical_align\":\"middle\"},\"children\":[{\"type\":\"list\",\"props\":{\"show_image\":true,\"show_link\":true,\"list_type\":\"vertical\",\"list_element\":\"ul\",\"list_horizontal_separator\":\", \",\"column_breakpoint\":\"m\",\"image_svg_color\":\"emphasis\",\"image_align\":\"left\",\"image_vertical_align\":true,\"text_align\":\"center\"},\"children\":[{\"type\":\"list_item\",\"props\":{\"content\":\"Fornitura combinata\",\"icon\":\"check\"}},{\"type\":\"list_item\",\"props\":{\"content\":\"Consegna con trasporto su strada\",\"icon\":\"check\"}},{\"type\":\"list_item\",\"props\":{\"content\":\"Spedizione in container in tutto il mondo\",\"icon\":\"check\"}}]}]}],\"props\":{\"layout\":\"1-2,1-2\",\"match\":true,\"margin_remove_bottom\":true}},{\"type\":\"row\",\"children\":[{\"type\":\"column\",\"props\":{\"position_sticky_breakpoint\":\"m\",\"image_position\":\"center-center\",\"media_overlay_gradient\":\"\"},\"children\":[{\"type\":\"button\",\"props\":{\"grid_column_gap\":\"small\",\"grid_row_gap\":\"small\",\"margin\":\"default\",\"fullwidth\":false,\"attributes\":\"uk-toggle=\\\"target: #modal\\\"\",\"text_align\":\"center\"},\"children\":[{\"type\":\"button_item\",\"props\":{\"button_style\":\"default\",\"icon_align\":\"right\",\"content\":\"CONTATTACI\",\"link\":\"#\",\"icon\":\"file-edit\",\"link_target\":\"modal\"}}]}]}]}],\"name\":\"Susisiekti blokas\"}],\"version\":\"2.7.23\"} --><\/p>\n","protected":false},"excerpt":{"rendered":"<p>Pramonini\u0173 kanapi\u0173 pluo\u0161tas La canapa \u00e8 una pianta fibrosa simile al lino, al kenaf, alla juta e al rami\u00e8. Le fibre di canapa sono multicellulari come le altre fibre fibrose. Si trovano nel tessuto corticale dello stelo e avvolgono lo strato principale dello xilema. Il tessuto di canapa \u00e8 un tessuto sostenibile realizzato con le [&hellip;]<\/p>\n","protected":false},"author":1,"featured_media":0,"parent":4629,"menu_order":181,"comment_status":"closed","ping_status":"closed","template":"","meta":{"_acf_changed":false,"inline_featured_image":false,"footnotes":""},"class_list":["post-4632","page","type-page","status-publish","hentry"],"acf":[],"yoast_head":"<!-- This site is optimized with the Yoast SEO plugin v27.6 - https:\/\/yoast.com\/product\/yoast-seo-wordpress\/ -->\n<title>Fibra di canapa industriale - BAGETA<\/title>\n<meta name=\"description\" content=\"Pramonini\u0173 kanapi\u0173 pluo\u0161tas La canapa \u00e8 una pianta fibrosa simile al lino, al kenaf, alla juta e al rami\u00e8. Le fibre di canapa sono multicellulari come le\" \/>\n<meta name=\"robots\" content=\"index, follow, max-snippet:-1, max-image-preview:large, max-video-preview:-1\" \/>\n<link rel=\"canonical\" href=\"https:\/\/www.bageta.lt\/it\/agricoltura\/canapa-industriale\/fibra-di-canapa-industriale\/\" \/>\n<meta property=\"og:locale\" content=\"it_IT\" \/>\n<meta property=\"og:type\" content=\"article\" \/>\n<meta property=\"og:title\" content=\"Fibra di canapa industriale - BAGETA\" \/>\n<meta property=\"og:description\" content=\"Pramonini\u0173 kanapi\u0173 pluo\u0161tas La canapa \u00e8 una pianta fibrosa simile al lino, al kenaf, alla juta e al rami\u00e8. Le fibre di canapa sono multicellulari come le\" \/>\n<meta property=\"og:url\" content=\"https:\/\/www.bageta.lt\/it\/agricoltura\/canapa-industriale\/fibra-di-canapa-industriale\/\" \/>\n<meta property=\"og:site_name\" content=\"BAGETA\" \/>\n<meta property=\"article:modified_time\" content=\"2023-08-17T12:16:55+00:00\" \/>\n<meta name=\"twitter:card\" content=\"summary_large_image\" \/>\n<script type=\"application\/ld+json\" class=\"yoast-schema-graph\">{\"@context\":\"https:\\\/\\\/schema.org\",\"@graph\":[{\"@type\":\"WebPage\",\"@id\":\"https:\\\/\\\/www.bageta.lt\\\/it\\\/agricoltura\\\/canapa-industriale\\\/fibra-di-canapa-industriale\\\/\",\"url\":\"https:\\\/\\\/www.bageta.lt\\\/it\\\/agricoltura\\\/canapa-industriale\\\/fibra-di-canapa-industriale\\\/\",\"name\":\"Fibra di canapa industriale - BAGETA\",\"isPartOf\":{\"@id\":\"https:\\\/\\\/www.bageta.lt\\\/it\\\/#website\"},\"datePublished\":\"2023-07-25T12:17:38+00:00\",\"dateModified\":\"2023-08-17T12:16:55+00:00\",\"description\":\"Pramonini\u0173 kanapi\u0173 pluo\u0161tas La canapa \u00e8 una pianta fibrosa simile al lino, al kenaf, alla juta e al rami\u00e8. Le fibre di canapa sono multicellulari come le\",\"breadcrumb\":{\"@id\":\"https:\\\/\\\/www.bageta.lt\\\/it\\\/agricoltura\\\/canapa-industriale\\\/fibra-di-canapa-industriale\\\/#breadcrumb\"},\"inLanguage\":\"it-IT\",\"potentialAction\":[{\"@type\":\"ReadAction\",\"target\":[\"https:\\\/\\\/www.bageta.lt\\\/it\\\/agricoltura\\\/canapa-industriale\\\/fibra-di-canapa-industriale\\\/\"]}]},{\"@type\":\"BreadcrumbList\",\"@id\":\"https:\\\/\\\/www.bageta.lt\\\/it\\\/agricoltura\\\/canapa-industriale\\\/fibra-di-canapa-industriale\\\/#breadcrumb\",\"itemListElement\":[{\"@type\":\"ListItem\",\"position\":1,\"name\":\"Antra\u0161tinis\",\"item\":\"https:\\\/\\\/www.bageta.lt\\\/it\\\/\"},{\"@type\":\"ListItem\",\"position\":2,\"name\":\"Agricoltura\",\"item\":\"https:\\\/\\\/www.bageta.lt\\\/it\\\/agricoltura\\\/\"},{\"@type\":\"ListItem\",\"position\":3,\"name\":\"Canapa industriale\",\"item\":\"https:\\\/\\\/www.bageta.lt\\\/it\\\/agricoltura\\\/canapa-industriale\\\/\"},{\"@type\":\"ListItem\",\"position\":4,\"name\":\"Fibra di canapa industriale\"}]},{\"@type\":\"WebSite\",\"@id\":\"https:\\\/\\\/www.bageta.lt\\\/it\\\/#website\",\"url\":\"https:\\\/\\\/www.bageta.lt\\\/it\\\/\",\"name\":\"BAGETA\",\"description\":\"Auk\u0161tos kokyb\u0117s medienos gaminiai\",\"publisher\":{\"@id\":\"https:\\\/\\\/www.bageta.lt\\\/it\\\/#organization\"},\"potentialAction\":[{\"@type\":\"SearchAction\",\"target\":{\"@type\":\"EntryPoint\",\"urlTemplate\":\"https:\\\/\\\/www.bageta.lt\\\/it\\\/?s={search_term_string}\"},\"query-input\":{\"@type\":\"PropertyValueSpecification\",\"valueRequired\":true,\"valueName\":\"search_term_string\"}}],\"inLanguage\":\"it-IT\"},{\"@type\":\"Organization\",\"@id\":\"https:\\\/\\\/www.bageta.lt\\\/it\\\/#organization\",\"name\":\"BAGETA, UAB\",\"url\":\"https:\\\/\\\/www.bageta.lt\\\/it\\\/\",\"logo\":{\"@type\":\"ImageObject\",\"inLanguage\":\"it-IT\",\"@id\":\"https:\\\/\\\/www.bageta.lt\\\/it\\\/#\\\/schema\\\/logo\\\/image\\\/\",\"url\":\"https:\\\/\\\/www.bageta.lt\\\/wp-content\\\/uploads\\\/bageta-logo.png\",\"contentUrl\":\"https:\\\/\\\/www.bageta.lt\\\/wp-content\\\/uploads\\\/bageta-logo.png\",\"width\":243,\"height\":120,\"caption\":\"BAGETA, UAB\"},\"image\":{\"@id\":\"https:\\\/\\\/www.bageta.lt\\\/it\\\/#\\\/schema\\\/logo\\\/image\\\/\"}}]}<\/script>\n<!-- \/ Yoast SEO plugin. -->","yoast_head_json":{"title":"Fibra di canapa industriale - BAGETA","description":"Pramonini\u0173 kanapi\u0173 pluo\u0161tas La canapa \u00e8 una pianta fibrosa simile al lino, al kenaf, alla juta e al rami\u00e8. Le fibre di canapa sono multicellulari come le","robots":{"index":"index","follow":"follow","max-snippet":"max-snippet:-1","max-image-preview":"max-image-preview:large","max-video-preview":"max-video-preview:-1"},"canonical":"https:\/\/www.bageta.lt\/it\/agricoltura\/canapa-industriale\/fibra-di-canapa-industriale\/","og_locale":"it_IT","og_type":"article","og_title":"Fibra di canapa industriale - BAGETA","og_description":"Pramonini\u0173 kanapi\u0173 pluo\u0161tas La canapa \u00e8 una pianta fibrosa simile al lino, al kenaf, alla juta e al rami\u00e8. Le fibre di canapa sono multicellulari come le","og_url":"https:\/\/www.bageta.lt\/it\/agricoltura\/canapa-industriale\/fibra-di-canapa-industriale\/","og_site_name":"BAGETA","article_modified_time":"2023-08-17T12:16:55+00:00","twitter_card":"summary_large_image","schema":{"@context":"https:\/\/schema.org","@graph":[{"@type":"WebPage","@id":"https:\/\/www.bageta.lt\/it\/agricoltura\/canapa-industriale\/fibra-di-canapa-industriale\/","url":"https:\/\/www.bageta.lt\/it\/agricoltura\/canapa-industriale\/fibra-di-canapa-industriale\/","name":"Fibra di canapa industriale - BAGETA","isPartOf":{"@id":"https:\/\/www.bageta.lt\/it\/#website"},"datePublished":"2023-07-25T12:17:38+00:00","dateModified":"2023-08-17T12:16:55+00:00","description":"Pramonini\u0173 kanapi\u0173 pluo\u0161tas La canapa \u00e8 una pianta fibrosa simile al lino, al kenaf, alla juta e al rami\u00e8. Le fibre di canapa sono multicellulari come le","breadcrumb":{"@id":"https:\/\/www.bageta.lt\/it\/agricoltura\/canapa-industriale\/fibra-di-canapa-industriale\/#breadcrumb"},"inLanguage":"it-IT","potentialAction":[{"@type":"ReadAction","target":["https:\/\/www.bageta.lt\/it\/agricoltura\/canapa-industriale\/fibra-di-canapa-industriale\/"]}]},{"@type":"BreadcrumbList","@id":"https:\/\/www.bageta.lt\/it\/agricoltura\/canapa-industriale\/fibra-di-canapa-industriale\/#breadcrumb","itemListElement":[{"@type":"ListItem","position":1,"name":"Antra\u0161tinis","item":"https:\/\/www.bageta.lt\/it\/"},{"@type":"ListItem","position":2,"name":"Agricoltura","item":"https:\/\/www.bageta.lt\/it\/agricoltura\/"},{"@type":"ListItem","position":3,"name":"Canapa industriale","item":"https:\/\/www.bageta.lt\/it\/agricoltura\/canapa-industriale\/"},{"@type":"ListItem","position":4,"name":"Fibra di canapa industriale"}]},{"@type":"WebSite","@id":"https:\/\/www.bageta.lt\/it\/#website","url":"https:\/\/www.bageta.lt\/it\/","name":"BAGETA","description":"Auk\u0161tos kokyb\u0117s medienos gaminiai","publisher":{"@id":"https:\/\/www.bageta.lt\/it\/#organization"},"potentialAction":[{"@type":"SearchAction","target":{"@type":"EntryPoint","urlTemplate":"https:\/\/www.bageta.lt\/it\/?s={search_term_string}"},"query-input":{"@type":"PropertyValueSpecification","valueRequired":true,"valueName":"search_term_string"}}],"inLanguage":"it-IT"},{"@type":"Organization","@id":"https:\/\/www.bageta.lt\/it\/#organization","name":"BAGETA, UAB","url":"https:\/\/www.bageta.lt\/it\/","logo":{"@type":"ImageObject","inLanguage":"it-IT","@id":"https:\/\/www.bageta.lt\/it\/#\/schema\/logo\/image\/","url":"https:\/\/www.bageta.lt\/wp-content\/uploads\/bageta-logo.png","contentUrl":"https:\/\/www.bageta.lt\/wp-content\/uploads\/bageta-logo.png","width":243,"height":120,"caption":"BAGETA, UAB"},"image":{"@id":"https:\/\/www.bageta.lt\/it\/#\/schema\/logo\/image\/"}}]}},"_links":{"self":[{"href":"https:\/\/www.bageta.lt\/it\/wp-json\/wp\/v2\/pages\/4632","targetHints":{"allow":["GET"]}}],"collection":[{"href":"https:\/\/www.bageta.lt\/it\/wp-json\/wp\/v2\/pages"}],"about":[{"href":"https:\/\/www.bageta.lt\/it\/wp-json\/wp\/v2\/types\/page"}],"author":[{"embeddable":true,"href":"https:\/\/www.bageta.lt\/it\/wp-json\/wp\/v2\/users\/1"}],"replies":[{"embeddable":true,"href":"https:\/\/www.bageta.lt\/it\/wp-json\/wp\/v2\/comments?post=4632"}],"version-history":[{"count":5,"href":"https:\/\/www.bageta.lt\/it\/wp-json\/wp\/v2\/pages\/4632\/revisions"}],"predecessor-version":[{"id":4766,"href":"https:\/\/www.bageta.lt\/it\/wp-json\/wp\/v2\/pages\/4632\/revisions\/4766"}],"up":[{"embeddable":true,"href":"https:\/\/www.bageta.lt\/it\/wp-json\/wp\/v2\/pages\/4629"}],"wp:attachment":[{"href":"https:\/\/www.bageta.lt\/it\/wp-json\/wp\/v2\/media?parent=4632"}],"curies":[{"name":"wp","href":"https:\/\/api.w.org\/{rel}","templated":true}]}}