{"id":4942,"date":"2021-10-14T08:46:38","date_gmt":"2021-10-14T06:46:38","guid":{"rendered":"https:\/\/www.bageta.lt\/produktion\/biobransle\/trapellets\/enplus-a1-medienos-granules\/"},"modified":"2023-08-28T13:56:10","modified_gmt":"2023-08-28T11:56:10","slug":"enplus-a1-trapellets","status":"publish","type":"page","link":"https:\/\/www.bageta.lt\/sv\/produktion\/biobransle\/trapellets\/enplus-a1-trapellets\/","title":{"rendered":"EN<em>plus<\/em>\u00ae  A1 tr\u00e4pellets"},"content":{"rendered":"<div>\n<p>    <img decoding=\"async\" src=\"\/wp-content\/uploads\/medienos-granules-enplus-a1-medienos-granules.jpg\" alt=\"ENPlus A1 medienos granul\u0117s\"><\/p>\n<h3>ENPlus A1 medienos granul\u0117s<\/h3>\n<\/div>\n<div>\n<h1>EN<em>plus<\/em>&#0174; A1 tr\u00e4pellets<\/h1>\n<p>1050 kg (70 x 15 kg)<\/p>\n<div>\n<p><strong>EN<em>plus<\/em>\u00ae A1 <\/strong><span style=\"color: #1e1814;\"><span style=\"font-size: medium;\">\u00e4r den h\u00f6gsta kvalitetsstandarden i Europa och granskas av European Pellet Council. Denna standard tillhandah\u00e5ller parametrar som \u00e4r mycket viktiga f\u00f6r driften av en biomassapanna, inklusive askprocent, fukthalt, mekanisk h\u00e5llbarhet, energiinneh\u00e5ll och asksm\u00e4ltpunkt.<\/span><\/span><\/p>\n<p lang=\"lt-LT\" class=\"western\" align=\"left\"><span style=\"color: #1e1814;\"><span style=\"font-size: medium;\">Tr\u00e4pellets framst\u00e4lls genom att komprimera ved\/flis som f\u00f6rst krossas me den hammarkvarn f\u00f6r att f\u00e5 en j\u00e4mn massa. Denna massa matas till en press, d\u00e4r den pressas genome n form med h\u00e5l av \u00f6nskad storlek <\/span><\/span><span style=\"color: #1e1814;\"><span style=\"font-size: medium;\"><span lang=\"sv-SE\">(vanligtvis 6 mm i diameter, ibland 8 mm eller st\u00f6rre). P\u00e5 grund av det h\u00f6ga trycktrycket stiger tr\u00e4ets temperatur avsev\u00e4rt, och ligninet delamineras n\u00e5got och bildar ett naturligt limbindmedel som stelnar n\u00e4r det svalnar och h\u00e5ller pelletsen i form.<\/span><\/span><\/span><\/p>\n<p lang=\"lt-LT\" class=\"western\" align=\"left\"><span style=\"color: #1e1814;\"><span style=\"font-size: medium;\">15 kg p\u00e5sar kan enkelt hanteras och h\u00e4llas i pelletskamin\/panna, br\u00e4nslef\u00f6rr\u00e5d.<\/span><\/span><\/p>\n<\/div>\n<\/div>\n<h3>Teknisk data<\/h3>\n<ul>\n<li>\n<h3>Material<\/h3>\n<div>barrtr\u00e4<\/div>\n<\/li>\n<li>\n<h3>Diameter<\/h3>\n<div>\n<p>6 mm &plusmn; 1 mm<\/p>\n<\/div>\n<\/li>\n<li>\n<h3>Maximal l\u00e4ngd<\/h3>\n<div>\n<p>3.15 &lt; L &le; 40 mm<\/p>\n<\/div>\n<\/li>\n<li>\n<h3>Askinneh\u00e5ll<\/h3>\n<div>\n<p>&le; 0.7%<\/p>\n<\/div>\n<\/li>\n<li>\n<h3>Dammm\u00e4ngd<\/h3>\n<div>\n<p>&le; 0.5%<\/p>\n<\/div>\n<\/li>\n<li>\n<h3>Fukthalt<\/h3>\n<div>\n<p>&le; 10%<\/p>\n<\/div>\n<\/li>\n<li>\n<h3>Asksm\u00e4ltpunkt<\/h3>\n<div>\n<p>&ge; 1200 &#8451;<\/p>\n<\/div>\n<\/li>\n<li>\n<h3>Nettokalorier<\/h3>\n<div>\n<p>&ge; 4.6 kWh\/kg<\/p>\n<\/div>\n<\/li>\n<li>\n<h3>F\u00f6rpackning<\/h3>\n<div>P\u00e5sar p\u00e5 15 kg styck<\/div>\n<\/li>\n<li>\n<h3>Lastpall<\/h3>\n<div>70 p\u00e5sar<\/div>\n<\/li>\n<li>\n<h3>Totalvikt<\/h3>\n<div>\n<p>1050 kg<\/p>\n<\/div>\n<\/li>\n<li>\n<h3>Pallstorlek<\/h3>\n<div>\n<p>90 x 115 x 170 cm<\/p>\n<\/div>\n<\/li>\n<\/ul>\n<h3>FR\u00c5N PLANERING TILL LEVERANS!<\/h3>\n<div>Vi ger dig g\u00e4rna en offert p\u00e5 pallkrage av premium eller sekund\u00e4rvirke.<\/div>\n<ul>\n<li>\n<div>Kombinerat utbud<\/div>\n<\/li>\n<li>\n<div>Leverans med v\u00e4gtransport<\/div>\n<\/li>\n<li>\n<div>Frakt med container \u00f6ver hela v\u00e4rlden<\/div>\n<\/li>\n<\/ul>\n<p>\n    <a href=\"#\">KONTAKTA OSS<\/a>\n<\/p>\n<p><!--more--><br \/>\n<!-- {\"name\":\"3.3.1.1. ENPlus A1 medienos granul\\u0117s\",\"type\":\"layout\",\"children\":[{\"type\":\"section\",\"props\":{\"style\":\"default\",\"width\":\"default\",\"vertical_align\":\"middle\",\"title_position\":\"top-left\",\"title_rotation\":\"left\",\"title_breakpoint\":\"\",\"image_position\":\"center-center\",\"class\":\"tm-header-image-section\",\"image_size\":\"cover\",\"header_transparent_noplaceholder\":false,\"title\":\"\",\"media_overlay_gradient\":\"linear-gradient(rgba(30, 24, 20, 0.8) 20%, rgba(0, 0, 0, 0) 100%)\",\"text_color\":\"light\"},\"children\":[{\"type\":\"row\",\"children\":[{\"type\":\"column\",\"props\":{\"image_position\":\"center-center\",\"media_overlay_gradient\":\"\",\"vertical_align\":\"middle\",\"position_sticky_breakpoint\":\"m\"},\"children\":[{\"type\":\"headline\",\"props\":{\"title_element\":\"div\",\"text_align\":\"left\",\"text_align_breakpoint\":\"m\",\"text_align_fallback\":\"center\",\"title_style\":\"heading-large\"},\"source\":{\"query\":{\"name\":\"pages.singlePage\"},\"props\":{\"_condition\":{\"filters\":{\"condition\":\"!!\"},\"name\":\"title\"},\"content\":{\"filters\":{\"search\":\"\"},\"name\":\"title\"}}}}]}]}],\"name\":\"Antra\\u0161t\\u0117 su nuotrauka\",\"source\":{\"query\":{\"name\":\"pages.singlePage\"},\"props\":{\"image\":{\"name\":\"field.header_image.url\"}}}},{\"type\":\"section\",\"props\":{\"style\":\"primary\",\"width\":\"default\",\"vertical_align\":\"middle\",\"title_position\":\"top-left\",\"title_rotation\":\"left\",\"title_breakpoint\":\"xl\",\"image_position\":\"center-center\",\"class\":\"tm-breadcrumbs-section\",\"padding\":\"small\",\"preserve_color\":true},\"children\":[{\"type\":\"row\",\"children\":[{\"type\":\"column\",\"props\":{\"image_position\":\"center-center\",\"media_overlay_gradient\":\"\",\"vertical_align\":\"middle\",\"position_sticky_breakpoint\":\"m\"},\"children\":[{\"type\":\"breadcrumbs\",\"props\":{\"show_home\":true,\"show_current\":true,\"class\":\".tm-breadcrumbs\"}}]}]}],\"name\":\"Navigacija\"},{\"type\":\"section\",\"props\":{\"style\":\"default\",\"width\":\"default\",\"vertical_align\":\"middle\",\"title_position\":\"top-left\",\"title_rotation\":\"left\",\"title_breakpoint\":\"xl\",\"image_position\":\"center-center\"},\"children\":[{\"type\":\"row\",\"props\":{\"layout\":\"1-2,1-2\",\"match\":true,\"margin_remove_bottom\":false},\"children\":[{\"type\":\"column\",\"props\":{\"image_position\":\"center-center\",\"media_overlay_gradient\":\"\",\"width_medium\":\"1-2\",\"position_sticky_breakpoint\":\"m\",\"vertical_align\":\"middle\"},\"children\":[{\"type\":\"slideshow\",\"props\":{\"show_title\":false,\"show_meta\":false,\"show_content\":false,\"show_link\":false,\"show_thumbnail\":false,\"slideshow_min_height\":\"400\",\"slideshow_autoplay_pause\":true,\"nav\":\"thumbnav\",\"nav_position\":\"top-left\",\"nav_position_margin\":\"\",\"nav_align\":\"center\",\"nav_breakpoint\":\"s\",\"thumbnav_width\":\"100\",\"thumbnav_height\":\"75\",\"thumbnav_svg_color\":\"emphasis\",\"slidenav\":\"default\",\"slidenav_margin\":\"\",\"slidenav_breakpoint\":\"\",\"slidenav_outside_breakpoint\":\"s\",\"overlay_position\":\"center\",\"overlay_animation\":\"parallax\",\"title_element\":\"h3\",\"meta_style\":\"meta\",\"meta_align\":\"below-title\",\"meta_element\":\"div\",\"link_text\":\"\",\"link_style\":\"default\",\"margin\":\"default\",\"nav_below\":true,\"slidenav_hover\":true,\"overlay_container\":\"\",\"nav_vertical\":true,\"nav_margin\":\"small\",\"image_width\":\"600\",\"image_height\":\"400\"},\"children\":[{\"type\":\"slideshow_item\",\"props\":{\"title\":\"ENPlus A1 medienos granul\\u0117s\",\"image\":\"wp-content\\\/uploads\\\/medienos-granules-enplus-a1-medienos-granules.jpg\",\"image_alt\":\"ENPlus A1 medienos granul\\u0117s\"}}]}]},{\"type\":\"column\",\"props\":{\"image_position\":\"center-center\",\"media_overlay_gradient\":\"\",\"width_medium\":\"1-2\",\"position_sticky_breakpoint\":\"m\",\"vertical_align\":\"middle\"},\"children\":[{\"type\":\"panel\",\"props\":{\"link_text\":\"Read more\",\"title_hover_style\":\"reset\",\"title_element\":\"h1\",\"title_align\":\"top\",\"title_grid_width\":\"1-2\",\"title_grid_breakpoint\":\"m\",\"meta_style\":\"lead\",\"meta_align\":\"below-title\",\"meta_element\":\"div\",\"content_column_breakpoint\":\"m\",\"icon_width\":80,\"image_align\":\"top\",\"image_grid_width\":\"1-2\",\"image_grid_breakpoint\":\"m\",\"image_svg_color\":\"emphasis\",\"link_style\":\"default\",\"margin\":\"default\",\"title\":\"EN<em>plus<\\\/em>&#0174; A1 tr\\u00e4pellets\",\"meta\":\"1050 kg (70 x 15 kg)\",\"content\":\"\n\n<p><strong>EN<em>plus<\\\/em>\\u00ae A1 <\\\/strong><span style=\\\"color: #1e1814;\\\"><span style=\\\"font-size: medium;\\\">\\u00e4r den h\\u00f6gsta kvalitetsstandarden i Europa och granskas av European Pellet Council. Denna standard tillhandah\\u00e5ller parametrar som \\u00e4r mycket viktiga f\\u00f6r driften av en biomassapanna, inklusive askprocent, fukthalt, mekanisk h\\u00e5llbarhet, energiinneh\\u00e5ll och asksm\\u00e4ltpunkt.<\\\/span><\\\/span><\\\/p>\\n\n\n<p lang=\\\"lt-LT\\\" class=\\\"western\\\" align=\\\"left\\\"><span style=\\\"color: #1e1814;\\\"><span style=\\\"font-size: medium;\\\">Tr\\u00e4pellets framst\\u00e4lls genom att komprimera ved\\\/flis som f\\u00f6rst krossas me den hammarkvarn f\\u00f6r att f\\u00e5 en j\\u00e4mn massa. Denna massa matas till en press, d\\u00e4r den pressas genome n form med h\\u00e5l av \\u00f6nskad storlek <\\\/span><\\\/span><span style=\\\"color: #1e1814;\\\"><span style=\\\"font-size: medium;\\\"><span lang=\\\"sv-SE\\\">(vanligtvis 6 mm i diameter, ibland 8 mm eller st\\u00f6rre). P\\u00e5 grund av det h\\u00f6ga trycktrycket stiger tr\\u00e4ets temperatur avsev\\u00e4rt, och ligninet delamineras n\\u00e5got och bildar ett naturligt limbindmedel som stelnar n\\u00e4r det svalnar och h\\u00e5ller pelletsen i form.<\\\/span><\\\/span><\\\/span><\\\/p>\\n\n\n<p lang=\\\"lt-LT\\\" class=\\\"western\\\" align=\\\"left\\\"><span style=\\\"color: #1e1814;\\\"><span style=\\\"font-size: medium;\\\">15 kg p\\u00e5sar kan enkelt hanteras och h\\u00e4llas i pelletskamin\\\/panna, br\\u00e4nslef\\u00f6rr\\u00e5d.<\\\/span><\\\/span><\\\/p>\",\"title_style\":\"heading-large\"}}]}]},{\"type\":\"row\",\"children\":[{\"type\":\"column\",\"props\":{\"position_sticky_breakpoint\":\"m\",\"image_position\":\"center-center\",\"media_overlay_gradient\":\"\",\"width_medium\":\"\"},\"children\":[{\"type\":\"headline\",\"props\":{\"title_element\":\"h3\",\"content\":\"Teknisk data\"}},{\"type\":\"description_list\",\"props\":{\"show_title\":true,\"show_meta\":true,\"show_content\":true,\"show_link\":true,\"list_element\":\"ul\",\"column_breakpoint\":\"m\",\"layout\":\"grid-2\",\"title_grid_width\":\"small\",\"title_grid_column_gap\":\"small\",\"title_grid_row_gap\":\"small\",\"title_element\":\"div\",\"meta_style\":\"meta\",\"meta_align\":\"below-content\",\"title_colon\":true,\"title_style\":\"text-bold\"},\"children\":[{\"type\":\"description_list_item\",\"props\":{\"title\":\"Material\",\"content\":\"barrtr\\u00e4\"}},{\"type\":\"description_list_item\",\"props\":{\"title\":\"Diameter\",\"content\":\"\n\n<p>6 mm &plusmn; 1 mm<\\\/p>\"}},{\"type\":\"description_list_item\",\"props\":{\"title\":\"Maximal l\\u00e4ngd\",\"content\":\"\n\n<p>3.15 &lt; L &le; 40 mm<\\\/p>\"}},{\"type\":\"description_list_item\",\"props\":{\"title\":\"Askinneh\\u00e5ll\",\"content\":\"\n\n<p>&le; 0.7%<\\\/p>\"}},{\"type\":\"description_list_item\",\"props\":{\"title\":\"Dammm\\u00e4ngd\",\"content\":\"\n\n<p>&le; 0.5%<\\\/p>\"}},{\"type\":\"description_list_item\",\"props\":{\"title\":\"Fukthalt\",\"content\":\"\n\n<p>&le; 10%<\\\/p>\"}},{\"type\":\"description_list_item\",\"props\":{\"title\":\"Asksm\\u00e4ltpunkt\",\"content\":\"\n\n<p>&ge; 1200 &#8451;<\\\/p>\"}},{\"type\":\"description_list_item\",\"props\":{\"title\":\"Nettokalorier\",\"content\":\"\n\n<p>&ge; 4.6 kWh\\\/kg<\\\/p>\"}},{\"type\":\"description_list_item\",\"props\":{\"content\":\"P\\u00e5sar p\\u00e5 15 kg styck\",\"title\":\"F\\u00f6rpackning\"}},{\"type\":\"description_list_item\",\"props\":{\"title\":\"Lastpall\",\"content\":\"70 p\\u00e5sar\"}},{\"type\":\"description_list_item\",\"props\":{\"title\":\"Totalvikt\",\"content\":\"\n\n<p>1050 kg<\\\/p>\"}},{\"type\":\"description_list_item\",\"props\":{\"title\":\"Pallstorlek\",\"content\":\"\n\n<p>90 x 115 x 170 cm<\\\/p>\"}}]}]}]}],\"name\":\"Turinys\"},{\"type\":\"section\",\"props\":{\"style\":\"secondary\",\"width\":\"default\",\"vertical_align\":\"middle\",\"title_position\":\"top-left\",\"title_rotation\":\"left\",\"title_breakpoint\":\"xl\",\"image_position\":\"center-center\"},\"children\":[{\"type\":\"row\",\"props\":{\"margin_remove_bottom\":true},\"children\":[{\"type\":\"column\",\"props\":{\"position_sticky_breakpoint\":\"m\",\"image_position\":\"center-center\",\"media_overlay_gradient\":\"\"},\"children\":[{\"type\":\"headline\",\"props\":{\"title_element\":\"h3\",\"content\":\"FR\\u00c5N PLANERING TILL LEVERANS!\",\"title_style\":\"heading-large\",\"text_align\":\"center\"}}]}]},{\"type\":\"row\",\"children\":[{\"type\":\"column\",\"props\":{\"position_sticky_breakpoint\":\"m\",\"image_position\":\"center-center\",\"media_overlay_gradient\":\"\",\"width_medium\":\"1-2\",\"vertical_align\":\"middle\"},\"children\":[{\"type\":\"text\",\"props\":{\"margin\":\"default\",\"column_breakpoint\":\"m\",\"content\":\"Vi ger dig g\\u00e4rna en offert p\\u00e5 pallkrage av premium eller sekund\\u00e4rvirke.\",\"text_align\":\"center\",\"text_style\":\"lead\"},\"name\":\"Pary\\u0161kintas tekstas\"}]},{\"type\":\"column\",\"props\":{\"position_sticky_breakpoint\":\"m\",\"image_position\":\"center-center\",\"media_overlay_gradient\":\"\",\"width_medium\":\"1-2\",\"vertical_align\":\"middle\"},\"children\":[{\"type\":\"list\",\"props\":{\"show_image\":true,\"show_link\":true,\"list_type\":\"vertical\",\"list_element\":\"ul\",\"list_horizontal_separator\":\", \",\"column_breakpoint\":\"m\",\"image_svg_color\":\"emphasis\",\"image_align\":\"left\",\"image_vertical_align\":true,\"text_align\":\"center\"},\"children\":[{\"type\":\"list_item\",\"props\":{\"content\":\"Kombinerat utbud\",\"icon\":\"check\"}},{\"type\":\"list_item\",\"props\":{\"content\":\"Leverans med v\\u00e4gtransport\",\"icon\":\"check\"}},{\"type\":\"list_item\",\"props\":{\"content\":\"Frakt med container \\u00f6ver hela v\\u00e4rlden\",\"icon\":\"check\"}}]}]}],\"props\":{\"layout\":\"1-2,1-2\",\"match\":true,\"margin_remove_bottom\":true}},{\"type\":\"row\",\"children\":[{\"type\":\"column\",\"props\":{\"position_sticky_breakpoint\":\"m\",\"image_position\":\"center-center\",\"media_overlay_gradient\":\"\"},\"children\":[{\"type\":\"button\",\"props\":{\"grid_column_gap\":\"small\",\"grid_row_gap\":\"small\",\"margin\":\"default\",\"fullwidth\":false,\"attributes\":\"uk-toggle=\\\"target: #modal\\\"\",\"text_align\":\"center\"},\"children\":[{\"type\":\"button_item\",\"props\":{\"button_style\":\"default\",\"icon_align\":\"right\",\"content\":\"KONTAKTA OSS\",\"link\":\"#\",\"icon\":\"file-edit\",\"link_target\":\"modal\"}}]}]}]}],\"name\":\"Susisiekti blokas\"}],\"version\":\"2.7.23\"} --><\/p>\n","protected":false},"excerpt":{"rendered":"<p>ENPlus A1 medienos granul\u0117s ENplus&#0174; A1 tr\u00e4pellets 1050 kg (70 x 15 kg) ENplus\u00ae A1 \u00e4r den h\u00f6gsta kvalitetsstandarden i Europa och granskas av European Pellet Council. Denna standard tillhandah\u00e5ller parametrar som \u00e4r mycket viktiga f\u00f6r driften av en biomassapanna, inklusive askprocent, fukthalt, mekanisk h\u00e5llbarhet, energiinneh\u00e5ll och asksm\u00e4ltpunkt. Tr\u00e4pellets framst\u00e4lls genom att komprimera ved\/flis som [&hellip;]<\/p>\n","protected":false},"author":1,"featured_media":0,"parent":4938,"menu_order":131,"comment_status":"closed","ping_status":"closed","template":"","meta":{"_acf_changed":false,"inline_featured_image":false,"footnotes":""},"class_list":["post-4942","page","type-page","status-publish","hentry"],"acf":[],"yoast_head":"<!-- This site is optimized with the Yoast SEO plugin v27.5 - https:\/\/yoast.com\/product\/yoast-seo-wordpress\/ -->\n<title>ENplus\u00ae A1 tr\u00e4pellets - BAGETA<\/title>\n<meta name=\"description\" content=\"ENPlus A1 medienos granul\u0117s ENplus&#174; A1 tr\u00e4pellets 1050 kg (70 x 15 kg) ENplus\u00ae A1 \u00e4r den h\u00f6gsta kvalitetsstandarden i Europa och granskas av\" \/>\n<meta name=\"robots\" content=\"index, follow, max-snippet:-1, max-image-preview:large, max-video-preview:-1\" \/>\n<link rel=\"canonical\" href=\"https:\/\/www.bageta.lt\/sv\/produktion\/biobransle\/trapellets\/enplus-a1-trapellets\/\" \/>\n<meta property=\"og:locale\" content=\"sv_SE\" \/>\n<meta property=\"og:type\" content=\"article\" \/>\n<meta property=\"og:title\" content=\"ENplus\u00ae A1 tr\u00e4pellets - BAGETA\" \/>\n<meta property=\"og:description\" content=\"ENPlus A1 medienos granul\u0117s ENplus&#174; A1 tr\u00e4pellets 1050 kg (70 x 15 kg) ENplus\u00ae A1 \u00e4r den h\u00f6gsta kvalitetsstandarden i Europa och granskas av\" \/>\n<meta property=\"og:url\" content=\"https:\/\/www.bageta.lt\/sv\/produktion\/biobransle\/trapellets\/enplus-a1-trapellets\/\" \/>\n<meta property=\"og:site_name\" content=\"BAGETA\" \/>\n<meta property=\"article:modified_time\" content=\"2023-08-28T11:56:10+00:00\" \/>\n<meta name=\"twitter:card\" content=\"summary_large_image\" \/>\n<meta name=\"twitter:label1\" content=\"Est. reading time\" \/>\n\t<meta name=\"twitter:data1\" content=\"2 minutes\" \/>\n<script type=\"application\/ld+json\" class=\"yoast-schema-graph\">{\"@context\":\"https:\\\/\\\/schema.org\",\"@graph\":[{\"@type\":\"WebPage\",\"@id\":\"https:\\\/\\\/www.bageta.lt\\\/sv\\\/produktion\\\/biobransle\\\/trapellets\\\/enplus-a1-trapellets\\\/\",\"url\":\"https:\\\/\\\/www.bageta.lt\\\/sv\\\/produktion\\\/biobransle\\\/trapellets\\\/enplus-a1-trapellets\\\/\",\"name\":\"ENplus\u00ae A1 tr\u00e4pellets - BAGETA\",\"isPartOf\":{\"@id\":\"https:\\\/\\\/www.bageta.lt\\\/sv\\\/#website\"},\"datePublished\":\"2021-10-14T06:46:38+00:00\",\"dateModified\":\"2023-08-28T11:56:10+00:00\",\"description\":\"ENPlus A1 medienos granul\u0117s ENplus&#0174; A1 tr\u00e4pellets 1050 kg (70 x 15 kg) ENplus\u00ae A1 \u00e4r den h\u00f6gsta kvalitetsstandarden i Europa och granskas av\",\"breadcrumb\":{\"@id\":\"https:\\\/\\\/www.bageta.lt\\\/sv\\\/produktion\\\/biobransle\\\/trapellets\\\/enplus-a1-trapellets\\\/#breadcrumb\"},\"inLanguage\":\"sv-SE\",\"potentialAction\":[{\"@type\":\"ReadAction\",\"target\":[\"https:\\\/\\\/www.bageta.lt\\\/sv\\\/produktion\\\/biobransle\\\/trapellets\\\/enplus-a1-trapellets\\\/\"]}]},{\"@type\":\"BreadcrumbList\",\"@id\":\"https:\\\/\\\/www.bageta.lt\\\/sv\\\/produktion\\\/biobransle\\\/trapellets\\\/enplus-a1-trapellets\\\/#breadcrumb\",\"itemListElement\":[{\"@type\":\"ListItem\",\"position\":1,\"name\":\"Antra\u0161tinis\",\"item\":\"https:\\\/\\\/www.bageta.lt\\\/sv\\\/\"},{\"@type\":\"ListItem\",\"position\":2,\"name\":\"Produktion\",\"item\":\"https:\\\/\\\/www.bageta.lt\\\/sv\\\/produktion\\\/\"},{\"@type\":\"ListItem\",\"position\":3,\"name\":\"Biobr\u00e4nsle\",\"item\":\"https:\\\/\\\/www.bageta.lt\\\/sv\\\/produkcija\\\/biokuras\\\/\"},{\"@type\":\"ListItem\",\"position\":4,\"name\":\"Tr\u00e4pellets\",\"item\":\"https:\\\/\\\/www.bageta.lt\\\/sv\\\/produkcija\\\/biokuras\\\/medienos-granules\\\/\"},{\"@type\":\"ListItem\",\"position\":5,\"name\":\"ENplus\u00ae A1 tr\u00e4pellets\"}]},{\"@type\":\"WebSite\",\"@id\":\"https:\\\/\\\/www.bageta.lt\\\/sv\\\/#website\",\"url\":\"https:\\\/\\\/www.bageta.lt\\\/sv\\\/\",\"name\":\"BAGETA\",\"description\":\"Auk\u0161tos kokyb\u0117s medienos gaminiai\",\"publisher\":{\"@id\":\"https:\\\/\\\/www.bageta.lt\\\/sv\\\/#organization\"},\"potentialAction\":[{\"@type\":\"SearchAction\",\"target\":{\"@type\":\"EntryPoint\",\"urlTemplate\":\"https:\\\/\\\/www.bageta.lt\\\/sv\\\/?s={search_term_string}\"},\"query-input\":{\"@type\":\"PropertyValueSpecification\",\"valueRequired\":true,\"valueName\":\"search_term_string\"}}],\"inLanguage\":\"sv-SE\"},{\"@type\":\"Organization\",\"@id\":\"https:\\\/\\\/www.bageta.lt\\\/sv\\\/#organization\",\"name\":\"BAGETA, UAB\",\"url\":\"https:\\\/\\\/www.bageta.lt\\\/sv\\\/\",\"logo\":{\"@type\":\"ImageObject\",\"inLanguage\":\"sv-SE\",\"@id\":\"https:\\\/\\\/www.bageta.lt\\\/sv\\\/#\\\/schema\\\/logo\\\/image\\\/\",\"url\":\"https:\\\/\\\/www.bageta.lt\\\/wp-content\\\/uploads\\\/bageta-logo.png\",\"contentUrl\":\"https:\\\/\\\/www.bageta.lt\\\/wp-content\\\/uploads\\\/bageta-logo.png\",\"width\":243,\"height\":120,\"caption\":\"BAGETA, UAB\"},\"image\":{\"@id\":\"https:\\\/\\\/www.bageta.lt\\\/sv\\\/#\\\/schema\\\/logo\\\/image\\\/\"}}]}<\/script>\n<!-- \/ Yoast SEO plugin. -->","yoast_head_json":{"title":"ENplus\u00ae A1 tr\u00e4pellets - BAGETA","description":"ENPlus A1 medienos granul\u0117s ENplus&#0174; A1 tr\u00e4pellets 1050 kg (70 x 15 kg) ENplus\u00ae A1 \u00e4r den h\u00f6gsta kvalitetsstandarden i Europa och granskas av","robots":{"index":"index","follow":"follow","max-snippet":"max-snippet:-1","max-image-preview":"max-image-preview:large","max-video-preview":"max-video-preview:-1"},"canonical":"https:\/\/www.bageta.lt\/sv\/produktion\/biobransle\/trapellets\/enplus-a1-trapellets\/","og_locale":"sv_SE","og_type":"article","og_title":"ENplus\u00ae A1 tr\u00e4pellets - BAGETA","og_description":"ENPlus A1 medienos granul\u0117s ENplus&#0174; A1 tr\u00e4pellets 1050 kg (70 x 15 kg) ENplus\u00ae A1 \u00e4r den h\u00f6gsta kvalitetsstandarden i Europa och granskas av","og_url":"https:\/\/www.bageta.lt\/sv\/produktion\/biobransle\/trapellets\/enplus-a1-trapellets\/","og_site_name":"BAGETA","article_modified_time":"2023-08-28T11:56:10+00:00","twitter_card":"summary_large_image","twitter_misc":{"Est. reading time":"2 minutes"},"schema":{"@context":"https:\/\/schema.org","@graph":[{"@type":"WebPage","@id":"https:\/\/www.bageta.lt\/sv\/produktion\/biobransle\/trapellets\/enplus-a1-trapellets\/","url":"https:\/\/www.bageta.lt\/sv\/produktion\/biobransle\/trapellets\/enplus-a1-trapellets\/","name":"ENplus\u00ae A1 tr\u00e4pellets - BAGETA","isPartOf":{"@id":"https:\/\/www.bageta.lt\/sv\/#website"},"datePublished":"2021-10-14T06:46:38+00:00","dateModified":"2023-08-28T11:56:10+00:00","description":"ENPlus A1 medienos granul\u0117s ENplus&#0174; A1 tr\u00e4pellets 1050 kg (70 x 15 kg) ENplus\u00ae A1 \u00e4r den h\u00f6gsta kvalitetsstandarden i Europa och granskas av","breadcrumb":{"@id":"https:\/\/www.bageta.lt\/sv\/produktion\/biobransle\/trapellets\/enplus-a1-trapellets\/#breadcrumb"},"inLanguage":"sv-SE","potentialAction":[{"@type":"ReadAction","target":["https:\/\/www.bageta.lt\/sv\/produktion\/biobransle\/trapellets\/enplus-a1-trapellets\/"]}]},{"@type":"BreadcrumbList","@id":"https:\/\/www.bageta.lt\/sv\/produktion\/biobransle\/trapellets\/enplus-a1-trapellets\/#breadcrumb","itemListElement":[{"@type":"ListItem","position":1,"name":"Antra\u0161tinis","item":"https:\/\/www.bageta.lt\/sv\/"},{"@type":"ListItem","position":2,"name":"Produktion","item":"https:\/\/www.bageta.lt\/sv\/produktion\/"},{"@type":"ListItem","position":3,"name":"Biobr\u00e4nsle","item":"https:\/\/www.bageta.lt\/sv\/produkcija\/biokuras\/"},{"@type":"ListItem","position":4,"name":"Tr\u00e4pellets","item":"https:\/\/www.bageta.lt\/sv\/produkcija\/biokuras\/medienos-granules\/"},{"@type":"ListItem","position":5,"name":"ENplus\u00ae A1 tr\u00e4pellets"}]},{"@type":"WebSite","@id":"https:\/\/www.bageta.lt\/sv\/#website","url":"https:\/\/www.bageta.lt\/sv\/","name":"BAGETA","description":"Auk\u0161tos kokyb\u0117s medienos gaminiai","publisher":{"@id":"https:\/\/www.bageta.lt\/sv\/#organization"},"potentialAction":[{"@type":"SearchAction","target":{"@type":"EntryPoint","urlTemplate":"https:\/\/www.bageta.lt\/sv\/?s={search_term_string}"},"query-input":{"@type":"PropertyValueSpecification","valueRequired":true,"valueName":"search_term_string"}}],"inLanguage":"sv-SE"},{"@type":"Organization","@id":"https:\/\/www.bageta.lt\/sv\/#organization","name":"BAGETA, UAB","url":"https:\/\/www.bageta.lt\/sv\/","logo":{"@type":"ImageObject","inLanguage":"sv-SE","@id":"https:\/\/www.bageta.lt\/sv\/#\/schema\/logo\/image\/","url":"https:\/\/www.bageta.lt\/wp-content\/uploads\/bageta-logo.png","contentUrl":"https:\/\/www.bageta.lt\/wp-content\/uploads\/bageta-logo.png","width":243,"height":120,"caption":"BAGETA, UAB"},"image":{"@id":"https:\/\/www.bageta.lt\/sv\/#\/schema\/logo\/image\/"}}]}},"_links":{"self":[{"href":"https:\/\/www.bageta.lt\/sv\/wp-json\/wp\/v2\/pages\/4942","targetHints":{"allow":["GET"]}}],"collection":[{"href":"https:\/\/www.bageta.lt\/sv\/wp-json\/wp\/v2\/pages"}],"about":[{"href":"https:\/\/www.bageta.lt\/sv\/wp-json\/wp\/v2\/types\/page"}],"author":[{"embeddable":true,"href":"https:\/\/www.bageta.lt\/sv\/wp-json\/wp\/v2\/users\/1"}],"replies":[{"embeddable":true,"href":"https:\/\/www.bageta.lt\/sv\/wp-json\/wp\/v2\/comments?post=4942"}],"version-history":[{"count":3,"href":"https:\/\/www.bageta.lt\/sv\/wp-json\/wp\/v2\/pages\/4942\/revisions"}],"predecessor-version":[{"id":4949,"href":"https:\/\/www.bageta.lt\/sv\/wp-json\/wp\/v2\/pages\/4942\/revisions\/4949"}],"up":[{"embeddable":true,"href":"https:\/\/www.bageta.lt\/sv\/wp-json\/wp\/v2\/pages\/4938"}],"wp:attachment":[{"href":"https:\/\/www.bageta.lt\/sv\/wp-json\/wp\/v2\/media?parent=4942"}],"curies":[{"name":"wp","href":"https:\/\/api.w.org\/{rel}","templated":true}]}}