{"id":4952,"date":"2021-10-14T08:27:54","date_gmt":"2021-10-14T06:27:54","guid":{"rendered":"https:\/\/www.bageta.lt\/produktion\/biobransle\/trapellets\/pramonines-medienos-granules\/"},"modified":"2023-08-28T14:03:21","modified_gmt":"2023-08-28T12:03:21","slug":"industri-trapellets","status":"publish","type":"page","link":"https:\/\/www.bageta.lt\/sv\/produktion\/biobransle\/trapellets\/industri-trapellets\/","title":{"rendered":"Industri tr\u00e4pellets"},"content":{"rendered":"<div>\n<p>    <img decoding=\"async\" src=\"\/wp-content\/uploads\/pramonines-medienos-granules.jpg\" alt=\"Pramonin\u0117s medienos granul\u0117s\"><\/p>\n<h3>Pramonin\u0117s medienos granul\u0117s<\/h3>\n<\/div>\n<div>\n<h1>Industri tr\u00e4pellets<\/h1>\n<p>1000 kg<\/p>\n<div>\n<p lang=\"lt-LT\" class=\"western\" align=\"left\"><span style=\"color: #1e1814;\"><span style=\"font-size: medium;\"><b>Industri tr\u00e4pellets<\/b><\/span><\/span><span style=\"color: #1e1814;\"><span style=\"font-size: medium;\">\u00a0\u00e4r avsedda f\u00f6r industriella anv\u00e4ndare.<\/span><\/span><\/p>\n<p lang=\"lt-LT\" class=\"western\" align=\"left\"><span style=\"color: #1e1814;\"><span style=\"font-size: medium;\">Tr\u00e4pellets framst\u00e4lls genom att komprimera tr\u00e4 (flis), som f\u00f6rst krossas av en hammarkvarn f\u00f6r att f\u00e5 en j\u00e4mn massa. Denna massa matas till en press, d\u00e4r den pressas genom en form med h\u00e5l av \u00f6nskad storlek (vanligtvis 6 mm i diameter, ibland 8 mm eller st\u00f6rre<\/span><\/span><span style=\"color: #1e1814;\"><span style=\"font-size: medium;\"><span lang=\"sv-SE\">).<\/span><\/span><\/span><\/p>\n<p lang=\"lt-LT\" class=\"western\" align=\"left\"><span style=\"color: #1e1814;\"><span style=\"font-size: medium;\">P<\/span><\/span><span style=\"color: #1e1814;\"><span style=\"font-size: medium;\"><span lang=\"sv-SE\">\u00e5 grund av det h\u00f6ga trycktrycket stiger tr\u00e4ets temperatur avsev\u00e4rt och ligninet delamineras n\u00e5got och bildar ett naturligt limbindemedel som stelnar och bibeh\u00e5ller formen p\u00e5 pelleten n\u00e4r den svalnar.<\/span><\/span><\/span><\/p>\n<\/div>\n<\/div>\n<h3>Teknisk data<\/h3>\n<ul>\n<li>\n<h3>Material<\/h3>\n<div>Barr och l\u00f6vf\u00e4llande s\u00e5gsp\u00e5n<\/div>\n<\/li>\n<li>\n<h3>Diameter<\/h3>\n<div>\n<p>6\/8\/10 mm \u00b1 1 mm<\/p>\n<\/div>\n<\/li>\n<li>\n<h3>Maksimum l\u00e4ngd<\/h3>\n<div>\n<p>3.15 &lt; L &le; 40 mm<\/p>\n<\/div>\n<\/li>\n<li>\n<h3>Askinneh\u00e5ll<\/h3>\n<div>\n<p>\u2264 2%<\/p>\n<\/div>\n<\/li>\n<li>\n<h3>Damm m\u00e4ngd<\/h3>\n<div>\n<p>&le; 0.5%<\/p>\n<\/div>\n<\/li>\n<li>\n<h3>Fukthalt<\/h3>\n<div>\n<p>&le; 10%<\/p>\n<\/div>\n<\/li>\n<li>\n<h3>Asksm\u00e4ltpunkt<\/h3>\n<div>\n<p>\u2265 1100 \u2103<\/p>\n<\/div>\n<\/li>\n<li>\n<h3>Netto kalorier<\/h3>\n<div>\n<p>&ge; 4.6 kWh\/kg<\/p>\n<\/div>\n<\/li>\n<li>\n<h3>F\u00f6rpackning<\/h3>\n<div>Stor p\u00e5se (\u201cBig Bag\u201d)<\/div>\n<\/li>\n<li>\n<h3>Pallet<\/h3>\n<div>1 big bag<\/div>\n<\/li>\n<li>\n<h3>Total vikt<\/h3>\n<div>\n<p>1000 kg<\/p>\n<\/div>\n<\/li>\n<li>\n<h3>Storlek p\u00e5 pallet<\/h3>\n<div>\n<p>90 x 115 x 170 cm<\/p>\n<\/div>\n<\/li>\n<\/ul>\n<h3>FR\u00c5N PLANERING TILL LEVERANS!<\/h3>\n<div>Vi ger dig g\u00e4rna en offert p\u00e5 pallkrage av premium eller sekund\u00e4rvirke.<\/div>\n<ul>\n<li>\n<div>Kombinerat utbud<\/div>\n<\/li>\n<li>\n<div>Leverans med v\u00e4gtransport<\/div>\n<\/li>\n<li>\n<div>Frakt med container \u00f6ver hela v\u00e4rlden<\/div>\n<\/li>\n<\/ul>\n<p>\n    <a href=\"#\">KONTAKTA OSS<\/a>\n<\/p>\n<p><!--more--><br \/>\n<!-- {\"name\":\"3.3.1.2. ENPlus A2 medienos granul\\u0117s\",\"type\":\"layout\",\"children\":[{\"type\":\"section\",\"props\":{\"style\":\"default\",\"width\":\"default\",\"vertical_align\":\"middle\",\"title_position\":\"top-left\",\"title_rotation\":\"left\",\"title_breakpoint\":\"\",\"image_position\":\"center-center\",\"class\":\"tm-header-image-section\",\"image_size\":\"cover\",\"header_transparent_noplaceholder\":false,\"title\":\"\",\"media_overlay_gradient\":\"linear-gradient(rgba(30, 24, 20, 0.8) 20%, rgba(0, 0, 0, 0) 100%)\",\"text_color\":\"light\"},\"children\":[{\"type\":\"row\",\"children\":[{\"type\":\"column\",\"props\":{\"image_position\":\"center-center\",\"media_overlay_gradient\":\"\",\"vertical_align\":\"middle\",\"position_sticky_breakpoint\":\"m\"},\"children\":[{\"type\":\"headline\",\"props\":{\"title_element\":\"div\",\"text_align\":\"left\",\"text_align_breakpoint\":\"m\",\"text_align_fallback\":\"center\",\"title_style\":\"heading-large\"},\"source\":{\"query\":{\"name\":\"pages.singlePage\"},\"props\":{\"_condition\":{\"filters\":{\"condition\":\"!!\"},\"name\":\"title\"},\"content\":{\"filters\":{\"search\":\"\"},\"name\":\"title\"}}}}]}]}],\"name\":\"Antra\\u0161t\\u0117 su nuotrauka\",\"source\":{\"query\":{\"name\":\"pages.singlePage\"},\"props\":{\"image\":{\"name\":\"field.header_image.url\"}}}},{\"type\":\"section\",\"props\":{\"style\":\"primary\",\"width\":\"default\",\"vertical_align\":\"middle\",\"title_position\":\"top-left\",\"title_rotation\":\"left\",\"title_breakpoint\":\"xl\",\"image_position\":\"center-center\",\"class\":\"tm-breadcrumbs-section\",\"padding\":\"small\",\"preserve_color\":true},\"children\":[{\"type\":\"row\",\"children\":[{\"type\":\"column\",\"props\":{\"image_position\":\"center-center\",\"media_overlay_gradient\":\"\",\"vertical_align\":\"middle\",\"position_sticky_breakpoint\":\"m\"},\"children\":[{\"type\":\"breadcrumbs\",\"props\":{\"show_home\":true,\"show_current\":true,\"class\":\".tm-breadcrumbs\"}}]}]}],\"name\":\"Navigacija\"},{\"type\":\"section\",\"props\":{\"style\":\"default\",\"width\":\"default\",\"vertical_align\":\"middle\",\"title_position\":\"top-left\",\"title_rotation\":\"left\",\"title_breakpoint\":\"xl\",\"image_position\":\"center-center\"},\"children\":[{\"type\":\"row\",\"props\":{\"layout\":\"1-2,1-2\",\"match\":true,\"margin_remove_bottom\":false},\"children\":[{\"type\":\"column\",\"props\":{\"image_position\":\"center-center\",\"media_overlay_gradient\":\"\",\"width_medium\":\"1-2\",\"position_sticky_breakpoint\":\"m\",\"vertical_align\":\"middle\"},\"children\":[{\"type\":\"slideshow\",\"props\":{\"show_title\":false,\"show_meta\":false,\"show_content\":false,\"show_link\":false,\"show_thumbnail\":false,\"slideshow_min_height\":\"400\",\"slideshow_autoplay_pause\":true,\"nav\":\"thumbnav\",\"nav_position\":\"top-left\",\"nav_position_margin\":\"\",\"nav_align\":\"center\",\"nav_breakpoint\":\"\",\"thumbnav_width\":\"100\",\"thumbnav_height\":\"75\",\"thumbnav_svg_color\":\"emphasis\",\"slidenav\":\"default\",\"slidenav_margin\":\"\",\"slidenav_breakpoint\":\"\",\"slidenav_outside_breakpoint\":\"s\",\"overlay_position\":\"center\",\"overlay_animation\":\"parallax\",\"title_element\":\"h3\",\"meta_style\":\"meta\",\"meta_align\":\"below-title\",\"meta_element\":\"div\",\"link_text\":\"\",\"link_style\":\"default\",\"margin\":\"default\",\"nav_below\":true,\"slidenav_hover\":true,\"overlay_container\":\"\",\"nav_vertical\":true,\"nav_margin\":\"small\",\"image_width\":\"600\",\"image_height\":\"400\"},\"children\":[{\"type\":\"slideshow_item\",\"props\":{\"title\":\"Pramonin\\u0117s medienos granul\\u0117s\",\"image\":\"wp-content\\\/uploads\\\/pramonines-medienos-granules.jpg\",\"image_alt\":\"Pramonin\\u0117s medienos granul\\u0117s\"}}]}]},{\"type\":\"column\",\"props\":{\"image_position\":\"center-center\",\"media_overlay_gradient\":\"\",\"width_medium\":\"1-2\",\"position_sticky_breakpoint\":\"m\",\"vertical_align\":\"middle\"},\"children\":[{\"type\":\"panel\",\"props\":{\"link_text\":\"Read more\",\"title_hover_style\":\"reset\",\"title_element\":\"h1\",\"title_align\":\"top\",\"title_grid_width\":\"1-2\",\"title_grid_breakpoint\":\"m\",\"meta_style\":\"lead\",\"meta_align\":\"below-title\",\"meta_element\":\"div\",\"content_column_breakpoint\":\"m\",\"icon_width\":80,\"image_align\":\"top\",\"image_grid_width\":\"1-2\",\"image_grid_breakpoint\":\"m\",\"image_svg_color\":\"emphasis\",\"link_style\":\"default\",\"margin\":\"default\",\"title\":\"Industri tr\\u00e4pellets\",\"meta\":\"1000 kg\",\"content\":\"\n\n<p lang=\\\"lt-LT\\\" class=\\\"western\\\" align=\\\"left\\\"><span style=\\\"color: #1e1814;\\\"><span style=\\\"font-size: medium;\\\"><b>Industri tr\\u00e4pellets<\\\/b><\\\/span><\\\/span><span style=\\\"color: #1e1814;\\\"><span style=\\\"font-size: medium;\\\">\\u00a0\\u00e4r avsedda f\\u00f6r industriella anv\\u00e4ndare.<\\\/span><\\\/span><\\\/p>\\n\n\n<p lang=\\\"lt-LT\\\" class=\\\"western\\\" align=\\\"left\\\"><span style=\\\"color: #1e1814;\\\"><span style=\\\"font-size: medium;\\\">Tr\\u00e4pellets framst\\u00e4lls genom att komprimera tr\\u00e4 (flis), som f\\u00f6rst krossas av en hammarkvarn f\\u00f6r att f\\u00e5 en j\\u00e4mn massa. Denna massa matas till en press, d\\u00e4r den pressas genom en form med h\\u00e5l av \\u00f6nskad storlek (vanligtvis 6 mm i diameter, ibland 8 mm eller st\\u00f6rre<\\\/span><\\\/span><span style=\\\"color: #1e1814;\\\"><span style=\\\"font-size: medium;\\\"><span lang=\\\"sv-SE\\\">).<\\\/span><\\\/span><\\\/span><\\\/p>\\n\n\n<p lang=\\\"lt-LT\\\" class=\\\"western\\\" align=\\\"left\\\"><span style=\\\"color: #1e1814;\\\"><span style=\\\"font-size: medium;\\\">P<\\\/span><\\\/span><span style=\\\"color: #1e1814;\\\"><span style=\\\"font-size: medium;\\\"><span lang=\\\"sv-SE\\\">\\u00e5 grund av det h\\u00f6ga trycktrycket stiger tr\\u00e4ets temperatur avsev\\u00e4rt och ligninet delamineras n\\u00e5got och bildar ett naturligt limbindemedel som stelnar och bibeh\\u00e5ller formen p\\u00e5 pelleten n\\u00e4r den svalnar.<\\\/span><\\\/span><\\\/span><\\\/p>\",\"title_style\":\"heading-large\"}}]}]},{\"type\":\"row\",\"children\":[{\"type\":\"column\",\"props\":{\"position_sticky_breakpoint\":\"m\",\"image_position\":\"center-center\",\"media_overlay_gradient\":\"\",\"width_medium\":\"\"},\"children\":[{\"type\":\"headline\",\"props\":{\"title_element\":\"h3\",\"content\":\"Teknisk data\"}},{\"type\":\"description_list\",\"props\":{\"show_title\":true,\"show_meta\":true,\"show_content\":true,\"show_link\":true,\"list_element\":\"ul\",\"column_breakpoint\":\"m\",\"layout\":\"grid-2\",\"title_grid_width\":\"small\",\"title_grid_column_gap\":\"small\",\"title_grid_row_gap\":\"small\",\"title_element\":\"div\",\"meta_style\":\"meta\",\"meta_align\":\"below-content\",\"title_colon\":true,\"title_style\":\"text-bold\"},\"children\":[{\"type\":\"description_list_item\",\"props\":{\"title\":\"Material\",\"content\":\"Barr och l\\u00f6vf\\u00e4llande s\\u00e5gsp\\u00e5n\"}},{\"type\":\"description_list_item\",\"props\":{\"title\":\"Diameter\",\"content\":\"\n\n<p>6\\\/8\\\/10 mm \\u00b1 1 mm<\\\/p>\"}},{\"type\":\"description_list_item\",\"props\":{\"title\":\"Maksimum l\\u00e4ngd\",\"content\":\"\n\n<p>3.15 &lt; L &le; 40 mm<\\\/p>\"}},{\"type\":\"description_list_item\",\"props\":{\"title\":\"Askinneh\\u00e5ll\",\"content\":\"\n\n<p>\\u2264 2%<\\\/p>\"}},{\"type\":\"description_list_item\",\"props\":{\"title\":\"Damm m\\u00e4ngd\",\"content\":\"\n\n<p>&le; 0.5%<\\\/p>\"}},{\"type\":\"description_list_item\",\"props\":{\"title\":\"Fukthalt\",\"content\":\"\n\n<p>&le; 10%<\\\/p>\"}},{\"type\":\"description_list_item\",\"props\":{\"title\":\"Asksm\\u00e4ltpunkt\",\"content\":\"\n\n<p>\\u2265 1100 \\u2103<\\\/p>\"}},{\"type\":\"description_list_item\",\"props\":{\"title\":\"Netto kalorier\",\"content\":\"\n\n<p>&ge; 4.6 kWh\\\/kg<\\\/p>\"}},{\"type\":\"description_list_item\",\"props\":{\"content\":\"Stor p\\u00e5se (\\u201cBig Bag\\u201d)\",\"title\":\"F\\u00f6rpackning\"}},{\"type\":\"description_list_item\",\"props\":{\"title\":\"Pallet\",\"content\":\"1 big bag\"}},{\"type\":\"description_list_item\",\"props\":{\"title\":\"Total vikt\",\"content\":\"\n\n<p>1000 kg<\\\/p>\"}},{\"type\":\"description_list_item\",\"props\":{\"title\":\"Storlek p\\u00e5 pallet\",\"content\":\"\n\n<p>90 x 115 x 170 cm<\\\/p>\"}}]}]}]}],\"name\":\"Turinys\"},{\"type\":\"section\",\"props\":{\"style\":\"secondary\",\"width\":\"default\",\"vertical_align\":\"middle\",\"title_position\":\"top-left\",\"title_rotation\":\"left\",\"title_breakpoint\":\"xl\",\"image_position\":\"center-center\"},\"children\":[{\"type\":\"row\",\"props\":{\"margin_remove_bottom\":true},\"children\":[{\"type\":\"column\",\"props\":{\"position_sticky_breakpoint\":\"m\",\"image_position\":\"center-center\",\"media_overlay_gradient\":\"\"},\"children\":[{\"type\":\"headline\",\"props\":{\"title_element\":\"h3\",\"content\":\"FR\\u00c5N PLANERING TILL LEVERANS!\",\"title_style\":\"heading-large\",\"text_align\":\"center\"}}]}]},{\"type\":\"row\",\"children\":[{\"type\":\"column\",\"props\":{\"position_sticky_breakpoint\":\"m\",\"image_position\":\"center-center\",\"media_overlay_gradient\":\"\",\"width_medium\":\"1-2\",\"vertical_align\":\"middle\"},\"children\":[{\"type\":\"text\",\"props\":{\"margin\":\"default\",\"column_breakpoint\":\"m\",\"content\":\"Vi ger dig g\\u00e4rna en offert p\\u00e5 pallkrage av premium eller sekund\\u00e4rvirke.\",\"text_align\":\"center\",\"text_style\":\"lead\"},\"name\":\"Pary\\u0161kintas tekstas\"}]},{\"type\":\"column\",\"props\":{\"position_sticky_breakpoint\":\"m\",\"image_position\":\"center-center\",\"media_overlay_gradient\":\"\",\"width_medium\":\"1-2\",\"vertical_align\":\"middle\"},\"children\":[{\"type\":\"list\",\"props\":{\"show_image\":true,\"show_link\":true,\"list_type\":\"vertical\",\"list_element\":\"ul\",\"list_horizontal_separator\":\", \",\"column_breakpoint\":\"m\",\"image_svg_color\":\"emphasis\",\"image_align\":\"left\",\"image_vertical_align\":true,\"text_align\":\"center\"},\"children\":[{\"type\":\"list_item\",\"props\":{\"content\":\"Kombinerat utbud\",\"icon\":\"check\"}},{\"type\":\"list_item\",\"props\":{\"content\":\"Leverans med v\\u00e4gtransport\",\"icon\":\"check\"}},{\"type\":\"list_item\",\"props\":{\"content\":\"Frakt med container \\u00f6ver hela v\\u00e4rlden\",\"icon\":\"check\"}}]}]}],\"props\":{\"layout\":\"1-2,1-2\",\"match\":true,\"margin_remove_bottom\":true}},{\"type\":\"row\",\"children\":[{\"type\":\"column\",\"props\":{\"position_sticky_breakpoint\":\"m\",\"image_position\":\"center-center\",\"media_overlay_gradient\":\"\"},\"children\":[{\"type\":\"button\",\"props\":{\"grid_column_gap\":\"small\",\"grid_row_gap\":\"small\",\"margin\":\"default\",\"fullwidth\":false,\"attributes\":\"uk-toggle=\\\"target: #modal\\\"\",\"text_align\":\"center\"},\"children\":[{\"type\":\"button_item\",\"props\":{\"button_style\":\"default\",\"icon_align\":\"right\",\"content\":\"KONTAKTA OSS\",\"link\":\"#\",\"icon\":\"file-edit\",\"link_target\":\"modal\"}}]}]}]}],\"name\":\"Susisiekti blokas\"}],\"version\":\"2.7.23\"} --><\/p>\n","protected":false},"excerpt":{"rendered":"<p>Pramonin\u0117s medienos granul\u0117s Industri tr\u00e4pellets 1000 kg Industri tr\u00e4pellets\u00a0\u00e4r avsedda f\u00f6r industriella anv\u00e4ndare. Tr\u00e4pellets framst\u00e4lls genom att komprimera tr\u00e4 (flis), som f\u00f6rst krossas av en hammarkvarn f\u00f6r att f\u00e5 en j\u00e4mn massa. Denna massa matas till en press, d\u00e4r den pressas genom en form med h\u00e5l av \u00f6nskad storlek (vanligtvis 6 mm i diameter, ibland [&hellip;]<\/p>\n","protected":false},"author":1,"featured_media":0,"parent":4938,"menu_order":139,"comment_status":"closed","ping_status":"closed","template":"","meta":{"_acf_changed":false,"inline_featured_image":false,"footnotes":""},"class_list":["post-4952","page","type-page","status-publish","hentry"],"acf":[],"yoast_head":"<!-- This site is optimized with the Yoast SEO plugin v27.5 - https:\/\/yoast.com\/product\/yoast-seo-wordpress\/ -->\n<title>Industri tr\u00e4pellets - BAGETA<\/title>\n<meta name=\"description\" content=\"Pramonin\u0117s medienos granul\u0117s Industri tr\u00e4pellets 1000 kg Industri tr\u00e4pellets\u00a0\u00e4r avsedda f\u00f6r industriella anv\u00e4ndare. Tr\u00e4pellets framst\u00e4lls genom att\" \/>\n<meta name=\"robots\" content=\"index, follow, max-snippet:-1, max-image-preview:large, max-video-preview:-1\" \/>\n<link rel=\"canonical\" href=\"https:\/\/www.bageta.lt\/sv\/produktion\/biobransle\/trapellets\/industri-trapellets\/\" \/>\n<meta property=\"og:locale\" content=\"sv_SE\" \/>\n<meta property=\"og:type\" content=\"article\" \/>\n<meta property=\"og:title\" content=\"Industri tr\u00e4pellets - BAGETA\" \/>\n<meta property=\"og:description\" content=\"Pramonin\u0117s medienos granul\u0117s Industri tr\u00e4pellets 1000 kg Industri tr\u00e4pellets\u00a0\u00e4r avsedda f\u00f6r industriella anv\u00e4ndare. Tr\u00e4pellets framst\u00e4lls genom att\" \/>\n<meta property=\"og:url\" content=\"https:\/\/www.bageta.lt\/sv\/produktion\/biobransle\/trapellets\/industri-trapellets\/\" \/>\n<meta property=\"og:site_name\" content=\"BAGETA\" \/>\n<meta property=\"article:modified_time\" content=\"2023-08-28T12:03:21+00:00\" \/>\n<meta name=\"twitter:card\" content=\"summary_large_image\" \/>\n<meta name=\"twitter:label1\" content=\"Est. reading time\" \/>\n\t<meta name=\"twitter:data1\" content=\"2 minutes\" \/>\n<script type=\"application\/ld+json\" class=\"yoast-schema-graph\">{\"@context\":\"https:\\\/\\\/schema.org\",\"@graph\":[{\"@type\":\"WebPage\",\"@id\":\"https:\\\/\\\/www.bageta.lt\\\/sv\\\/produktion\\\/biobransle\\\/trapellets\\\/industri-trapellets\\\/\",\"url\":\"https:\\\/\\\/www.bageta.lt\\\/sv\\\/produktion\\\/biobransle\\\/trapellets\\\/industri-trapellets\\\/\",\"name\":\"Industri tr\u00e4pellets - BAGETA\",\"isPartOf\":{\"@id\":\"https:\\\/\\\/www.bageta.lt\\\/sv\\\/#website\"},\"datePublished\":\"2021-10-14T06:27:54+00:00\",\"dateModified\":\"2023-08-28T12:03:21+00:00\",\"description\":\"Pramonin\u0117s medienos granul\u0117s Industri tr\u00e4pellets 1000 kg Industri tr\u00e4pellets\u00a0\u00e4r avsedda f\u00f6r industriella anv\u00e4ndare. Tr\u00e4pellets framst\u00e4lls genom att\",\"breadcrumb\":{\"@id\":\"https:\\\/\\\/www.bageta.lt\\\/sv\\\/produktion\\\/biobransle\\\/trapellets\\\/industri-trapellets\\\/#breadcrumb\"},\"inLanguage\":\"sv-SE\",\"potentialAction\":[{\"@type\":\"ReadAction\",\"target\":[\"https:\\\/\\\/www.bageta.lt\\\/sv\\\/produktion\\\/biobransle\\\/trapellets\\\/industri-trapellets\\\/\"]}]},{\"@type\":\"BreadcrumbList\",\"@id\":\"https:\\\/\\\/www.bageta.lt\\\/sv\\\/produktion\\\/biobransle\\\/trapellets\\\/industri-trapellets\\\/#breadcrumb\",\"itemListElement\":[{\"@type\":\"ListItem\",\"position\":1,\"name\":\"Antra\u0161tinis\",\"item\":\"https:\\\/\\\/www.bageta.lt\\\/sv\\\/\"},{\"@type\":\"ListItem\",\"position\":2,\"name\":\"Produktion\",\"item\":\"https:\\\/\\\/www.bageta.lt\\\/sv\\\/produktion\\\/\"},{\"@type\":\"ListItem\",\"position\":3,\"name\":\"Biobr\u00e4nsle\",\"item\":\"https:\\\/\\\/www.bageta.lt\\\/sv\\\/produkcija\\\/biokuras\\\/\"},{\"@type\":\"ListItem\",\"position\":4,\"name\":\"Tr\u00e4pellets\",\"item\":\"https:\\\/\\\/www.bageta.lt\\\/sv\\\/produkcija\\\/biokuras\\\/medienos-granules\\\/\"},{\"@type\":\"ListItem\",\"position\":5,\"name\":\"Industri tr\u00e4pellets\"}]},{\"@type\":\"WebSite\",\"@id\":\"https:\\\/\\\/www.bageta.lt\\\/sv\\\/#website\",\"url\":\"https:\\\/\\\/www.bageta.lt\\\/sv\\\/\",\"name\":\"BAGETA\",\"description\":\"Auk\u0161tos kokyb\u0117s medienos gaminiai\",\"publisher\":{\"@id\":\"https:\\\/\\\/www.bageta.lt\\\/sv\\\/#organization\"},\"potentialAction\":[{\"@type\":\"SearchAction\",\"target\":{\"@type\":\"EntryPoint\",\"urlTemplate\":\"https:\\\/\\\/www.bageta.lt\\\/sv\\\/?s={search_term_string}\"},\"query-input\":{\"@type\":\"PropertyValueSpecification\",\"valueRequired\":true,\"valueName\":\"search_term_string\"}}],\"inLanguage\":\"sv-SE\"},{\"@type\":\"Organization\",\"@id\":\"https:\\\/\\\/www.bageta.lt\\\/sv\\\/#organization\",\"name\":\"BAGETA, UAB\",\"url\":\"https:\\\/\\\/www.bageta.lt\\\/sv\\\/\",\"logo\":{\"@type\":\"ImageObject\",\"inLanguage\":\"sv-SE\",\"@id\":\"https:\\\/\\\/www.bageta.lt\\\/sv\\\/#\\\/schema\\\/logo\\\/image\\\/\",\"url\":\"https:\\\/\\\/www.bageta.lt\\\/wp-content\\\/uploads\\\/bageta-logo.png\",\"contentUrl\":\"https:\\\/\\\/www.bageta.lt\\\/wp-content\\\/uploads\\\/bageta-logo.png\",\"width\":243,\"height\":120,\"caption\":\"BAGETA, UAB\"},\"image\":{\"@id\":\"https:\\\/\\\/www.bageta.lt\\\/sv\\\/#\\\/schema\\\/logo\\\/image\\\/\"}}]}<\/script>\n<!-- \/ Yoast SEO plugin. -->","yoast_head_json":{"title":"Industri tr\u00e4pellets - BAGETA","description":"Pramonin\u0117s medienos granul\u0117s Industri tr\u00e4pellets 1000 kg Industri tr\u00e4pellets\u00a0\u00e4r avsedda f\u00f6r industriella anv\u00e4ndare. Tr\u00e4pellets framst\u00e4lls genom att","robots":{"index":"index","follow":"follow","max-snippet":"max-snippet:-1","max-image-preview":"max-image-preview:large","max-video-preview":"max-video-preview:-1"},"canonical":"https:\/\/www.bageta.lt\/sv\/produktion\/biobransle\/trapellets\/industri-trapellets\/","og_locale":"sv_SE","og_type":"article","og_title":"Industri tr\u00e4pellets - BAGETA","og_description":"Pramonin\u0117s medienos granul\u0117s Industri tr\u00e4pellets 1000 kg Industri tr\u00e4pellets\u00a0\u00e4r avsedda f\u00f6r industriella anv\u00e4ndare. Tr\u00e4pellets framst\u00e4lls genom att","og_url":"https:\/\/www.bageta.lt\/sv\/produktion\/biobransle\/trapellets\/industri-trapellets\/","og_site_name":"BAGETA","article_modified_time":"2023-08-28T12:03:21+00:00","twitter_card":"summary_large_image","twitter_misc":{"Est. reading time":"2 minutes"},"schema":{"@context":"https:\/\/schema.org","@graph":[{"@type":"WebPage","@id":"https:\/\/www.bageta.lt\/sv\/produktion\/biobransle\/trapellets\/industri-trapellets\/","url":"https:\/\/www.bageta.lt\/sv\/produktion\/biobransle\/trapellets\/industri-trapellets\/","name":"Industri tr\u00e4pellets - BAGETA","isPartOf":{"@id":"https:\/\/www.bageta.lt\/sv\/#website"},"datePublished":"2021-10-14T06:27:54+00:00","dateModified":"2023-08-28T12:03:21+00:00","description":"Pramonin\u0117s medienos granul\u0117s Industri tr\u00e4pellets 1000 kg Industri tr\u00e4pellets\u00a0\u00e4r avsedda f\u00f6r industriella anv\u00e4ndare. Tr\u00e4pellets framst\u00e4lls genom att","breadcrumb":{"@id":"https:\/\/www.bageta.lt\/sv\/produktion\/biobransle\/trapellets\/industri-trapellets\/#breadcrumb"},"inLanguage":"sv-SE","potentialAction":[{"@type":"ReadAction","target":["https:\/\/www.bageta.lt\/sv\/produktion\/biobransle\/trapellets\/industri-trapellets\/"]}]},{"@type":"BreadcrumbList","@id":"https:\/\/www.bageta.lt\/sv\/produktion\/biobransle\/trapellets\/industri-trapellets\/#breadcrumb","itemListElement":[{"@type":"ListItem","position":1,"name":"Antra\u0161tinis","item":"https:\/\/www.bageta.lt\/sv\/"},{"@type":"ListItem","position":2,"name":"Produktion","item":"https:\/\/www.bageta.lt\/sv\/produktion\/"},{"@type":"ListItem","position":3,"name":"Biobr\u00e4nsle","item":"https:\/\/www.bageta.lt\/sv\/produkcija\/biokuras\/"},{"@type":"ListItem","position":4,"name":"Tr\u00e4pellets","item":"https:\/\/www.bageta.lt\/sv\/produkcija\/biokuras\/medienos-granules\/"},{"@type":"ListItem","position":5,"name":"Industri tr\u00e4pellets"}]},{"@type":"WebSite","@id":"https:\/\/www.bageta.lt\/sv\/#website","url":"https:\/\/www.bageta.lt\/sv\/","name":"BAGETA","description":"Auk\u0161tos kokyb\u0117s medienos gaminiai","publisher":{"@id":"https:\/\/www.bageta.lt\/sv\/#organization"},"potentialAction":[{"@type":"SearchAction","target":{"@type":"EntryPoint","urlTemplate":"https:\/\/www.bageta.lt\/sv\/?s={search_term_string}"},"query-input":{"@type":"PropertyValueSpecification","valueRequired":true,"valueName":"search_term_string"}}],"inLanguage":"sv-SE"},{"@type":"Organization","@id":"https:\/\/www.bageta.lt\/sv\/#organization","name":"BAGETA, UAB","url":"https:\/\/www.bageta.lt\/sv\/","logo":{"@type":"ImageObject","inLanguage":"sv-SE","@id":"https:\/\/www.bageta.lt\/sv\/#\/schema\/logo\/image\/","url":"https:\/\/www.bageta.lt\/wp-content\/uploads\/bageta-logo.png","contentUrl":"https:\/\/www.bageta.lt\/wp-content\/uploads\/bageta-logo.png","width":243,"height":120,"caption":"BAGETA, UAB"},"image":{"@id":"https:\/\/www.bageta.lt\/sv\/#\/schema\/logo\/image\/"}}]}},"_links":{"self":[{"href":"https:\/\/www.bageta.lt\/sv\/wp-json\/wp\/v2\/pages\/4952","targetHints":{"allow":["GET"]}}],"collection":[{"href":"https:\/\/www.bageta.lt\/sv\/wp-json\/wp\/v2\/pages"}],"about":[{"href":"https:\/\/www.bageta.lt\/sv\/wp-json\/wp\/v2\/types\/page"}],"author":[{"embeddable":true,"href":"https:\/\/www.bageta.lt\/sv\/wp-json\/wp\/v2\/users\/1"}],"replies":[{"embeddable":true,"href":"https:\/\/www.bageta.lt\/sv\/wp-json\/wp\/v2\/comments?post=4952"}],"version-history":[{"count":2,"href":"https:\/\/www.bageta.lt\/sv\/wp-json\/wp\/v2\/pages\/4952\/revisions"}],"predecessor-version":[{"id":4954,"href":"https:\/\/www.bageta.lt\/sv\/wp-json\/wp\/v2\/pages\/4952\/revisions\/4954"}],"up":[{"embeddable":true,"href":"https:\/\/www.bageta.lt\/sv\/wp-json\/wp\/v2\/pages\/4938"}],"wp:attachment":[{"href":"https:\/\/www.bageta.lt\/sv\/wp-json\/wp\/v2\/media?parent=4952"}],"curies":[{"name":"wp","href":"https:\/\/api.w.org\/{rel}","templated":true}]}}