{"id":4956,"date":"2020-11-25T09:59:31","date_gmt":"2020-11-25T07:59:31","guid":{"rendered":"https:\/\/www.bageta.lt\/produktion\/biobransle\/pjuvenu-briketai\/"},"modified":"2023-08-28T14:05:23","modified_gmt":"2023-08-28T12:05:23","slug":"sagspanbriketter","status":"publish","type":"page","link":"https:\/\/www.bageta.lt\/sv\/produktion\/biobransle\/sagspanbriketter\/","title":{"rendered":"S\u00e5gsp\u00e5nbriketter"},"content":{"rendered":"<h2>S\u00e5gsp\u00e5nbriketter<\/h2>\n<div>\n<p lang=\"lt-LT\" class=\"western\" align=\"left\"><span style=\"color: #1e1814;\"><span style=\"font-size: medium;\">Tr\u00e4s\u00e5gsp\u00e5nbriketter \u00e4r l\u00e4mpliga f\u00f6r din eldstad eller kamin.<\/span><\/span><\/p>\n<p lang=\"lt-LT\" class=\"western\" align=\"left\"><span style=\"color: #1e1814;\"><span style=\"font-size: medium;\">S\u00e5gsp\u00e5nbriketter brinner varmare och renare. Tr\u00e4briketter \u00e4r l\u00e4ttare att lagra och hantera. Tr\u00e4briketter klassas som biobr\u00e4nslen och anses allm\u00e4nt vara ett koldioxidsn\u00e5lt br\u00e4nsle eftersom tr\u00e4d absorberar koldioxid n\u00e4r de v\u00e4xer.<\/span><\/span><\/p>\n<p lang=\"lt-LT\" class=\"western\" align=\"left\"><span style=\"color: #1e1814;\"><span style=\"font-size: medium;\">Tillverkare anv\u00e4nder s\u00e5gsp\u00e5n och andra tr\u00e4flis, pressar dem vid 10000 psi och formar briketter. De \u00e4r helt naturliga \u2013 ligninmolekylerna i tr\u00e4et l\u00f6ses upp under tryck och binder tr\u00e4flis och damm. De finns i m\u00e5nga former. En brikett kan br\u00e4nnas i upp till fyra timmar.<\/span><\/span><\/p>\n<p lang=\"lt-LT\" class=\"western\" align=\"left\"><span style=\"color: #1e1814;\"><span style=\"font-size: medium;\">F\u00f6rdelar med s\u00e5gsp\u00e5nsbriketter:<\/span><\/span><\/p>\n<ul>\n<li lang=\"lt-LT\" class=\"western\" align=\"left\"><span style=\"color: #1e1814;\"><span style=\"font-size: medium;\">Renare och bekv\u00e4mare f\u00f6rvaring<\/span><\/span><\/li>\n<li lang=\"lt-LT\" class=\"western\" align=\"left\"><span style=\"color: #1e1814;\"><span style=\"font-size: medium;\">Fukthalten \u00e4r 10% eller mindre<\/span><\/span><a name=\"_GoBack\"><\/a><\/li>\n<li lang=\"lt-LT\" class=\"western\" align=\"left\"><span style=\"color: #1e1814;\"><span style=\"font-size: medium;\">Askhalt 1%, fr\u00e5n deras ursprungliga volym<\/span><\/span><\/li>\n<\/ul>\n<\/div>\n<div>\n<p>    <img decoding=\"async\" src=\"\/wp-content\/uploads\/pjuvenu-briketai.jpg\" alt=\"Pjuven\u0173 briketai\"><\/p>\n<h3>Pjuven\u0173 briketai<\/h3>\n<\/div>\n<h3>FR\u00c5N PLANERING TILL LEVERANS!<\/h3>\n<div>Vi ger dig g\u00e4rna en offert p\u00e5 pallkrage av premium eller sekund\u00e4rvirke.<\/div>\n<ul>\n<li>\n<div>Kombinerat utbud<\/div>\n<\/li>\n<li>\n<div>Leverans med v\u00e4gtransport<\/div>\n<\/li>\n<li>\n<div>Frakt med container \u00f6ver hela v\u00e4rlden<\/div>\n<\/li>\n<\/ul>\n<p>\n    <a href=\"#\">KONTAKTA OSS<\/a>\n<\/p>\n<p><!--more--><br \/>\n<!-- {\"name\":\"3.3.1. Medienos granul\\u0117s\",\"type\":\"layout\",\"children\":[{\"type\":\"section\",\"props\":{\"style\":\"default\",\"width\":\"default\",\"vertical_align\":\"middle\",\"title_position\":\"top-left\",\"title_rotation\":\"left\",\"title_breakpoint\":\"\",\"image_position\":\"center-center\",\"class\":\"tm-header-image-section\",\"image_size\":\"cover\",\"header_transparent_noplaceholder\":false,\"title\":\"\",\"media_overlay_gradient\":\"linear-gradient(rgba(30, 24, 20, 0.8) 20%, rgba(0, 0, 0, 0) 100%)\",\"text_color\":\"light\"},\"children\":[{\"type\":\"row\",\"children\":[{\"type\":\"column\",\"props\":{\"image_position\":\"center-center\",\"media_overlay_gradient\":\"\",\"vertical_align\":\"middle\",\"position_sticky_breakpoint\":\"m\"},\"children\":[{\"type\":\"headline\",\"props\":{\"title_element\":\"div\",\"text_align\":\"left\",\"text_align_breakpoint\":\"m\",\"text_align_fallback\":\"center\",\"title_style\":\"heading-large\"},\"source\":{\"query\":{\"name\":\"pages.singlePage\"},\"props\":{\"_condition\":{\"filters\":{\"condition\":\"!!\"},\"name\":\"title\"},\"content\":{\"filters\":{\"search\":\"\"},\"name\":\"title\"}}}}]}]}],\"name\":\"Antra\\u0161t\\u0117 su nuotrauka\",\"source\":{\"query\":{\"name\":\"pages.singlePage\"},\"props\":{\"image\":{\"name\":\"field.header_image.url\"}}}},{\"type\":\"section\",\"props\":{\"style\":\"primary\",\"width\":\"default\",\"vertical_align\":\"middle\",\"title_position\":\"top-left\",\"title_rotation\":\"left\",\"title_breakpoint\":\"xl\",\"image_position\":\"center-center\",\"class\":\"tm-breadcrumbs-section\",\"padding\":\"small\",\"preserve_color\":true},\"children\":[{\"type\":\"row\",\"children\":[{\"type\":\"column\",\"props\":{\"image_position\":\"center-center\",\"media_overlay_gradient\":\"\",\"vertical_align\":\"middle\",\"position_sticky_breakpoint\":\"m\"},\"children\":[{\"type\":\"breadcrumbs\",\"props\":{\"show_home\":true,\"show_current\":true,\"class\":\".tm-breadcrumbs\"}}]}]}],\"name\":\"Navigacija\"},{\"type\":\"section\",\"props\":{\"style\":\"default\",\"width\":\"default\",\"vertical_align\":\"middle\",\"title_position\":\"top-left\",\"title_rotation\":\"left\",\"title_breakpoint\":\"xl\",\"image_position\":\"center-center\",\"id\":\"content\"},\"children\":[{\"type\":\"row\",\"props\":{\"layout\":\"1-2,1-2\",\"match\":true},\"children\":[{\"type\":\"column\",\"props\":{\"position_sticky_breakpoint\":\"m\",\"image_position\":\"center-center\",\"media_overlay_gradient\":\"\",\"width_medium\":\"1-2\"},\"children\":[{\"type\":\"headline\",\"props\":{\"title_element\":\"h2\",\"content\":\"S\\u00e5gsp\\u00e5nbriketter\"}},{\"type\":\"text\",\"props\":{\"margin\":\"default\",\"column_breakpoint\":\"m\",\"content\":\"\n\n<p lang=\\\"lt-LT\\\" class=\\\"western\\\" align=\\\"left\\\"><span style=\\\"color: #1e1814;\\\"><span style=\\\"font-size: medium;\\\">Tr\\u00e4s\\u00e5gsp\\u00e5nbriketter \\u00e4r l\\u00e4mpliga f\\u00f6r din eldstad eller kamin.<\\\/span><\\\/span><\\\/p>\\n\n\n<p lang=\\\"lt-LT\\\" class=\\\"western\\\" align=\\\"left\\\"><span style=\\\"color: #1e1814;\\\"><span style=\\\"font-size: medium;\\\">S\\u00e5gsp\\u00e5nbriketter brinner varmare och renare. Tr\\u00e4briketter \\u00e4r l\\u00e4ttare att lagra och hantera. Tr\\u00e4briketter klassas som biobr\\u00e4nslen och anses allm\\u00e4nt vara ett koldioxidsn\\u00e5lt br\\u00e4nsle eftersom tr\\u00e4d absorberar koldioxid n\\u00e4r de v\\u00e4xer.<\\\/span><\\\/span><\\\/p>\\n\n\n<p lang=\\\"lt-LT\\\" class=\\\"western\\\" align=\\\"left\\\"><span style=\\\"color: #1e1814;\\\"><span style=\\\"font-size: medium;\\\">Tillverkare anv\\u00e4nder s\\u00e5gsp\\u00e5n och andra tr\\u00e4flis, pressar dem vid 10000 psi och formar briketter. De \\u00e4r helt naturliga \\u2013 ligninmolekylerna i tr\\u00e4et l\\u00f6ses upp under tryck och binder tr\\u00e4flis och damm. De finns i m\\u00e5nga former. En brikett kan br\\u00e4nnas i upp till fyra timmar.<\\\/span><\\\/span><\\\/p>\\n\n\n<p lang=\\\"lt-LT\\\" class=\\\"western\\\" align=\\\"left\\\"><span style=\\\"color: #1e1814;\\\"><span style=\\\"font-size: medium;\\\">F\\u00f6rdelar med s\\u00e5gsp\\u00e5nsbriketter:<\\\/span><\\\/span><\\\/p>\\n\n\n<ul>\\n\n\n<li lang=\\\"lt-LT\\\" class=\\\"western\\\" align=\\\"left\\\"><span style=\\\"color: #1e1814;\\\"><span style=\\\"font-size: medium;\\\">Renare och bekv\\u00e4mare f\\u00f6rvaring<\\\/span><\\\/span><\\\/li>\\n\n\n<li lang=\\\"lt-LT\\\" class=\\\"western\\\" align=\\\"left\\\"><span style=\\\"color: #1e1814;\\\"><span style=\\\"font-size: medium;\\\">Fukthalten \\u00e4r 10% eller mindre<\\\/span><\\\/span><a name=\\\"_GoBack\\\"><\\\/a><\\\/li>\\n\n\n<li lang=\\\"lt-LT\\\" class=\\\"western\\\" align=\\\"left\\\"><span style=\\\"color: #1e1814;\\\"><span style=\\\"font-size: medium;\\\">Askhalt 1%, fr\\u00e5n deras ursprungliga volym<\\\/span><\\\/span><\\\/li>\\n<\\\/ul>\"}}]},{\"type\":\"column\",\"props\":{\"position_sticky_breakpoint\":\"m\",\"image_position\":\"center-center\",\"media_overlay_gradient\":\"\",\"width_medium\":\"1-2\"},\"children\":[{\"type\":\"slideshow\",\"props\":{\"show_title\":false,\"show_meta\":false,\"show_content\":true,\"show_link\":true,\"show_thumbnail\":true,\"slideshow_min_height\":\"400\",\"slideshow_autoplay_pause\":true,\"nav\":\"thumbnav\",\"nav_position\":\"bottom-center\",\"nav_position_margin\":\"medium\",\"nav_align\":\"center\",\"nav_breakpoint\":\"\",\"thumbnav_width\":\"100\",\"thumbnav_height\":\"75\",\"thumbnav_svg_color\":\"emphasis\",\"slidenav\":\"default\",\"slidenav_margin\":\"\",\"slidenav_breakpoint\":\"\",\"slidenav_outside_breakpoint\":\"s\",\"overlay_position\":\"center-left\",\"overlay_animation\":\"parallax\",\"title_element\":\"h3\",\"meta_style\":\"meta\",\"meta_align\":\"below-title\",\"meta_element\":\"div\",\"link_text\":\"Read more\",\"link_style\":\"default\",\"margin\":\"default\",\"nav_below\":true,\"thumbnav_nowrap\":true,\"nav_margin\":\"\",\"slidenav_hover\":true,\"image_width\":\"600\",\"image_height\":\"400\"},\"children\":[{\"type\":\"slideshow_item\",\"props\":{\"image\":\"wp-content\\\/uploads\\\/pjuvenu-briketai.jpg\",\"image_alt\":\"Pjuven\\u0173 briketai\",\"title\":\"Pjuven\\u0173 briketai\"}}]}]}]}],\"name\":\"Turinys\"},{\"type\":\"section\",\"props\":{\"style\":\"secondary\",\"width\":\"default\",\"vertical_align\":\"middle\",\"title_position\":\"top-left\",\"title_rotation\":\"left\",\"title_breakpoint\":\"xl\",\"image_position\":\"center-center\"},\"children\":[{\"type\":\"row\",\"props\":{\"margin_remove_bottom\":true},\"children\":[{\"type\":\"column\",\"props\":{\"position_sticky_breakpoint\":\"m\",\"image_position\":\"center-center\",\"media_overlay_gradient\":\"\"},\"children\":[{\"type\":\"headline\",\"props\":{\"title_element\":\"h3\",\"content\":\"FR\\u00c5N PLANERING TILL LEVERANS!\",\"title_style\":\"heading-large\",\"text_align\":\"center\"}}]}]},{\"type\":\"row\",\"children\":[{\"type\":\"column\",\"props\":{\"position_sticky_breakpoint\":\"m\",\"image_position\":\"center-center\",\"media_overlay_gradient\":\"\",\"width_medium\":\"1-2\",\"vertical_align\":\"middle\"},\"children\":[{\"type\":\"text\",\"props\":{\"margin\":\"default\",\"column_breakpoint\":\"m\",\"content\":\"Vi ger dig g\\u00e4rna en offert p\\u00e5 pallkrage av premium eller sekund\\u00e4rvirke.\",\"text_align\":\"center\",\"text_style\":\"lead\"},\"name\":\"Pary\\u0161kintas tekstas\"}]},{\"type\":\"column\",\"props\":{\"position_sticky_breakpoint\":\"m\",\"image_position\":\"center-center\",\"media_overlay_gradient\":\"\",\"width_medium\":\"1-2\",\"vertical_align\":\"middle\"},\"children\":[{\"type\":\"list\",\"props\":{\"show_image\":true,\"show_link\":true,\"list_type\":\"vertical\",\"list_element\":\"ul\",\"list_horizontal_separator\":\", \",\"column_breakpoint\":\"m\",\"image_svg_color\":\"emphasis\",\"image_align\":\"left\",\"image_vertical_align\":true,\"text_align\":\"center\"},\"children\":[{\"type\":\"list_item\",\"props\":{\"content\":\"Kombinerat utbud\",\"icon\":\"check\"}},{\"type\":\"list_item\",\"props\":{\"content\":\"Leverans med v\\u00e4gtransport\",\"icon\":\"check\"}},{\"type\":\"list_item\",\"props\":{\"content\":\"Frakt med container \\u00f6ver hela v\\u00e4rlden\",\"icon\":\"check\"}}]}]}],\"props\":{\"layout\":\"1-2,1-2\",\"match\":true,\"margin_remove_bottom\":true}},{\"type\":\"row\",\"children\":[{\"type\":\"column\",\"props\":{\"position_sticky_breakpoint\":\"m\",\"image_position\":\"center-center\",\"media_overlay_gradient\":\"\"},\"children\":[{\"type\":\"button\",\"props\":{\"grid_column_gap\":\"small\",\"grid_row_gap\":\"small\",\"margin\":\"default\",\"fullwidth\":false,\"attributes\":\"uk-toggle=\\\"target: #modal\\\"\",\"text_align\":\"center\"},\"children\":[{\"type\":\"button_item\",\"props\":{\"button_style\":\"default\",\"icon_align\":\"right\",\"content\":\"KONTAKTA OSS\",\"link\":\"#\",\"icon\":\"file-edit\",\"link_target\":\"modal\"}}]}]}]}],\"name\":\"Susisiekti blokas\"}],\"version\":\"2.7.23\"} --><\/p>\n","protected":false},"excerpt":{"rendered":"<p>S\u00e5gsp\u00e5nbriketter Tr\u00e4s\u00e5gsp\u00e5nbriketter \u00e4r l\u00e4mpliga f\u00f6r din eldstad eller kamin. S\u00e5gsp\u00e5nbriketter brinner varmare och renare. Tr\u00e4briketter \u00e4r l\u00e4ttare att lagra och hantera. Tr\u00e4briketter klassas som biobr\u00e4nslen och anses allm\u00e4nt vara ett koldioxidsn\u00e5lt br\u00e4nsle eftersom tr\u00e4d absorberar koldioxid n\u00e4r de v\u00e4xer. Tillverkare anv\u00e4nder s\u00e5gsp\u00e5n och andra tr\u00e4flis, pressar dem vid 10000 psi och formar briketter. De \u00e4r [&hellip;]<\/p>\n","protected":false},"author":1,"featured_media":0,"parent":4933,"menu_order":145,"comment_status":"closed","ping_status":"closed","template":"","meta":{"_acf_changed":false,"inline_featured_image":false,"footnotes":""},"class_list":["post-4956","page","type-page","status-publish","hentry"],"acf":[],"yoast_head":"<!-- This site is optimized with the Yoast SEO plugin v27.6 - https:\/\/yoast.com\/product\/yoast-seo-wordpress\/ -->\n<title>S\u00e5gsp\u00e5nbriketter - BAGETA<\/title>\n<meta name=\"description\" content=\"S\u00e5gsp\u00e5nbriketter Tr\u00e4s\u00e5gsp\u00e5nbriketter \u00e4r l\u00e4mpliga f\u00f6r din eldstad eller kamin. S\u00e5gsp\u00e5nbriketter brinner varmare och renare. Tr\u00e4briketter \u00e4r l\u00e4ttare att\" \/>\n<meta name=\"robots\" content=\"index, follow, max-snippet:-1, max-image-preview:large, max-video-preview:-1\" \/>\n<link rel=\"canonical\" href=\"https:\/\/www.bageta.lt\/sv\/produktion\/biobransle\/sagspanbriketter\/\" \/>\n<meta property=\"og:locale\" content=\"sv_SE\" \/>\n<meta property=\"og:type\" content=\"article\" \/>\n<meta property=\"og:title\" content=\"S\u00e5gsp\u00e5nbriketter - BAGETA\" \/>\n<meta property=\"og:description\" content=\"S\u00e5gsp\u00e5nbriketter Tr\u00e4s\u00e5gsp\u00e5nbriketter \u00e4r l\u00e4mpliga f\u00f6r din eldstad eller kamin. S\u00e5gsp\u00e5nbriketter brinner varmare och renare. Tr\u00e4briketter \u00e4r l\u00e4ttare att\" \/>\n<meta property=\"og:url\" content=\"https:\/\/www.bageta.lt\/sv\/produktion\/biobransle\/sagspanbriketter\/\" \/>\n<meta property=\"og:site_name\" content=\"BAGETA\" \/>\n<meta property=\"article:modified_time\" content=\"2023-08-28T12:05:23+00:00\" \/>\n<meta name=\"twitter:card\" content=\"summary_large_image\" \/>\n<meta name=\"twitter:label1\" content=\"Est. reading time\" \/>\n\t<meta name=\"twitter:data1\" content=\"1 minute\" \/>\n<script type=\"application\/ld+json\" class=\"yoast-schema-graph\">{\"@context\":\"https:\\\/\\\/schema.org\",\"@graph\":[{\"@type\":\"WebPage\",\"@id\":\"https:\\\/\\\/www.bageta.lt\\\/sv\\\/produktion\\\/biobransle\\\/sagspanbriketter\\\/\",\"url\":\"https:\\\/\\\/www.bageta.lt\\\/sv\\\/produktion\\\/biobransle\\\/sagspanbriketter\\\/\",\"name\":\"S\u00e5gsp\u00e5nbriketter - BAGETA\",\"isPartOf\":{\"@id\":\"https:\\\/\\\/www.bageta.lt\\\/sv\\\/#website\"},\"datePublished\":\"2020-11-25T07:59:31+00:00\",\"dateModified\":\"2023-08-28T12:05:23+00:00\",\"description\":\"S\u00e5gsp\u00e5nbriketter Tr\u00e4s\u00e5gsp\u00e5nbriketter \u00e4r l\u00e4mpliga f\u00f6r din eldstad eller kamin. S\u00e5gsp\u00e5nbriketter brinner varmare och renare. Tr\u00e4briketter \u00e4r l\u00e4ttare att\",\"breadcrumb\":{\"@id\":\"https:\\\/\\\/www.bageta.lt\\\/sv\\\/produktion\\\/biobransle\\\/sagspanbriketter\\\/#breadcrumb\"},\"inLanguage\":\"sv-SE\",\"potentialAction\":[{\"@type\":\"ReadAction\",\"target\":[\"https:\\\/\\\/www.bageta.lt\\\/sv\\\/produktion\\\/biobransle\\\/sagspanbriketter\\\/\"]}]},{\"@type\":\"BreadcrumbList\",\"@id\":\"https:\\\/\\\/www.bageta.lt\\\/sv\\\/produktion\\\/biobransle\\\/sagspanbriketter\\\/#breadcrumb\",\"itemListElement\":[{\"@type\":\"ListItem\",\"position\":1,\"name\":\"Antra\u0161tinis\",\"item\":\"https:\\\/\\\/www.bageta.lt\\\/sv\\\/\"},{\"@type\":\"ListItem\",\"position\":2,\"name\":\"Produktion\",\"item\":\"https:\\\/\\\/www.bageta.lt\\\/sv\\\/produktion\\\/\"},{\"@type\":\"ListItem\",\"position\":3,\"name\":\"Biobr\u00e4nsle\",\"item\":\"https:\\\/\\\/www.bageta.lt\\\/sv\\\/produkcija\\\/biokuras\\\/\"},{\"@type\":\"ListItem\",\"position\":4,\"name\":\"S\u00e5gsp\u00e5nbriketter\"}]},{\"@type\":\"WebSite\",\"@id\":\"https:\\\/\\\/www.bageta.lt\\\/sv\\\/#website\",\"url\":\"https:\\\/\\\/www.bageta.lt\\\/sv\\\/\",\"name\":\"BAGETA\",\"description\":\"Auk\u0161tos kokyb\u0117s medienos gaminiai\",\"publisher\":{\"@id\":\"https:\\\/\\\/www.bageta.lt\\\/sv\\\/#organization\"},\"potentialAction\":[{\"@type\":\"SearchAction\",\"target\":{\"@type\":\"EntryPoint\",\"urlTemplate\":\"https:\\\/\\\/www.bageta.lt\\\/sv\\\/?s={search_term_string}\"},\"query-input\":{\"@type\":\"PropertyValueSpecification\",\"valueRequired\":true,\"valueName\":\"search_term_string\"}}],\"inLanguage\":\"sv-SE\"},{\"@type\":\"Organization\",\"@id\":\"https:\\\/\\\/www.bageta.lt\\\/sv\\\/#organization\",\"name\":\"BAGETA, UAB\",\"url\":\"https:\\\/\\\/www.bageta.lt\\\/sv\\\/\",\"logo\":{\"@type\":\"ImageObject\",\"inLanguage\":\"sv-SE\",\"@id\":\"https:\\\/\\\/www.bageta.lt\\\/sv\\\/#\\\/schema\\\/logo\\\/image\\\/\",\"url\":\"https:\\\/\\\/www.bageta.lt\\\/wp-content\\\/uploads\\\/bageta-logo.png\",\"contentUrl\":\"https:\\\/\\\/www.bageta.lt\\\/wp-content\\\/uploads\\\/bageta-logo.png\",\"width\":243,\"height\":120,\"caption\":\"BAGETA, UAB\"},\"image\":{\"@id\":\"https:\\\/\\\/www.bageta.lt\\\/sv\\\/#\\\/schema\\\/logo\\\/image\\\/\"}}]}<\/script>\n<!-- \/ Yoast SEO plugin. -->","yoast_head_json":{"title":"S\u00e5gsp\u00e5nbriketter - BAGETA","description":"S\u00e5gsp\u00e5nbriketter Tr\u00e4s\u00e5gsp\u00e5nbriketter \u00e4r l\u00e4mpliga f\u00f6r din eldstad eller kamin. S\u00e5gsp\u00e5nbriketter brinner varmare och renare. Tr\u00e4briketter \u00e4r l\u00e4ttare att","robots":{"index":"index","follow":"follow","max-snippet":"max-snippet:-1","max-image-preview":"max-image-preview:large","max-video-preview":"max-video-preview:-1"},"canonical":"https:\/\/www.bageta.lt\/sv\/produktion\/biobransle\/sagspanbriketter\/","og_locale":"sv_SE","og_type":"article","og_title":"S\u00e5gsp\u00e5nbriketter - BAGETA","og_description":"S\u00e5gsp\u00e5nbriketter Tr\u00e4s\u00e5gsp\u00e5nbriketter \u00e4r l\u00e4mpliga f\u00f6r din eldstad eller kamin. S\u00e5gsp\u00e5nbriketter brinner varmare och renare. Tr\u00e4briketter \u00e4r l\u00e4ttare att","og_url":"https:\/\/www.bageta.lt\/sv\/produktion\/biobransle\/sagspanbriketter\/","og_site_name":"BAGETA","article_modified_time":"2023-08-28T12:05:23+00:00","twitter_card":"summary_large_image","twitter_misc":{"Est. reading time":"1 minute"},"schema":{"@context":"https:\/\/schema.org","@graph":[{"@type":"WebPage","@id":"https:\/\/www.bageta.lt\/sv\/produktion\/biobransle\/sagspanbriketter\/","url":"https:\/\/www.bageta.lt\/sv\/produktion\/biobransle\/sagspanbriketter\/","name":"S\u00e5gsp\u00e5nbriketter - BAGETA","isPartOf":{"@id":"https:\/\/www.bageta.lt\/sv\/#website"},"datePublished":"2020-11-25T07:59:31+00:00","dateModified":"2023-08-28T12:05:23+00:00","description":"S\u00e5gsp\u00e5nbriketter Tr\u00e4s\u00e5gsp\u00e5nbriketter \u00e4r l\u00e4mpliga f\u00f6r din eldstad eller kamin. S\u00e5gsp\u00e5nbriketter brinner varmare och renare. Tr\u00e4briketter \u00e4r l\u00e4ttare att","breadcrumb":{"@id":"https:\/\/www.bageta.lt\/sv\/produktion\/biobransle\/sagspanbriketter\/#breadcrumb"},"inLanguage":"sv-SE","potentialAction":[{"@type":"ReadAction","target":["https:\/\/www.bageta.lt\/sv\/produktion\/biobransle\/sagspanbriketter\/"]}]},{"@type":"BreadcrumbList","@id":"https:\/\/www.bageta.lt\/sv\/produktion\/biobransle\/sagspanbriketter\/#breadcrumb","itemListElement":[{"@type":"ListItem","position":1,"name":"Antra\u0161tinis","item":"https:\/\/www.bageta.lt\/sv\/"},{"@type":"ListItem","position":2,"name":"Produktion","item":"https:\/\/www.bageta.lt\/sv\/produktion\/"},{"@type":"ListItem","position":3,"name":"Biobr\u00e4nsle","item":"https:\/\/www.bageta.lt\/sv\/produkcija\/biokuras\/"},{"@type":"ListItem","position":4,"name":"S\u00e5gsp\u00e5nbriketter"}]},{"@type":"WebSite","@id":"https:\/\/www.bageta.lt\/sv\/#website","url":"https:\/\/www.bageta.lt\/sv\/","name":"BAGETA","description":"Auk\u0161tos kokyb\u0117s medienos gaminiai","publisher":{"@id":"https:\/\/www.bageta.lt\/sv\/#organization"},"potentialAction":[{"@type":"SearchAction","target":{"@type":"EntryPoint","urlTemplate":"https:\/\/www.bageta.lt\/sv\/?s={search_term_string}"},"query-input":{"@type":"PropertyValueSpecification","valueRequired":true,"valueName":"search_term_string"}}],"inLanguage":"sv-SE"},{"@type":"Organization","@id":"https:\/\/www.bageta.lt\/sv\/#organization","name":"BAGETA, UAB","url":"https:\/\/www.bageta.lt\/sv\/","logo":{"@type":"ImageObject","inLanguage":"sv-SE","@id":"https:\/\/www.bageta.lt\/sv\/#\/schema\/logo\/image\/","url":"https:\/\/www.bageta.lt\/wp-content\/uploads\/bageta-logo.png","contentUrl":"https:\/\/www.bageta.lt\/wp-content\/uploads\/bageta-logo.png","width":243,"height":120,"caption":"BAGETA, UAB"},"image":{"@id":"https:\/\/www.bageta.lt\/sv\/#\/schema\/logo\/image\/"}}]}},"_links":{"self":[{"href":"https:\/\/www.bageta.lt\/sv\/wp-json\/wp\/v2\/pages\/4956","targetHints":{"allow":["GET"]}}],"collection":[{"href":"https:\/\/www.bageta.lt\/sv\/wp-json\/wp\/v2\/pages"}],"about":[{"href":"https:\/\/www.bageta.lt\/sv\/wp-json\/wp\/v2\/types\/page"}],"author":[{"embeddable":true,"href":"https:\/\/www.bageta.lt\/sv\/wp-json\/wp\/v2\/users\/1"}],"replies":[{"embeddable":true,"href":"https:\/\/www.bageta.lt\/sv\/wp-json\/wp\/v2\/comments?post=4956"}],"version-history":[{"count":2,"href":"https:\/\/www.bageta.lt\/sv\/wp-json\/wp\/v2\/pages\/4956\/revisions"}],"predecessor-version":[{"id":4958,"href":"https:\/\/www.bageta.lt\/sv\/wp-json\/wp\/v2\/pages\/4956\/revisions\/4958"}],"up":[{"embeddable":true,"href":"https:\/\/www.bageta.lt\/sv\/wp-json\/wp\/v2\/pages\/4933"}],"wp:attachment":[{"href":"https:\/\/www.bageta.lt\/sv\/wp-json\/wp\/v2\/media?parent=4956"}],"curies":[{"name":"wp","href":"https:\/\/api.w.org\/{rel}","templated":true}]}}