{"id":4973,"date":"2020-11-26T14:28:52","date_gmt":"2020-11-26T12:28:52","guid":{"rendered":"https:\/\/www.bageta.lt\/agrokultura\/"},"modified":"2023-09-19T12:06:05","modified_gmt":"2023-09-19T10:06:05","slug":"lantbruk","status":"publish","type":"page","link":"https:\/\/www.bageta.lt\/sv\/lantbruk\/","title":{"rendered":"Lantbruk"},"content":{"rendered":"<div>\n<p>        <img decoding=\"async\" src=\"\/wp-content\/uploads\/agrokultura-ukininkavimo-ir-zemes-ukio-paslaugos.jpg\" alt=\"\u016akininkavimo ir \u017eem\u0117s \u016bkio paslaugos\"><\/p>\n<h2>Jordbruk och jordbrukstj\u00e4nster<\/h2>\n<div>\n<p lang=\"lt-LT\" align=\"left\"><span style=\"font-family: Times New Roman, serif;\"><span style=\"font-size: medium;\"><span style=\"color: #1e1814;\"><span style=\"font-family: Open Sans, serif;\">F\u00f6r n\u00e4rvarande f\u00f6rvaltar UAB BAGETA en betydande markyta i hela regionen. Detta inkluderar b\u00e5de \u00e4gd och arrenderad mark eller mark d\u00e4r vi tillhandah\u00e5ller jordbrukstj\u00e4nster.<\/span><\/span><\/span><\/span><\/p>\n<p lang=\"lt-LT\" align=\"left\"><span style=\"font-family: Times New Roman, serif;\"><span style=\"font-size: medium;\"><span style=\"color: #1e1814;\"><span style=\"font-family: Open Sans, serif;\">Vi erbjuder specialiserade lantbrukstj\u00e4nster som syftar till att m\u00f6ta behoven hos v\u00e5ra lantbrukskunder och inkluderar en rad moderna lantbruksl\u00f6sningar. Vi kan ge r\u00e5d och bist\u00e5 b\u00e5de nyb\u00f6rjare och hj\u00e4lpa till i storskaliga projekt.<\/span><\/span><\/span><\/span><\/p>\n<p lang=\"lt-LT\" align=\"left\"><span style=\"font-family: Times New Roman, serif;\"><span style=\"font-size: medium;\"><span style=\"color: #1e1814;\"><span style=\"font-family: Open Sans, serif;\">F\u00f6retaget investerar i modern utrustning och den senaste tekniken f\u00f6r en optimal slutprodukt och resultat.<\/span><\/span><\/span><\/span><\/p>\n<p lang=\"lt-LT\" align=\"left\"><span style=\"font-family: Times New Roman, serif;\"><span style=\"font-size: medium;\"><span style=\"color: #1e1814;\"><span style=\"font-family: Open Sans, serif;\">Vi \u00e4r ocks\u00e5 odlare och producenter av ekologiska hampa och alfalfaprodukter. Det betyder att vi, d\u00e4r det \u00e4r m\u00f6jligt under hela cykeln, odlar och tillverkar v\u00e5ra produkter med l\u00e4gsta milj\u00f6p\u00e5verkan och h\u00f6gsta transparens.<\/span><\/span><\/span><\/span><\/p>\n<\/div>\n<\/div>\n<h2>Jordbrukssektorn<\/h2>\n<ul>\n<li>\n<p>        <img decoding=\"async\" src=\"\/wp-content\/uploads\/agrokultura-pramonine-kanape.jpg\" alt=\"Pramonin\u0117 kanap\u0117\"><\/p>\n<h3>INDUSTRIHAMPA<\/h3>\n<p><a href=\"https:\/\/www.bageta.lt\/sv\/lantbruk\/industriell-hampa\/\">Mer <span uk-icon=\"chevron-double-right\"><\/span><\/a><\/p>\n<\/li>\n<li>\n<p>        <img decoding=\"async\" src=\"\/wp-content\/uploads\/agrokultura-liucerna.jpg\" alt=\"Liucerna\"><\/p>\n<h3>ALFALFA<\/h3>\n<p><a href=\"https:\/\/www.bageta.lt\/sv\/lantbruk\/alfalfa\/\">Mer <span uk-icon=\"chevron-double-right\"><\/span><\/a><\/p>\n<\/li>\n<li>\n<p>        <img decoding=\"async\" src=\"\/wp-content\/uploads\/agrokultura-kulturu-apdirbimas.jpg\" alt=\"Kult\u016br\u0173 apdirbimas\"><\/p>\n<h3>KULTURBEHANDLING<\/h3>\n<p><a href=\"https:\/\/www.bageta.lt\/sv\/lantbruk\/bearbetning-av-kulturer\/\">Mer <span uk-icon=\"chevron-double-right\"><\/span><\/a><\/p>\n<\/li>\n<\/ul>\n<p><!--more--><br \/>\n<!-- {\"name\":\"Kategorijos puslapis (B)\",\"type\":\"layout\",\"children\":[{\"type\":\"section\",\"props\":{\"style\":\"default\",\"width\":\"default\",\"vertical_align\":\"middle\",\"title_position\":\"top-left\",\"title_rotation\":\"left\",\"title_breakpoint\":\"\",\"image_position\":\"center-center\",\"class\":\"tm-header-image-section\",\"image_size\":\"cover\",\"header_transparent_noplaceholder\":false,\"title\":\"\",\"media_overlay_gradient\":\"linear-gradient(rgba(30, 24, 20, 0.8) 20%, rgba(0, 0, 0, 0) 100%)\",\"text_color\":\"light\"},\"children\":[{\"type\":\"row\",\"children\":[{\"type\":\"column\",\"props\":{\"image_position\":\"center-center\",\"media_overlay_gradient\":\"\",\"vertical_align\":\"middle\",\"position_sticky_breakpoint\":\"m\"},\"children\":[{\"type\":\"headline\",\"props\":{\"title_element\":\"div\",\"text_align\":\"left\",\"text_align_breakpoint\":\"m\",\"text_align_fallback\":\"center\",\"title_style\":\"heading-large\"},\"source\":{\"query\":{\"name\":\"pages.singlePage\"},\"props\":{\"_condition\":{\"filters\":{\"condition\":\"!!\"},\"name\":\"title\"},\"content\":{\"filters\":{\"search\":\"\"},\"name\":\"title\"}}}}]}]}],\"name\":\"Antra\\u0161t\\u0117 su nuotrauka\",\"source\":{\"query\":{\"name\":\"pages.singlePage\"},\"props\":{\"image\":{\"name\":\"field.header_image.url\"}}}},{\"type\":\"section\",\"props\":{\"style\":\"primary\",\"width\":\"default\",\"vertical_align\":\"middle\",\"title_position\":\"top-left\",\"title_rotation\":\"left\",\"title_breakpoint\":\"xl\",\"image_position\":\"center-center\",\"class\":\"tm-breadcrumbs-section\",\"padding\":\"small\",\"preserve_color\":true},\"children\":[{\"type\":\"row\",\"children\":[{\"type\":\"column\",\"props\":{\"image_position\":\"center-center\",\"media_overlay_gradient\":\"\",\"vertical_align\":\"middle\",\"position_sticky_breakpoint\":\"m\"},\"children\":[{\"type\":\"breadcrumbs\",\"props\":{\"show_home\":true,\"show_current\":true,\"class\":\".tm-breadcrumbs\"}}]}]}],\"name\":\"Navigacija\"},{\"type\":\"section\",\"props\":{\"style\":\"default\",\"width\":\"default\",\"vertical_align\":\"middle\",\"title_position\":\"top-left\",\"title_rotation\":\"left\",\"title_breakpoint\":\"xl\",\"image_position\":\"center-center\"},\"children\":[{\"type\":\"row\",\"children\":[{\"type\":\"column\",\"props\":{\"position_sticky_breakpoint\":\"m\",\"image_position\":\"center-center\",\"media_overlay_gradient\":\"\"},\"children\":[{\"type\":\"panel\",\"props\":{\"link_text\":\"Read more\",\"title_hover_style\":\"reset\",\"title_element\":\"h2\",\"title_align\":\"top\",\"title_grid_width\":\"1-2\",\"title_grid_breakpoint\":\"m\",\"meta_style\":\"meta\",\"meta_align\":\"below-title\",\"meta_element\":\"div\",\"content_column_breakpoint\":\"m\",\"icon_width\":80,\"image_align\":\"right\",\"image_grid_width\":\"1-2\",\"image_grid_breakpoint\":\"m\",\"image_svg_color\":\"emphasis\",\"link_style\":\"default\",\"margin\":\"default\",\"title\":\"Jordbruk och jordbrukstj\\u00e4nster\",\"content\":\"\n\n<p lang=\\\"lt-LT\\\" align=\\\"left\\\"><span style=\\\"font-family: Times New Roman, serif;\\\"><span style=\\\"font-size: medium;\\\"><span style=\\\"color: #1e1814;\\\"><span style=\\\"font-family: Open Sans, serif;\\\">F\\u00f6r n\\u00e4rvarande f\\u00f6rvaltar UAB BAGETA en betydande markyta i hela regionen. Detta inkluderar b\\u00e5de \\u00e4gd och arrenderad mark eller mark d\\u00e4r vi tillhandah\\u00e5ller jordbrukstj\\u00e4nster.<\\\/span><\\\/span><\\\/span><\\\/span><\\\/p>\\n\n\n<p lang=\\\"lt-LT\\\" align=\\\"left\\\"><span style=\\\"font-family: Times New Roman, serif;\\\"><span style=\\\"font-size: medium;\\\"><span style=\\\"color: #1e1814;\\\"><span style=\\\"font-family: Open Sans, serif;\\\">Vi erbjuder specialiserade lantbrukstj\\u00e4nster som syftar till att m\\u00f6ta behoven hos v\\u00e5ra lantbrukskunder och inkluderar en rad moderna lantbruksl\\u00f6sningar. Vi kan ge r\\u00e5d och bist\\u00e5 b\\u00e5de nyb\\u00f6rjare och hj\\u00e4lpa till i storskaliga projekt.<\\\/span><\\\/span><\\\/span><\\\/span><\\\/p>\\n\n\n<p lang=\\\"lt-LT\\\" align=\\\"left\\\"><span style=\\\"font-family: Times New Roman, serif;\\\"><span style=\\\"font-size: medium;\\\"><span style=\\\"color: #1e1814;\\\"><span style=\\\"font-family: Open Sans, serif;\\\">F\\u00f6retaget investerar i modern utrustning och den senaste tekniken f\\u00f6r en optimal slutprodukt och resultat.<\\\/span><\\\/span><\\\/span><\\\/span><\\\/p>\\n\n\n<p lang=\\\"lt-LT\\\" align=\\\"left\\\"><span style=\\\"font-family: Times New Roman, serif;\\\"><span style=\\\"font-size: medium;\\\"><span style=\\\"color: #1e1814;\\\"><span style=\\\"font-family: Open Sans, serif;\\\">Vi \\u00e4r ocks\\u00e5 odlare och producenter av ekologiska hampa och alfalfaprodukter. Det betyder att vi, d\\u00e4r det \\u00e4r m\\u00f6jligt under hela cykeln, odlar och tillverkar v\\u00e5ra produkter med l\\u00e4gsta milj\\u00f6p\\u00e5verkan och h\\u00f6gsta transparens.<\\\/span><\\\/span><\\\/span><\\\/span><\\\/p>\",\"image\":\"wp-content\\\/uploads\\\/agrokultura-ukininkavimo-ir-zemes-ukio-paslaugos.jpg\",\"image_alt\":\"\\u016akininkavimo ir \\u017eem\\u0117s \\u016bkio paslaugos\"},\"name\":\"Tekstas su nuotrauka de\\u0161in\\u0117je\"}]}]},{\"type\":\"row\",\"children\":[{\"type\":\"column\",\"props\":{\"position_sticky_breakpoint\":\"m\",\"image_position\":\"center-center\",\"media_overlay_gradient\":\"\"},\"children\":[{\"type\":\"headline\",\"props\":{\"title_element\":\"h2\",\"content\":\"Jordbrukssektorn\",\"title_style\":\"heading-large\",\"text_align\":\"center\"},\"name\":\"Atskiriamoji antra\\u0161t\\u0117\"}]}]},{\"type\":\"row\",\"children\":[{\"type\":\"column\",\"props\":{\"position_sticky_breakpoint\":\"m\",\"image_position\":\"center-center\",\"media_overlay_gradient\":\"\"},\"children\":[{\"type\":\"grid\",\"props\":{\"show_title\":true,\"show_meta\":true,\"show_content\":true,\"show_image\":true,\"show_link\":true,\"grid_default\":\"1\",\"grid_medium\":\"3\",\"filter_style\":\"tab\",\"filter_all\":true,\"filter_position\":\"top\",\"filter_align\":\"left\",\"filter_grid_width\":\"auto\",\"filter_grid_breakpoint\":\"m\",\"title_hover_style\":\"reset\",\"title_element\":\"h3\",\"title_align\":\"top\",\"title_grid_width\":\"1-2\",\"title_grid_breakpoint\":\"m\",\"meta_style\":\"meta\",\"meta_align\":\"below-title\",\"meta_element\":\"div\",\"content_column_breakpoint\":\"m\",\"icon_width\":80,\"image_align\":\"top\",\"image_grid_width\":\"1-2\",\"image_grid_breakpoint\":\"m\",\"image_svg_color\":\"emphasis\",\"link_text\":\"Daugiau <span uk-icon=\\\"chevron-double-right\\\"><\\\/span>\",\"link_style\":\"default\",\"margin\":\"default\",\"item_animation\":true,\"grid_column_align\":true,\"grid_row_align\":false,\"grid_xlarge\":\"3\",\"grid_large\":\"3\",\"grid_small\":\"2\",\"text_align\":\"center\",\"link_fullwidth\":true,\"panel_style\":\"tile-default\",\"panel_image_no_padding\":false,\"panel_padding\":\"\",\"class\":\"uk-match-elements-height\",\"panel_link\":true,\"image_width\":\"300\",\"image_height\":\"225\"},\"children\":[{\"type\":\"grid_item\",\"props\":{\"title\":\"INDUSTRIHAMPA\",\"content\":\"\",\"image\":\"wp-content\\\/uploads\\\/agrokultura-pramonine-kanape.jpg\",\"image_alt\":\"Pramonin\\u0117 kanap\\u0117\",\"link\":\"https:\\\/\\\/www.bageta.lt\\\/sv\\\/lantbruk\\\/industriell-hampa\\\/\",\"link_text\":\"Mer <span uk-icon=\\\"chevron-double-right\\\"><\\\/span>\"}},{\"type\":\"grid_item\",\"props\":{\"title\":\"ALFALFA\",\"content\":\"\",\"image\":\"wp-content\\\/uploads\\\/agrokultura-liucerna.jpg\",\"image_alt\":\"Liucerna\",\"link\":\"https:\\\/\\\/www.bageta.lt\\\/sv\\\/lantbruk\\\/alfalfa\\\/\",\"link_text\":\"Mer <span uk-icon=\\\"chevron-double-right\\\"><\\\/span>\"}},{\"type\":\"grid_item\",\"props\":{\"title\":\"KULTURBEHANDLING\",\"image\":\"wp-content\\\/uploads\\\/agrokultura-kulturu-apdirbimas.jpg\",\"image_alt\":\"Kult\\u016br\\u0173 apdirbimas\",\"link\":\"https:\\\/\\\/www.bageta.lt\\\/sv\\\/lantbruk\\\/bearbetning-av-kulturer\\\/\",\"link_text\":\"Mer <span uk-icon=\\\"chevron-double-right\\\"><\\\/span>\"}}],\"name\":\"Kategorij\\u0173 blokas\"}]}]}],\"name\":\"Turinys\"}],\"version\":\"2.7.23\"} --><\/p>\n","protected":false},"excerpt":{"rendered":"<p>Jordbruk och jordbrukstj\u00e4nster F\u00f6r n\u00e4rvarande f\u00f6rvaltar UAB BAGETA en betydande markyta i hela regionen. Detta inkluderar b\u00e5de \u00e4gd och arrenderad mark eller mark d\u00e4r vi tillhandah\u00e5ller jordbrukstj\u00e4nster. Vi erbjuder specialiserade lantbrukstj\u00e4nster som syftar till att m\u00f6ta behoven hos v\u00e5ra lantbrukskunder och inkluderar en rad moderna lantbruksl\u00f6sningar. Vi kan ge r\u00e5d och bist\u00e5 b\u00e5de nyb\u00f6rjare och [&hellip;]<\/p>\n","protected":false},"author":1,"featured_media":0,"parent":0,"menu_order":160,"comment_status":"closed","ping_status":"closed","template":"","meta":{"_acf_changed":false,"inline_featured_image":false,"footnotes":""},"class_list":["post-4973","page","type-page","status-publish","hentry"],"acf":[],"yoast_head":"<!-- This site is optimized with the Yoast SEO plugin v27.6 - https:\/\/yoast.com\/product\/yoast-seo-wordpress\/ -->\n<title>Lantbruk - BAGETA<\/title>\n<meta name=\"description\" content=\"Jordbruk och jordbrukstj\u00e4nster F\u00f6r n\u00e4rvarande f\u00f6rvaltar UAB BAGETA en betydande markyta i hela regionen. Detta inkluderar b\u00e5de \u00e4gd och arrenderad mark\" \/>\n<meta name=\"robots\" content=\"index, follow, max-snippet:-1, max-image-preview:large, max-video-preview:-1\" \/>\n<link rel=\"canonical\" href=\"https:\/\/www.bageta.lt\/sv\/lantbruk\/\" \/>\n<meta property=\"og:locale\" content=\"sv_SE\" \/>\n<meta property=\"og:type\" content=\"article\" \/>\n<meta property=\"og:title\" content=\"Lantbruk - BAGETA\" \/>\n<meta property=\"og:description\" content=\"Jordbruk och jordbrukstj\u00e4nster F\u00f6r n\u00e4rvarande f\u00f6rvaltar UAB BAGETA en betydande markyta i hela regionen. Detta inkluderar b\u00e5de \u00e4gd och arrenderad mark\" \/>\n<meta property=\"og:url\" content=\"https:\/\/www.bageta.lt\/sv\/lantbruk\/\" \/>\n<meta property=\"og:site_name\" content=\"BAGETA\" \/>\n<meta property=\"article:modified_time\" content=\"2023-09-19T10:06:05+00:00\" \/>\n<meta name=\"twitter:card\" content=\"summary_large_image\" \/>\n<meta name=\"twitter:label1\" content=\"Est. reading time\" \/>\n\t<meta name=\"twitter:data1\" content=\"2 minutes\" \/>\n<script type=\"application\/ld+json\" class=\"yoast-schema-graph\">{\"@context\":\"https:\\\/\\\/schema.org\",\"@graph\":[{\"@type\":\"WebPage\",\"@id\":\"https:\\\/\\\/www.bageta.lt\\\/sv\\\/lantbruk\\\/\",\"url\":\"https:\\\/\\\/www.bageta.lt\\\/sv\\\/lantbruk\\\/\",\"name\":\"Lantbruk - BAGETA\",\"isPartOf\":{\"@id\":\"https:\\\/\\\/www.bageta.lt\\\/sv\\\/#website\"},\"datePublished\":\"2020-11-26T12:28:52+00:00\",\"dateModified\":\"2023-09-19T10:06:05+00:00\",\"description\":\"Jordbruk och jordbrukstj\u00e4nster F\u00f6r n\u00e4rvarande f\u00f6rvaltar UAB BAGETA en betydande markyta i hela regionen. Detta inkluderar b\u00e5de \u00e4gd och arrenderad mark\",\"breadcrumb\":{\"@id\":\"https:\\\/\\\/www.bageta.lt\\\/sv\\\/lantbruk\\\/#breadcrumb\"},\"inLanguage\":\"sv-SE\",\"potentialAction\":[{\"@type\":\"ReadAction\",\"target\":[\"https:\\\/\\\/www.bageta.lt\\\/sv\\\/lantbruk\\\/\"]}]},{\"@type\":\"BreadcrumbList\",\"@id\":\"https:\\\/\\\/www.bageta.lt\\\/sv\\\/lantbruk\\\/#breadcrumb\",\"itemListElement\":[{\"@type\":\"ListItem\",\"position\":1,\"name\":\"Antra\u0161tinis\",\"item\":\"https:\\\/\\\/www.bageta.lt\\\/sv\\\/\"},{\"@type\":\"ListItem\",\"position\":2,\"name\":\"Lantbruk\"}]},{\"@type\":\"WebSite\",\"@id\":\"https:\\\/\\\/www.bageta.lt\\\/sv\\\/#website\",\"url\":\"https:\\\/\\\/www.bageta.lt\\\/sv\\\/\",\"name\":\"BAGETA\",\"description\":\"Auk\u0161tos kokyb\u0117s medienos gaminiai\",\"publisher\":{\"@id\":\"https:\\\/\\\/www.bageta.lt\\\/sv\\\/#organization\"},\"potentialAction\":[{\"@type\":\"SearchAction\",\"target\":{\"@type\":\"EntryPoint\",\"urlTemplate\":\"https:\\\/\\\/www.bageta.lt\\\/sv\\\/?s={search_term_string}\"},\"query-input\":{\"@type\":\"PropertyValueSpecification\",\"valueRequired\":true,\"valueName\":\"search_term_string\"}}],\"inLanguage\":\"sv-SE\"},{\"@type\":\"Organization\",\"@id\":\"https:\\\/\\\/www.bageta.lt\\\/sv\\\/#organization\",\"name\":\"BAGETA, UAB\",\"url\":\"https:\\\/\\\/www.bageta.lt\\\/sv\\\/\",\"logo\":{\"@type\":\"ImageObject\",\"inLanguage\":\"sv-SE\",\"@id\":\"https:\\\/\\\/www.bageta.lt\\\/sv\\\/#\\\/schema\\\/logo\\\/image\\\/\",\"url\":\"https:\\\/\\\/www.bageta.lt\\\/wp-content\\\/uploads\\\/bageta-logo.png\",\"contentUrl\":\"https:\\\/\\\/www.bageta.lt\\\/wp-content\\\/uploads\\\/bageta-logo.png\",\"width\":243,\"height\":120,\"caption\":\"BAGETA, UAB\"},\"image\":{\"@id\":\"https:\\\/\\\/www.bageta.lt\\\/sv\\\/#\\\/schema\\\/logo\\\/image\\\/\"}}]}<\/script>\n<!-- \/ Yoast SEO plugin. -->","yoast_head_json":{"title":"Lantbruk - BAGETA","description":"Jordbruk och jordbrukstj\u00e4nster F\u00f6r n\u00e4rvarande f\u00f6rvaltar UAB BAGETA en betydande markyta i hela regionen. Detta inkluderar b\u00e5de \u00e4gd och arrenderad mark","robots":{"index":"index","follow":"follow","max-snippet":"max-snippet:-1","max-image-preview":"max-image-preview:large","max-video-preview":"max-video-preview:-1"},"canonical":"https:\/\/www.bageta.lt\/sv\/lantbruk\/","og_locale":"sv_SE","og_type":"article","og_title":"Lantbruk - BAGETA","og_description":"Jordbruk och jordbrukstj\u00e4nster F\u00f6r n\u00e4rvarande f\u00f6rvaltar UAB BAGETA en betydande markyta i hela regionen. Detta inkluderar b\u00e5de \u00e4gd och arrenderad mark","og_url":"https:\/\/www.bageta.lt\/sv\/lantbruk\/","og_site_name":"BAGETA","article_modified_time":"2023-09-19T10:06:05+00:00","twitter_card":"summary_large_image","twitter_misc":{"Est. reading time":"2 minutes"},"schema":{"@context":"https:\/\/schema.org","@graph":[{"@type":"WebPage","@id":"https:\/\/www.bageta.lt\/sv\/lantbruk\/","url":"https:\/\/www.bageta.lt\/sv\/lantbruk\/","name":"Lantbruk - BAGETA","isPartOf":{"@id":"https:\/\/www.bageta.lt\/sv\/#website"},"datePublished":"2020-11-26T12:28:52+00:00","dateModified":"2023-09-19T10:06:05+00:00","description":"Jordbruk och jordbrukstj\u00e4nster F\u00f6r n\u00e4rvarande f\u00f6rvaltar UAB BAGETA en betydande markyta i hela regionen. Detta inkluderar b\u00e5de \u00e4gd och arrenderad mark","breadcrumb":{"@id":"https:\/\/www.bageta.lt\/sv\/lantbruk\/#breadcrumb"},"inLanguage":"sv-SE","potentialAction":[{"@type":"ReadAction","target":["https:\/\/www.bageta.lt\/sv\/lantbruk\/"]}]},{"@type":"BreadcrumbList","@id":"https:\/\/www.bageta.lt\/sv\/lantbruk\/#breadcrumb","itemListElement":[{"@type":"ListItem","position":1,"name":"Antra\u0161tinis","item":"https:\/\/www.bageta.lt\/sv\/"},{"@type":"ListItem","position":2,"name":"Lantbruk"}]},{"@type":"WebSite","@id":"https:\/\/www.bageta.lt\/sv\/#website","url":"https:\/\/www.bageta.lt\/sv\/","name":"BAGETA","description":"Auk\u0161tos kokyb\u0117s medienos gaminiai","publisher":{"@id":"https:\/\/www.bageta.lt\/sv\/#organization"},"potentialAction":[{"@type":"SearchAction","target":{"@type":"EntryPoint","urlTemplate":"https:\/\/www.bageta.lt\/sv\/?s={search_term_string}"},"query-input":{"@type":"PropertyValueSpecification","valueRequired":true,"valueName":"search_term_string"}}],"inLanguage":"sv-SE"},{"@type":"Organization","@id":"https:\/\/www.bageta.lt\/sv\/#organization","name":"BAGETA, UAB","url":"https:\/\/www.bageta.lt\/sv\/","logo":{"@type":"ImageObject","inLanguage":"sv-SE","@id":"https:\/\/www.bageta.lt\/sv\/#\/schema\/logo\/image\/","url":"https:\/\/www.bageta.lt\/wp-content\/uploads\/bageta-logo.png","contentUrl":"https:\/\/www.bageta.lt\/wp-content\/uploads\/bageta-logo.png","width":243,"height":120,"caption":"BAGETA, UAB"},"image":{"@id":"https:\/\/www.bageta.lt\/sv\/#\/schema\/logo\/image\/"}}]}},"_links":{"self":[{"href":"https:\/\/www.bageta.lt\/sv\/wp-json\/wp\/v2\/pages\/4973","targetHints":{"allow":["GET"]}}],"collection":[{"href":"https:\/\/www.bageta.lt\/sv\/wp-json\/wp\/v2\/pages"}],"about":[{"href":"https:\/\/www.bageta.lt\/sv\/wp-json\/wp\/v2\/types\/page"}],"author":[{"embeddable":true,"href":"https:\/\/www.bageta.lt\/sv\/wp-json\/wp\/v2\/users\/1"}],"replies":[{"embeddable":true,"href":"https:\/\/www.bageta.lt\/sv\/wp-json\/wp\/v2\/comments?post=4973"}],"version-history":[{"count":5,"href":"https:\/\/www.bageta.lt\/sv\/wp-json\/wp\/v2\/pages\/4973\/revisions"}],"predecessor-version":[{"id":5180,"href":"https:\/\/www.bageta.lt\/sv\/wp-json\/wp\/v2\/pages\/4973\/revisions\/5180"}],"wp:attachment":[{"href":"https:\/\/www.bageta.lt\/sv\/wp-json\/wp\/v2\/media?parent=4973"}],"curies":[{"name":"wp","href":"https:\/\/api.w.org\/{rel}","templated":true}]}}